{"id":9962,"date":"2023-06-20T16:21:34","date_gmt":"2023-06-20T14:21:34","guid":{"rendered":"https:\/\/www.hagaberg.com\/produkty\/cebria\/"},"modified":"2024-09-17T11:57:56","modified_gmt":"2024-09-17T09:57:56","slug":"cebria","status":"publish","type":"page","link":"https:\/\/www.hagaberg.com\/pl\/produkty\/cebria\/","title":{"rendered":"Cebri\u00e1"},"content":{"rendered":"\n\t<h1>Cebri\u00e1<\/h1>\n\t<p><strong>Hagaberg jest wy\u0142\u0105cznym dystrybutorem osprz\u0119tu firmy Cebri\u00e1 w regionie nordycko &#8211; ba\u0142tyckim. Dzi\u0119ki temu rozszerzonemu asortymentowi Hagaberg jest kompleksowym dostawc\u0105 osprz\u0119tu do w\u00f3zk\u00f3w przemys\u0142owych i \u0142adowarek ko\u0142owych dla przemys\u0142u papierniczego i celulozowego, urz\u0105dze\u0144 magazynowych, stacji recyklingu, browar\u00f3w, odlewni i innych.<\/strong><\/p>\n\t\t\t\t<img loading=\"lazy\" decoding=\"async\" src=\"https:\/\/www.hagaberg.com\/wp-content\/uploads\/2023\/01\/nordic_baltic_region-150x150.png\" alt=\"nordic_baltic_region\" itemprop=\"image\" height=\"150\" width=\"150\" title=\"nordic_baltic_region\" onerror=\"this.style.display='none'\"  \/>\n\t<p>Rozszerzony asortyment obejmuje pe\u0142ny wyb\u00f3r osprz\u0119tu, chwytak\u00f3w do zwoj\u00f3w papieru, bel masy papierniczej, urz\u0105dze\u0144, karton\u00f3w oraz rotator\u00f3w\/ obrotnic, paletyzer\u00f3w, pozycjoner\u00f3w teleskopowych i innych.<\/p>\n\t<p>Cebri\u00e1 to hiszpa\u0144ska firma rodzinna za\u0142o\u017cona w 1973 roku, b\u0119d\u0105ca liderem na rynku akcesori\u00f3w do w\u00f3zk\u00f3w wid\u0142owych. Firma oferuje szeroki asortyment produkt\u00f3w standardowych, a tak\u017ce projektuje i konstruuje rozwi\u0105zania dostosowane do indywidualnych potrzeb.<\/p>\n\t<p>Hagaberg i Cebri\u00e1 maj\u0105 wiele wsp\u00f3lnych cech jako firmy, a szczeg\u00f3lnie skupiaj\u0105 si\u0119 na wysokiej jako\u015bci produkt\u00f3w i priorytecie, jakim jest ci\u0105g\u0142e oferowanie maszyn, kt\u00f3re zwi\u0119kszaj\u0105 bezpiecze\u0144stwo u\u017cytkownik\u00f3w i \u015brodowiska, w kt\u00f3rym pracuj\u0105.<\/p>\n\t\t\t\t<img loading=\"lazy\" decoding=\"async\" src=\"https:\/\/www.hagaberg.com\/wp-content\/uploads\/2024\/05\/VariacionMarca_CEBRIA_900px-1024x142.png\" alt=\"VariacionMarca_CEBRIA_900px\" itemprop=\"image\" height=\"142\" width=\"1024\" title=\"VariacionMarca_CEBRIA_900px\" onerror=\"this.style.display='none'\"  \/>\n\t\t\t\t<img loading=\"lazy\" decoding=\"async\" src=\"https:\/\/www.hagaberg.com\/wp-content\/uploads\/2019\/08\/Hagaberg-Bla-300x64.png\" alt=\"Hagaberg-Bla\" itemprop=\"image\" height=\"64\" width=\"300\" title=\"Hagaberg-Bla\" onerror=\"this.style.display='none'\"  \/>\n<h3>\n\t\tPOZYCJONERY TELESKOPOWE\n\t<\/h3>\n\t\t\t\t<a href=\"https:\/\/www.hagaberg.com\/pl\/produkty\/cebria\/teleskopowy-pozycjoner-widel\/\" target=\"_self\" itemprop=\"url\" rel=\"noopener noreferrer\">\n\t\t\t\t<img loading=\"lazy\" decoding=\"async\" src=\"https:\/\/www.hagaberg.com\/wp-content\/uploads\/2022\/04\/Cebria\u0301-telescopic-1500x1040-1024x710.png\" alt=\"Cebria\u0301-telescopic-1500x1040\" itemprop=\"image\" height=\"710\" width=\"1024\" title=\"Cebria\u0301-telescopic-1500x1040\" onerror=\"this.style.display='none'\"  \/>\n\t\t\t\t<\/a>\n\t\t\t<a href=\"https:\/\/www.hagaberg.com\/pl\/produkty\/cebria\/teleskopowy-pozycjoner-widel\/\" target=\"_self\" role=\"button\" rel=\"noopener noreferrer\">\n\t\t\t\t\t\t\tDo Teleskopowych   \n\t\t\t<\/a>\n<h3>\n\t\tPOZYCJONERY WIELOWID\u0141OWE\n\t<\/h3>\n\t\t\t\t<a href=\"https:\/\/www.hagaberg.com\/pl\/produkty\/cebria\/pozycjoner-wielowidelowy-paletyzer\/\" target=\"_self\" itemprop=\"url\" rel=\"noopener noreferrer\">\n\t\t\t\t<img loading=\"lazy\" decoding=\"async\" src=\"https:\/\/www.hagaberg.com\/wp-content\/uploads\/2022\/04\/Cebria\u0301-multiple-fork-positioner-double-1500x1040-1024x710.png\" alt=\"Cebria\u0301-multiple-fork-positioner-double-1500x1040\" itemprop=\"image\" height=\"710\" width=\"1024\" title=\"Cebria\u0301-multiple-fork-positioner-double-1500x1040\" onerror=\"this.style.display='none'\"  \/>\n\t\t\t\t<\/a>\n\t\t\t<a href=\"https:\/\/www.hagaberg.com\/pl\/produkty\/cebria\/pozycjoner-wielowidelowy-paletyzer\/\" target=\"_self\" role=\"button\" rel=\"noopener noreferrer\">\n\t\t\t\t\t\t\tDo Paletyzer\u00f3w\n\t\t\t<\/a>\n<h3>\n\t\tCHWYTAKI\n\t<\/h3>\n\t\t\t\t<a href=\"https:\/\/www.hagaberg.com\/pl\/produkty\/cebria\/chwytaki\/\" target=\"_self\" itemprop=\"url\" rel=\"noopener noreferrer\">\n\t\t\t\t<img loading=\"lazy\" decoding=\"async\" src=\"https:\/\/www.hagaberg.com\/wp-content\/uploads\/2022\/04\/Cebria\u0301-fork-clamp-forks-1500x1040-1024x710.png\" alt=\"Cebria\u0301-fork-clamp-forks-1500x1040\" itemprop=\"image\" height=\"710\" width=\"1024\" title=\"Cebria\u0301-fork-clamp-forks-1500x1040\" onerror=\"this.style.display='none'\"  \/>\n\t\t\t\t<\/a>\n\t\t\t<a href=\"https:\/\/www.hagaberg.com\/pl\/produkty\/cebria\/chwytaki\/\" target=\"_self\" role=\"button\" rel=\"noopener noreferrer\">\n\t\t\t\t\t\t\tDo Chwytak\u00f3w\n\t\t\t<\/a>\n<h3>\n\t\tCHWYTAKI DO ZWOJ\u00d3W PAPIERU\n\t<\/h3>\n\t\t\t\t<a href=\"https:\/\/www.hagaberg.com\/pl\/produkty\/cebria\/chwytaki-do-roli-papieru\/\" target=\"_self\" itemprop=\"url\" rel=\"noopener noreferrer\">\n\t\t\t\t<img loading=\"lazy\" decoding=\"async\" src=\"https:\/\/www.hagaberg.com\/wp-content\/uploads\/2022\/04\/Cebria\u0301-rotating-paper-roll-clamp-1500x1040-1024x710.png\" alt=\"Cebria\u0301-rotating-paper-roll-clamp-1500x1040\" itemprop=\"image\" height=\"710\" width=\"1024\" title=\"Cebria\u0301-rotating-paper-roll-clamp-1500x1040\" onerror=\"this.style.display='none'\"  \/>\n\t\t\t\t<\/a>\n\t\t\t<a href=\"https:\/\/www.hagaberg.com\/pl\/produkty\/cebria\/chwytaki-do-roli-papieru\/\" target=\"_self\" role=\"button\" rel=\"noopener noreferrer\">\n\t\t\t\t\t\t\tDo chwytak\u00f3w zwoj\u00f3w papieru\n\t\t\t<\/a>\n<h3>\n\t\tOBROTNICE\n\t<\/h3>\n\t\t\t\t<a href=\"https:\/\/www.hagaberg.com\/pl\/produkty\/cebria\/obrotnice-rotatory\/\" target=\"_self\" itemprop=\"url\" rel=\"noopener noreferrer\">\n\t\t\t\t<img loading=\"lazy\" decoding=\"async\" src=\"https:\/\/www.hagaberg.com\/wp-content\/uploads\/2022\/04\/Cebria\u0301-360-load-dumper-2-1500x1040-1024x710.png\" alt=\"Cebria\u0301-360-load-dumper-2-1500x1040\" itemprop=\"image\" height=\"710\" width=\"1024\" title=\"Cebria\u0301-360-load-dumper-2-1500x1040\" onerror=\"this.style.display='none'\"  \/>\n\t\t\t\t<\/a>\n\t\t\t<a href=\"https:\/\/www.hagaberg.com\/pl\/produkty\/cebria\/obrotnice-rotatory\/\" target=\"_self\" role=\"button\" rel=\"noopener noreferrer\">\n\t\t\t\t\t\t\tDo Obrotnic\n\t\t\t<\/a>\n<h3>\n\t\tPUSH-\/PULL\n\t<\/h3>\n\t\t\t\t<a href=\"https:\/\/www.hagaberg.com\/pl\/produkty\/cebria\/pozycjoner-push-pull\/\" target=\"_self\" itemprop=\"url\" rel=\"noopener noreferrer\">\n\t\t\t\t<img loading=\"lazy\" decoding=\"async\" src=\"https:\/\/www.hagaberg.com\/wp-content\/uploads\/2022\/04\/Cebria\u0301-push-pull-1500x1040-1024x710.png\" alt=\"Cebria\u0301-push-pull-1500x1040\" itemprop=\"image\" height=\"710\" width=\"1024\" title=\"Cebria\u0301-push-pull-1500x1040\" onerror=\"this.style.display='none'\"  \/>\n\t\t\t\t<\/a>\n\t\t\t<a href=\"https:\/\/www.hagaberg.com\/pl\/produkty\/cebria\/pozycjoner-push-pull\/\" target=\"_self\" role=\"button\" rel=\"noopener noreferrer\">\n\t\t\t\t\t\t\tDo Push-\/Pull\n\t\t\t<\/a>\n","protected":false},"excerpt":{"rendered":"<p>Cebri\u00e1 Hagaberg jest wy\u0142\u0105cznym dystrybutorem osprz\u0119tu firmy Cebri\u00e1 w regionie nordycko &#8211; ba\u0142tyckim. Dzi\u0119ki temu rozszerzonemu asortymentowi Hagaberg jest kompleksowym dostawc\u0105 osprz\u0119tu do w\u00f3zk\u00f3w przemys\u0142owych i \u0142adowarek ko\u0142owych dla przemys\u0142u papierniczego i celulozowego, urz\u0105dze\u0144 magazynowych, stacji recyklingu, browar\u00f3w, odlewni i innych. Rozszerzony asortyment obejmuje pe\u0142ny wyb\u00f3r osprz\u0119tu, chwytak\u00f3w do zwoj\u00f3w papieru, bel masy papierniczej, urz\u0105dze\u0144, [&hellip;]<\/p>\n","protected":false},"author":7,"featured_media":0,"parent":2841,"menu_order":0,"comment_status":"closed","ping_status":"closed","template":"","meta":{"_acf_changed":false,"_genesis_hide_title":false,"_genesis_hide_breadcrumbs":false,"_genesis_hide_singular_image":false,"_genesis_hide_footer_widgets":false,"_genesis_custom_body_class":"","_genesis_custom_post_class":"","_genesis_layout":"","footnotes":""},"class_list":{"0":"post-9962","1":"page","2":"type-page","3":"status-publish","5":"entry"},"acf":[],"_links":{"self":[{"href":"https:\/\/www.hagaberg.com\/pl\/wp-json\/wp\/v2\/pages\/9962","targetHints":{"allow":["GET"]}}],"collection":[{"href":"https:\/\/www.hagaberg.com\/pl\/wp-json\/wp\/v2\/pages"}],"about":[{"href":"https:\/\/www.hagaberg.com\/pl\/wp-json\/wp\/v2\/types\/page"}],"author":[{"embeddable":true,"href":"https:\/\/www.hagaberg.com\/pl\/wp-json\/wp\/v2\/users\/7"}],"replies":[{"embeddable":true,"href":"https:\/\/www.hagaberg.com\/pl\/wp-json\/wp\/v2\/comments?post=9962"}],"version-history":[{"count":5,"href":"https:\/\/www.hagaberg.com\/pl\/wp-json\/wp\/v2\/pages\/9962\/revisions"}],"predecessor-version":[{"id":12577,"href":"https:\/\/www.hagaberg.com\/pl\/wp-json\/wp\/v2\/pages\/9962\/revisions\/12577"}],"up":[{"embeddable":true,"href":"https:\/\/www.hagaberg.com\/pl\/wp-json\/wp\/v2\/pages\/2841"}],"wp:attachment":[{"href":"https:\/\/www.hagaberg.com\/pl\/wp-json\/wp\/v2\/media?parent=9962"}],"curies":[{"name":"wp","href":"https:\/\/api.w.org\/{rel}","templated":true}]}}