{"id":9147,"date":"2023-03-20T10:28:55","date_gmt":"2023-03-20T09:28:55","guid":{"rendered":"https:\/\/www.hagaberg.com\/produkty\/pozycjonery-widel\/seria-c-2\/"},"modified":"2025-03-06T11:01:33","modified_gmt":"2025-03-06T10:01:33","slug":"seria-c","status":"publish","type":"page","link":"https:\/\/www.hagaberg.com\/pl\/produkty\/pozycjonery-widel\/seria-c\/","title":{"rendered":"Seria C"},"content":{"rendered":"\n\t<h1>Seria C<\/h1>\n<p>Zintegrowany pozycjoner wide\u0142 z przesuwem bocznym<\/p>\n\t<h2>Wysoka wydajno\u015b\u0107 z funkcj\u0105 zaciskania<\/h2>\n<p>&nbsp;<\/p>\n<h3>Zalety<\/h3>\n<ul>\n<li>Wydajny pozycjoner o wszechstronnym zastosowaniu<\/li>\n<li>Delikatna funkcja zaciskania<\/li>\n<li>Wysoki ud\u017awig resztkowy<\/li>\n<li>Niskie koszty utrzymania<\/li>\n<li>Doskona\u0142a widoczno\u015b\u0107 dla operatora<\/li>\n<\/ul>\n<p>Seria C to jedne z naszych najinteligentniejszych pozycjoner\u00f3w. Konstrukcja \u2028z C-profilem zapewnia doskona\u0142\u0105 widoczno\u015b\u0107 dla operatora i przyczynia si\u0119 do bezpieczniejszego prze\u0142adunku towar\u00f3w. Co wi\u0119cej, pozycjoner ma funkcj\u0119 delikatnego zaciskania a waga urz\u0105dzenia jest ni\u017csza ni\u017c w przypadku podobnych konstrukcji.<\/p>\n<p>Osprz\u0119t zosta\u0142 zaprojektowany do wymagaj\u0105cych zastosowa\u0144, a dodatkowe rolki podtrzymuj\u0105ce z ty\u0142u wide\u0142 umo\u017cliwiaj\u0105 p\u0142ynny przesuw boczny nawet przy pe\u0142nym obci\u0105\u017ceniu. Tuleje samosmaruj\u0105ce ograniczaj\u0105 konieczno\u015b\u0107 konserwacji, a \u0142atwy dost\u0119p sprawia, \u017ce wymiana cz\u0119\u015bci zamiennych przebiega szybko i sprawnie.<\/p>\n<a href=\"https:\/\/www.hagaberg.com\/pl\/seria-c-nowa-eneracja-pozycjonerow-widel\/\">Dowiedz si\u0119 wi\u0119cej o Seria C \u00bb<\/a>\n\t<p><a href=\"#downloads\">Do pobrania \u2193<\/a><\/p>\n\t<p><strong>Rodzina produkt\u00f3w sk\u0142ada si\u0119 z kilku serii:<\/strong><\/p>\n\t<h3>Seria C<\/h3>\n<p>Seria C to zintegrowane pozycjonery do w\u00f3zk\u00f3w z przeciwwag\u0105 i do \u0142adowarek teleskopowych. Ud\u017awig od 1600 do 8000 kg.<\/p>\n\t<h3>Seria CR<\/h3>\n<p>Seria CR zosta\u0142a zaprojektowana specjalnie dla w\u00f3zk\u00f3w wid\u0142owych wysokiego sk\u0142adowania o ud\u017awigu od 1200 do 3000 kg i LC 600 mm. Seria CR mo\u017ce by\u0107 r\u00f3wnie\u017c dostarczona z si\u0142ownikiem przechy\u0142u.<\/p>\n\t<h2>Opcja<\/h2>\n<p>Zawory bezpiecze\u0144stwa, krat\u0119 ochronn\u0105 \u0142adunku i zabezpieczenie \u0142adunku mo\u017cna doda\u0107 do pozycjonera jako opcje lub w ramach doposa\u017cenia. Mo\u017cna r\u00f3wnie\u017c wybra\u0107 wid\u0142y o innych wymiarach, z innych materia\u0142\u00f3w i pow\u0142ok, \u2028a tak\u017ce z innymi funkcjami hydraulicznymi, takimi jak wid\u0142y podnoszone \/ opuszczane oraz wid\u0142y teleskopowe. Dost\u0119pne s\u0105 r\u00f3wnie\u017c opcje kamer \u2028i czujnik\u00f3w w wid\u0142ach (laser, waga, IR itp.) oraz QC6 &#8211; system szybkiego \u0142\u0105czenia.<\/p>\n<p>Jako alternatyw\u0119, zamiast wide\u0142 oferujemy pozycjoner z p\u0142ytami no\u015bnymi. Mo\u017cemy r\u00f3wnie\u017c zast\u0105pi\u0107 integracj\u0119 do masztu na monta\u017c zawieszany ISO, mocowanie na szybko-z\u0142\u0105czki lub inny rodzaj mocowania. Na \u017cyczenie klienta wykonujemy rozwi\u0105zania dostosowane do jego potrzeb.<\/p>\n\t<h2>Dane techniczne<\/h2>\n<ul>\n<li>Konstrukcja: C-profil<\/li>\n<li>Ud\u017awig: 1600 &#8211; 8000 kg<\/li>\n<li>\u015arodek ci\u0119\u017cko\u015bci \u0142adunku: 500mm \/ 600mm \/ 900mm \/ 1100mm<\/li>\n<li>Szeroko\u015b\u0107: 950 &#8211; 2500 mm<\/li>\n<li>Monta\u017c: Zintegrowany<\/li>\n<li>Wid\u0142y: 1200 mm<\/li>\n<li>Klasa monta\u017cu: ISO 2A\/B, 3A\/B, 4A\/B, 5A\/B<\/li>\n<li>Uwaga: Szczeg\u00f3\u0142owe informacje dotycz\u0105ce serii mo\u017cna znale\u017a\u0107 w karcie produktu.<\/li>\n<\/ul>\n\t<h2>Sprz\u0119t<\/h2>\n\t\t\t\t<img loading=\"lazy\" decoding=\"async\" src=\"https:\/\/www.hagaberg.com\/wp-content\/uploads\/2023\/09\/Motviktstruck-no-text-300x91.png\" alt=\"Motviktstruck - no text\" itemprop=\"image\" height=\"91\" width=\"300\" title=\"Motviktstruck - no text\" onerror=\"this.style.display='none'\"  \/>\n\t<p>W\u00f3zki wid\u0142owe<\/p>\n\t\t\t\t<img loading=\"lazy\" decoding=\"async\" src=\"https:\/\/www.hagaberg.com\/wp-content\/uploads\/2023\/09\/Teleskoplastare-no-text-300x92.png\" alt=\"Teleskoplastare - no text\" itemprop=\"image\" height=\"92\" width=\"300\" title=\"Teleskoplastare - no text\" onerror=\"this.style.display='none'\"  \/>\n\t<p>\u0141adowarki<\/p>\n\t<h2>Aplikacje<\/h2>\n\t\t\t\t<img loading=\"lazy\" decoding=\"async\" src=\"https:\/\/www.hagaberg.com\/wp-content\/uploads\/2023\/09\/Klamhantering-no-text-300x91.png\" alt=\"Klamhantering - no text\" itemprop=\"image\" height=\"91\" width=\"300\" title=\"Klamhantering - no text\" onerror=\"this.style.display='none'\"  \/>\n\t<p>Funkcja Zaciskania<\/p>\n\t<h2>Do pobrania<\/h2>\n<a href=\"https:\/\/www.hagaberg.com\/wp-content\/uploads\/2022\/09\/Hagaberg-Seria-C-prezentacja-produktu-A4-PL.pdf\" target=\"_blank\" rel=\"noopener noreferrer\">Seria-C prezentacja produktu<\/a><br \/>\n<a href=\"https:\/\/www.hagaberg.com\/wp-content\/uploads\/2023\/09\/Hagaberg-C-PS02-PL.pdf\" target=\"_blank\" rel=\"noopener noreferrer\">Seria-C karta produktu<\/a><br \/>\n<a href=\"https:\/\/www.hagaberg.com\/wp-content\/uploads\/2023\/05\/Hagaberg-CR-PS01-PL.pdf\" target=\"_blank\" rel=\"noopener noreferrer\">Seria-CR karta produktu<\/a>\n","protected":false},"excerpt":{"rendered":"<p>Seria C Zintegrowany pozycjoner wide\u0142 z przesuwem bocznym Wysoka wydajno\u015b\u0107 z funkcj\u0105 zaciskania &nbsp; Zalety Wydajny pozycjoner o wszechstronnym zastosowaniu Delikatna funkcja zaciskania Wysoki ud\u017awig resztkowy Niskie koszty utrzymania Doskona\u0142a widoczno\u015b\u0107 dla operatora Seria C to jedne z naszych najinteligentniejszych pozycjoner\u00f3w. Konstrukcja \u2028z C-profilem zapewnia doskona\u0142\u0105 widoczno\u015b\u0107 dla operatora i przyczynia si\u0119 do bezpieczniejszego prze\u0142adunku [&hellip;]<\/p>\n","protected":false},"author":1,"featured_media":0,"parent":2849,"menu_order":0,"comment_status":"closed","ping_status":"closed","template":"","meta":{"_genesis_hide_title":false,"_genesis_hide_breadcrumbs":false,"_genesis_hide_singular_image":false,"_genesis_hide_footer_widgets":false,"_genesis_custom_body_class":"","_genesis_custom_post_class":"","_genesis_layout":"","footnotes":""},"class_list":{"0":"post-9147","1":"page","2":"type-page","3":"status-publish","5":"entry"},"_links":{"self":[{"href":"https:\/\/www.hagaberg.com\/pl\/wp-json\/wp\/v2\/pages\/9147","targetHints":{"allow":["GET"]}}],"collection":[{"href":"https:\/\/www.hagaberg.com\/pl\/wp-json\/wp\/v2\/pages"}],"about":[{"href":"https:\/\/www.hagaberg.com\/pl\/wp-json\/wp\/v2\/types\/page"}],"author":[{"embeddable":true,"href":"https:\/\/www.hagaberg.com\/pl\/wp-json\/wp\/v2\/users\/1"}],"replies":[{"embeddable":true,"href":"https:\/\/www.hagaberg.com\/pl\/wp-json\/wp\/v2\/comments?post=9147"}],"version-history":[{"count":15,"href":"https:\/\/www.hagaberg.com\/pl\/wp-json\/wp\/v2\/pages\/9147\/revisions"}],"predecessor-version":[{"id":12841,"href":"https:\/\/www.hagaberg.com\/pl\/wp-json\/wp\/v2\/pages\/9147\/revisions\/12841"}],"up":[{"embeddable":true,"href":"https:\/\/www.hagaberg.com\/pl\/wp-json\/wp\/v2\/pages\/2849"}],"wp:attachment":[{"href":"https:\/\/www.hagaberg.com\/pl\/wp-json\/wp\/v2\/media?parent=9147"}],"curies":[{"name":"wp","href":"https:\/\/api.w.org\/{rel}","templated":true}]}}