{"id":7825,"date":"2022-07-28T11:05:49","date_gmt":"2022-07-28T09:05:49","guid":{"rendered":"https:\/\/www.hagaberg.com\/general-conditions\/"},"modified":"2022-08-16T15:09:11","modified_gmt":"2022-08-16T13:09:11","slug":"general-conditions","status":"publish","type":"page","link":"https:\/\/www.hagaberg.com\/pl\/general-conditions\/","title":{"rendered":"Og\u00f3lne warunki"},"content":{"rendered":"<h2>\n\t\tOg\u00f3lne warunki\n\t<\/h2>\n\t<p><\/p>\n<p><\/p>\n<p><\/p>\n<p><strong>Og\u00f3lne warunki dostaw: <\/strong>Orgalime S 2012<\/p>\n<p><\/p>\n<p><\/p>\n<p>Dodatek do Og\u00f3lnych warunk\u00f3w dostaw<\/p>\n<p><\/p>\n<p><\/p>\n<p><strong>Warunki dostawy<\/strong>: FCA (Incoterms 2020)<\/p>\n<p><\/p>\n<p><\/p>\n<p><strong>Warunki p\u0142atno\u015bci:<\/strong> 30 dni netto<\/p>\n<p><\/p>\n<p><\/p>\n<p><strong>Ceny i korekty cen<\/strong>: Dostawca zastrzega sobie prawo do zmiany uzgodnionej ceny w odniesieniu do zmian koszt\u00f3w spowodowanych zmianami kurs\u00f3w walut, dzia\u0142aniami rz\u0105dowymi lub nieprzewidzianymi lub znacznie zwi\u0119kszonymi kosztami produkcji lub transportu, kt\u00f3re mia\u0142y miejsce po zawarciu umowy, ale przed dat\u0105 dostarczenia.<\/p>\n<p>Je\u017celi doprowadzi to do wzrostu przekraczaj\u0105cego 5 procent uzgodnionej ceny, a dostawca za\u017c\u0105da takiego uzupe\u0142nienia ceny, kupuj\u0105cy ma prawo rozwi\u0105za\u0107 umow\u0119. Takie anulowanie musi nast\u0105pi\u0107 w rozs\u0105dnym terminie.<\/p>\n<p>Je\u017celi dostawca podwy\u017cszy cen\u0119 z powodu innego ni\u017c podany powy\u017cej, kupuj\u0105cy, na \u017c\u0105danie dostawcy, zap\u0142aci odpowiedni\u0105 dop\u0142at\u0119 do ceny.<\/p>\n<p>Kupuj\u0105cy ma jednak w takim przypadku prawo do rozwi\u0105zania umowy w rozs\u0105dnym terminie.<\/p>\n<p>W powy\u017cszym przypadku kupuj\u0105cemu nie przys\u0142uguje \u017cadne odszkodowanie z tytu\u0142u rezygnacji.<\/p>\n<p>Orgalime S 2012 s\u0105 wysy\u0142ane na \u017cyczenie. Prosimy o kontakt z dzia\u0142em obs\u0142ugi klienta pod adresem <a href=\"mailto:info@hagaberg.com\">info@hagaberg.com<\/a>.<\/p>\n<p><\/p>\n<p><\/p>\n<p><\/p>\n<p><\/p>\n<p><\/p>\n\t<p>Aktualizacja: 2022-07-01<\/p>\n","protected":false},"excerpt":{"rendered":"<p>Og\u00f3lne warunki Og\u00f3lne warunki dostaw: Orgalime S 2012 Dodatek do Og\u00f3lnych warunk\u00f3w dostaw Warunki dostawy: FCA (Incoterms 2020) Warunki p\u0142atno\u015bci: 30 dni netto Ceny i korekty cen: Dostawca zastrzega sobie prawo do zmiany uzgodnionej ceny w odniesieniu do zmian koszt\u00f3w spowodowanych zmianami kurs\u00f3w walut, dzia\u0142aniami rz\u0105dowymi lub nieprzewidzianymi lub znacznie zwi\u0119kszonymi kosztami produkcji lub transportu, [&hellip;]<\/p>\n","protected":false},"author":7,"featured_media":0,"parent":0,"menu_order":0,"comment_status":"closed","ping_status":"closed","template":"","meta":{"_genesis_hide_title":false,"_genesis_hide_breadcrumbs":false,"_genesis_hide_singular_image":false,"_genesis_hide_footer_widgets":false,"_genesis_custom_body_class":"","_genesis_custom_post_class":"","_genesis_layout":"","footnotes":""},"class_list":{"0":"post-7825","1":"page","2":"type-page","3":"status-publish","5":"entry"},"_links":{"self":[{"href":"https:\/\/www.hagaberg.com\/pl\/wp-json\/wp\/v2\/pages\/7825","targetHints":{"allow":["GET"]}}],"collection":[{"href":"https:\/\/www.hagaberg.com\/pl\/wp-json\/wp\/v2\/pages"}],"about":[{"href":"https:\/\/www.hagaberg.com\/pl\/wp-json\/wp\/v2\/types\/page"}],"author":[{"embeddable":true,"href":"https:\/\/www.hagaberg.com\/pl\/wp-json\/wp\/v2\/users\/7"}],"replies":[{"embeddable":true,"href":"https:\/\/www.hagaberg.com\/pl\/wp-json\/wp\/v2\/comments?post=7825"}],"version-history":[{"count":4,"href":"https:\/\/www.hagaberg.com\/pl\/wp-json\/wp\/v2\/pages\/7825\/revisions"}],"predecessor-version":[{"id":7860,"href":"https:\/\/www.hagaberg.com\/pl\/wp-json\/wp\/v2\/pages\/7825\/revisions\/7860"}],"wp:attachment":[{"href":"https:\/\/www.hagaberg.com\/pl\/wp-json\/wp\/v2\/media?parent=7825"}],"curies":[{"name":"wp","href":"https:\/\/api.w.org\/{rel}","templated":true}]}}