{"id":4413,"date":"2021-03-19T16:30:31","date_gmt":"2021-03-19T15:30:31","guid":{"rendered":"https:\/\/www.hagaberg.com\/c-serien-en-ny-generation-gaffelspridningsaggregat\/"},"modified":"2023-03-30T17:45:58","modified_gmt":"2023-03-30T15:45:58","slug":"seria-c-nowa-eneracja-pozycjonerow-widel","status":"publish","type":"page","link":"https:\/\/www.hagaberg.com\/pl\/seria-c-nowa-eneracja-pozycjonerow-widel\/","title":{"rendered":"Seria C &#8211; Nowa generacja pozycjoner\u00f3w wide\u0142"},"content":{"rendered":"\n              <h1>Seria C<\/h1>\n              <p>Nowa generacja pozycjoner\u00f3w wide\u0142<\/p>\n            <h2>Seria c oferuje:<\/h2>            \n      <p>Doskona\u0142\u0105 wydajno\u015b\u0107, kt\u00f3ra zwi\u0119ksza bezpiecze\u0144stwo w miejscu pracy, usprawniaj\u0105c prze\u0142adunek materia\u0142\u00f3w przy mniejszych kosztach obs\u0142ugi.<\/p>\n      <p>Gam\u0119 produkt\u00f3w od 1 do 10 ton z LC 500, 600, 900 i 1100 mm.<\/p>\n      <p>Mocne, wydajne pozycjonery o wszechstronnym zastosowaniu z funkcj\u0105 lekkiego zaciskania.<\/p>          \n            <h2>Ograniczona obs\u0142uga serwisowa<\/h2>            <p>Samosmaruj\u0105ce \u0142o\u017cyska z tworzywa sztucznego \u2013 bez konieczno\u015bci smarowania.<\/p>          \n            <h2>Szybsza obs\u0142uga serwisowa<\/h2>            <p>Z\u0142\u0105czki hydrauliczne z pier\u015bcieniami tn\u0105cymi, jak r\u00f3wnie\u017c mo\u017cliwo\u015b\u0107 wymiany rolek pod- porowych bez konieczno\u015bci demonta\u017cu wide\u0142 &#8211; skracaj\u0105 czas przestoju podczas serwisu.<\/p>            \n              <h2>Wi\u0119ksza wytrzyma\u0142o\u015b\u0107 i trwa\u0142o\u015b\u0107<\/h2>              <p>Kuliste ucho t\u0142oczyska poch\u0142ania si\u0142y boczne pochodz\u0105ce od wide\u0142 &#8211; dzi\u0119ki temu pozycjoner jest bardziej wytrzyma\u0142y.<\/p>            \n              <h2>Zwi\u0119kszona widoczno\u015b\u0107<\/h2>              <p>Nowe umiejscowienie bloku przy\u0142\u0105czeniowego i z\u0142\u0105czy poziomych &#8211; zapewnia bezpieczniejsze u\u017cytkowanie i mo\u017cliwo\u015b\u0107 wykrycia zagro\u017ce\u0144.<\/p>            \n              <h2>Wi\u0119ksza wydajno\u015b\u0107<\/h2>              <p>Dodatkowe rolki podporowe na tylnej cz\u0119\u015bci wide\u0142 &#8211; u\u0142atwiaj\u0105 przesuw boczny przy pe\u0142nym obci\u0105\u017ceniu.<\/p>            \n              <h2>Wi\u0119kszy ud\u017awig resztkowy<\/h2>              <p>Znacznie mniejszy ci\u0119\u017car w por\u00f3wnaniu z poprzednimi konstrukcjami &#8211; zwi\u0119kszona wydajno\u015b\u0107 i mniejszy wp\u0142yw na \u015brodowisko.<\/p>            \n              <h1>Seria C<\/h1>\n              <p>Nowa generacja pozycjoner\u00f3w wide\u0142<\/p>\n            <h2>Nast\u0119pne kroki:<\/h2>            \n      <p><a href=\"https:\/\/www.hagaberg.com\/pl\/produkty\/pozycjonery-widel\/seria-c\/\">Przejd\u017a do strony produktu &raquo;<\/a><\/p>\n      <p><a href=\"https:\/\/www.hagaberg.com\/wp-content\/uploads\/2022\/09\/Hagaberg-Seria-C-prezentacja-produktu-A4-PL.pdf\" target=\"_blank\" rel=\"noopener noreferrer\">Pobierz prezentacj\u0119 produktu &raquo;<\/a><\/p>\n      <p><a href=\"https:\/\/www.hagaberg.com\/pl\/kontakt\/\">Skontaktuj si\u0119 z nami &raquo;<\/a><\/p>          \n\t<h1>C-serien<\/h1>\n<p>En ny generation gaffelspridningsaggregat<\/p>\n<h2>C-serien erbjuder:<\/h2>\n<p>Produkter med \u00f6verl\u00e4gsen prestanda som \u00f6kar s\u00e4kerheten p\u00e5 arbetsplatsen, effektiviserar materialhanteringen och har mindre underh\u00e5llsbehov.<\/p>\n<p>Komplett modellprogram fr\u00e5n 1-10 ton och lastcentrum p\u00e5 500, 600, 900 och 1100 mm.<\/p>\n<p>Robusta allround aggregat som klarar l\u00e4ttare kl\u00e4mhantering.<\/p>\n<h2>Mindre underh\u00e5ll<\/h2>\n<p>Sj\u00e4lvsm\u00f6rjande plastbussningar &#8211; tar bort behovet av sm\u00f6rjfetter<\/p>\n<h2>Snabbare service<\/h2>\n<p>Sk\u00e4ringskopplingar och m\u00f6jlighet att byta st\u00f6drullar utan gaffeldemontering &#8211; f\u00f6renklar och s\u00e4nker stillest\u00e5ndstiderna vid service.<\/p>\n<h2>Robustare och t\u00e5ligare<\/h2>\n<p>L\u00e4nk\u00f6ron tar upp sidokrafter fr\u00e5n gafflarna &#8211; ger ett strykt\u00e5ligare aggregat.<\/p>\n<h2>\u00d6kad genomsikt<\/h2>\n<p>Ny placering av anslutningsblock och liggande anslutningar &#8211; ger s\u00e4krare godshantering och b\u00e4ttre m\u00f6jlighet att uppt\u00e4cka faror.<\/p>\n<h2>H\u00f6gre prestanda<\/h2>\n<p>Extra bakre st\u00f6dhjul p\u00e5 gafflarna &#8211; f\u00f6rb\u00e4ttrar sidof\u00f6ringen vid tunga laster<\/p>\n<h2>H\u00f6gre restkapacitet<\/h2>\n<p>Betydligt l\u00e4gre vikt \u00e4n j\u00e4mf\u00f6rbara aggregat &#8211; \u00f6kar prestandan och \u00e4r b\u00e4ttre f\u00f6r milj\u00f6n.<\/p>\n<h1>C-serien<\/h1>\n<p>En ny generation gaffelspridningsaggregat<\/p>\n<h2>N\u00e4sta steg:<\/h2>\n<p><a href=\"https:\/\/www.hagaberg.com\/produkter\/gaffelspridare\/c-serien\/\">Till produktsidan \u00bb<\/a><\/p>\n<p><a href=\"https:\/\/www.hagaberg.com\/wp-content\/uploads\/2021\/03\/Hagaberg-C-serien-Produktblad-SV.pdf\" target=\"_blank\" rel=\"noopener noreferrer\">Ladda ner produktblad \u00bb<\/a><\/p>\n<p><a href=\"https:\/\/www.hagaberg.com\/pl\/o-firmie-hagaberg\/#coworkers\">Kontakta oss \u00bb<\/a><\/p>\n","protected":false},"excerpt":{"rendered":"<p>Seria C Nowa generacja pozycjoner\u00f3w wide\u0142 Seria c oferuje: Doskona\u0142\u0105 wydajno\u015b\u0107, kt\u00f3ra zwi\u0119ksza bezpiecze\u0144stwo w miejscu pracy, usprawniaj\u0105c prze\u0142adunek materia\u0142\u00f3w przy mniejszych kosztach obs\u0142ugi. Gam\u0119 produkt\u00f3w od 1 do 10 ton z LC 500, 600, 900 i 1100 mm. Mocne, wydajne pozycjonery o wszechstronnym zastosowaniu z funkcj\u0105 lekkiego zaciskania. Ograniczona obs\u0142uga serwisowa Samosmaruj\u0105ce \u0142o\u017cyska z [&hellip;]<\/p>\n","protected":false},"author":1,"featured_media":0,"parent":0,"menu_order":0,"comment_status":"closed","ping_status":"closed","template":"","meta":{"_genesis_hide_title":false,"_genesis_hide_breadcrumbs":false,"_genesis_hide_singular_image":false,"_genesis_hide_footer_widgets":false,"_genesis_custom_body_class":"","_genesis_custom_post_class":"","_genesis_layout":"","footnotes":""},"class_list":{"0":"post-4413","1":"page","2":"type-page","3":"status-publish","5":"entry"},"_links":{"self":[{"href":"https:\/\/www.hagaberg.com\/pl\/wp-json\/wp\/v2\/pages\/4413","targetHints":{"allow":["GET"]}}],"collection":[{"href":"https:\/\/www.hagaberg.com\/pl\/wp-json\/wp\/v2\/pages"}],"about":[{"href":"https:\/\/www.hagaberg.com\/pl\/wp-json\/wp\/v2\/types\/page"}],"author":[{"embeddable":true,"href":"https:\/\/www.hagaberg.com\/pl\/wp-json\/wp\/v2\/users\/1"}],"replies":[{"embeddable":true,"href":"https:\/\/www.hagaberg.com\/pl\/wp-json\/wp\/v2\/comments?post=4413"}],"version-history":[{"count":7,"href":"https:\/\/www.hagaberg.com\/pl\/wp-json\/wp\/v2\/pages\/4413\/revisions"}],"predecessor-version":[{"id":9612,"href":"https:\/\/www.hagaberg.com\/pl\/wp-json\/wp\/v2\/pages\/4413\/revisions\/9612"}],"wp:attachment":[{"href":"https:\/\/www.hagaberg.com\/pl\/wp-json\/wp\/v2\/media?parent=4413"}],"curies":[{"name":"wp","href":"https:\/\/api.w.org\/{rel}","templated":true}]}}