{"id":4329,"date":"2021-04-06T13:53:12","date_gmt":"2021-04-06T11:53:12","guid":{"rendered":"https:\/\/www.hagaberg.com\/?page_id=4329"},"modified":"2025-03-06T13:34:49","modified_gmt":"2025-03-06T12:34:49","slug":"seria-coc","status":"publish","type":"page","link":"https:\/\/www.hagaberg.com\/pl\/produkty\/pozycjonery-widel\/seria-coc\/","title":{"rendered":"Seria COC"},"content":{"rendered":"\n\t<h1>Seria COC<\/h1>\n<p>Zintegrowany pozycjoner z przesuwem bocznym poza o\u015b<\/p>\n\t<h2>Przeznaczone do magazyn\u00f3w i terminali<\/h2>\n<h3>Cecha<\/h3>\n<ul>\n<li>Przesuw boczny poza o\u015b<\/li>\n<li>Delikatna funkcja zaciskania<\/li>\n<li>Wysoki ud\u017awig resztkowy<\/li>\n<li>Niskie koszty utrzymania<\/li>\n<li>Doskona\u0142a widoczno\u015b\u0107 dla operatora<\/li>\n<\/ul>\n<p>Dzi\u0119ki pozycjonerom serii COC mo\u017cemy zminimalizowa\u0107 ryzyko uszkodze\u0144. Jak wi\u0119kszo\u015b\u0107 os\u00f3b w naszej bran\u017cy wie, podczas za\u0142adunku i roz\u0142adunku istnieje ryzyko uszkodzenia osprz\u0119tu i towar\u00f3w. \u0141adunki s\u0105 zwykle rozmieszczane wzd\u0142u\u017c burt ci\u0119\u017car\u00f3wki. Wid\u0142y cz\u0119sto s\u0105 u\u017cywane do przepychania palet na miejsce. Mo\u017ce to spowodowa\u0107 uszkodzenie palet, burt ci\u0119\u017car\u00f3wki oraz \u0142a- dunku. Rozwi\u0105zali\u015bmy ten problem dzi\u0119ki naszej pomys\u0142owo\u015bci I niepowtarzalnemu projektowi. Palety mo\u017cna przesuwa\u0107 poza ram\u0119 pozycjonera, co sprawia, \u017ce za\u0142adunek i roz\u0142adunek jest \u0142atwy, p\u0142ynny i oszcz\u0119dzamy czas.<\/p>\n<p>Tuleje samosmaruj\u0105ce zmniejszaj\u0105 nak\u0142ady na konserwacj\u0119, a \u0142atwy dost\u0119p umo\u017cliwia szybk\u0105 wymian\u0119 cz\u0119\u015bci zamiennych.<\/p>\n\t<h2>Opcje<\/h2>\n<p>Zawory bezpiecze\u0144stwa, krat\u0119 ochronn\u0105 \u0142adunku i zabezpieczenie \u0142adunku mo\u017cna doda\u0107 do pozycjonera jako opcje lub w ramach doposa\u017cenia. Mo\u017cna r\u00f3wnie\u017c wybra\u0107 wid\u0142y o innych wymi- arach, z innych materia\u0142\u00f3w i pow\u0142ok, a tak\u017ce z innymi funkcjami hydraulicznymi, takimi jak wid\u0142y podnoszone \/ opuszczane oraz wid\u0142y teleskopowe. Dost\u0119pne s\u0105 r\u00f3wnie\u017c opcje kamer i czujnik\u00f3w w wid\u0142ach (laser, waga, IR itp.) oraz QC6 &#8211; system szybkiego \u0142\u0105czenia.<\/p>\n<p>Jako alternatyw\u0119, zamiast wide\u0142 oferujemy pozycjoner z p\u0142ytami no\u015bnymi. Mo\u017cemy r\u00f3wnie\u017c zast\u0105pi\u0107 integracj\u0119 do masztu na monta\u017c zawieszany ISO, mocowanie na szybko-z\u0142\u0105czki lub inny rodzaj mocowania. Na \u017cyczenie klienta wykonujemy rozwi\u0105zania dostosowane do jego potrzeb.<\/p>\n\t<h2>Dane techniczne<\/h2>\n<ul>\n<li>Konstrukcja: C-profil<\/li>\n<li>Ud\u017awig: 1600 &#8211; 2500 kg<\/li>\n<li>\u015arodek ci\u0119\u017cko\u015bci \u0142adunku: 950 &#8211; 1200 mm<\/li>\n<li>Szeroko\u015b\u0107: Hydraulisk<\/li>\n<li>Przesuw boczny: Hydrauliczny poza obrys urz\u0105dzenia<\/li>\n<li>Monta\u017c: Zintegrowany lub nak\u0142adany HOOK-ON<\/li>\n<li>Standardowe wid\u0142y: 1200 mm lub p\u0142yty no\u015bne Carrier plates<\/li>\n<\/ul>\n\t<h2>Sprz\u0119t<\/h2>\n\t\t\t\t<img loading=\"lazy\" decoding=\"async\" src=\"https:\/\/www.hagaberg.com\/wp-content\/uploads\/2023\/09\/Motviktstruck-no-text-300x91.png\" alt=\"Motviktstruck - no text\" itemprop=\"image\" height=\"91\" width=\"300\" title=\"Motviktstruck - no text\" onerror=\"this.style.display='none'\"  \/>\n\t<p>W\u00f3zki wid\u0142owe<\/p>\n\t\t\t\t<img loading=\"lazy\" decoding=\"async\" src=\"https:\/\/www.hagaberg.com\/wp-content\/uploads\/2023\/09\/Skjutstativtruck-no-text-300x92.png\" alt=\"Skjutstativtruck - no text\" itemprop=\"image\" height=\"92\" width=\"300\" title=\"Skjutstativtruck - no text\" onerror=\"this.style.display='none'\"  \/>\n\t<p>W\u00f3zki Wysokiego Sk\u0142adowania<\/p>\n\t\t\t\t<img loading=\"lazy\" decoding=\"async\" src=\"https:\/\/www.hagaberg.com\/wp-content\/uploads\/2023\/09\/Teleskoplastare-no-text-300x92.png\" alt=\"Teleskoplastare - no text\" itemprop=\"image\" height=\"92\" width=\"300\" title=\"Teleskoplastare - no text\" onerror=\"this.style.display='none'\"  \/>\n\t<p>\u0141adowarki Teleskpowe<\/p>\n\t<h2>Aplikacje<\/h2>\n\t\t\t\t<img loading=\"lazy\" decoding=\"async\" src=\"https:\/\/www.hagaberg.com\/wp-content\/uploads\/2023\/09\/Klamhantering-no-text-300x91.png\" alt=\"Klamhantering - no text\" itemprop=\"image\" height=\"91\" width=\"300\" title=\"Klamhantering - no text\" onerror=\"this.style.display='none'\"  \/>\n\t<p>Funkcja Zaciskania<\/p>\n\t\t\t\t<img loading=\"lazy\" decoding=\"async\" src=\"https:\/\/www.hagaberg.com\/wp-content\/uploads\/2023\/09\/Lastning-lossning-no-text-300x91.png\" alt=\"Lastning lossning - no text\" itemprop=\"image\" height=\"91\" width=\"300\" title=\"Lastning lossning - no text\" onerror=\"this.style.display='none'\"  \/>\n\t<p>Za\u0142adunek \/Roz\u0142adnek<\/p>\n\t<h2>Do pobrania<\/h2>\n<p><a href=\"https:\/\/www.hagaberg.com\/wp-content\/uploads\/2023\/09\/Hagaberg-COC-PS01-PL.pdf\">Seria COC karta produktu produktu<\/a><\/p>\n","protected":false},"excerpt":{"rendered":"<p>Seria COC Zintegrowany pozycjoner z przesuwem bocznym poza o\u015b Przeznaczone do magazyn\u00f3w i terminali Cecha Przesuw boczny poza o\u015b Delikatna funkcja zaciskania Wysoki ud\u017awig resztkowy Niskie koszty utrzymania Doskona\u0142a widoczno\u015b\u0107 dla operatora Dzi\u0119ki pozycjonerom serii COC mo\u017cemy zminimalizowa\u0107 ryzyko uszkodze\u0144. Jak wi\u0119kszo\u015b\u0107 os\u00f3b w naszej bran\u017cy wie, podczas za\u0142adunku i roz\u0142adunku istnieje ryzyko uszkodzenia osprz\u0119tu [&hellip;]<\/p>\n","protected":false},"author":1,"featured_media":0,"parent":2849,"menu_order":0,"comment_status":"closed","ping_status":"closed","template":"","meta":{"_acf_changed":false,"_genesis_hide_title":false,"_genesis_hide_breadcrumbs":false,"_genesis_hide_singular_image":false,"_genesis_hide_footer_widgets":false,"_genesis_custom_body_class":"","_genesis_custom_post_class":"","_genesis_layout":"","footnotes":""},"class_list":{"0":"post-4329","1":"page","2":"type-page","3":"status-publish","5":"entry"},"acf":[],"_links":{"self":[{"href":"https:\/\/www.hagaberg.com\/pl\/wp-json\/wp\/v2\/pages\/4329","targetHints":{"allow":["GET"]}}],"collection":[{"href":"https:\/\/www.hagaberg.com\/pl\/wp-json\/wp\/v2\/pages"}],"about":[{"href":"https:\/\/www.hagaberg.com\/pl\/wp-json\/wp\/v2\/types\/page"}],"author":[{"embeddable":true,"href":"https:\/\/www.hagaberg.com\/pl\/wp-json\/wp\/v2\/users\/1"}],"replies":[{"embeddable":true,"href":"https:\/\/www.hagaberg.com\/pl\/wp-json\/wp\/v2\/comments?post=4329"}],"version-history":[{"count":10,"href":"https:\/\/www.hagaberg.com\/pl\/wp-json\/wp\/v2\/pages\/4329\/revisions"}],"predecessor-version":[{"id":10535,"href":"https:\/\/www.hagaberg.com\/pl\/wp-json\/wp\/v2\/pages\/4329\/revisions\/10535"}],"up":[{"embeddable":true,"href":"https:\/\/www.hagaberg.com\/pl\/wp-json\/wp\/v2\/pages\/2849"}],"wp:attachment":[{"href":"https:\/\/www.hagaberg.com\/pl\/wp-json\/wp\/v2\/media?parent=4329"}],"curies":[{"name":"wp","href":"https:\/\/api.w.org\/{rel}","templated":true}]}}