{"id":3270,"date":"2020-10-07T13:18:42","date_gmt":"2020-10-07T11:18:42","guid":{"rendered":"https:\/\/www.hagaberg.com\/?page_id=3270"},"modified":"2026-04-14T16:42:32","modified_gmt":"2026-04-14T14:42:32","slug":"starty","status":"publish","type":"page","link":"https:\/\/www.hagaberg.com\/pl\/","title":{"rendered":"Starty"},"content":{"rendered":"\n\n\t<h1>OPTYMALIZACJA!<\/h1>\nHagaberg to eksperci w dziedzinie<br \/>\nwydajnych i dostosowanych do<br \/>\nindywidualnych potrzeb pozycjoner\u00f3w<br \/>\nwide\u0142 do w\u00f3zk\u00f3w wid\u0142owych.\n\t<h3><strong>PRODUKTY<\/strong><\/h3>\n\t\t\t\t<a href=\"https:\/\/www.hagaberg.com\/pl\/produkty\/\"  target=\"_self\" itemprop=\"url\">\n\t\t\t\t<img loading=\"lazy\" decoding=\"async\" src=\"https:\/\/www.hagaberg.com\/wp-content\/uploads\/2019\/09\/produkter-hero.jpg\" alt=\"produkter-hero\" itemprop=\"image\" height=\"667\" width=\"1000\" title=\"produkter-hero\" onerror=\"this.style.display='none'\"  \/>\n\t\t\t\t<\/a>\n\tPozycjonery wide\u0142, wid\u0142y, akcesoria, kamery, czujniki i rozwi\u0105zania systemowe najwy\u017cszej jako\u015bci, kt\u00f3re zwi\u0119kszaj\u0105 zar\u00f3wno wydajno\u015b\u0107\u00a0 jak<br \/>\ni bezpiecze\u0144stwo.\n\t\t\t<a href=\"https:\/\/www.hagaberg.com\/pl\/produkty\/\" target=\"_self\">\n\t\t\t\t\t\t\tWI\u0118CEJ INFORMACJI\n\t\t\t\t\t<\/a>\n\t<h3><strong>APLIKACJE<\/strong><\/h3>\n\t\t\t\t<a href=\"https:\/\/www.hagaberg.com\/pl\/aplikacje-zastosowania\/\"  target=\"_self\" itemprop=\"url\">\n\t\t\t\t<img loading=\"lazy\" decoding=\"async\" src=\"https:\/\/www.hagaberg.com\/wp-content\/uploads\/2019\/05\/shutterstock_1096150382.jpg\" alt=\"shutterstock_1096150382\" itemprop=\"image\" height=\"667\" width=\"1000\" title=\"shutterstock_1096150382\" onerror=\"this.style.display='none'\"  \/>\n\t\t\t\t<\/a>\n\t<p>Opracowujemy r\u00f3\u017cnorodne mo\u017cliwo\u015bci zastosowania, a tak\u017ce konkretne rozwi\u0105zania. Z pomoc\u0105 naszego dzia\u0142u projektowania wytwarzamy r\u00f3wnie\u017c niestandardowe produkty i indywidualne rozwi\u0105zania na potrzeby klienta.<\/p>\n\t\t\t<a href=\"https:\/\/www.hagaberg.com\/pl\/aplikacje-zastosowania\/\" target=\"_self\">\n\t\t\t\t\t\t\tWI\u0118CEJ INFORMACJI\n\t\t\t\t\t<\/a>\n\t<h3><strong>SERWIS<\/strong><\/h3>\n\t\t\t\t<a href=\"https:\/\/www.hagaberg.com\/pl\/?page_id=2985\"  target=\"_self\" itemprop=\"url\">\n\t\t\t\t<img loading=\"lazy\" decoding=\"async\" src=\"https:\/\/www.hagaberg.com\/wp-content\/uploads\/2019\/09\/tjanster.jpg\" alt=\"tjanster\" itemprop=\"image\" height=\"667\" width=\"1000\" title=\"tjanster\" onerror=\"this.style.display='none'\"  \/>\n\t\t\t\t<\/a>\n\tHagaberg pomaga zar\u00f3wno klientom OEM jak i u\u017cytkownikom ko\u0144cowym<br \/>\nw uzyskaniu informacji o produktach przez ca\u0142y okres ich u\u017cytkowania a tak\u017ce w podniesieniu wydajno\u015bci \/ produktywno\u015bci.\n\t\t\t<a href=\"https:\/\/www.hagaberg.com\/pl\/?page_id=2985\" target=\"_self\">\n\t\t\t\t\t\t\tWI\u0118CEJ INFORMACJI\n\t\t\t\t\t<\/a>\n\t<h2>Pomagamy w znalezieniu w\u0142a\u015bciwego osprz\u0119tu.<\/h2>\n\t\t\t<a href=\"https:\/\/www.hagaberg.com\/pl\/kontakt\/\" target=\"_self\">\n\t\t\t\t\t\t\tSkontaktuj si\u0119 z nami\n\t\t\t\t\t<\/a>\n<h2>\n\t\t<a href=\"https:\/\/www.hagaberg.com\/pl\/news\/\" title=\"Aktualno\u015bci\"  target=\"_self\">\n\t\tAktualno\u015bci\n\t\t<\/a>\n\t<\/h2>\n<h3>\n\t\t<a href=\"https:\/\/www.hagaberg.com\/pl\/news\/\" title=\"Aktualno\u015bci archiwum\"  target=\"_self\">\n\t\tAktualno\u015bci archiwum\n\t\t<\/a>\n\t<\/h3>\n\t\t\t<a href=\"https:\/\/www.hagaberg.com\/pl\/news\/\" target=\"_self\">\n\t\t\t\t\t\t\tDo archiwum aktualno\u015bci &raquo;\n\t\t\t\t\t<\/a>\n<h2>\n\t\t<a href=\"https:\/\/www.hagaberg.com\/pl\/?page_id=2855#saker-arbetsmiljo\" title=\"BEZPIECZE\u0143STWO W MIEJSCU PRACY\"  target=\"_self\">\n\t\tBEZPIECZE\u0143STWO W MIEJSCU PRACY\n\t\t<\/a>\n\t<\/h2>\n\t<p>Jednym z naszych najwa\u017cniejszych zada\u0144 jest przyczynianie si\u0119 do bezpieczniejszego \u015brodowiska pracy. Hagaberg s\u0142u\u017cy jako katalizator, je\u015bli chodzi o bezpieczniejsze \u015brodowisko pracy i obs\u0142ug\u0119 materia\u0142\u00f3w.<\/p>\n<p>Nasi projektanci wsp\u00f3\u0142pracuj\u0105 z producentami w\u00f3zk\u00f3w wid\u0142owych i u\u017cytkownikami ko\u0144cowymi dla zapewnienia optymalnej widoczno\u015bci i inteligentnych dodatk\u00f3w, kt\u00f3re zapewniaj\u0105 bezpieczniejsze rozwi\u0105zania na ka\u017cdym etapie prze\u0142adunku materia\u0142\u00f3w.<\/p>\n<p>.<\/p>\n<p><a href=\"https:\/\/www.hagaberg.com\/pl\/o-firmie-hagaberg\/#bezpieczne-\u015brodowisko-pracy\">Dowiedz si\u0119 wi\u0119cej \u00bb<\/a><\/p>\n\n","protected":false},"excerpt":{"rendered":"<p>OPTYMALIZACJA! Hagaberg to eksperci w dziedzinie wydajnych i dostosowanych do indywidualnych potrzeb pozycjoner\u00f3w wide\u0142 do w\u00f3zk\u00f3w wid\u0142owych. PRODUKTY Pozycjonery wide\u0142, wid\u0142y, akcesoria, kamery, czujniki i rozwi\u0105zania systemowe najwy\u017cszej jako\u015bci, kt\u00f3re zwi\u0119kszaj\u0105 zar\u00f3wno wydajno\u015b\u0107\u00a0 jak i bezpiecze\u0144stwo. WI\u0118CEJ INFORMACJI APLIKACJE Opracowujemy r\u00f3\u017cnorodne mo\u017cliwo\u015bci zastosowania, a tak\u017ce konkretne rozwi\u0105zania. Z pomoc\u0105 naszego dzia\u0142u projektowania wytwarzamy r\u00f3wnie\u017c niestandardowe [&hellip;]<\/p>\n","protected":false},"author":1,"featured_media":0,"parent":0,"menu_order":0,"comment_status":"closed","ping_status":"closed","template":"","meta":{"_acf_changed":false,"_genesis_hide_title":false,"_genesis_hide_breadcrumbs":false,"_genesis_hide_singular_image":false,"_genesis_hide_footer_widgets":false,"_genesis_custom_body_class":"","_genesis_custom_post_class":"","_genesis_layout":"","footnotes":""},"class_list":{"0":"post-3270","1":"page","2":"type-page","3":"status-publish","5":"entry"},"acf":[],"_links":{"self":[{"href":"https:\/\/www.hagaberg.com\/pl\/wp-json\/wp\/v2\/pages\/3270","targetHints":{"allow":["GET"]}}],"collection":[{"href":"https:\/\/www.hagaberg.com\/pl\/wp-json\/wp\/v2\/pages"}],"about":[{"href":"https:\/\/www.hagaberg.com\/pl\/wp-json\/wp\/v2\/types\/page"}],"author":[{"embeddable":true,"href":"https:\/\/www.hagaberg.com\/pl\/wp-json\/wp\/v2\/users\/1"}],"replies":[{"embeddable":true,"href":"https:\/\/www.hagaberg.com\/pl\/wp-json\/wp\/v2\/comments?post=3270"}],"version-history":[{"count":63,"href":"https:\/\/www.hagaberg.com\/pl\/wp-json\/wp\/v2\/pages\/3270\/revisions"}],"predecessor-version":[{"id":17588,"href":"https:\/\/www.hagaberg.com\/pl\/wp-json\/wp\/v2\/pages\/3270\/revisions\/17588"}],"wp:attachment":[{"href":"https:\/\/www.hagaberg.com\/pl\/wp-json\/wp\/v2\/media?parent=3270"}],"curies":[{"name":"wp","href":"https:\/\/api.w.org\/{rel}","templated":true}]}}