{"id":2850,"date":"2020-06-25T12:50:08","date_gmt":"2020-06-25T10:50:08","guid":{"rendered":"https:\/\/www.hagaberg.com\/produkty\/widly\/"},"modified":"2025-01-20T19:47:00","modified_gmt":"2025-01-20T18:47:00","slug":"widly","status":"publish","type":"page","link":"https:\/\/www.hagaberg.com\/pl\/produkty\/widly\/","title":{"rendered":"Wid\u0142y"},"content":{"rendered":"\n\t<h1>WID\u0141Y<\/h1>\n\t<p>Istnieje wiele r\u00f3\u017cnych mo\u017cliwo\u015bci wyboru wide\u0142 aby dopasowa\u0107 osprz\u0119t do twoich potrzeb. Nasza gama wide\u0142 mo\u017ce mie\u0107 r\u00f3\u017cn\u0105 d\u0142ugo\u015b\u0107, szeroko\u015b\u0107, grubo\u015b\u0107, ko\u0144c\u00f3wk\u0119, materia\u0142, pow\u0142ok\u0119 itp. <a href=\"https:\/\/www.hagaberg.com\/pl\/kontakt\/\">Skontaktuj si\u0119 z nami, aby uzyska\u0107 wi\u0119cej informacji.<\/a><\/p>\n<p><a href=\"https:\/\/www.hagaberg.com\/en\/products\/forks\/\">For the range in English &gt;&gt;<\/a><\/p>\n\t\t\t\t<img loading=\"lazy\" decoding=\"async\" src=\"https:\/\/www.hagaberg.com\/wp-content\/uploads\/2019\/09\/forks.jpg\" alt=\"forks\" itemprop=\"image\" height=\"667\" width=\"1000\" title=\"forks\" onerror=\"this.style.display='none'\"  \/>\n","protected":false},"excerpt":{"rendered":"<p>WID\u0141Y Istnieje wiele r\u00f3\u017cnych mo\u017cliwo\u015bci wyboru wide\u0142 aby dopasowa\u0107 osprz\u0119t do twoich potrzeb. Nasza gama wide\u0142 mo\u017ce mie\u0107 r\u00f3\u017cn\u0105 d\u0142ugo\u015b\u0107, szeroko\u015b\u0107, grubo\u015b\u0107, ko\u0144c\u00f3wk\u0119, materia\u0142, pow\u0142ok\u0119 itp. Skontaktuj si\u0119 z nami, aby uzyska\u0107 wi\u0119cej informacji. For the range in English &gt;&gt;<\/p>\n","protected":false},"author":1,"featured_media":0,"parent":2841,"menu_order":0,"comment_status":"closed","ping_status":"closed","template":"","meta":{"_acf_changed":false,"_genesis_hide_title":false,"_genesis_hide_breadcrumbs":false,"_genesis_hide_singular_image":false,"_genesis_hide_footer_widgets":false,"_genesis_custom_body_class":"","_genesis_custom_post_class":"","_genesis_layout":"","footnotes":""},"class_list":{"0":"post-2850","1":"page","2":"type-page","3":"status-publish","5":"entry"},"acf":[],"_links":{"self":[{"href":"https:\/\/www.hagaberg.com\/pl\/wp-json\/wp\/v2\/pages\/2850","targetHints":{"allow":["GET"]}}],"collection":[{"href":"https:\/\/www.hagaberg.com\/pl\/wp-json\/wp\/v2\/pages"}],"about":[{"href":"https:\/\/www.hagaberg.com\/pl\/wp-json\/wp\/v2\/types\/page"}],"author":[{"embeddable":true,"href":"https:\/\/www.hagaberg.com\/pl\/wp-json\/wp\/v2\/users\/1"}],"replies":[{"embeddable":true,"href":"https:\/\/www.hagaberg.com\/pl\/wp-json\/wp\/v2\/comments?post=2850"}],"version-history":[{"count":2,"href":"https:\/\/www.hagaberg.com\/pl\/wp-json\/wp\/v2\/pages\/2850\/revisions"}],"predecessor-version":[{"id":15421,"href":"https:\/\/www.hagaberg.com\/pl\/wp-json\/wp\/v2\/pages\/2850\/revisions\/15421"}],"up":[{"embeddable":true,"href":"https:\/\/www.hagaberg.com\/pl\/wp-json\/wp\/v2\/pages\/2841"}],"wp:attachment":[{"href":"https:\/\/www.hagaberg.com\/pl\/wp-json\/wp\/v2\/media?parent=2850"}],"curies":[{"name":"wp","href":"https:\/\/api.w.org\/{rel}","templated":true}]}}