{"id":2841,"date":"2020-06-24T15:26:09","date_gmt":"2020-06-24T13:26:09","guid":{"rendered":"https:\/\/www.hagaberg.com\/produkty\/"},"modified":"2024-10-29T08:33:59","modified_gmt":"2024-10-29T07:33:59","slug":"produkty","status":"publish","type":"page","link":"https:\/\/www.hagaberg.com\/pl\/produkty\/","title":{"rendered":"Produkty"},"content":{"rendered":"<h1>\n\t\tProdukty\n\t<\/h1>\n\t<p>Naszym podstawowym produktem jest hydrauliczny pozycjoner wide\u0142 z przesuwem bocznym. Oferta produkt\u00f3w jest bardzo szeroka; od produkt\u00f3w do w\u00f3zk\u00f3w wysokiego sk\u0142adowania o ud\u017awigu ok. jednej tony do du\u017cych pozycjoner\u00f3w do w\u00f3zk\u00f3w z przeciwwag\u0105 do 25 ton. Produkujemy zar\u00f3wno zintegrowane jak i nak\u0142adane pozycjonery. Oferta obejmuje r\u00f3wnie\u017c osprz\u0119t do \u0142adowarek.<\/p>\n\t<p>Osprz\u0119t jest dostarczany w standardowej wersji, konfigurowanej z alternatywnymi wid\u0142ami w r\u00f3\u017cnych opcjach np. kamery i czujniki oraz akcesoria, takie jak wsporniki \u0142adunku, przed\u0142u\u017cki wide\u0142, antypo\u015blizgi itp. Nasza szeroka oferta obejmuje rozwi\u0105zania dla wielu r\u00f3\u017cnych potrzeb w zakresie prze\u0142adunku materia\u0142\u00f3w, a tak\u017ce dostarczamy rozwi\u0105zania \u201ena miar\u0119&#8221; dla potrzeb klient\u00f3w indywidualnych.<\/p>\n\t<h3><a href=\"https:\/\/www.hagaberg.com\/pl\/produkty\/pozycjonery-widel\/\">POZYCJONERY WIDE<\/a><a href=\"https:\/\/www.hagaberg.com\/produkter\/gaffelspridare\/\"><strong>\u0141<\/strong><\/a><\/h3>\n<h3><\/h3>\n\t\t\t\t<a href=\"https:\/\/www.hagaberg.com\/pl\/produkty\/pozycjonery-widel\/\" target=\"_self\" itemprop=\"url\" rel=\"noopener noreferrer\">\n\t\t\t\t<img loading=\"lazy\" decoding=\"async\" src=\"https:\/\/www.hagaberg.com\/wp-content\/uploads\/2022\/03\/C-01-huvudbild-light-1024x819-300x240.png\" alt=\"C-01-huvudbild-light-1024x819\" itemprop=\"image\" height=\"240\" width=\"300\" title=\"C-01-huvudbild-light-1024x819\" onerror=\"this.style.display='none'\"  \/>\n\t\t\t\t<\/a>\n\t<h3><a href=\"https:\/\/www.hagaberg.com\/pl\/produkty\/widly\/\">WID\u0141Y<\/a><\/h3>\n<h3><\/h3>\n\t\t\t\t<a href=\"https:\/\/www.hagaberg.com\/pl\/produkty\/widly\/\" target=\"_self\" itemprop=\"url\" rel=\"noopener noreferrer\">\n\t\t\t\t<img loading=\"lazy\" decoding=\"async\" src=\"https:\/\/www.hagaberg.com\/wp-content\/uploads\/2022\/04\/f-e-c-gafflar-650x450-300x208.png\" alt=\"f-e-c-gafflar-650x450\" itemprop=\"image\" height=\"208\" width=\"300\" title=\"f-e-c-gafflar-650x450\" onerror=\"this.style.display='none'\"  \/>\n\t\t\t\t<\/a>\n\t<h3><a href=\"https:\/\/www.hagaberg.com\/pl\/smartfork-inteligentne-widly\/\">SMARTFORK<strong><sup>\u00ae<\/sup><\/strong><\/a><\/h3>\n\t\t\t\t<a href=\"https:\/\/www.hagaberg.com\/pl\/smartfork-inteligentne-widly\/\" target=\"_self\" itemprop=\"url\" rel=\"noopener noreferrer\">\n\t\t\t\t<img loading=\"lazy\" decoding=\"async\" src=\"https:\/\/www.hagaberg.com\/wp-content\/uploads\/2019\/09\/smartfork-300x200.jpg\" alt=\"smartfork\" itemprop=\"image\" height=\"200\" width=\"300\" title=\"smartfork\" onerror=\"this.style.display='none'\"  \/>\n\t\t\t\t<\/a>\n\t<h3><a href=\"https:\/\/www.hagaberg.com\/pl\/produkty\/akcesoria\/\">AKCESORIA<\/a><\/h3>\n\t\t\t\t<a href=\"https:\/\/www.hagaberg.com\/pl\/produkty\/akcesoria\/\" target=\"_self\" itemprop=\"url\" rel=\"noopener noreferrer\">\n\t\t\t\t<img loading=\"lazy\" decoding=\"async\" src=\"https:\/\/www.hagaberg.com\/wp-content\/uploads\/2019\/09\/F4S-Hagabergs-Mekaniska-002-2-300x240.jpg\" alt=\"F4S-Hagabergs-Mekaniska-002-2\" itemprop=\"image\" height=\"240\" width=\"300\" title=\"F4S-Hagabergs-Mekaniska-002-2\" onerror=\"this.style.display='none'\"  \/>\n\t\t\t\t<\/a>\n\t<h3><a href=\"https:\/\/www.hagaberg.com\/pl\/produkty\/oqt\/\"><strong>OQT<\/strong><\/a><\/h3>\n\t\t\t\t<a href=\"https:\/\/www.hagaberg.com\/pl\/produkty\/oqt\/\" target=\"_self\" itemprop=\"url\" rel=\"noopener noreferrer\">\n\t\t\t\t<img loading=\"lazy\" decoding=\"async\" src=\"https:\/\/www.hagaberg.com\/wp-content\/uploads\/2024\/02\/oqt-lowres.jpg\" alt=\"oqt-lowres\" itemprop=\"image\" height=\"416\" width=\"650\" title=\"oqt-lowres\" onerror=\"this.style.display='none'\"  \/>\n\t\t\t\t<\/a>\n\t<h3><a href=\"https:\/\/www.hagaberg.com\/pl\/produkty\/cebria\/\">CEBRI\u00c1<\/a><\/h3>\n\t\t\t\t<a href=\"https:\/\/www.hagaberg.com\/pl\/produkty\/cebria\/\" target=\"_self\" itemprop=\"url\" rel=\"noopener noreferrer\">\n\t\t\t\t<img loading=\"lazy\" decoding=\"async\" src=\"https:\/\/www.hagaberg.com\/wp-content\/uploads\/2022\/04\/Cebria\u0301-multiple-fork-positioner-double-1500x1040-300x208.png\" alt=\"Cebria\u0301-multiple-fork-positioner-double-1500x1040\" itemprop=\"image\" height=\"208\" width=\"300\" title=\"Cebria\u0301-multiple-fork-positioner-double-1500x1040\" onerror=\"this.style.display='none'\"  \/>\n\t\t\t\t<\/a>\n\t<h3><a href=\"https:\/\/www.hagaberg.com\/pl\/produkty\/przebudowa-wozkow-podnosnikowych\/\"><strong>PRZEBUDOWA W\u00d3ZK\u00d3W WID\u0141OWYCH<\/strong><\/a><\/h3>\n\t\t\t\t<a href=\"https:\/\/www.hagaberg.com\/pl\/produkty\/przebudowa-wozkow-podnosnikowych\/\" target=\"_self\" itemprop=\"url\" rel=\"noopener noreferrer\">\n\t\t\t\t<img loading=\"lazy\" decoding=\"async\" src=\"https:\/\/www.hagaberg.com\/wp-content\/uploads\/2019\/09\/Special-001-1.jpg\" alt=\"Special-001\" itemprop=\"image\" height=\"842\" width=\"566\" title=\"Special-001\" onerror=\"this.style.display='none'\"  \/>\n\t\t\t\t<\/a>\n\t<h3><a href=\"https:\/\/www.hagaberg.com\/pl\/produkty\/rozwiazania-indywidualne\/\">ROZWI\u0104ZANIA INDYWIDUALNE &#8222;NA MIAR\u0118&#8221;<\/a><\/h3>\n\t\t\t\t<a href=\"https:\/\/www.hagaberg.com\/pl\/produkty\/rozwiazania-indywidualne\/\" target=\"_self\" itemprop=\"url\" rel=\"noopener noreferrer\">\n\t\t\t\t<img loading=\"lazy\" decoding=\"async\" src=\"https:\/\/www.hagaberg.com\/wp-content\/uploads\/2019\/09\/Findus.jpg\" alt=\"Findus\" itemprop=\"image\" height=\"720\" width=\"850\" title=\"Findus\" onerror=\"this.style.display='none'\"  \/>\n\t\t\t\t<\/a>\n\tHITTA R\u00c4TT<br \/>\n<strong>MASKIN<\/strong>\n\t\t\t\t<a href=\"https:\/\/www.hagaberg.com\/produkter\/\" target=\"_self\" itemprop=\"url\" rel=\"noopener noreferrer\">\n\t\t\t\t<img loading=\"lazy\" decoding=\"async\" src=\"https:\/\/www.hagaberg.com\/wp-content\/uploads\/2019\/05\/shutterstock_55429804-1024x680.jpg\" alt=\"shutterstock_55429804\" itemprop=\"image\" height=\"680\" width=\"1024\" title=\"shutterstock_55429804\" onerror=\"this.style.display='none'\"  \/>\n\t\t\t\t<\/a>\n<h3><a href=\"https:\/\/www.hagaberg.com\/produkter\/\" target=\"_self\" rel=\"noopener noreferrer\"><\/a><\/h3>\t\t\n\t\t\t<p>Spridaraggregat, gafflar, tillbeh\u00f6r, kameror, sensorer och systeml\u00f6sningar av h\u00f6gsta kvalitet, som \u00f6kar b\u00e5de effektiviteten och s\u00e4kerheten. I v\u00e5rt breda och djupa sortiment finns l\u00f6sningar p\u00e5 m\u00e5nga materialhanteringsbehov.<\/p>\n\tHITTA R\u00c4TT<br \/>\n<strong>BRANSCH<\/strong>\n\t\t\t\t<a href=\"https:\/\/www.hagaberg.com\/applikationer\/\" target=\"_self\" itemprop=\"url\" rel=\"noopener noreferrer\">\n\t\t\t\t<img loading=\"lazy\" decoding=\"async\" src=\"https:\/\/www.hagaberg.com\/wp-content\/uploads\/2019\/05\/shutterstock_726895093.jpg\" alt=\"shutterstock_726895093\" itemprop=\"image\" height=\"667\" width=\"1000\" title=\"shutterstock_726895093\" onerror=\"this.style.display='none'\"  \/>\n\t\t\t\t<\/a>\n<h3><a href=\"https:\/\/www.hagaberg.com\/applikationer\/\" target=\"_self\" rel=\"noopener noreferrer\"><\/a><\/h3>\t\t\n\t\t\t<p>Vi utvecklar fr\u00e5n grunden en m\u00e4ngd applikations-anpassade produkter samt branschspecifika l\u00f6sningar. Men hj\u00e4lp av v\u00e5ra egna konstrukt\u00f6rer tar vi \u00e4ven fram kundanpassade produkter och skr\u00e4ddarsydda l\u00f6sningar.<\/p>\n\t<p>HITTA R\u00c4TT <strong>MONTERING<\/strong><\/p>\n\t\t\t\t<a href=\"https:\/\/www.hagaberg.com\/?page_id=12\" target=\"_self\" itemprop=\"url\" rel=\"noopener noreferrer\">\n\t\t\t\t<img loading=\"lazy\" decoding=\"async\" src=\"https:\/\/www.hagaberg.com\/wp-content\/uploads\/2019\/05\/shutterstock_628615613.jpg\" alt=\"shutterstock_628615613\" itemprop=\"image\" height=\"656\" width=\"1000\" title=\"shutterstock_628615613\" onerror=\"this.style.display='none'\"  \/>\n\t\t\t\t<\/a>\n<h3><a href=\"https:\/\/www.hagaberg.com\/?page_id=12\" target=\"_self\" rel=\"noopener noreferrer\"><\/a><\/h3>\t\t\n\t\t\t<p>Hagabergs tj\u00e4nster hj\u00e4lper b\u00e5de OEM-kunder och slutanv\u00e4ndare att s\u00e4kra information om produkterna under hela livscykeln och samtidigt \u00f6ka produktiviteten.<\/p>\n\tVI HJ\u00c4LPER<br \/>\nDIG MED R\u00c4TT <strong>AGGREGAT<\/strong>\n\t\t\t<a href=\"https:\/\/www.hagaberg.com\/kontakt\/\" target=\"_self\" role=\"button\" rel=\"noopener noreferrer\">\n\t\t\t\t\t\t\tKONTAKTA OSS\n\t\t\t\t\t<\/a>\n\t\n<p><strong>NYHETER<\/strong><\/p>\n\t\t\t<a href=\"https:\/\/www.hagaberg.com\/nyheter\/\" target=\"_self\" role=\"button\" rel=\"noopener noreferrer\">\n\t\t\t\t\t\t\tL\u00c4S MER\n\t\t\t\t\t<\/a>\n\tVill du bli<br \/>\nen av oss?<br \/>\n<strong>LEDIGA JOBB<\/strong>\n\t\t\t<a href=\"https:\/\/www.hagaberg.com\/lediga-jobb\/\" target=\"_self\" role=\"button\" rel=\"noopener noreferrer\">\n\t\t\t\t\t\t\tL\u00c4S MER\n\t\t\t\t\t<\/a>\n","protected":false},"excerpt":{"rendered":"<p>Produkty Naszym podstawowym produktem jest hydrauliczny pozycjoner wide\u0142 z przesuwem bocznym. Oferta produkt\u00f3w jest bardzo szeroka; od produkt\u00f3w do w\u00f3zk\u00f3w wysokiego sk\u0142adowania o ud\u017awigu ok. jednej tony do du\u017cych pozycjoner\u00f3w do w\u00f3zk\u00f3w z przeciwwag\u0105 do 25 ton. Produkujemy zar\u00f3wno zintegrowane jak i nak\u0142adane pozycjonery. Oferta obejmuje r\u00f3wnie\u017c osprz\u0119t do \u0142adowarek. Osprz\u0119t jest dostarczany w standardowej [&hellip;]<\/p>\n","protected":false},"author":1,"featured_media":0,"parent":0,"menu_order":0,"comment_status":"closed","ping_status":"closed","template":"","meta":{"_genesis_hide_title":false,"_genesis_hide_breadcrumbs":false,"_genesis_hide_singular_image":false,"_genesis_hide_footer_widgets":false,"_genesis_custom_body_class":"","_genesis_custom_post_class":"","_genesis_layout":"","footnotes":""},"class_list":{"0":"post-2841","1":"page","2":"type-page","3":"status-publish","5":"entry"},"_links":{"self":[{"href":"https:\/\/www.hagaberg.com\/pl\/wp-json\/wp\/v2\/pages\/2841","targetHints":{"allow":["GET"]}}],"collection":[{"href":"https:\/\/www.hagaberg.com\/pl\/wp-json\/wp\/v2\/pages"}],"about":[{"href":"https:\/\/www.hagaberg.com\/pl\/wp-json\/wp\/v2\/types\/page"}],"author":[{"embeddable":true,"href":"https:\/\/www.hagaberg.com\/pl\/wp-json\/wp\/v2\/users\/1"}],"replies":[{"embeddable":true,"href":"https:\/\/www.hagaberg.com\/pl\/wp-json\/wp\/v2\/comments?post=2841"}],"version-history":[{"count":7,"href":"https:\/\/www.hagaberg.com\/pl\/wp-json\/wp\/v2\/pages\/2841\/revisions"}],"predecessor-version":[{"id":12740,"href":"https:\/\/www.hagaberg.com\/pl\/wp-json\/wp\/v2\/pages\/2841\/revisions\/12740"}],"wp:attachment":[{"href":"https:\/\/www.hagaberg.com\/pl\/wp-json\/wp\/v2\/media?parent=2841"}],"curies":[{"name":"wp","href":"https:\/\/api.w.org\/{rel}","templated":true}]}}