{"id":2836,"date":"2020-06-24T15:16:47","date_gmt":"2020-06-24T13:16:47","guid":{"rendered":"https:\/\/www.hagaberg.com\/kontakt\/"},"modified":"2026-01-08T15:11:50","modified_gmt":"2026-01-08T14:11:50","slug":"kontakt","status":"publish","type":"page","link":"https:\/\/www.hagaberg.com\/pl\/kontakt\/","title":{"rendered":"Kontakt"},"content":{"rendered":"\n<h1>\n\t\tKontakt\n\t<\/h1>\n\t<h2>Jak mo\u017cemy Ci pom\u00f3c?<\/h2>\n<p>Zapraszamy do kontaktu przez wys\u0142anie do nas e-maila\u00a0 z wykorzystaniem poni\u017cszych adres\u00f3w.\u00a0Mo\u017cesz r\u00f3wnie\u017c zadzwoni\u0107 do nas przez nasz\u0105 obs\u0142ug\u0119 klienta lub skontaktowa\u0107 si\u0119 z konkretnym pracownikiem.<\/p>\n\t<strong>Hagaberg Polska Sp. z o.o.<br \/>\n<\/strong>UL. Miel\u017cy\u0144skiego 14<br \/>\n61-725 Pozna\u0144<br \/>\nPolska\n\t<b>Godziny otwarcia:<br \/>\n<\/b>Poniedzia\u0142ek &#8211; Czwartek: 8:00 &#8211; 16:00<br \/>\nPi\u0105tek: 8:00 am &#8211; 13:00\n<b>Zapytania\/Zam\u00f3wienia &#8211; Cz\u0119\u015bci zamienne<br \/>\n<\/b><a href=\"mailto:Spareparts@hagaberg.com\">spareparts@hagaberg.com<\/a><br \/>\n(Podaj numer seryjny)<br \/>\n+48 601 888 059\n\t<strong>HQ<br \/>\n<\/strong><strong>Hagaberg Industrier AB<\/strong><br \/>\n\u00c5kerv\u00e4gen 19<br \/>\n696 32 Askersund\n<strong>Adres &#8211; wizyty i dostawy<\/strong><br \/>\n\u00c5kerv\u00e4gen 19<br \/>\n696 32 Askersund\n\t<h2>Zesp\u00f3\u0142 Sprzeda\u017cy<\/h2>\n\t\t\t\t<img loading=\"lazy\" decoding=\"async\" src=\"https:\/\/www.hagaberg.com\/wp-content\/uploads\/2024\/08\/TadeuszMajchrzak700x900_2-1.png\" alt=\"TadeuszMajchrzak700x900_2\" itemprop=\"image\" height=\"900\" width=\"699\" title=\"TadeuszMajchrzak700x900_2\" onerror=\"this.style.display='none'\"  \/>\n\t<h3>Tadeusz Majchrzak<\/h3>\n<strong>Sales Manager<br \/>\nPolska<br \/>\n<\/strong><a href=\"mailto:tadeusz@hagaberggroup.com\">tadeusz@hagaberggroup.com<\/a><br \/>\n+48 601 888 059\n\t\t\t\t<img loading=\"lazy\" decoding=\"async\" src=\"https:\/\/www.hagaberg.com\/wp-content\/uploads\/2024\/08\/SamiMa\u0308kela\u0308700x900.png\" alt=\"SamiMa\u0308kela\u0308700x900\" itemprop=\"image\" height=\"900\" width=\"699\" title=\"SamiMa\u0308kela\u0308700x900\" onerror=\"this.style.display='none'\"  \/>\n\t<h3>Sami M\u00e4kel\u00e4<\/h3>\n<strong>Sales Manager<br \/>\nFinlandia \/ Kraje Ba\u0142tyckie<br \/>\n<\/strong><a href=\"mailto:sami@hagaberggroup.com\">sami@hagaberggroup.com<\/a><br \/>\n+358 50 5571119\n\t\t\t\t<img loading=\"lazy\" decoding=\"async\" src=\"https:\/\/www.hagaberg.com\/wp-content\/uploads\/2024\/08\/OscarCarlssonSchaden700x900.png\" alt=\"OscarCarlssonSchaden700x900\" itemprop=\"image\" height=\"900\" width=\"699\" title=\"OscarCarlssonSchaden700x900\" onerror=\"this.style.display='none'\"  \/>\n\t<h3>Oscar Carlsson Schaden<\/h3>\n<strong>Sales Manager<br \/>\n<\/strong><strong>Szwecja<br \/>\n<\/strong><a href=\"mailto:oscar@hagaberggroup.com\">oscar@hagaberggroup.com<\/a><br \/>\n+46 583-57 44 50\n\t\t\t\t<img loading=\"lazy\" decoding=\"async\" src=\"https:\/\/www.hagaberg.com\/wp-content\/uploads\/2025\/05\/ClausLindgaard700x900-1.png\" alt=\"ClausLindgaard700x900\" itemprop=\"image\" height=\"900\" width=\"700\" title=\"ClausLindgaard700x900\" onerror=\"this.style.display='none'\"  \/>\n\t<h3>Claus Lindgaard<\/h3>\n<strong>Sales Manager<br \/>\nDania \/ Islandia \/ Norwegia<br \/>\n<\/strong><a href=\"mailto:claus@hagaberggroup.com\">claus@hagaberggroup.com<\/a><br \/>\n+45 6078 7000\n\t<h2>Eksport<\/h2>\n\t\t\t\t<img loading=\"lazy\" decoding=\"async\" src=\"https:\/\/www.hagaberg.com\/wp-content\/uploads\/2024\/08\/StefanCarlssonPautt700x900.png\" alt=\"StefanCarlssonPautt700x900\" itemprop=\"image\" height=\"900\" width=\"699\" title=\"StefanCarlssonPautt700x900\" onerror=\"this.style.display='none'\"  \/>\n\t<h3>Stefan Carlsson Pautt<\/h3>\n<strong>Dyrektor ds. Rozwoju Biznesu<br \/>\n<\/strong><a href=\"mailto:stefan@hagaberggroup.com\">stefan@hagaberggroup.com<\/a><br \/>\n+46 583-57 44 02\n\t<h2>Obs\u0142uga Klienta<\/h2>\n\t\t\t\t<img loading=\"lazy\" decoding=\"async\" src=\"https:\/\/www.hagaberg.com\/wp-content\/uploads\/2024\/08\/MathildaAndersson700x900.png\" alt=\"MathildaAndersson700x900\" itemprop=\"image\" height=\"900\" width=\"699\" title=\"MathildaAndersson700x900\" onerror=\"this.style.display='none'\"  \/>\n\t<h3>Mathilda Andersson<\/h3>\n<strong><\/strong><strong>Zam\u00f3wienia i Obs\u0142uga klienta<\/strong><br \/>\n<a href=\"mailto:mathilda@hagaberggroup.com\">mathilda@hagaberggroup.com<\/a><br \/>\n+46 583-57 44 43\u00a0\n\t\t\t\t<img loading=\"lazy\" decoding=\"async\" src=\"https:\/\/www.hagaberg.com\/wp-content\/uploads\/2024\/08\/TheresiaJohansson700x900-1.png\" alt=\"TheresiaJohansson700x900\" itemprop=\"image\" height=\"900\" width=\"699\" title=\"TheresiaJohansson700x900\" onerror=\"this.style.display='none'\"  \/>\n\t<h3>Theresia Johansson<\/h3>\n<strong><\/strong><strong>Zakupy i Obs\u0142uga klienta<\/strong><br \/>\n<a href=\"mailto:theresia@hagaberggroup.com\">theresia@hagaberggroup.com<\/a><br \/>\n+46 583-57 50 12\n\t\t\t\t<img loading=\"lazy\" decoding=\"async\" src=\"https:\/\/www.hagaberg.com\/wp-content\/uploads\/2024\/11\/Lotta-Sko\u0308nvall700x900-1.png\" alt=\"Lotta Sko\u0308nvall700x900\" itemprop=\"image\" height=\"900\" width=\"699\" title=\"Lotta Sko\u0308nvall700x900\" onerror=\"this.style.display='none'\"  \/>\n\t<h3>Lotta Sk\u00f6nvall<\/h3>\n<strong><\/strong><strong>Cz\u0119\u015bci zamienne i Obs\u0142uga klienta<\/strong><br \/>\n<a href=\"mailto:lotta@hagaberggroup.com\">lotta@hagaberggroup.com<\/a><br \/>\n+46 583-57 44 44\u00a0\n\t<h2>Wsparcie techniczne <\/h2>\n\t\t\t\t<img loading=\"lazy\" decoding=\"async\" src=\"https:\/\/www.hagaberg.com\/wp-content\/uploads\/2024\/08\/JohanGrankvist700x900.png\" alt=\"JohanGrankvist700x900\" itemprop=\"image\" height=\"900\" width=\"699\" title=\"JohanGrankvist700x900\" onerror=\"this.style.display='none'\"  \/>\n\t<h3>Johan Grankvist<\/h3>\n<strong><\/strong><strong>Dyrektor Techniczny<\/strong><br \/>\n<a href=\"mailto:johan@hagaberggroup.com\">johan@hagaberggroup.com<\/a><br \/>\n+46 583-57 44 04\n\t\t\t\t<img loading=\"lazy\" decoding=\"async\" src=\"https:\/\/www.hagaberg.com\/wp-content\/uploads\/2024\/08\/KenLennartsson700x900.png\" alt=\"KenLennartsson700x900\" itemprop=\"image\" height=\"900\" width=\"699\" title=\"KenLennartsson700x900\" onerror=\"this.style.display='none'\"  \/>\n\t<h3>Ken Lennartsson<\/h3>\n<strong><\/strong><strong>In\u017cynier ds. Projektowania<\/strong><br \/>\n<a href=\"mailto:ken@hagaberggroup.com\">ken@hagaberggroup.com<\/a><br \/>\n+46 583-57 44 31\n\t\t\t\t<img loading=\"lazy\" decoding=\"async\" src=\"https:\/\/www.hagaberg.com\/wp-content\/uploads\/2024\/10\/RoyO\u0308hlin700x900-1.png\" alt=\"RoyO\u0308hlin700x900\" itemprop=\"image\" height=\"900\" width=\"700\" title=\"RoyO\u0308hlin700x900\" onerror=\"this.style.display='none'\"  \/>\n\t<h3>Roy \u00d6hlin<\/h3>\n<strong><\/strong><strong>In\u017cynier ds. Projektowania<\/strong><br \/>\n<a href=\"mailto:roy@hagaberggroup.com\">roy@hagaberggroup.com<\/a><br \/>\n+46 583-57 44 05\n\t\t\t\t<img decoding=\"async\" src=\"https:\/\/www.hagaberg.com\/wp-content\/plugins\/bb-plugin\/img\/pixel.png\" alt=\"\" itemprop=\"image\" onerror=\"this.style.display='none'\"  \/>\n\t<h2>Zarz\u0105dzanie i<br \/>\nInne funkcje <\/h2>\n\t\t\t\t<img loading=\"lazy\" decoding=\"async\" src=\"https:\/\/www.hagaberg.com\/wp-content\/uploads\/2024\/08\/MagnusLarsson700x900.png\" alt=\"MagnusLarsson700x900\" itemprop=\"image\" height=\"900\" width=\"699\" title=\"MagnusLarsson700x900\" onerror=\"this.style.display='none'\"  \/>\n\t<h3>Magnus Larsson<\/h3>\n<strong><\/strong><strong>Dyrektor Zarzadzaj\u0105cy<\/strong><br \/>\n<a href=\"mailto:magnus@hagaberggroup.com\">magnus@hagaberggroup.com<\/a><br \/>\n+46 583-57 44 01\n\t\t\t\t<img loading=\"lazy\" decoding=\"async\" src=\"https:\/\/www.hagaberg.com\/wp-content\/uploads\/2024\/08\/StefanCarlssonPautt700x900.png\" alt=\"StefanCarlssonPautt700x900\" itemprop=\"image\" height=\"900\" width=\"699\" title=\"StefanCarlssonPautt700x900\" onerror=\"this.style.display='none'\"  \/>\n\t<h3>Stefan Carlsson Pautt<\/h3>\n<strong><\/strong><strong>Dyrektor ds. Rozwoju Biznesu<br \/>\n<\/strong><a href=\"mailto:stefan@hagaberggroup.com\">stefan@hagaberggroup.com<\/a><br \/>\n+46 583-57 44 02\n\t\t\t\t<img loading=\"lazy\" decoding=\"async\" src=\"https:\/\/www.hagaberg.com\/wp-content\/uploads\/2024\/08\/MartinFransson700x900.png\" alt=\"MartinFransson700x900\" itemprop=\"image\" height=\"900\" width=\"699\" title=\"MartinFransson700x900\" onerror=\"this.style.display='none'\"  \/>\n\t<h3>Martin Fransson<\/h3>\n<strong><\/strong><strong>Dyrektor Produkcji<\/strong><br \/>\n<a href=\"mailto:martin@hagaberggroup.com\">martin@hagaberggroup.com<\/a><br \/>\n+46 583-57 44 03\n\t\t\t\t<img loading=\"lazy\" decoding=\"async\" src=\"https:\/\/www.hagaberg.com\/wp-content\/uploads\/2024\/08\/JohanGrankvist700x900.png\" alt=\"JohanGrankvist700x900\" itemprop=\"image\" height=\"900\" width=\"699\" title=\"JohanGrankvist700x900\" onerror=\"this.style.display='none'\"  \/>\n\t<h3>Johan Grankvist<\/h3>\n<strong><\/strong><strong>Dyrektor Techniczny<\/strong><br \/>\n<a href=\"mailto:johan@hagaberggroup.com\">johan@hagaberggroup.com<\/a><br \/>\n+46 583-57 44 04\n\t\t\t\t<img loading=\"lazy\" decoding=\"async\" src=\"https:\/\/www.hagaberg.com\/wp-content\/uploads\/2024\/08\/TobiasWidlund700x900.png\" alt=\"TobiasWidlund700x900\" itemprop=\"image\" height=\"900\" width=\"699\" title=\"TobiasWidlund700x900\" onerror=\"this.style.display='none'\"  \/>\n\t<h3>Tobias Widlund<\/h3>\n<strong><\/strong><strong>Dyrektor Finansowy<\/strong><br \/>\n<a href=\"mailto:tobias@hagaberggroup.com\">tobias@hagaberggroup.com<\/a><br \/>\n+46 583-57 44 38\n\t\t\t\t<img loading=\"lazy\" decoding=\"async\" src=\"https:\/\/www.hagaberg.com\/wp-content\/uploads\/2024\/08\/MonaJansson700x900-1.png\" alt=\"MonaJansson700x900\" itemprop=\"image\" height=\"900\" width=\"699\" title=\"MonaJansson700x900\" onerror=\"this.style.display='none'\"  \/>\n\t<h3>Mona Jansson<\/h3>\n<strong><\/strong><strong>Ekonomia i Finanse<\/strong><br \/>\n<a href=\"mailto:mona@hagaberggroup.com\">mona@hagaberggroup.com<\/a><br \/>\n+46 583-57 44 15\n\t\t\t\t<img loading=\"lazy\" decoding=\"async\" src=\"https:\/\/www.hagaberg.com\/wp-content\/uploads\/2024\/08\/SaraMartinsson700x900.png\" alt=\"SaraMartinsson700x900\" itemprop=\"image\" height=\"900\" width=\"699\" title=\"SaraMartinsson700x900\" onerror=\"this.style.display='none'\"  \/>\n\t<h3>Sara Martinsson<\/h3>\n<strong><\/strong><strong>Asystentka ds. Marketingu<\/strong><br \/>\n<a href=\"mailto:sara@hagaberggroup.com\">sara@hagaberggroup.com<\/a><br \/>\n+46 583-57 44 42\n\t\n<div class=\"wpcf7 no-js\" id=\"wpcf7-f1387-o1\" lang=\"sv-SE\" dir=\"ltr\" data-wpcf7-id=\"1387\">\n<div class=\"screen-reader-response\"><p role=\"status\" aria-live=\"polite\" aria-atomic=\"true\"><\/p> <ul><\/ul><\/div>\n<form action=\"\/pl\/wp-json\/wp\/v2\/pages\/2836#wpcf7-f1387-o1\" method=\"post\" class=\"wpcf7-form init\" aria-label=\"Kontaktformul\u00e4r\" novalidate=\"novalidate\" data-status=\"init\">\n<div style=\"display: none;\">\n<input type=\"hidden\" name=\"_wpcf7\" value=\"1387\" \/>\n<input type=\"hidden\" name=\"_wpcf7_version\" value=\"6.0.3\" \/>\n<input type=\"hidden\" name=\"_wpcf7_locale\" value=\"sv_SE\" \/>\n<input type=\"hidden\" name=\"_wpcf7_unit_tag\" value=\"wpcf7-f1387-o1\" \/>\n<input type=\"hidden\" name=\"_wpcf7_container_post\" value=\"0\" \/>\n<input type=\"hidden\" name=\"_wpcf7_posted_data_hash\" value=\"\" \/>\n<\/div>\n<p><label> Name<br \/>\n<span class=\"wpcf7-form-control-wrap\" data-name=\"your-name\"><input size=\"40\" maxlength=\"400\" class=\"wpcf7-form-control wpcf7-text wpcf7-validates-as-required\" aria-required=\"true\" aria-invalid=\"false\" value=\"\" type=\"text\" name=\"your-name\" \/><\/span> <\/label>\n<\/p>\n<p><label> E-mail<br \/>\n<span class=\"wpcf7-form-control-wrap\" data-name=\"your-email\"><input size=\"40\" maxlength=\"400\" class=\"wpcf7-form-control wpcf7-email wpcf7-validates-as-required wpcf7-text wpcf7-validates-as-email\" aria-required=\"true\" aria-invalid=\"false\" value=\"\" type=\"email\" name=\"your-email\" \/><\/span> <\/label>\n<\/p>\n<p><label> Phone<br \/>\n<span class=\"wpcf7-form-control-wrap\" data-name=\"your-phone\"><input size=\"40\" maxlength=\"400\" class=\"wpcf7-form-control wpcf7-tel wpcf7-text wpcf7-validates-as-tel\" aria-invalid=\"false\" value=\"\" type=\"tel\" name=\"your-phone\" \/><\/span> <\/label>\n<\/p>\n<p><label> Company<br \/>\n<span class=\"wpcf7-form-control-wrap\" data-name=\"your-company\"><input size=\"40\" maxlength=\"400\" class=\"wpcf7-form-control wpcf7-text\" aria-invalid=\"false\" value=\"\" type=\"text\" name=\"your-company\" \/><\/span> <\/label>\n<\/p>\n<p><label> Job title<br \/>\n<span class=\"wpcf7-form-control-wrap\" data-name=\"your-title\"><input size=\"40\" maxlength=\"400\" class=\"wpcf7-form-control wpcf7-text\" aria-invalid=\"false\" value=\"\" type=\"text\" name=\"your-title\" \/><\/span> <\/label>\n<\/p>\n<p><label> Serial number<br \/>\n<span class=\"wpcf7-form-control-wrap\" data-name=\"your-serial\"><input size=\"40\" maxlength=\"400\" class=\"wpcf7-form-control wpcf7-text\" aria-invalid=\"false\" value=\"\" type=\"text\" name=\"your-serial\" \/><\/span> <\/label><br \/>\n<span class=\"wpcf7-form-control-wrap\" data-name=\"your-errand\"><span class=\"wpcf7-form-control wpcf7-checkbox\"><span class=\"wpcf7-list-item first\"><input type=\"checkbox\" name=\"your-errand[]\" value=\"Customer service\" \/><span class=\"wpcf7-list-item-label\">Customer service<\/span><\/span><span class=\"wpcf7-list-item\"><input type=\"checkbox\" name=\"your-errand[]\" value=\"Spare parts\" \/><span class=\"wpcf7-list-item-label\">Spare parts<\/span><\/span><span class=\"wpcf7-list-item\"><input type=\"checkbox\" name=\"your-errand[]\" value=\"Career\" \/><span class=\"wpcf7-list-item-label\">Career<\/span><\/span><span class=\"wpcf7-list-item last\"><input type=\"checkbox\" name=\"your-errand[]\" value=\"Other\" \/><span class=\"wpcf7-list-item-label\">Other<\/span><\/span><\/span><\/span>\n<\/p>\n<p><label> Message<br \/>\n<span class=\"wpcf7-form-control-wrap\" data-name=\"your-message\"><textarea cols=\"40\" rows=\"10\" maxlength=\"2000\" class=\"wpcf7-form-control wpcf7-textarea\" aria-invalid=\"false\" name=\"your-message\"><\/textarea><\/span> <\/label>\n<\/p>\n<p><label><br \/>\n<span class=\"wpcf7-form-control-wrap\" data-name=\"quiz-446\"><label><span class=\"wpcf7-quiz-label\">Capital of Sweden?<\/span> <input size=\"40\" class=\"wpcf7-form-control wpcf7-quiz\" autocomplete=\"off\" aria-required=\"true\" aria-invalid=\"false\" type=\"text\" name=\"quiz-446\" \/><\/label><input type=\"hidden\" name=\"_wpcf7_quiz_answer_quiz-446\" value=\"3b5c1339d795ad20d9775d5ec1bdfcd9\" \/><\/span> <\/label>\n<\/p>\n<p><input class=\"wpcf7-form-control wpcf7-submit has-spinner\" type=\"submit\" value=\"Send\" \/>\n<\/p><div class=\"wpcf7-response-output\" aria-hidden=\"true\"><\/div>\n<\/form>\n<\/div>\n\n\t<iframe src=\"https:\/\/www.google.com\/maps\/embed\/v1\/place?q=Miel%C5%BCy%C5%84skiego+14%2C+61-725+Pozna%C5%84%2C+Poland&#038;key=AIzaSyD09zQ9PNDNNy9TadMuzRV_UsPUoWKntt8\" aria-hidden=\"true\"><\/iframe>\n\n","protected":false},"excerpt":{"rendered":"<p>Kontakt Jak mo\u017cemy Ci pom\u00f3c? Zapraszamy do kontaktu przez wys\u0142anie do nas e-maila\u00a0 z wykorzystaniem poni\u017cszych adres\u00f3w.\u00a0Mo\u017cesz r\u00f3wnie\u017c zadzwoni\u0107 do nas przez nasz\u0105 obs\u0142ug\u0119 klienta lub skontaktowa\u0107 si\u0119 z konkretnym pracownikiem. Hagaberg Polska Sp. z o.o. UL. Miel\u017cy\u0144skiego 14 61-725 Pozna\u0144 Polska Godziny otwarcia: Poniedzia\u0142ek &#8211; Czwartek: 8:00 &#8211; 16:00 Pi\u0105tek: 8:00 am &#8211; 13:00 [&hellip;]<\/p>\n","protected":false},"author":1,"featured_media":0,"parent":0,"menu_order":0,"comment_status":"closed","ping_status":"closed","template":"","meta":{"_genesis_hide_title":false,"_genesis_hide_breadcrumbs":false,"_genesis_hide_singular_image":false,"_genesis_hide_footer_widgets":false,"_genesis_custom_body_class":"","_genesis_custom_post_class":"","_genesis_layout":"","footnotes":""},"class_list":{"0":"post-2836","1":"page","2":"type-page","3":"status-publish","5":"entry"},"_links":{"self":[{"href":"https:\/\/www.hagaberg.com\/pl\/wp-json\/wp\/v2\/pages\/2836","targetHints":{"allow":["GET"]}}],"collection":[{"href":"https:\/\/www.hagaberg.com\/pl\/wp-json\/wp\/v2\/pages"}],"about":[{"href":"https:\/\/www.hagaberg.com\/pl\/wp-json\/wp\/v2\/types\/page"}],"author":[{"embeddable":true,"href":"https:\/\/www.hagaberg.com\/pl\/wp-json\/wp\/v2\/users\/1"}],"replies":[{"embeddable":true,"href":"https:\/\/www.hagaberg.com\/pl\/wp-json\/wp\/v2\/comments?post=2836"}],"version-history":[{"count":50,"href":"https:\/\/www.hagaberg.com\/pl\/wp-json\/wp\/v2\/pages\/2836\/revisions"}],"predecessor-version":[{"id":16954,"href":"https:\/\/www.hagaberg.com\/pl\/wp-json\/wp\/v2\/pages\/2836\/revisions\/16954"}],"wp:attachment":[{"href":"https:\/\/www.hagaberg.com\/pl\/wp-json\/wp\/v2\/media?parent=2836"}],"curies":[{"name":"wp","href":"https:\/\/api.w.org\/{rel}","templated":true}]}}