{"id":11042,"date":"2023-11-08T12:59:30","date_gmt":"2023-11-08T11:59:30","guid":{"rendered":"https:\/\/www.hagaberg.com\/produkty\/widly\/kooi-reachforks\/"},"modified":"2026-03-06T16:06:05","modified_gmt":"2026-03-06T15:06:05","slug":"kooi-reachforks","status":"publish","type":"page","link":"https:\/\/www.hagaberg.com\/pl\/produkty\/widly\/kooi-reachforks\/","title":{"rendered":"KOOI\u00ae Reachforks"},"content":{"rendered":"<h1>\n\t\tKOOI\u00ae Reachforks\n\t<\/h1>\n\t<h2><b>HYDRAULICZNE WID\u0141Y TELESKOPOWE\u00a0<\/b><\/h2>\n\t<h3>Cechy<\/h3>\n<ul>\n<li>Zawsze pod r\u0119k\u0105<\/li>\n<li>Bardziej wydajny za\u0142adunek\/roz\u0142adunek<\/li>\n<li>Bezpieczniejsze warunki pracy<\/li>\n<li>Efektywno\u015b\u0107 energetyczna<\/li>\n<\/ul>\n<p>KOOI\u00ae Reachforks to wid\u0142y ze zintegrowan\u0105 hydraulik\u0105. Dzi\u0119ki hydraulice w wid\u0142ach, przed\u0142u\u017cenie wide\u0142 jest wysuwane, zapewniaj\u0105c tym samym wi\u0119kszy zasi\u0119g, a wszystko to przy zwi\u0119kszonej wydajno\u015bci i bezpiecze\u0144stwie. Integracja eliminuje ryzyko obra\u017ce\u0144 cia\u0142a, kt\u00f3re mog\u0105 wyst\u0105pi\u0107 podczas monta\u017cu lub demonta\u017cu zdejmowalnych przed\u0142u\u017cek. Wid\u0142y teleskopowe umo\u017cliwiaj\u0105 r\u00f3wnie\u017c bezpieczn\u0105 i szybk\u0105 obs\u0142ug\u0119 wielu r\u00f3\u017cnych rozmiar\u00f3w palet, przy zmniejszonym ryzyku uszkodzenia towar\u00f3w lub opakowa\u0144. S\u0105 one dost\u0119pne dla wszystkich rozmiar\u00f3w w\u00f3zk\u00f3w, zar\u00f3wno do u\u017cytku wewn\u0119trznego, jak i zewn\u0119trznego.<\/p>\n\t<p>To innowacyjne rozwi\u0105zanie dla wide\u0142 mo\u017ce r\u00f3wnie\u017c obni\u017cy\u0107 koszty transportu wewn\u0119trznego nawet o 50%, przenosz\u0105c podw\u00f3jne \u0142adunki przy ka\u017cdej operacji transportowej. Typowe zastosowania obejmuj\u0105 za\u0142adunek\/roz\u0142adunek ci\u0119\u017car\u00f3wek lub podobnych pojazd\u00f3w tylko z jednej strony, oszcz\u0119dzaj\u0105c zar\u00f3wno czas, energi\u0119, jak i paliwo.<\/p>\n\t<p>Hagaberg oferuje wid\u0142y KOOI\u00ae Reachforks zintegrowane z pozycjonerami wide\u0142, a tak\u017ce wid\u0142y zawieszane na zaczepach ISO lub TWS. W przypadku w\u00f3zk\u00f3w wysokiego sk\u0142adowania i w\u00f3zk\u00f3w wid\u0142owych o masie do 3,5 tony zalecamy model RG2 (2 cylindry) o w\u0119\u017cszym przekroju, szybszym wysuwaniu\/wsuwaniu i bardziej energooszcz\u0119dny. Oferujemy r\u00f3wnie\u017c model RG4 (4 cylindry) jako alternatyw\u0119 w ca\u0142ym zakresie ud\u017awigu.<\/p>\n\t<h2>OPCJE<\/h2>\n<p>Wid\u0142y mog\u0105 by\u0107 wyposa\u017cone w ograniczniki paletowe, kt\u00f3re zapobiegaj\u0105 ich zbytniemu wysuni\u0119ciu poza palety i, na przyk\u0142ad, uszkodzeniu kolejnych warstw towar\u00f3w. Innym rozwi\u0105zaniem o tej samej funkcji jest KOOI\u00ae Reachcontrol, kt\u00f3ry umo\u017cliwia zaprogramowanie elektronicznych automatycznych ogranicznik\u00f3w na r\u00f3\u017cnych d\u0142ugo\u015bciach. Istnieje r\u00f3wnie\u017c mo\u017cliwo\u015b\u0107 zintegrowania kamery z wid\u0142ami, co zapewnia lepsz\u0105 widoczno\u015b\u0107 podczas za\u0142adunku\/roz\u0142adunku towar\u00f3w na wysoko\u015bci.<\/p>\n<p>Opr\u00f3cz naszej standardowej oferty dost\u0119pnych jest kilka innych modeli, d\u0142ugo\u015bci i przekroj\u00f3w. Mamy r\u00f3wnie\u017c bogate do\u015bwiadczenie w opracowywaniu indywidualnych rozwi\u0105za\u0144 dla specjalnych zastosowa\u0144.<\/p>\n\t<h2>Dane techniczne<\/h2>\n<ul>\n<li>Wid\u0142y teleskopowe<\/li>\n<li>Ud\u017awig: 1 000-18 000 kg<\/li>\n<li>Podstawowa d\u0142ugo\u015b\u0107 wide\u0142: 800, 1200, 1400 mm<\/li>\n<li>Przed\u0142u\u017cone : 1200, 1600, 2000, 2400 mm<\/li>\n<\/ul>\n\t<h2>Zastosowania<\/h2>\n\t<h2>Pliki do pobrania<\/h2>\n<p><a href=\"https:\/\/www.hagaberg.com\/wp-content\/uploads\/2023\/11\/Hagaberg-Kooi-Reachforks-PS01-PL.pdf\">Karta produktu\u00a0KOOI\u00ae Reachforks<\/a><\/p>\n","protected":false},"excerpt":{"rendered":"<p>KOOI\u00ae Reachforks HYDRAULICZNE WID\u0141Y TELESKOPOWE\u00a0 Cechy Zawsze pod r\u0119k\u0105 Bardziej wydajny za\u0142adunek\/roz\u0142adunek Bezpieczniejsze warunki pracy Efektywno\u015b\u0107 energetyczna KOOI\u00ae Reachforks to wid\u0142y ze zintegrowan\u0105 hydraulik\u0105. Dzi\u0119ki hydraulice w wid\u0142ach, przed\u0142u\u017cenie wide\u0142 jest wysuwane, zapewniaj\u0105c tym samym wi\u0119kszy zasi\u0119g, a wszystko to przy zwi\u0119kszonej wydajno\u015bci i bezpiecze\u0144stwie. Integracja eliminuje ryzyko obra\u017ce\u0144 cia\u0142a, kt\u00f3re mog\u0105 wyst\u0105pi\u0107 podczas monta\u017cu [&hellip;]<\/p>\n","protected":false},"author":1,"featured_media":0,"parent":2850,"menu_order":0,"comment_status":"closed","ping_status":"closed","template":"","meta":{"_acf_changed":false,"_genesis_hide_title":false,"_genesis_hide_breadcrumbs":false,"_genesis_hide_singular_image":false,"_genesis_hide_footer_widgets":false,"_genesis_custom_body_class":"","_genesis_custom_post_class":"","_genesis_layout":"","footnotes":""},"class_list":{"0":"post-11042","1":"page","2":"type-page","3":"status-publish","5":"entry"},"acf":[],"_links":{"self":[{"href":"https:\/\/www.hagaberg.com\/pl\/wp-json\/wp\/v2\/pages\/11042","targetHints":{"allow":["GET"]}}],"collection":[{"href":"https:\/\/www.hagaberg.com\/pl\/wp-json\/wp\/v2\/pages"}],"about":[{"href":"https:\/\/www.hagaberg.com\/pl\/wp-json\/wp\/v2\/types\/page"}],"author":[{"embeddable":true,"href":"https:\/\/www.hagaberg.com\/pl\/wp-json\/wp\/v2\/users\/1"}],"replies":[{"embeddable":true,"href":"https:\/\/www.hagaberg.com\/pl\/wp-json\/wp\/v2\/comments?post=11042"}],"version-history":[{"count":3,"href":"https:\/\/www.hagaberg.com\/pl\/wp-json\/wp\/v2\/pages\/11042\/revisions"}],"predecessor-version":[{"id":11211,"href":"https:\/\/www.hagaberg.com\/pl\/wp-json\/wp\/v2\/pages\/11042\/revisions\/11211"}],"up":[{"embeddable":true,"href":"https:\/\/www.hagaberg.com\/pl\/wp-json\/wp\/v2\/pages\/2850"}],"wp:attachment":[{"href":"https:\/\/www.hagaberg.com\/pl\/wp-json\/wp\/v2\/media?parent=11042"}],"curies":[{"name":"wp","href":"https:\/\/api.w.org\/{rel}","templated":true}]}}