{"id":9626,"date":"2023-03-30T18:01:41","date_gmt":"2023-03-30T16:01:41","guid":{"rendered":"https:\/\/www.hagaberg.com\/?page_id=9626"},"modified":"2023-03-30T18:02:08","modified_gmt":"2023-03-30T16:02:08","slug":"serie-c-une-nouvelle-generation-de-positionneurs-de-fourche","status":"publish","type":"page","link":"https:\/\/www.hagaberg.com\/fr\/serie-c-une-nouvelle-generation-de-positionneurs-de-fourche\/","title":{"rendered":"S\u00c9RIE C &#8211; une nouvelle g\u00e9n\u00e9ration de positionneurs de fourche"},"content":{"rendered":"\n              <h1>S\u00e9rie C<\/h1>\n              <p>Une nouvelle g\u00e9n\u00e9ration de positionneurs de fourche<\/p>\n            <h2>La s\u00e9rie C offre:<\/h2>            \n      <p>Des produits aux performances sup\u00e9rieures qui augmentent la s\u00e9curit\u00e9 sur le lieu de travail, rationalisent la manutention des mat\u00e9riaux et n\u00e9cessitent moins d&rsquo;Sentretien.<\/p>\n      <p>Gamme compl\u00e8te de mod\u00e8les de 1 \u00e0 10 tonnes et centres de charge de 500, 600, 900 et 1100 mm.<\/p>\n      <p>Des unit\u00e9s robustes et polyvalentes capables de manipulation l\u00e9g\u00e8re de pinces.<\/p>          \n            <h2>Moins d&rsquo;entretien<\/h2>            <p>Les bagues auto lubrifiantes ne n\u00e9cessitent plus de graisses de lubrification.<\/p>          \n            <h2>Un service plus rapide<\/h2>            <p>Les connecteurs de cisaillement et la possibilit\u00e9 de changer les rouleaux de support sans d\u00e9monter la fourche simplifient et r\u00e9duisent les temps d&rsquo;immobilisation.<\/p>            \n              <h2>Plus robuste et durable<\/h2>              <p>Les chapes \u00e0 rotule absorbent les forces lat\u00e9rales des fourches, ce qui permet d&rsquo;obtenir un accessoire plus robuste.<\/p>            \n              <h2>Visibilite accure<\/h2>              <p>Nouvelle disposition des blocs de connexion et des connexions horizontales &#8211; pour une manipulation plus s\u00fbre des marchandises et une meilleure d\u00e9tection des risques.<\/p>            \n              <h2>Des performances accrues<\/h2>              <p>Roues d&rsquo;appui arri\u00e8re suppl\u00e9mentaires sur les fourches \u2013 am\u00e9liorent mouvement lat\u00e9ral sous de lourdes charges.<\/p>            \n              <h2>Capacit\u00e9 r\u00e9siduelle plus \u00e9lev\u00e9e<\/h2>              <p>Poids nettement inf\u00e9rieur \u00e0 celui d&rsquo;unit\u00e9s comparables &#8211; augmente les performances et est plus respectueux de l&rsquo;environnement.<\/p>            \n              <h1>S\u00e9rie C<\/h1>\n              <p>Une nouvelle g\u00e9n\u00e9ration de positionneurs de fourche<\/p>\n            <h2>Prochaine \u00e9tape:<\/h2>            \n      <p><a href=\"https:\/\/www.hagaberg.com\/produkter\/gaffelspridare\/c-serien\/\">Aller \u00e0 la page du produit &raquo;<\/a><\/p>\n      <p><a href=\"https:\/\/www.hagaberg.com\/wp-content\/uploads\/2023\/03\/Hagaberg-Pre\u0301sentation-de-la-se\u0301rie-C-A4-FR.pdf\" target=\"_blank\" rel=\"noopener noreferrer\">T\u00e9l\u00e9charger la fiche produit &raquo;<\/a><\/p>\n      <p><a href=\"https:\/\/www.hagaberg.com\/kontakt\/\">Nous contacter &raquo;<\/a><\/p>          \n","protected":false},"excerpt":{"rendered":"<p>S\u00e9rie C Une nouvelle g\u00e9n\u00e9ration de positionneurs de fourche La s\u00e9rie C offre: Des produits aux performances sup\u00e9rieures qui augmentent la s\u00e9curit\u00e9 sur le lieu de travail, rationalisent la manutention des mat\u00e9riaux et n\u00e9cessitent moins d&rsquo;Sentretien. Gamme compl\u00e8te de mod\u00e8les de 1 \u00e0 10 tonnes et centres de charge de 500, 600, 900 et 1100 [&hellip;]<\/p>\n","protected":false},"author":1,"featured_media":0,"parent":0,"menu_order":0,"comment_status":"closed","ping_status":"closed","template":"","meta":{"_genesis_hide_title":false,"_genesis_hide_breadcrumbs":false,"_genesis_hide_singular_image":false,"_genesis_hide_footer_widgets":false,"_genesis_custom_body_class":"","_genesis_custom_post_class":"","_genesis_layout":"","footnotes":""},"class_list":{"0":"post-9626","1":"page","2":"type-page","3":"status-publish","5":"entry"},"_links":{"self":[{"href":"https:\/\/www.hagaberg.com\/fr\/wp-json\/wp\/v2\/pages\/9626","targetHints":{"allow":["GET"]}}],"collection":[{"href":"https:\/\/www.hagaberg.com\/fr\/wp-json\/wp\/v2\/pages"}],"about":[{"href":"https:\/\/www.hagaberg.com\/fr\/wp-json\/wp\/v2\/types\/page"}],"author":[{"embeddable":true,"href":"https:\/\/www.hagaberg.com\/fr\/wp-json\/wp\/v2\/users\/1"}],"replies":[{"embeddable":true,"href":"https:\/\/www.hagaberg.com\/fr\/wp-json\/wp\/v2\/comments?post=9626"}],"version-history":[{"count":2,"href":"https:\/\/www.hagaberg.com\/fr\/wp-json\/wp\/v2\/pages\/9626\/revisions"}],"predecessor-version":[{"id":9628,"href":"https:\/\/www.hagaberg.com\/fr\/wp-json\/wp\/v2\/pages\/9626\/revisions\/9628"}],"wp:attachment":[{"href":"https:\/\/www.hagaberg.com\/fr\/wp-json\/wp\/v2\/media?parent=9626"}],"curies":[{"name":"wp","href":"https:\/\/api.w.org\/{rel}","templated":true}]}}