{"id":8550,"date":"2023-01-17T18:12:33","date_gmt":"2023-01-17T17:12:33","guid":{"rendered":"https:\/\/www.hagaberg.com\/produits\/positionneurs-de-fourches\/serie-oc-2\/"},"modified":"2025-01-21T18:51:07","modified_gmt":"2025-01-21T17:51:07","slug":"serie-coc","status":"publish","type":"page","link":"https:\/\/www.hagaberg.com\/fr\/produits\/positionneurs-de-fourches\/serie-coc\/","title":{"rendered":"S\u00e9rie COC"},"content":{"rendered":"\n\t<h1>La s\u00e9rie COC<\/h1>\n<p>Positionneurs de fourche int\u00e9gr\u00e9s avec d\u00e9placement lat\u00e9ral excentr\u00e9<\/p>\n\n<h1><\/h1>\n\t<h2>Adapt\u00e9 aux entrep\u00f4ts et aux terminaux<\/h2>\n<h3>Avantages<\/h3>\n<ul>\n<li>D\u00e9placement lat\u00e9ral excentr\u00e9<\/li>\n<li>Manipulation l\u00e9g\u00e8re de pince<\/li>\n<li>Capacit\u00e9 r\u00e9siduelle \u00e9lev\u00e9e<\/li>\n<li>Moins d&rsquo;entretien<\/li>\n<li>Excellente visibilit\u00e9 pour le conducteur<\/li>\n<\/ul>\n<p>La s\u00e9rie COC est l&rsquo;un de nos produits destin\u00e9s \u00e0 r\u00e9soudre des probl\u00e8mes. Comme la plupart des gens dans notre secteur le savent, il y a toujours un risque d&rsquo;endommager l&rsquo;accessoire et les marchandises lors du chargement et du d\u00e9chargement des camions. Les marchandises sont g\u00e9n\u00e9ralement plac\u00e9es le long de la paroi lat\u00e9rale du camion. Ils sont \u00e9galement utilis\u00e9s pour pousser les marchandises en place. Cela peut endommager l&rsquo;accessoire, ainsi que le camion et les marchandises. Nous avons r\u00e9solu ce probl\u00e8me gr\u00e2ce \u00e0 notre conception intelligente et unique. Les palettes peuvent \u00eatre d\u00e9plac\u00e9es \u00e0 l&rsquo;ext\u00e9rieur du ch\u00e2ssis, ce qui rend le chargement et le d\u00e9chargement faciles, fluides et rapides.<\/p>\n<p>Les coussinets autolubrifiants r\u00e9duisent l&rsquo;entretien et l&rsquo;acc\u00e8s facile permet de remplacer rapidement les pi\u00e8ces de rechange.<\/p>\n\t<h2>Options<\/h2>\n<p>L&rsquo;accessoire peut \u00eatre \u00e9quip\u00e9 de soupapes de surpression, d&rsquo;un support de charge et d&rsquo;une protection de la charge, en option ou ult\u00e9rieurement. Vous pouvez \u00e9galement choisir des fourches d&rsquo;autres dimensions, d&rsquo;autres mat\u00e9riaux et rev\u00eatements, ainsi que d&rsquo;autres fonctions hydrauliques telles que des fourches inclin\u00e9es et des fourches \u00e0 port\u00e9e. Des options telles que des cam\u00e9ras et des capteurs (laser, cellules \u00e0 ondes, IR, etc.) et le syst\u00e8me QC6 &#8211; Quick connect, sont \u00e9galement disponibles.<\/p>\n<p>Comme alternative aux fourches, il est possible d&rsquo;obtenir les accessoires avec des plaques de support. Nous pouvons \u00e9galement remplacer l&rsquo;int\u00e9gration au m\u00e2t par des crochets pour le montage ISO, des supports d&rsquo;attache rapide ou d&rsquo;autres types de supports d&rsquo;attache. Des solutions sur mesure sont fabriqu\u00e9es sur demande.<\/p>\n\t<h2>Donn\u00e9es techniques<\/h2>\n<ul>\n<li>Construction : profil en C<\/li>\n<li>Capacit\u00e9 de levage : 2000 &#8211; 2500 kg<\/li>\n<li>Largeur standard : 1000 &#8211; 1200 mm<\/li>\n<li>Positionneur de fourche : Hydraulique<\/li>\n<li>D\u00e9placement lat\u00e9ral : Hydraulique \u00e0 l&rsquo;ext\u00e9rieur de l&rsquo;unit\u00e9<\/li>\n<li>Montage : Int\u00e9gr\u00e9 ou HOOK-ON<\/li>\n<li>Fourche standard : 1200 mm ou Plaques porteuses<\/li>\n<\/ul>\n\t<h2>Mashines<\/h2>\n\t\t\t\t<img loading=\"lazy\" decoding=\"async\" src=\"https:\/\/www.hagaberg.com\/wp-content\/uploads\/2023\/01\/Forklift-truck-FR-300x192.png\" alt=\"Forklift truck FR\" itemprop=\"image\" height=\"192\" width=\"300\" title=\"Forklift truck FR\" onerror=\"this.style.display='none'\"  \/>\n\t\t\t\t<img loading=\"lazy\" decoding=\"async\" src=\"https:\/\/www.hagaberg.com\/wp-content\/uploads\/2023\/01\/Reach-truck-FR-300x192.png\" alt=\"Reach truck FR\" itemprop=\"image\" height=\"192\" width=\"300\" title=\"Reach truck FR\" onerror=\"this.style.display='none'\"  \/>\n\t\t\t\t<img loading=\"lazy\" decoding=\"async\" src=\"https:\/\/www.hagaberg.com\/wp-content\/uploads\/2023\/01\/Telescopic-handler-FR-300x192.png\" alt=\"Telescopic handler FR\" itemprop=\"image\" height=\"192\" width=\"300\" title=\"Telescopic handler FR\" onerror=\"this.style.display='none'\"  \/>\n\t<h2>Applications<\/h2>\n\t\t\t\t<img loading=\"lazy\" decoding=\"async\" src=\"https:\/\/www.hagaberg.com\/wp-content\/uploads\/2023\/01\/Clamping-FR-300x191.png\" alt=\"Clamping FR\" itemprop=\"image\" height=\"191\" width=\"300\" title=\"Clamping FR\" onerror=\"this.style.display='none'\"  \/>\n\t\t\t\t<img loading=\"lazy\" decoding=\"async\" src=\"https:\/\/www.hagaberg.com\/wp-content\/uploads\/2023\/01\/Loading-unloading-FR-300x192.png\" alt=\"Loading-unloading FR\" itemprop=\"image\" height=\"192\" width=\"300\" title=\"Loading-unloading FR\" onerror=\"this.style.display='none'\"  \/>\n\t<h2>T\u00e9l\u00e9chargement<\/h2>\n<p><a href=\"https:\/\/www.hagaberg.com\/wp-content\/uploads\/2023\/08\/Hagaberg-COC-PS01-FR.pdf\" target=\"_blank\" rel=\"noopener noreferrer\">S\u00e9rie-COC Fiche de produit<\/a><\/p>\n","protected":false},"excerpt":{"rendered":"<p>La s\u00e9rie COC Positionneurs de fourche int\u00e9gr\u00e9s avec d\u00e9placement lat\u00e9ral excentr\u00e9 Adapt\u00e9 aux entrep\u00f4ts et aux terminaux Avantages D\u00e9placement lat\u00e9ral excentr\u00e9 Manipulation l\u00e9g\u00e8re de pince Capacit\u00e9 r\u00e9siduelle \u00e9lev\u00e9e Moins d&rsquo;entretien Excellente visibilit\u00e9 pour le conducteur La s\u00e9rie COC est l&rsquo;un de nos produits destin\u00e9s \u00e0 r\u00e9soudre des probl\u00e8mes. Comme la plupart des gens dans notre [&hellip;]<\/p>\n","protected":false},"author":1,"featured_media":0,"parent":5174,"menu_order":0,"comment_status":"closed","ping_status":"closed","template":"","meta":{"_acf_changed":false,"_genesis_hide_title":false,"_genesis_hide_breadcrumbs":false,"_genesis_hide_singular_image":false,"_genesis_hide_footer_widgets":false,"_genesis_custom_body_class":"","_genesis_custom_post_class":"","_genesis_layout":"","footnotes":""},"class_list":{"0":"post-8550","1":"page","2":"type-page","3":"status-publish","5":"entry"},"acf":[],"_links":{"self":[{"href":"https:\/\/www.hagaberg.com\/fr\/wp-json\/wp\/v2\/pages\/8550","targetHints":{"allow":["GET"]}}],"collection":[{"href":"https:\/\/www.hagaberg.com\/fr\/wp-json\/wp\/v2\/pages"}],"about":[{"href":"https:\/\/www.hagaberg.com\/fr\/wp-json\/wp\/v2\/types\/page"}],"author":[{"embeddable":true,"href":"https:\/\/www.hagaberg.com\/fr\/wp-json\/wp\/v2\/users\/1"}],"replies":[{"embeddable":true,"href":"https:\/\/www.hagaberg.com\/fr\/wp-json\/wp\/v2\/comments?post=8550"}],"version-history":[{"count":12,"href":"https:\/\/www.hagaberg.com\/fr\/wp-json\/wp\/v2\/pages\/8550\/revisions"}],"predecessor-version":[{"id":10218,"href":"https:\/\/www.hagaberg.com\/fr\/wp-json\/wp\/v2\/pages\/8550\/revisions\/10218"}],"up":[{"embeddable":true,"href":"https:\/\/www.hagaberg.com\/fr\/wp-json\/wp\/v2\/pages\/5174"}],"wp:attachment":[{"href":"https:\/\/www.hagaberg.com\/fr\/wp-json\/wp\/v2\/media?parent=8550"}],"curies":[{"name":"wp","href":"https:\/\/api.w.org\/{rel}","templated":true}]}}