{"id":8007,"date":"2022-10-18T12:02:09","date_gmt":"2022-10-18T10:02:09","guid":{"rendered":"https:\/\/www.hagaberg.com\/produits\/positionneurs-de-fourches\/serie-c\/"},"modified":"2025-01-21T18:42:11","modified_gmt":"2025-01-21T17:42:11","slug":"serie-c","status":"publish","type":"page","link":"https:\/\/www.hagaberg.com\/fr\/produits\/positionneurs-de-fourches\/serie-c\/","title":{"rendered":"S\u00e9rie C"},"content":{"rendered":"\n\t<h1>S\u00e9rie C<\/h1>\n<p>Positionneur de fourche hydraulique \u00e0 d\u00e9placement lat\u00e9ral<\/p>\n\t<h2>Haute performance et manipulation de pince<\/h2>\n<h3>Caract\u00e9ristiques<\/h3>\n<ul>\n<li>Accessoire polyvalent puissant<\/li>\n<li>Manipulation l\u00e9g\u00e8re de pince<\/li>\n<li>Capacit\u00e9 r\u00e9siduelle \u00e9lev\u00e9e<\/li>\n<li>Moins d&rsquo;entretien<\/li>\n<li>Excellente visibilit\u00e9 pour le conducteur<\/li>\n<\/ul>\n<p>La s\u00e9rie C est l&rsquo;un de nos accessoires les plus intelligents. La conception unique du profil\u00e9 en C offre une excellente visibilit\u00e9 au conducteur et contribue \u00e0 une manipulation plus s\u00fbre des marchandises. En outre, l&rsquo;unit\u00e9 offre une manipulation plus l\u00e9g\u00e8re des pinces et son poids est inf\u00e9rieur \u00e0 celui des mod\u00e8les correspondants.<\/p>\n<p>L&rsquo;accessoire a \u00e9t\u00e9 con\u00e7u pour des applications exigeantes et le rouleau de support suppl\u00e9mentaire \u00e0 l&rsquo;arri\u00e8re des fourches permet un d\u00e9placement lat\u00e9ral souple et en douceur, m\u00eame \u00e0 pleine charge. Les bagues auto lubrifiantes r\u00e9duisent l&rsquo;entretien et l&rsquo;acc\u00e8s facile permet de remplacer rapidement les pi\u00e8ces de rechange.<\/p>\n<p><a href=\"https:\/\/www.hagaberg.com\/fr\/serie-c-une-nouvelle-generation-de-positionneurs-de-fourche\/\">Pour en savoir plus sur la nouvelle s\u00e9rie C \u00bb<\/a><\/p>\n\t<p><a href=\"#downloads\">T\u00e9l\u00e9chargements \u2193<\/a><\/p>\n\t<p><strong>Le groupe de produits se compose de plusieurs s\u00e9ries:<\/strong><\/p>\n\t<h3>La s\u00e9rie C<\/h3>\n<p>La s\u00e9rie C est un accessoire int\u00e9gr\u00e9 pour les chariots \u00e0 contrepoids et les t\u00e9lescopiques. La capacit\u00e9 va de 1600 \u00e0 8000 kg.<\/p>\n\t<h3>La s\u00e9rie CR<\/h3>\n<p>La s\u00e9rie CR est sp\u00e9cialement con\u00e7ue pour les chariots \u00e0 m\u00e2t r\u00e9tractable d&rsquo;une capacit\u00e9 de 1200 \u00e0 3000 kg avec un LC de 600 mm. La s\u00e9rie CR peut \u00e9galement \u00eatre livr\u00e9e avec un v\u00e9rin d&rsquo;inclinaison.<\/p>\n\t<h2>Options<\/h2>\n<p>L&rsquo;accessoire peut \u00eatre \u00e9quip\u00e9 de soupapes de surpression, d&rsquo;un support de charge et d&rsquo;une protection de la charge, en option ou ult\u00e9rieurement. Vous pouvez \u00e9galement choisir des fourches d&rsquo;autres dimensions, d&rsquo;autres mat\u00e9riaux et rev\u00eatements, ainsi que d&rsquo;autres fonctions hydrauliques telles que des fourches inclin\u00e9es et des fourches \u00e0 port\u00e9e. Des options telles que des cam\u00e9ras et des capteurs (laser, cellules \u00e0 ondes, IR, etc.) et le syst\u00e8me QC6 &#8211; Quick connect, sont \u00e9galement disponibles.<\/p>\n<p>Comme alternative aux fourches, il est possible d&rsquo;obtenir les accessoires avec des plaques de support. Nous pouvons \u00e9galement remplacer l&rsquo;int\u00e9gration au m\u00e2t par des crochets pour le montage ISO, des supports d&rsquo;attache rapide ou d&rsquo;autres types de supports d&rsquo;attache. Des solutions sur mesure sont fabriqu\u00e9es sur demande.<\/p>\n\t<h2>Donn\u00e9es techniques<\/h2>\n<ul>\n<li>Construction: Profil en C<\/li>\n<li>Capacit\u00e9 de levage : 1600 &#8211; 8000 kg<\/li>\n<li>Centre de charge: 500mm \/ 600mm \/ 900mm \/ 1100mm<\/li>\n<li>Largeur : 950 &#8211; 2500 mm<\/li>\n<li>Montage : Int\u00e9gr\u00e9<\/li>\n<li>Fourches : 1200 mm<\/li>\n<li>Classe de montage: ISO 2A\/B, 3A\/B, 4A\/B, 5A\/B<\/li>\n<li>Remarque : des informations d\u00e9taill\u00e9es concernant la s\u00e9rie se trouvent dans la fiche produit.<\/li>\n<\/ul>\n\t<h2>Machines<\/h2>\n\t\t\t\t<img loading=\"lazy\" decoding=\"async\" src=\"https:\/\/www.hagaberg.com\/wp-content\/uploads\/2023\/09\/Motviktstruck-no-text-300x91.png\" alt=\"Motviktstruck - no text\" itemprop=\"image\" height=\"91\" width=\"300\" title=\"Motviktstruck - no text\" onerror=\"this.style.display='none'\"  \/>\n\t<p>Chariot \u00e9l\u00e9vateur<\/p>\n\t\t\t\t<img loading=\"lazy\" decoding=\"async\" src=\"https:\/\/www.hagaberg.com\/wp-content\/uploads\/2023\/09\/Teleskoplastare-no-text-300x92.png\" alt=\"Teleskoplastare - no text\" itemprop=\"image\" height=\"92\" width=\"300\" title=\"Teleskoplastare - no text\" onerror=\"this.style.display='none'\"  \/>\n\t<p>Chariot t\u00e9lescopique<\/p>\n\t<h2>Applications<\/h2>\n\t\t\t\t<img loading=\"lazy\" decoding=\"async\" src=\"https:\/\/www.hagaberg.com\/wp-content\/uploads\/2023\/09\/Klamhantering-no-text-300x91.png\" alt=\"Klamhantering - no text\" itemprop=\"image\" height=\"91\" width=\"300\" title=\"Klamhantering - no text\" onerror=\"this.style.display='none'\"  \/>\n\t<p>Manipulation l\u00e9g\u00e8re<\/p>\n\t<h2>T\u00e9l\u00e9chargements<\/h2>\n<a href=\"https:\/\/www.hagaberg.com\/fr\/serie-c-une-nouvelle-generation-de-positionneurs-de-fourche\/\" target=\"_blank\" rel=\"noopener noreferrer\">Pr\u00e9sentation de la s\u00e9rie C<\/a><br \/>\n<a href=\"https:\/\/www.hagaberg.com\/wp-content\/uploads\/2023\/08\/Hagaberg-C-PS02-FR.pdf\" target=\"_blank\" rel=\"noopener noreferrer\">S\u00e9rie C Fiche produit de la s\u00e9rie C<\/a><br \/>\n<a href=\"https:\/\/www.hagaberg.com\/wp-content\/uploads\/2023\/05\/Hagaberg-CR-PS01-FR.pdf\" target=\"_blank\" rel=\"noopener noreferrer\">Fiche produit de la s\u00e9rie CR<\/a><a href=\"https:\/\/www.hagaberg.com\/wp-content\/uploads\/2022\/03\/Hagaberg-C_produktblad-SV.pdf\" target=\"_blank\" rel=\"noopener noreferrer\"><br \/>\n<\/a>\n<p>&nbsp;<\/p>\n","protected":false},"excerpt":{"rendered":"<p>S\u00e9rie C Positionneur de fourche hydraulique \u00e0 d\u00e9placement lat\u00e9ral Haute performance et manipulation de pince Caract\u00e9ristiques Accessoire polyvalent puissant Manipulation l\u00e9g\u00e8re de pince Capacit\u00e9 r\u00e9siduelle \u00e9lev\u00e9e Moins d&rsquo;entretien Excellente visibilit\u00e9 pour le conducteur La s\u00e9rie C est l&rsquo;un de nos accessoires les plus intelligents. La conception unique du profil\u00e9 en C offre une excellente visibilit\u00e9 [&hellip;]<\/p>\n","protected":false},"author":1,"featured_media":0,"parent":5174,"menu_order":0,"comment_status":"closed","ping_status":"closed","template":"","meta":{"_genesis_hide_title":false,"_genesis_hide_breadcrumbs":false,"_genesis_hide_singular_image":false,"_genesis_hide_footer_widgets":false,"_genesis_custom_body_class":"","_genesis_custom_post_class":"","_genesis_layout":"","footnotes":""},"class_list":{"0":"post-8007","1":"page","2":"type-page","3":"status-publish","5":"entry"},"_links":{"self":[{"href":"https:\/\/www.hagaberg.com\/fr\/wp-json\/wp\/v2\/pages\/8007","targetHints":{"allow":["GET"]}}],"collection":[{"href":"https:\/\/www.hagaberg.com\/fr\/wp-json\/wp\/v2\/pages"}],"about":[{"href":"https:\/\/www.hagaberg.com\/fr\/wp-json\/wp\/v2\/types\/page"}],"author":[{"embeddable":true,"href":"https:\/\/www.hagaberg.com\/fr\/wp-json\/wp\/v2\/users\/1"}],"replies":[{"embeddable":true,"href":"https:\/\/www.hagaberg.com\/fr\/wp-json\/wp\/v2\/comments?post=8007"}],"version-history":[{"count":17,"href":"https:\/\/www.hagaberg.com\/fr\/wp-json\/wp\/v2\/pages\/8007\/revisions"}],"predecessor-version":[{"id":12840,"href":"https:\/\/www.hagaberg.com\/fr\/wp-json\/wp\/v2\/pages\/8007\/revisions\/12840"}],"up":[{"embeddable":true,"href":"https:\/\/www.hagaberg.com\/fr\/wp-json\/wp\/v2\/pages\/5174"}],"wp:attachment":[{"href":"https:\/\/www.hagaberg.com\/fr\/wp-json\/wp\/v2\/media?parent=8007"}],"curies":[{"name":"wp","href":"https:\/\/api.w.org\/{rel}","templated":true}]}}