{"id":7330,"date":"2022-05-05T13:34:15","date_gmt":"2022-05-05T11:34:15","guid":{"rendered":"https:\/\/www.hagaberg.com\/?page_id=7330"},"modified":"2026-04-14T16:40:32","modified_gmt":"2026-04-14T14:40:32","slug":"7330-2","status":"publish","type":"page","link":"https:\/\/www.hagaberg.com\/fr\/","title":{"rendered":""},"content":{"rendered":"\n\n\t<h1>OPTIMAL!<\/h1>\nHagaberg est un sp\u00e9cialiste en<br \/>\npositionneurs de fourche efficaces<br \/>\net personnalis\u00e9s pour les chariots \u00e9l\u00e9vateurs.\n\t<h3><strong>PRODUITS<\/strong><\/h3>\n\t\t\t\t<a href=\"https:\/\/www.hagaberg.com\/fr\/produits\/\"  target=\"_self\" itemprop=\"url\">\n\t\t\t\t<img loading=\"lazy\" decoding=\"async\" src=\"https:\/\/www.hagaberg.com\/wp-content\/uploads\/2019\/09\/produkter-hero.jpg\" alt=\"produkter-hero\" itemprop=\"image\" height=\"667\" width=\"1000\" title=\"produkter-hero\" onerror=\"this.style.display='none'\"  \/>\n\t\t\t\t<\/a>\n\t<p>Positionneurs de fourches, fourches, accessoires, cam\u00e9ras, capteurs et solutions sur mesure qui am\u00e9liorent \u00e0 la fois l&rsquo;efficacit\u00e9 et la s\u00e9curit\u00e9.<\/p>\n\t\t\t<a href=\"https:\/\/www.hagaberg.com\/fr\/produits\/\" target=\"_self\">\n\t\t\t\t\t\t\tVERS LES PRODUITS \n\t\t\t\t\t<\/a>\n\t<h3><strong>APPLICATIONS<\/strong><\/h3>\n\t\t\t\t<a href=\"https:\/\/www.hagaberg.com\/fr\/applications\/\"  target=\"_self\" itemprop=\"url\">\n\t\t\t\t<img loading=\"lazy\" decoding=\"async\" src=\"https:\/\/www.hagaberg.com\/wp-content\/uploads\/2019\/05\/shutterstock_1096150382.jpg\" alt=\"shutterstock_1096150382\" itemprop=\"image\" height=\"667\" width=\"1000\" title=\"shutterstock_1096150382\" onerror=\"this.style.display='none'\"  \/>\n\t\t\t\t<\/a>\n\t<p>Nous d\u00e9veloppons des diverses applications personnalis\u00e9es ainsi que des solutions sp\u00e9cifiques \u00e0 l&rsquo;industrie. Avec l&rsquo;aide de notre d\u00e9partement de conception technique, nous fabriquons \u00e9galement des produits personnalis\u00e9s et des solutions sur mesure.<\/p>\n\t\t\t<a href=\"https:\/\/www.hagaberg.com\/fr\/applications\/\" target=\"_self\">\n\t\t\t\t\t\t\tVERS LES APPLICATIONS\n\t\t\t\t\t<\/a>\n\t<h3><strong>SERVICES<\/strong><\/h3>\n\t\t\t\t<a href=\"https:\/\/www.hagaberg.com\/fr\/?page_id=5463\"  target=\"_self\" itemprop=\"url\">\n\t\t\t\t<img loading=\"lazy\" decoding=\"async\" src=\"https:\/\/www.hagaberg.com\/wp-content\/uploads\/2019\/09\/tjanster.jpg\" alt=\"tjanster\" itemprop=\"image\" height=\"667\" width=\"1000\" title=\"tjanster\" onerror=\"this.style.display='none'\"  \/>\n\t\t\t\t<\/a>\n\t<p>Les services propos\u00e9s par Hagaberg aident les clients OEM et les utilisateurs finaux \u00e0 s\u00e9curiser les informations sur les produits tout au long de leur dur\u00e9e de vie et \u00e0 am\u00e9liorer leur productivit\u00e9.<\/p>\n<p>&nbsp;<\/p>\n\t\t\t<a href=\"https:\/\/www.hagaberg.com\/fr\/?page_id=5463\" target=\"_self\">\n\t\t\t\t\t\t\tVERS LES SERVICES\n\t\t\t\t\t<\/a>\n\t<h2>Nous vous aidons \u00e0 trouver le bon produit.<\/h2>\n\n\t\t\t<a href=\"https:\/\/www.hagaberg.com\/fr\/contacts\/\" target=\"_self\">\n\t\t\t\t\t\t\tContactez-nous\n\t\t\t\t\t<\/a>\n<h2>\n\t\t<a href=\"https:\/\/www.hagaberg.com\/fr\/nouvelles\/\" title=\"Actualit\u00e9s\"  target=\"_self\">\n\t\tActualit\u00e9s\n\t\t<\/a>\n\t<\/h2>\n<h3>\n\t\t<a href=\"https:\/\/www.hagaberg.com\/nyheter\/\" title=\"Archives des actualit\u00e9s\"  target=\"_self\">\n\t\tArchives des actualit\u00e9s \n\t\t<\/a>\n\t<\/h3>\n\t\t\t<a href=\"https:\/\/www.hagaberg.com\/nyheter\/\" target=\"_self\">\n\t\t\t\t\t\t\tTill Nyhetsarkivet &raquo;\n\t\t\t\t\t<\/a>\n\t<h2>Voulez-vous rejoindre notre \u00e9quipe?<\/h2>\n\n\t\t\t<a href=\"https:\/\/www.hagaberg.com\/fr\/carriere\/\" target=\"_self\">\n\t\t\t\t\t\t\tOffres d&#8217;emploi\n\t\t\t\t\t<\/a>\n<h2>\n\t\t<a href=\"https:\/\/www.hagaberg.com\/fr\/a-propos-dhagaberg\/#s%C3%A9curit%C3%A9-du-lieu-de-travail\" title=\"LA S\u00c9CURIT\u00c9 SUR LE LIEU DE TRAVAIL\"  target=\"_self\">\n\t\tLA S\u00c9CURIT\u00c9 SUR LE LIEU DE TRAVAIL\n\t\t<\/a>\n\t<\/h2>\n\t<p>Une des choses qui nous tient le plus au c\u0153ur est de contribuer \u00e0 un lieu de travail plus s\u00fbr. Hagaberg est en premi\u00e8re ligne lorsqu&rsquo;il s&rsquo;agit d&rsquo;environnement de travail et de manutentions plus s\u00fbrs. Nos propres concepteurs collaborent avec les fabricants de chariots \u00e9l\u00e9vateurs et les utilisateurs finaux pour offrir une visibilit\u00e9 optimale et des compl\u00e9ments intelligents qui apportent des solutions plus s\u00fbres \u00e0 chaque \u00e9tape de la manutention.<\/p>\n<p><a href=\"https:\/\/www.hagaberg.com\/fr\/a-propos-dhagaberg\/#s\u00e9curit\u00e9-du-lieu-de-travail\">En savoir plus \u00bb<\/a><\/p>\n\n","protected":false},"excerpt":{"rendered":"<p>OPTIMAL! Hagaberg est un sp\u00e9cialiste en positionneurs de fourche efficaces et personnalis\u00e9s pour les chariots \u00e9l\u00e9vateurs. PRODUITS Positionneurs de fourches, fourches, accessoires, cam\u00e9ras, capteurs et solutions sur mesure qui am\u00e9liorent \u00e0 la fois l&rsquo;efficacit\u00e9 et la s\u00e9curit\u00e9. VERS LES PRODUITS APPLICATIONS Nous d\u00e9veloppons des diverses applications personnalis\u00e9es ainsi que des solutions sp\u00e9cifiques \u00e0 l&rsquo;industrie. Avec [&hellip;]<\/p>\n","protected":false},"author":7,"featured_media":0,"parent":0,"menu_order":0,"comment_status":"closed","ping_status":"closed","template":"","meta":{"_acf_changed":false,"_genesis_hide_title":false,"_genesis_hide_breadcrumbs":false,"_genesis_hide_singular_image":false,"_genesis_hide_footer_widgets":false,"_genesis_custom_body_class":"","_genesis_custom_post_class":"","_genesis_layout":"","footnotes":""},"class_list":{"0":"post-7330","1":"page","2":"type-page","3":"status-publish","5":"entry"},"acf":[],"_links":{"self":[{"href":"https:\/\/www.hagaberg.com\/fr\/wp-json\/wp\/v2\/pages\/7330","targetHints":{"allow":["GET"]}}],"collection":[{"href":"https:\/\/www.hagaberg.com\/fr\/wp-json\/wp\/v2\/pages"}],"about":[{"href":"https:\/\/www.hagaberg.com\/fr\/wp-json\/wp\/v2\/types\/page"}],"author":[{"embeddable":true,"href":"https:\/\/www.hagaberg.com\/fr\/wp-json\/wp\/v2\/users\/7"}],"replies":[{"embeddable":true,"href":"https:\/\/www.hagaberg.com\/fr\/wp-json\/wp\/v2\/comments?post=7330"}],"version-history":[{"count":60,"href":"https:\/\/www.hagaberg.com\/fr\/wp-json\/wp\/v2\/pages\/7330\/revisions"}],"predecessor-version":[{"id":17587,"href":"https:\/\/www.hagaberg.com\/fr\/wp-json\/wp\/v2\/pages\/7330\/revisions\/17587"}],"wp:attachment":[{"href":"https:\/\/www.hagaberg.com\/fr\/wp-json\/wp\/v2\/media?parent=7330"}],"curies":[{"name":"wp","href":"https:\/\/api.w.org\/{rel}","templated":true}]}}