{"id":7290,"date":"2022-04-27T10:09:56","date_gmt":"2022-04-27T08:09:56","guid":{"rendered":"https:\/\/www.hagaberg.com\/mediatheque\/"},"modified":"2022-04-27T10:09:56","modified_gmt":"2022-04-27T08:09:56","slug":"mediatheque","status":"publish","type":"page","link":"https:\/\/www.hagaberg.com\/fr\/mediatheque\/","title":{"rendered":"M\u00e9diath\u00e8que"},"content":{"rendered":"<h1>M\u00e9diath\u00e8que<\/h1>\r\n<h2>Communiqu\u00e9 de presse, le 21 avril, 2022<\/h2>\r\n<p><a href=\"https:\/\/www.hagaberg.com\/wp-content\/uploads\/2022\/04\/Hagaberg_Pressrelease_2022_01-SE1.docx\">Ny akt\u00f6r p\u00e5 kl\u00e4maggregat<\/a><\/p>\r\n<p><a href=\"http:\/\/Hagaberg_Pressrelease_2022_#01 EN[67]\">New player in forklift clamps<\/a><\/p>\r\n<h3>Bildkompositioner<\/h3>\r\n<p><img loading=\"lazy\" decoding=\"async\" title=\"Hagaberg-Cebria\u0301-press1-1\" src=\"https:\/\/www.hagaberg.com\/wp-content\/uploads\/2022\/01\/Hagaberg-Cebria\u0301-press1-1.png\" alt=\"Hagaberg-Cebria\u0301-press1-1\" width=\"4948\" height=\"1712\" \/><\/p>\r\n<p><a href=\"https:\/\/www.hagaberg.com\/wp-content\/uploads\/2022\/01\/Hagaberg-Cebria\u0301-press1-1.png\" download=\"\">Ladda ner<\/a><\/p>\r\n<p><img loading=\"lazy\" decoding=\"async\" title=\"Hagaberg-Cebria\u0301-press1-2\" src=\"https:\/\/www.hagaberg.com\/wp-content\/uploads\/2022\/01\/Hagaberg-Cebria\u0301-press1-2.png\" alt=\"Hagaberg-Cebria\u0301-press1-2\" width=\"3997\" height=\"1712\" \/><\/p>\r\n<p><a href=\"https:\/\/www.hagaberg.com\/wp-content\/uploads\/2022\/01\/Hagaberg-Cebria\u0301-press1-2.png\" download=\"\">Ladda ner<\/a><\/p>\r\n<p><img loading=\"lazy\" decoding=\"async\" title=\"Hagaberg-Cebria\u0301-press1-3\" src=\"https:\/\/www.hagaberg.com\/wp-content\/uploads\/2022\/01\/Hagaberg-Cebria\u0301-press1-3.png\" alt=\"Hagaberg-Cebria\u0301-press1-3\" width=\"2928\" height=\"1712\" \/><\/p>\r\n<p><a href=\"https:\/\/www.hagaberg.com\/wp-content\/uploads\/2022\/01\/Hagaberg-Cebria\u0301-press1-3.png\" target=\"_blank\" rel=\"noopener noreferrer\" download=\"\">Ladda ner<\/a><\/p>\r\n<p><img loading=\"lazy\" decoding=\"async\" title=\"Hagaberg-Cebria\u0301-press1-4\" src=\"https:\/\/www.hagaberg.com\/wp-content\/uploads\/2022\/01\/Hagaberg-Cebria\u0301-press1-4.png\" alt=\"Hagaberg-Cebria\u0301-press1-4\" width=\"5498\" height=\"905\" \/><\/p>\r\n<p><a href=\"https:\/\/www.hagaberg.com\/wp-content\/uploads\/2022\/01\/Hagaberg-Cebria\u0301-press1-3.png\" target=\"_blank\" rel=\"noopener noreferrer\" download=\"\">Ladda ner<\/a><\/p>\r\n<h3>Hagaberg Mediabank<\/h3>\r\n<h4>Hagabergs logotyp<\/h4>\r\n<p><img loading=\"lazy\" decoding=\"async\" title=\"Hagaberg Bla\u030a\" src=\"https:\/\/www.hagaberg.com\/wp-content\/uploads\/2019\/08\/Hagaberg-Bla.png\" alt=\"Hagaberg Bla\u030a\" width=\"1659\" height=\"356\" \/><\/p>\r\n<p><a href=\"https:\/\/www.hagaberg.com\/wp-content\/uploads\/2019\/08\/Hagaberg-Bla.png\" download=\"\">Ladda ner<\/a><\/p>\r\n<h4>Hagabergs v\u00e4rdeord<\/h4>\r\n<p><img loading=\"lazy\" decoding=\"async\" title=\"Payoff-1-rad-Bla-ram\" src=\"https:\/\/www.hagaberg.com\/wp-content\/uploads\/2019\/09\/Payoff-1-rad-Bla-ram.png\" alt=\"Payoff-1-rad-Bla-ram\" width=\"2361\" height=\"494\" \/><\/p>\r\n<p><a href=\"https:\/\/www.hagaberg.com\/wp-content\/uploads\/2019\/09\/Payoff-1-rad-Bla-ram.png\" download=\"\">Ladda ner<\/a><\/p>\r\n<h4>Hagabergs grafiska manual<\/h4>\r\n<p><img loading=\"lazy\" decoding=\"async\" title=\"Hagaberg-grafisk-manual-mock-up\" src=\"https:\/\/www.hagaberg.com\/wp-content\/uploads\/2022\/01\/Hagaberg-grafisk-manual-mock-up-3.png\" alt=\"Hagaberg-grafisk-manual-mock-up\" width=\"2500\" height=\"769\" \/><\/p>\r\n<p><a href=\"https:\/\/www.hagaberg.com\/wp-content\/uploads\/2022\/01\/01-Hagaberg-manual-lowres.pdf\" download=\"\">Ladda ner<\/a><\/p>\r\n<p>HITTA R\u00c4TT<br \/><strong>MASKIN<\/strong> <a href=\"https:\/\/www.hagaberg.com\/fr\/produits\/\" target=\"_self\" rel=\"noopener noreferrer\"> <img loading=\"lazy\" decoding=\"async\" title=\"shutterstock_55429804\" src=\"https:\/\/www.hagaberg.com\/wp-content\/uploads\/2019\/05\/shutterstock_55429804-1024x680.jpg\" alt=\"shutterstock_55429804\" width=\"1024\" height=\"680\" \/> <\/a><\/p>\r\n<h3>\u00a0<\/h3>\r\n<p>Spridaraggregat, gafflar, tillbeh\u00f6r, kameror, sensorer och systeml\u00f6sningar av h\u00f6gsta kvalitet, som \u00f6kar b\u00e5de effektiviteten och s\u00e4kerheten. I v\u00e5rt breda och djupa sortiment finns l\u00f6sningar p\u00e5 m\u00e5nga materialhanteringsbehov.<\/p>\r\n<p>HITTA R\u00c4TT<br \/><strong>BRANSCH<\/strong> <a href=\"https:\/\/www.hagaberg.com\/fr\/applications\/\" target=\"_self\" rel=\"noopener noreferrer\"> <img loading=\"lazy\" decoding=\"async\" title=\"shutterstock_726895093\" src=\"https:\/\/www.hagaberg.com\/wp-content\/uploads\/2019\/05\/shutterstock_726895093.jpg\" alt=\"shutterstock_726895093\" width=\"1000\" height=\"667\" \/> <\/a><\/p>\r\n<h3>\u00a0<\/h3>\r\n<p>Vi utvecklar fr\u00e5n grunden en m\u00e4ngd applikations-anpassade produkter samt branschspecifika l\u00f6sningar. Men hj\u00e4lp av v\u00e5ra egna konstrukt\u00f6rer tar vi \u00e4ven fram kundanpassade produkter och skr\u00e4ddarsydda l\u00f6sningar.<\/p>\r\n<p>HITTA R\u00c4TT <strong>MONTERING<\/strong><\/p>\r\n<p><a href=\"https:\/\/www.hagaberg.com\/fr\/services\/\" target=\"_self\" rel=\"noopener noreferrer\"> <img loading=\"lazy\" decoding=\"async\" title=\"shutterstock_628615613\" src=\"https:\/\/www.hagaberg.com\/wp-content\/uploads\/2019\/05\/shutterstock_628615613.jpg\" alt=\"shutterstock_628615613\" width=\"1000\" height=\"656\" \/> <\/a><\/p>\r\n<h3>\u00a0<\/h3>\r\n<p>Hagabergs tj\u00e4nster hj\u00e4lper b\u00e5de OEM-kunder och slutanv\u00e4ndare att s\u00e4kra information om produkterna under hela livscykeln och samtidigt \u00f6ka produktiviteten.<\/p>\r\n<p>VI HJ\u00c4LPER<br \/>DIG MED R\u00c4TT <strong>AGGREGAT<\/strong> <a role=\"button\" href=\"https:\/\/www.hagaberg.com\/fr\/contacts\/\" target=\"_self\" rel=\"noopener noreferrer\"> KONTAKTA OSS <\/a><\/p>\r\n<p><strong>NYHETER<\/strong><\/p>\r\n<p><a role=\"button\" href=\"https:\/\/www.hagaberg.com\/fr\/nouvelles\/\" target=\"_self\" rel=\"noopener noreferrer\"> L\u00c4S MER <\/a> Vill du bli<br \/>en av oss?<br \/><strong>LEDIGA JOBB<\/strong> <a role=\"button\" href=\"https:\/\/www.hagaberg.com\/fr\/carriere\/\" target=\"_self\" rel=\"noopener noreferrer\"> L\u00c4S MER <\/a><\/p>","protected":false},"excerpt":{"rendered":"<p>M\u00e9diath\u00e8que Communiqu\u00e9 de presse, le 21 avril, 2022 Ny akt\u00f6r p\u00e5 kl\u00e4maggregat New player in forklift clamps Bildkompositioner Ladda ner Ladda ner Ladda ner Ladda ner Hagaberg Mediabank Hagabergs logotyp Ladda ner Hagabergs v\u00e4rdeord Ladda ner Hagabergs grafiska manual Ladda ner HITTA R\u00c4TTMASKIN \u00a0 Spridaraggregat, gafflar, tillbeh\u00f6r, kameror, sensorer och systeml\u00f6sningar av h\u00f6gsta kvalitet, som [&hellip;]<\/p>\n","protected":false},"author":7,"featured_media":0,"parent":0,"menu_order":0,"comment_status":"closed","ping_status":"closed","template":"","meta":{"_acf_changed":false,"_genesis_hide_title":false,"_genesis_hide_breadcrumbs":false,"_genesis_hide_singular_image":false,"_genesis_hide_footer_widgets":false,"_genesis_custom_body_class":"","_genesis_custom_post_class":"","_genesis_layout":"","footnotes":""},"class_list":{"0":"post-7290","1":"page","2":"type-page","3":"status-publish","5":"entry"},"acf":[],"_links":{"self":[{"href":"https:\/\/www.hagaberg.com\/fr\/wp-json\/wp\/v2\/pages\/7290","targetHints":{"allow":["GET"]}}],"collection":[{"href":"https:\/\/www.hagaberg.com\/fr\/wp-json\/wp\/v2\/pages"}],"about":[{"href":"https:\/\/www.hagaberg.com\/fr\/wp-json\/wp\/v2\/types\/page"}],"author":[{"embeddable":true,"href":"https:\/\/www.hagaberg.com\/fr\/wp-json\/wp\/v2\/users\/7"}],"replies":[{"embeddable":true,"href":"https:\/\/www.hagaberg.com\/fr\/wp-json\/wp\/v2\/comments?post=7290"}],"version-history":[{"count":1,"href":"https:\/\/www.hagaberg.com\/fr\/wp-json\/wp\/v2\/pages\/7290\/revisions"}],"predecessor-version":[{"id":7291,"href":"https:\/\/www.hagaberg.com\/fr\/wp-json\/wp\/v2\/pages\/7290\/revisions\/7291"}],"wp:attachment":[{"href":"https:\/\/www.hagaberg.com\/fr\/wp-json\/wp\/v2\/media?parent=7290"}],"curies":[{"name":"wp","href":"https:\/\/api.w.org\/{rel}","templated":true}]}}