{"id":5333,"date":"2021-11-16T17:25:21","date_gmt":"2021-11-16T16:25:21","guid":{"rendered":"https:\/\/www.hagaberg.com\/carriere\/"},"modified":"2024-08-06T10:47:04","modified_gmt":"2024-08-06T08:47:04","slug":"carriere","status":"publish","type":"page","link":"https:\/\/www.hagaberg.com\/fr\/carriere\/","title":{"rendered":"Carri\u00e8re"},"content":{"rendered":"<h1>\n\t\tCarri\u00e8re\n\t<\/h1>\n\t<h2>Carri\u00e8re<\/h2>\n<h3>Il n&rsquo;y a actuellement aucun poste vacant<\/h3>\n<p>Envoyez-nous une candidature spontan\u00e9e. Si un poste se lib\u00e8re, nous vous contacterons.<\/p>\n<p>Envoyez votre candidature \u00e0\u00a0<a href=\"mailto:career@hagaberg.com\">career@hagaberg.com<\/a><\/p>\n\t<p>&nbsp;<\/p>\n\t<h3>Les professions et comp\u00e9tences que nous avons aujourd&rsquo;hui dans l&rsquo;entreprise :<\/h3>\n<ul>\n<li><strong>\u00c9conomie<\/strong><\/li>\n<li><strong>Fabrication<\/strong><\/li>\n<li><strong>Achats<\/strong><\/li>\n<li><strong>D\u00e9veloppement de produits<\/strong><\/li>\n<li><strong>Construction<\/strong><\/li>\n<li><strong>Service client\u00e8le<\/strong><\/li>\n<li><strong>Ventes<\/strong><\/li>\n<li><strong>Marketing<\/strong><\/li>\n<li><strong>Entrep\u00f4t<\/strong><\/li>\n<li><strong>Logistique<\/strong><\/li>\n<li><strong>Montage<\/strong><\/li>\n<li><strong>Peinture<\/strong><\/li>\n<li><strong>Soudage (licences)<\/strong><\/li>\n<li><strong>Soudage robotis\u00e9<\/strong><\/li>\n<li><strong>Pliage de tubes<\/strong><\/li>\n<li><strong>Programmation de machines<\/strong><\/li>\n<\/ul>\n<p>&nbsp;<\/p>\n\tHITTA R\u00c4TT<br \/>\n<strong>MASKIN<\/strong>\n\t\t\t\t<a href=\"https:\/\/www.hagaberg.com\/produkter\/\" target=\"_self\" itemprop=\"url\" rel=\"noopener noreferrer\">\n\t\t\t\t<img loading=\"lazy\" decoding=\"async\" src=\"https:\/\/www.hagaberg.com\/wp-content\/uploads\/2019\/05\/shutterstock_55429804-1024x680.jpg\" alt=\"shutterstock_55429804\" itemprop=\"image\" height=\"680\" width=\"1024\" title=\"shutterstock_55429804\" onerror=\"this.style.display='none'\"  \/>\n\t\t\t\t<\/a>\n<h3><a href=\"https:\/\/www.hagaberg.com\/produkter\/\" target=\"_self\" rel=\"noopener noreferrer\"><\/a><\/h3>\t\t\n\t\t\t<p>Spridaraggregat, gafflar, tillbeh\u00f6r, kameror, sensorer och systeml\u00f6sningar av h\u00f6gsta kvalitet, som \u00f6kar b\u00e5de effektiviteten och s\u00e4kerheten. I v\u00e5rt breda och djupa sortiment finns l\u00f6sningar p\u00e5 m\u00e5nga materialhanteringsbehov.<\/p>\n\tHITTA R\u00c4TT<br \/>\n<strong>BRANSCH<\/strong>\n\t\t\t\t<a href=\"https:\/\/www.hagaberg.com\/applikationer\/\" target=\"_self\" itemprop=\"url\" rel=\"noopener noreferrer\">\n\t\t\t\t<img loading=\"lazy\" decoding=\"async\" src=\"https:\/\/www.hagaberg.com\/wp-content\/uploads\/2019\/05\/shutterstock_726895093.jpg\" alt=\"shutterstock_726895093\" itemprop=\"image\" height=\"667\" width=\"1000\" title=\"shutterstock_726895093\" onerror=\"this.style.display='none'\"  \/>\n\t\t\t\t<\/a>\n<h3><a href=\"https:\/\/www.hagaberg.com\/applikationer\/\" target=\"_self\" rel=\"noopener noreferrer\"><\/a><\/h3>\t\t\n\t\t\t<p>Vi utvecklar fr\u00e5n grunden en m\u00e4ngd applikations-anpassade produkter samt branschspecifika l\u00f6sningar. Men hj\u00e4lp av v\u00e5ra egna konstrukt\u00f6rer tar vi \u00e4ven fram kundanpassade produkter och skr\u00e4ddarsydda l\u00f6sningar.<\/p>\n\t<p>HITTA R\u00c4TT <strong>MONTERING<\/strong><\/p>\n\t\t\t\t<a href=\"https:\/\/www.hagaberg.com\/?page_id=12\" target=\"_self\" itemprop=\"url\" rel=\"noopener noreferrer\">\n\t\t\t\t<img loading=\"lazy\" decoding=\"async\" src=\"https:\/\/www.hagaberg.com\/wp-content\/uploads\/2019\/05\/shutterstock_628615613.jpg\" alt=\"shutterstock_628615613\" itemprop=\"image\" height=\"656\" width=\"1000\" title=\"shutterstock_628615613\" onerror=\"this.style.display='none'\"  \/>\n\t\t\t\t<\/a>\n<h3><a href=\"https:\/\/www.hagaberg.com\/?page_id=12\" target=\"_self\" rel=\"noopener noreferrer\"><\/a><\/h3>\t\t\n\t\t\t<p>Hagabergs tj\u00e4nster hj\u00e4lper b\u00e5de OEM-kunder och slutanv\u00e4ndare att s\u00e4kra information om produkterna under hela livscykeln och samtidigt \u00f6ka produktiviteten.<\/p>\n\tVI HJ\u00c4LPER<br \/>\nDIG MED R\u00c4TT <strong>AGGREGAT<\/strong>\n\t\t\t<a href=\"https:\/\/www.hagaberg.com\/kontakt\/\" target=\"_self\" role=\"button\" rel=\"noopener noreferrer\">\n\t\t\t\t\t\t\tKONTAKTA OSS\n\t\t\t\t\t<\/a>\n\t\n<p><strong>NYHETER<\/strong><\/p>\n\t\t\t<a href=\"https:\/\/www.hagaberg.com\/nyheter\/\" target=\"_self\" role=\"button\" rel=\"noopener noreferrer\">\n\t\t\t\t\t\t\tL\u00c4S MER\n\t\t\t\t\t<\/a>\n\tVill du bli<br \/>\nen av oss?<br \/>\n<strong>LEDIGA JOBB<\/strong>\n\t\t\t<a href=\"https:\/\/www.hagaberg.com\/lediga-jobb\/\" target=\"_self\" role=\"button\" rel=\"noopener noreferrer\">\n\t\t\t\t\t\t\tL\u00c4S MER\n\t\t\t\t\t<\/a>\n","protected":false},"excerpt":{"rendered":"<p>Carri\u00e8re Carri\u00e8re Il n&rsquo;y a actuellement aucun poste vacant Envoyez-nous une candidature spontan\u00e9e. Si un poste se lib\u00e8re, nous vous contacterons. Envoyez votre candidature \u00e0\u00a0career@hagaberg.com &nbsp; Les professions et comp\u00e9tences que nous avons aujourd&rsquo;hui dans l&rsquo;entreprise : \u00c9conomie Fabrication Achats D\u00e9veloppement de produits Construction Service client\u00e8le Ventes Marketing Entrep\u00f4t Logistique Montage Peinture Soudage (licences) Soudage [&hellip;]<\/p>\n","protected":false},"author":1,"featured_media":0,"parent":0,"menu_order":0,"comment_status":"closed","ping_status":"closed","template":"","meta":{"_genesis_hide_title":false,"_genesis_hide_breadcrumbs":false,"_genesis_hide_singular_image":false,"_genesis_hide_footer_widgets":false,"_genesis_custom_body_class":"","_genesis_custom_post_class":"","_genesis_layout":"","footnotes":""},"class_list":{"0":"post-5333","1":"page","2":"type-page","3":"status-publish","5":"entry"},"_links":{"self":[{"href":"https:\/\/www.hagaberg.com\/fr\/wp-json\/wp\/v2\/pages\/5333","targetHints":{"allow":["GET"]}}],"collection":[{"href":"https:\/\/www.hagaberg.com\/fr\/wp-json\/wp\/v2\/pages"}],"about":[{"href":"https:\/\/www.hagaberg.com\/fr\/wp-json\/wp\/v2\/types\/page"}],"author":[{"embeddable":true,"href":"https:\/\/www.hagaberg.com\/fr\/wp-json\/wp\/v2\/users\/1"}],"replies":[{"embeddable":true,"href":"https:\/\/www.hagaberg.com\/fr\/wp-json\/wp\/v2\/comments?post=5333"}],"version-history":[{"count":5,"href":"https:\/\/www.hagaberg.com\/fr\/wp-json\/wp\/v2\/pages\/5333\/revisions"}],"predecessor-version":[{"id":12364,"href":"https:\/\/www.hagaberg.com\/fr\/wp-json\/wp\/v2\/pages\/5333\/revisions\/12364"}],"wp:attachment":[{"href":"https:\/\/www.hagaberg.com\/fr\/wp-json\/wp\/v2\/media?parent=5333"}],"curies":[{"name":"wp","href":"https:\/\/api.w.org\/{rel}","templated":true}]}}