{"id":5304,"date":"2021-11-16T17:05:43","date_gmt":"2021-11-16T16:05:43","guid":{"rendered":"https:\/\/www.hagaberg.com\/contacts\/"},"modified":"2026-01-08T14:34:26","modified_gmt":"2026-01-08T13:34:26","slug":"contacts","status":"publish","type":"page","link":"https:\/\/www.hagaberg.com\/fr\/contacts\/","title":{"rendered":"Contacts"},"content":{"rendered":"\n<h1>\n\t\tContacts\n\t<\/h1>\n\t<h2>Comment pouvons-nous vous aider ?<\/h2>\n<p>Vous pouvez nous joindre en envoyant un e-mail \u00e0 la l&rsquo;adresse en question. Utilisez le lien ou le mod\u00e8le ci-dessous. Vous pouvez \u00e9galement appeler notre standard t\u00e9l\u00e9phonique. Si vous recherchez un collaborateur en particulier, vous le trouverez dans la section \u00a0<a href=\"https:\/\/www.hagaberg.com\/fr\/a-propos-dhagaberg\/\">\u00ab\u00a0A propos d&rsquo;Hagaberg\u00a0\u00bb<\/a>.<\/p>\n\t<b>Service clients<\/b><br \/>\n<i>Demandes\/commandes\/support et service<br \/>\n<\/i>T\u00e9l\u00e9phone +46 583 57 44 40<br \/>\n<a href=\"mailto:Support@hagaberg.com\">info@hagaberg.com<\/a>\n<b>Pi\u00e8ces d\u00e9tach\u00e9es<\/b><b><br \/>\n<\/b> T\u00e9l\u00e9phone +46 583 57 44 41<b><br \/>\n<\/b><a href=\"mailto:Spareparts@hagaberg.com\">spareparts@hagaberg.com<\/a><br \/>\n(Joindre le num\u00e9ro de s\u00e9rie)\n\t<strong>Ouvert tous les jours<br \/>\n<\/strong>Lundi &#8211; Jeudi: 08:00 &#8211; 16:00<br \/>\nVendredi: 08:00 &#8211; 13:00\n<strong>Hagaberg Industrier AB<br \/>\n<\/strong>\u00c5kerv\u00e4gen 19<br \/>\n696 32 Askersund\n<strong>Adresse de livraison et de visite<br \/>\n<\/strong>\u00c5kerv\u00e4gen 19<br \/>\n696 32 Askersund\n\t<h2>Chefs de vente r\u00e9gionaux<\/h2>\n\t\t\t\t<img loading=\"lazy\" decoding=\"async\" src=\"https:\/\/www.hagaberg.com\/wp-content\/uploads\/2024\/08\/OscarCarlssonSchaden700x900.png\" alt=\"OscarCarlssonSchaden700x900\" itemprop=\"image\" height=\"900\" width=\"699\" title=\"OscarCarlssonSchaden700x900\" onerror=\"this.style.display='none'\"  \/>\n\t<h3>Oscar Carlsson Schaden<\/h3>\n<strong><\/strong><strong>Responsable commercial r\u00e9gional<br \/>\n<\/strong><strong><\/strong><strong>Su\u00e8de\u00a0<\/strong><br \/>\n<a href=\"mailto:oscar@hagaberggroup.com\">oscar@hagaberggroup.com<\/a><br \/>\n+46 583-57 44 50\n\t\t\t\t<img loading=\"lazy\" decoding=\"async\" src=\"https:\/\/www.hagaberg.com\/wp-content\/uploads\/2025\/05\/ClausLindgaard700x900-1.png\" alt=\"ClausLindgaard700x900\" itemprop=\"image\" height=\"900\" width=\"700\" title=\"ClausLindgaard700x900\" onerror=\"this.style.display='none'\"  \/>\n\t<h3>Claus Lindgaard<\/h3>\n<strong><\/strong><strong>Responsable commercial r\u00e9gional<br \/>\nDanemark \/ Islande \/ Norv\u00e8ge<br \/>\n<\/strong><a href=\"mailto:claus@hagaberggroup.com\">claus@hagaberggroup.com<\/a><br \/>\n+45 6078 7000\n\t\t\t\t<img loading=\"lazy\" decoding=\"async\" src=\"https:\/\/www.hagaberg.com\/wp-content\/uploads\/2024\/08\/SamiMa\u0308kela\u0308700x900.png\" alt=\"SamiMa\u0308kela\u0308700x900\" itemprop=\"image\" height=\"900\" width=\"699\" title=\"SamiMa\u0308kela\u0308700x900\" onerror=\"this.style.display='none'\"  \/>\n\t<h3>Sami M\u00e4kel\u00e4<\/h3>\n<strong><\/strong><strong>Responsable commercial r\u00e9gional<br \/>\nFinlande \/ Pays Baltes<\/strong><br \/>\n<a href=\"mailto:sami@hagaberggroup.com\">sami@hagaberggroup.com<\/a><br \/>\n+358 50 5571119\n\t\t\t\t<img loading=\"lazy\" decoding=\"async\" src=\"https:\/\/www.hagaberg.com\/wp-content\/uploads\/2024\/08\/TadeuszMajchrzak700x900_2-1.png\" alt=\"TadeuszMajchrzak700x900_2\" itemprop=\"image\" height=\"900\" width=\"699\" title=\"TadeuszMajchrzak700x900_2\" onerror=\"this.style.display='none'\"  \/>\n\t<h3>Tadeusz Majchrzak<\/h3>\n<strong><\/strong><strong>Responsable commercial r\u00e9gional<br \/>\nPologne<\/strong><br \/>\n<a href=\"mailto:tadeusz@hagaberggroup.com\">tadeusz@hagaberggroup.com<\/a><br \/>\n+48 601 888 059\n\t<h2>Export<\/h2>\n\t\t\t\t<img loading=\"lazy\" decoding=\"async\" src=\"https:\/\/www.hagaberg.com\/wp-content\/uploads\/2024\/08\/StefanCarlssonPautt700x900.png\" alt=\"StefanCarlssonPautt700x900\" itemprop=\"image\" height=\"900\" width=\"699\" title=\"StefanCarlssonPautt700x900\" onerror=\"this.style.display='none'\"  \/>\n\t<h3>Stefan Carlsson Pautt<\/h3>\n<strong><\/strong><strong>Directeur du d\u00e9veloppement commercial<\/strong><br \/>\n<a href=\"mailto:stefan@hagaberggroup.com\">stefan@hagaberggroup.com<\/a><br \/>\n+46 583-57 44 02\n\t<h2>Service \u00e0 la client\u00e8le<\/h2>\n\t\t\t\t<img loading=\"lazy\" decoding=\"async\" src=\"https:\/\/www.hagaberg.com\/wp-content\/uploads\/2024\/08\/MathildaAndersson700x900.png\" alt=\"MathildaAndersson700x900\" itemprop=\"image\" height=\"900\" width=\"699\" title=\"MathildaAndersson700x900\" onerror=\"this.style.display='none'\"  \/>\n\t<h3>Mathilda Andersson<\/h3>\n<strong><\/strong><strong>Achats et commandes<\/strong><br \/>\n<a href=\"mailto:mathilda@hagaberggroup.com\">mathilda@hagaberggroup.com<\/a><br \/>\n+46 583-57 44 43\u00a0\n\t\t\t\t<img loading=\"lazy\" decoding=\"async\" src=\"https:\/\/www.hagaberg.com\/wp-content\/uploads\/2024\/08\/TheresiaJohansson700x900-1.png\" alt=\"TheresiaJohansson700x900\" itemprop=\"image\" height=\"900\" width=\"699\" title=\"TheresiaJohansson700x900\" onerror=\"this.style.display='none'\"  \/>\n\t<h3>Theresia Johansson<\/h3>\n<strong><\/strong><strong>Achats et Service \u00e0 la client\u00e8le<\/strong><br \/>\n<a href=\"mailto:theresia@hagaberggroup.com\">theresia@hagaberggroup.com<\/a><br \/>\n+46 583-57 50 12\n\t\t\t\t<img loading=\"lazy\" decoding=\"async\" src=\"https:\/\/www.hagaberg.com\/wp-content\/uploads\/2024\/11\/Lotta-Sko\u0308nvall700x900-1.png\" alt=\"Lotta Sko\u0308nvall700x900\" itemprop=\"image\" height=\"900\" width=\"699\" title=\"Lotta Sko\u0308nvall700x900\" onerror=\"this.style.display='none'\"  \/>\n\t<h3>Lotta Sk\u00f6nvall<\/h3>\n<strong><\/strong><strong>Service clients et pi\u00e8ces d\u00e9tach\u00e9es<\/strong><br \/>\n<a href=\"mailto:lotta@hagaberggroup.com\">lotta@hagaberggroup.com<\/a><br \/>\n+46 583-57 44 44\u00a0\n\t<h2>Construction et support technique<br \/>\n<\/h2>\n\t\t\t\t<img loading=\"lazy\" decoding=\"async\" src=\"https:\/\/www.hagaberg.com\/wp-content\/uploads\/2024\/08\/JohanGrankvist700x900.png\" alt=\"JohanGrankvist700x900\" itemprop=\"image\" height=\"900\" width=\"699\" title=\"JohanGrankvist700x900\" onerror=\"this.style.display='none'\"  \/>\n\t<h3>Johan Grankvist<\/h3>\n<strong><\/strong><strong>Responsable Ing\u00e9nierie<\/strong><br \/>\n<a href=\"mailto:johan@hagaberggroup.com\">johan@hagaberggroup.com<\/a><br \/>\n+46 583-57 44 04\n\t\t\t\t<img loading=\"lazy\" decoding=\"async\" src=\"https:\/\/www.hagaberg.com\/wp-content\/uploads\/2024\/08\/KenLennartsson700x900.png\" alt=\"KenLennartsson700x900\" itemprop=\"image\" height=\"900\" width=\"699\" title=\"KenLennartsson700x900\" onerror=\"this.style.display='none'\"  \/>\n\t<h3>Ken Lennartsson<\/h3>\n<strong><\/strong><strong>Ing\u00e9nieur concepteur<\/strong><br \/>\n<a href=\"mailto:ken@hagaberggroup.com\">ken@hagaberggroup.com<\/a><br \/>\n+46 583-57 44 31\n\t\t\t\t<img loading=\"lazy\" decoding=\"async\" src=\"https:\/\/www.hagaberg.com\/wp-content\/uploads\/2024\/10\/RoyO\u0308hlin700x900-1.png\" alt=\"RoyO\u0308hlin700x900\" itemprop=\"image\" height=\"900\" width=\"700\" title=\"RoyO\u0308hlin700x900\" onerror=\"this.style.display='none'\"  \/>\n\t<h3>Roy \u00d6hlin<\/h3>\n<strong><\/strong><strong>Ing\u00e9nieur concepteur<\/strong><br \/>\n<a href=\"mailto:roy@hagaberggroup.com\">roy@hagaberggroup.com<\/a><br \/>\n+46 583-57 44 05\n\t\t\t\t<img decoding=\"async\" src=\"https:\/\/www.hagaberg.com\/wp-content\/plugins\/bb-plugin\/img\/pixel.png\" alt=\"\" itemprop=\"image\" onerror=\"this.style.display='none'\"  \/>\n\t<h2>Gestion et\u00a0autres fonctions<br \/>\n<\/h2>\n\t\t\t\t<img loading=\"lazy\" decoding=\"async\" src=\"https:\/\/www.hagaberg.com\/wp-content\/uploads\/2024\/08\/MagnusLarsson700x900.png\" alt=\"MagnusLarsson700x900\" itemprop=\"image\" height=\"900\" width=\"699\" title=\"MagnusLarsson700x900\" onerror=\"this.style.display='none'\"  \/>\n\t<h3>Magnus Larsson<\/h3>\n<strong><\/strong><strong>CEO<\/strong><br \/>\n<a href=\"mailto:magnus@hagaberggroup.com\">magnus@hagaberggroup.com<\/a><br \/>\n+46 583-57 44 01\n\t\t\t\t<img loading=\"lazy\" decoding=\"async\" src=\"https:\/\/www.hagaberg.com\/wp-content\/uploads\/2024\/08\/StefanCarlssonPautt700x900.png\" alt=\"StefanCarlssonPautt700x900\" itemprop=\"image\" height=\"900\" width=\"699\" title=\"StefanCarlssonPautt700x900\" onerror=\"this.style.display='none'\"  \/>\n\t<h3>Stefan Carlsson Pautt<\/h3>\n<strong><\/strong><strong>Directeur du d\u00e9veloppement commercial<\/strong><br \/>\n<a href=\"mailto:stefan@hagaberggroup.com\">stefan@hagaberggroup.com<\/a><br \/>\n+46 583-57 44 02\n\t\t\t\t<img loading=\"lazy\" decoding=\"async\" src=\"https:\/\/www.hagaberg.com\/wp-content\/uploads\/2024\/08\/MartinFransson700x900.png\" alt=\"MartinFransson700x900\" itemprop=\"image\" height=\"900\" width=\"699\" title=\"MartinFransson700x900\" onerror=\"this.style.display='none'\"  \/>\n\t<h3>Martin Fransson<\/h3>\n<strong><\/strong><strong>Responsable de la production<\/strong><br \/>\n<a href=\"mailto:martin@hagaberggroup.com\">martin@hagaberggroup.com<\/a><br \/>\n+46 583-57 44 03\n\t\t\t\t<img loading=\"lazy\" decoding=\"async\" src=\"https:\/\/www.hagaberg.com\/wp-content\/uploads\/2024\/08\/JohanGrankvist700x900.png\" alt=\"JohanGrankvist700x900\" itemprop=\"image\" height=\"900\" width=\"699\" title=\"JohanGrankvist700x900\" onerror=\"this.style.display='none'\"  \/>\n\t<h3>Johan Grankvist<\/h3>\n<strong><\/strong><strong>Responsable Ing\u00e9nierie<\/strong><br \/>\n<a href=\"mailto:johan@hagaberggroup.com\">johan@hagaberggroup.com<\/a><br \/>\n+46 583-57 44 04\n\t\t\t\t<img loading=\"lazy\" decoding=\"async\" src=\"https:\/\/www.hagaberg.com\/wp-content\/uploads\/2024\/08\/TobiasWidlund700x900.png\" alt=\"TobiasWidlund700x900\" itemprop=\"image\" height=\"900\" width=\"699\" title=\"TobiasWidlund700x900\" onerror=\"this.style.display='none'\"  \/>\n\t<h3>Tobias Widlund<\/h3>\n<strong><\/strong><strong>CFO<\/strong><br \/>\n<a href=\"mailto:tobias@hagaberggroup.com\">tobias@hagaberggroup.com<\/a><br \/>\n+46 583-57 44 38\n\t\t\t\t<img loading=\"lazy\" decoding=\"async\" src=\"https:\/\/www.hagaberg.com\/wp-content\/uploads\/2024\/08\/MonaJansson700x900-1.png\" alt=\"MonaJansson700x900\" itemprop=\"image\" height=\"900\" width=\"699\" title=\"MonaJansson700x900\" onerror=\"this.style.display='none'\"  \/>\n\t<h3>Mona Jansson<\/h3>\n<strong><\/strong><strong>L&rsquo;\u00e9conomie<\/strong><br \/>\n<a href=\"mailto:mona@hagaberggroup.com\">mona@hagaberggroup.com<\/a><br \/>\n+46 583-57 44 15\n\t\t\t\t<img loading=\"lazy\" decoding=\"async\" src=\"https:\/\/www.hagaberg.com\/wp-content\/uploads\/2024\/08\/SaraMartinsson700x900.png\" alt=\"SaraMartinsson700x900\" itemprop=\"image\" height=\"900\" width=\"699\" title=\"SaraMartinsson700x900\" onerror=\"this.style.display='none'\"  \/>\n\t<h3>Sara Martinsson<\/h3>\n<strong><\/strong><strong>Assistante marketing<\/strong><br \/>\n<a href=\"mailto:sara@hagaberggroup.com\">sara@hagaberggroup.com<\/a><br \/>\n+46 583-57 43 42\n\t\n<div class=\"wpcf7 no-js\" id=\"wpcf7-f1387-o1\" lang=\"sv-SE\" dir=\"ltr\" data-wpcf7-id=\"1387\">\n<div class=\"screen-reader-response\"><p role=\"status\" aria-live=\"polite\" aria-atomic=\"true\"><\/p> <ul><\/ul><\/div>\n<form action=\"\/fr\/wp-json\/wp\/v2\/pages\/5304#wpcf7-f1387-o1\" method=\"post\" class=\"wpcf7-form init\" aria-label=\"Kontaktformul\u00e4r\" novalidate=\"novalidate\" data-status=\"init\">\n<div style=\"display: none;\">\n<input type=\"hidden\" name=\"_wpcf7\" value=\"1387\" \/>\n<input type=\"hidden\" name=\"_wpcf7_version\" value=\"6.0.3\" \/>\n<input type=\"hidden\" name=\"_wpcf7_locale\" value=\"sv_SE\" \/>\n<input type=\"hidden\" name=\"_wpcf7_unit_tag\" value=\"wpcf7-f1387-o1\" \/>\n<input type=\"hidden\" name=\"_wpcf7_container_post\" value=\"0\" \/>\n<input type=\"hidden\" name=\"_wpcf7_posted_data_hash\" value=\"\" \/>\n<\/div>\n<p><label> Name<br \/>\n<span class=\"wpcf7-form-control-wrap\" data-name=\"your-name\"><input size=\"40\" maxlength=\"400\" class=\"wpcf7-form-control wpcf7-text wpcf7-validates-as-required\" aria-required=\"true\" aria-invalid=\"false\" value=\"\" type=\"text\" name=\"your-name\" \/><\/span> <\/label>\n<\/p>\n<p><label> E-mail<br \/>\n<span class=\"wpcf7-form-control-wrap\" data-name=\"your-email\"><input size=\"40\" maxlength=\"400\" class=\"wpcf7-form-control wpcf7-email wpcf7-validates-as-required wpcf7-text wpcf7-validates-as-email\" aria-required=\"true\" aria-invalid=\"false\" value=\"\" type=\"email\" name=\"your-email\" \/><\/span> <\/label>\n<\/p>\n<p><label> Phone<br \/>\n<span class=\"wpcf7-form-control-wrap\" data-name=\"your-phone\"><input size=\"40\" maxlength=\"400\" class=\"wpcf7-form-control wpcf7-tel wpcf7-text wpcf7-validates-as-tel\" aria-invalid=\"false\" value=\"\" type=\"tel\" name=\"your-phone\" \/><\/span> <\/label>\n<\/p>\n<p><label> Company<br \/>\n<span class=\"wpcf7-form-control-wrap\" data-name=\"your-company\"><input size=\"40\" maxlength=\"400\" class=\"wpcf7-form-control wpcf7-text\" aria-invalid=\"false\" value=\"\" type=\"text\" name=\"your-company\" \/><\/span> <\/label>\n<\/p>\n<p><label> Job title<br \/>\n<span class=\"wpcf7-form-control-wrap\" data-name=\"your-title\"><input size=\"40\" maxlength=\"400\" class=\"wpcf7-form-control wpcf7-text\" aria-invalid=\"false\" value=\"\" type=\"text\" name=\"your-title\" \/><\/span> <\/label>\n<\/p>\n<p><label> Serial number<br \/>\n<span class=\"wpcf7-form-control-wrap\" data-name=\"your-serial\"><input size=\"40\" maxlength=\"400\" class=\"wpcf7-form-control wpcf7-text\" aria-invalid=\"false\" value=\"\" type=\"text\" name=\"your-serial\" \/><\/span> <\/label><br \/>\n<span class=\"wpcf7-form-control-wrap\" data-name=\"your-errand\"><span class=\"wpcf7-form-control wpcf7-checkbox\"><span class=\"wpcf7-list-item first\"><input type=\"checkbox\" name=\"your-errand[]\" value=\"Customer service\" \/><span class=\"wpcf7-list-item-label\">Customer service<\/span><\/span><span class=\"wpcf7-list-item\"><input type=\"checkbox\" name=\"your-errand[]\" value=\"Spare parts\" \/><span class=\"wpcf7-list-item-label\">Spare parts<\/span><\/span><span class=\"wpcf7-list-item\"><input type=\"checkbox\" name=\"your-errand[]\" value=\"Career\" \/><span class=\"wpcf7-list-item-label\">Career<\/span><\/span><span class=\"wpcf7-list-item last\"><input type=\"checkbox\" name=\"your-errand[]\" value=\"Other\" \/><span class=\"wpcf7-list-item-label\">Other<\/span><\/span><\/span><\/span>\n<\/p>\n<p><label> Message<br \/>\n<span class=\"wpcf7-form-control-wrap\" data-name=\"your-message\"><textarea cols=\"40\" rows=\"10\" maxlength=\"2000\" class=\"wpcf7-form-control wpcf7-textarea\" aria-invalid=\"false\" name=\"your-message\"><\/textarea><\/span> <\/label>\n<\/p>\n<p><label><br \/>\n<span class=\"wpcf7-form-control-wrap\" data-name=\"quiz-446\"><label><span class=\"wpcf7-quiz-label\">Capital of Sweden?<\/span> <input size=\"40\" class=\"wpcf7-form-control wpcf7-quiz\" autocomplete=\"off\" aria-required=\"true\" aria-invalid=\"false\" type=\"text\" name=\"quiz-446\" \/><\/label><input type=\"hidden\" name=\"_wpcf7_quiz_answer_quiz-446\" value=\"3b5c1339d795ad20d9775d5ec1bdfcd9\" \/><\/span> <\/label>\n<\/p>\n<p><input class=\"wpcf7-form-control wpcf7-submit has-spinner\" type=\"submit\" value=\"Send\" \/>\n<\/p><div class=\"wpcf7-response-output\" aria-hidden=\"true\"><\/div>\n<\/form>\n<\/div>\n\n\t<iframe src=\"https:\/\/www.google.com\/maps\/embed\/v1\/place?q=Hagaberg+Industrier+AB&#038;key=AIzaSyD09zQ9PNDNNy9TadMuzRV_UsPUoWKntt8\" aria-hidden=\"true\"><\/iframe>\n\n","protected":false},"excerpt":{"rendered":"<p>Contacts Comment pouvons-nous vous aider ? Vous pouvez nous joindre en envoyant un e-mail \u00e0 la l&rsquo;adresse en question. Utilisez le lien ou le mod\u00e8le ci-dessous. Vous pouvez \u00e9galement appeler notre standard t\u00e9l\u00e9phonique. Si vous recherchez un collaborateur en particulier, vous le trouverez dans la section \u00a0\u00ab\u00a0A propos d&rsquo;Hagaberg\u00a0\u00bb. Service clients Demandes\/commandes\/support et service T\u00e9l\u00e9phone [&hellip;]<\/p>\n","protected":false},"author":1,"featured_media":0,"parent":0,"menu_order":0,"comment_status":"closed","ping_status":"closed","template":"","meta":{"_genesis_hide_title":false,"_genesis_hide_breadcrumbs":false,"_genesis_hide_singular_image":false,"_genesis_hide_footer_widgets":false,"_genesis_custom_body_class":"","_genesis_custom_post_class":"","_genesis_layout":"","footnotes":""},"class_list":{"0":"post-5304","1":"page","2":"type-page","3":"status-publish","5":"entry"},"_links":{"self":[{"href":"https:\/\/www.hagaberg.com\/fr\/wp-json\/wp\/v2\/pages\/5304","targetHints":{"allow":["GET"]}}],"collection":[{"href":"https:\/\/www.hagaberg.com\/fr\/wp-json\/wp\/v2\/pages"}],"about":[{"href":"https:\/\/www.hagaberg.com\/fr\/wp-json\/wp\/v2\/types\/page"}],"author":[{"embeddable":true,"href":"https:\/\/www.hagaberg.com\/fr\/wp-json\/wp\/v2\/users\/1"}],"replies":[{"embeddable":true,"href":"https:\/\/www.hagaberg.com\/fr\/wp-json\/wp\/v2\/comments?post=5304"}],"version-history":[{"count":23,"href":"https:\/\/www.hagaberg.com\/fr\/wp-json\/wp\/v2\/pages\/5304\/revisions"}],"predecessor-version":[{"id":16952,"href":"https:\/\/www.hagaberg.com\/fr\/wp-json\/wp\/v2\/pages\/5304\/revisions\/16952"}],"wp:attachment":[{"href":"https:\/\/www.hagaberg.com\/fr\/wp-json\/wp\/v2\/media?parent=5304"}],"curies":[{"name":"wp","href":"https:\/\/api.w.org\/{rel}","templated":true}]}}