{"id":5224,"date":"2021-11-16T15:56:07","date_gmt":"2021-11-16T14:56:07","guid":{"rendered":"https:\/\/www.hagaberg.com\/a-propos-dhagaberg\/"},"modified":"2026-01-08T14:19:02","modified_gmt":"2026-01-08T13:19:02","slug":"a-propos-dhagaberg","status":"publish","type":"page","link":"https:\/\/www.hagaberg.com\/fr\/a-propos-dhagaberg\/","title":{"rendered":"A propos d&rsquo;Hagaberg"},"content":{"rendered":"\n\t<h1>A propos d&rsquo;Hagaberg<\/h1>\n<p>Aujourd&rsquo;hui, Hagaberg compte plus de 30 employ\u00e9s et est l&rsquo;un des principaux fabricants de positionneurs de fourche hydrauliques dans la r\u00e9gion nordique, avec plus de 30 000 accessoires produits depuis la cr\u00e9ation de l&rsquo;entreprise.<\/p>\n\t<h2>Histoire<\/h2>\n<p>L&rsquo;industrie manufacturi\u00e8re su\u00e9doise a une longue histoire et Hagaberg en fait parti. Fond\u00e9e dans la ferme familiale Hagaberg par Christer Granqvist en 1984, la soci\u00e9t\u00e9 s&rsquo;est rapidement sp\u00e9cialis\u00e9e dans les positionneurs de fourches int\u00e9gr\u00e9s et personnalis\u00e9s, un choix \u00e9vident pour les chariots \u00e9l\u00e9vateurs sur le march\u00e9 nordique. Un march\u00e9 qui, depuis longtemps, est \u00e0 l&rsquo;avant-garde en mati\u00e8re d&rsquo;innovation et de s\u00e9curit\u00e9 dans le domaine de la manutention.<\/p>\n\t<h2>Concept commercial<\/h2>\n<p>Hagaberg d\u00e9veloppe, fabrique et commercialise des accessoires pour chariots \u00e9l\u00e9vateurs \u00e0 fourche ainsi que des solutions de syst\u00e8mes dans le domaine de la manutention. Nous sommes un OEM et notre march\u00e9 domestique est la r\u00e9gion nordique\/baltique. Nous avons des activit\u00e9s dans toute l\u2019Europe et notre d\u00e9veloppement se fait en \u00e9troite collaboration avec nos clients et les utilisateurs finaux. Hagaberg est caract\u00e9ris\u00e9 par la fiabilit\u00e9 et l&rsquo;innovation combin\u00e9es \u00e0 une pens\u00e9e responsable et durable.<\/p>\n\t<h2>Vision<\/h2>\n<p>La vision d&rsquo;Hagaberg est d&rsquo;atteindre une pr\u00e9sence mondiale et de devenir un fabricant innovant de premier plan dans le domaine des positionneurs de fourches et des solutions de syst\u00e8mes connexes pour la manutention.<\/p>\n\t<h2>OEM<\/h2>\n<p>Nous nous concentrons sur les livraisons aux cha\u00eenes de production de chariots \u00e9l\u00e9vateurs et aux ateliers locaux, o\u00f9 nos unit\u00e9s sont int\u00e9gr\u00e9es dans le m\u00e2t du chariot \u00e9l\u00e9vateur. Nous sommes un fournisseur de produits de haute qualit\u00e9. Nos clients veulent s&rsquo;assurer que les accessoires am\u00e9liorent la productivit\u00e9 de l&rsquo;utilisateur final, ont de faibles co\u00fbts de maintenance et peuvent r\u00e9sister \u00e0 une utilisation continue dans des environnements exigeants.<\/p>\n\t<h2>Nous soutainons Le Fonds su\u00e9dois de lutte contre le cancer chez les enfants<\/h2>\n<p>Hagaberg soutient le Fonds su\u00e9dois pour le cancer de l&rsquo;enfant, une organisation dont la vision est d&rsquo;\u00e9radiquer le cancer de l&rsquo;enfant. Le Fonds pour le cancer de l&rsquo;enfant \u0153uvre quotidiennement \u00e0 la lutte contre le cancer de l&rsquo;enfant et veille \u00e0 ce que les enfants touch\u00e9s et leurs parents re\u00e7oivent les soins et le soutien dont ils ont besoin.<\/p>\n    <a href=\"https:\/\/www.barncancerfonden.se\" target=\"_blank\" rel=\"noopener noreferrer\">\n    <\/a>\n\t\t\t\t<img loading=\"lazy\" decoding=\"async\" src=\"https:\/\/www.hagaberg.com\/wp-content\/uploads\/2025\/01\/GorSomVi_2025_RGB_Bla.png\" alt=\"GorSomVi_2025_RGB_Bla\" itemprop=\"image\" height=\"472\" width=\"472\" title=\"GorSomVi_2025_RGB_Bla\" onerror=\"this.style.display='none'\"  \/>\n\t<h2>Nous soutenons la mission du WWF Su\u00e8de<\/h2>\n<p>Hagaberg soutient le WWF Su\u00e8de dans ses efforts pour pr\u00e9server la biodiversit\u00e9, r\u00e9duire la pollution et la consommation non durable, et promouvoir l&rsquo;utilisation durable des ressources naturelles renouvelables.<\/p>\n\t\t\t\t<img loading=\"lazy\" decoding=\"async\" src=\"https:\/\/www.hagaberg.com\/wp-content\/uploads\/2025\/01\/wwf0020_banner_640x180_2025.jpg\" alt=\"wwf0020_banner_640x180_2025\" itemprop=\"image\" height=\"180\" width=\"640\" title=\"wwf0020_banner_640x180_2025\" onerror=\"this.style.display='none'\"  \/>\n\t<h1>Fiabilit\u00e9<\/h1>\n\t<h2>Notre mani\u00e8re de travailler<\/h2>\n\t<h3>Qualit\u00e9<\/h3>\n<p>La qualit\u00e9 ne vient pas toute seule. Elle est toujours le r\u00e9sultat d&rsquo;exigences \u00e9lev\u00e9es, d&rsquo;une ex\u00e9cution intelligente, de cr\u00e9ativit\u00e9 et de savoir-faire. Nos produits sont robustes et fabriqu\u00e9s avec des composants durables, tels que des roulements m\u00e9talliques durables. Cela signifie une dur\u00e9e de vie plus longue et des co\u00fbts d\u2019entretien r\u00e9duits. Nous avons une production interne compl\u00e8te et nos d\u00e9lais de livraison sont courts.<\/p>\n\t<h3>Comp\u00e9tence de base<\/h3>\n<p>Nous sommes fiers d&rsquo;avoir notre propre d\u00e9veloppement et production. Notre d\u00e9partement de d\u00e9veloppement en Su\u00e8de est compos\u00e9 de collaborateurs qualifi\u00e9s et d\u00e9vou\u00e9s qui ont la capacit\u00e9 de mettre en \u0153uvre notre concept commercial. Hagaberg propose des produits offrant les meilleures performances en mati\u00e8re de s\u00e9curit\u00e9, de qualit\u00e9 et de fonctionnalit\u00e9. Hagaberg est une entreprise fiable et innovante. Nous l&rsquo;appelons tout simplement &#8211; Sweden Technology.<\/p>\n\t<h3>Des processus s\u00fbrs<\/h3>\n<p>Chez Hagaberg, nous dormons bien la nuit. Avec un personnel tr\u00e8s comp\u00e9tent et d\u00e9vou\u00e9, nous savons que nous cr\u00e9erons toujours les produits les meilleurs et les plus innovants. Nous sommes une \u00e9quipe soud\u00e9e qui croit \u00e0 la qualit\u00e9, \u00e0 l&rsquo;attention port\u00e9e aux d\u00e9tails et au fait que rien n&rsquo;est impossible. Notre processus de base est le soudage, pour lequel nous sommes certifi\u00e9s \u00e0 la fois pour les m\u00e9thodes et la qualit\u00e9. Nous sommes \u00e9galement soutenus dans notre travail quotidien et nos processus par des syst\u00e8mes de gestion de la qualit\u00e9 et de l&rsquo;environnement.<\/p>\n\t\t\t\t<img loading=\"lazy\" decoding=\"async\" src=\"https:\/\/www.hagaberg.com\/wp-content\/uploads\/2024\/12\/Certifikat-emblem-ISOx3-2.png\" alt=\"Certifikat emblem ISOx3\" itemprop=\"image\" height=\"684\" width=\"2189\" title=\"Certifikat emblem ISOx3\" onerror=\"this.style.display='none'\"  \/>\n\t<p>Les certificats s&rsquo;appliquent \u00e0 Hagabergs Mekaniska AB \u00e0 \u00c5kerv\u00e4gen 19 \u00e0 Askersund. D\u00e9signation de la propri\u00e9t\u00e9 Askersundsby 1:35, municipalit\u00e9 d&rsquo;Askersund.<\/p>\n\t<h3>Prix<\/h3>\n<p>Notre philosophie en mati\u00e8re de prix est tr\u00e8s simple. Il doit \u00eatre rentable pour vous de travailler avec Hagaberg. Nous n\u2019essayons pas de vous le cacher &#8211; il existe des concurrents moins chers sur le march\u00e9. Mais il y en a peu d&rsquo;autres qui peuvent produire des solutions personnalis\u00e9es uniques \u00e0 des prix aussi raisonnables. Lorsque vous faites affaire avec nous, vous pouvez \u00eatre s\u00fbr que vous obtenez les meilleurs produits du march\u00e9, au juste prix.<\/p>\n\t<h3>Directive op\u00e9rationnelle<\/h3>\n<p><a href=\"https:\/\/www.hagaberg.com\/wp-content\/uploads\/2020\/10\/Hagabergs-Mekaniska-AB-Verksamhetspolicy.pdf\" target=\"_blank\" rel=\"noopener noreferrer\">Ladda ner v\u00e5r verksamhetspolicy<\/a>.<\/p>\n\t<h1>INNOVATION<\/h1>\n\t<p>Pour nous, l&rsquo;innovation consiste \u00e0 nous perfectionner gr\u00e2ce \u00e0 de nouvelles id\u00e9es, m\u00e9thodes et produits. Il peut s&rsquo;agir de petites am\u00e9liorations uniques dans nos processus de production ou de nouvelles id\u00e9es concernant les services li\u00e9s \u00e0 la livraison de nos accessoires. Le plus important est d&rsquo;augmenter constamment les b\u00e9n\u00e9fices pour le client. Vous trouverez ci-dessous quelques exemples d&rsquo;innovations de Hagaberg.<\/p>\n\t\t\t<img decoding=\"async\" src=\"https:\/\/www.hagaberg.com\/wp-content\/uploads\/2019\/10\/Hagabergbildspel4-1.jpg\" alt=\"\" \/>\t\t\t\n\t\t\t<img decoding=\"async\" src=\"https:\/\/www.hagaberg.com\/wp-content\/uploads\/2019\/10\/Hagabergbildspel2-1.jpg\" alt=\"\" \/>\t\t\t\n\t\t\t<img decoding=\"async\" src=\"https:\/\/www.hagaberg.com\/wp-content\/uploads\/2020\/02\/aggregat-sprangskiss-884x1024.jpg\" alt=\"\" \/>\t\t\t\n\t<h3>L&rsquo;application de pi\u00e8ces d\u00e9tach\u00e9es<\/h3>\n<p>Un service et une m\u00e9thode innovants pour une commande rapide, efficace et s\u00fbre des pi\u00e8ces de rechange pour un accessoire. L&rsquo;application relie le num\u00e9ro de s\u00e9rie avec le sch\u00e9ma correct. Les composants peuvent \u00eatre ajout\u00e9s au panier et command\u00e9s directement.<\/p>\n\t<h3>Positionneur de frourche avec tube en C<\/h3>\n<p>Hagaberg dispose depuis de nombreuses ann\u00e9es une protection des sch\u00e9mas de conception unique des positionneurs de fourches avec tube en C, notre s\u00e9rie D. Cette construction se caract\u00e9rise, entre autres, par un poids nettement inf\u00e9rieur \u00e0 celui d\u2019un accessoire similaire, ce qui se traduit par une capacit\u00e9 r\u00e9siduelle plus \u00e9lev\u00e9e. La construction permet \u00e9galement une manipulation \u00e0 pinces sans renforts suppl\u00e9mentaires.<\/p>\n\t\t\t\t<img loading=\"lazy\" decoding=\"async\" src=\"https:\/\/www.hagaberg.com\/wp-content\/uploads\/2021\/03\/C-02-detalj-1024x819.png\" alt=\"C-02-detalj\" itemprop=\"image\" height=\"819\" width=\"1024\" title=\"C-02-detalj\" onerror=\"this.style.display='none'\"  \/>\n<h2>\n\t\tS\u00e9curit\u00e9 du lieu de travail\n\t<\/h2>\n\t<p>Notre conception du lieu de travail s\u00fbr concerne \u00e0 la fois le conducteur et les personnes qui travaillent \u00e0 proximit\u00e9 de la machine. Les accessoires sont con\u00e7us pour offrir une visibilit\u00e9 parfaite au conducteur, ce qui accro\u00eet la s\u00e9curit\u00e9 sur le lieu de travail. Une bonne visibilit\u00e9 r\u00e9duit \u00e9galement le risque de collision avec les mat\u00e9riaux, les \u00e9quipements de l&rsquo;entrep\u00f4t, les camions, les portes, etc.<\/p>\n<p>Cependant, dans certaines situations et certains environnements, il est n\u00e9cessaire d&rsquo;avoir un compl\u00e9ment de produits optionnels intelligents qui augmentent la s\u00e9curit\u00e9 de l&rsquo;op\u00e9ration sp\u00e9cifique. Hagaberg propose une gamme unique de produits et d&rsquo;accessoires optionnels qui peuvent \u00eatre incorpor\u00e9s dans la solution finale.<\/p>\n\t<p>Cam\u00e9ra lat\u00e9rale sur la fourche, indicateurs laser sur la lame de la fourche, contr\u00f4le du poids de la charge et diff\u00e9rents types de fourches d&rsquo;extension hydrauliques et manuelles ne sont que quelques-uns des produits que nous pouvons ajouter \u00e0 une solution optimis\u00e9e et s\u00fbre. N&rsquo;h\u00e9sitez pas \u00e0 consulter les produits <a href=\"..\/smartforks\/\">SmartFork\u00ae<\/a> o\u00f9 nous pouvons d\u00e9velopper et proposer une solution compl\u00e8te.<\/p>\n<h2>\n\t\tMarque et logos\n\t<\/h2>\n\t<p>Le logo de Hagaberg du mot \u00ab\u00a0Hagaberg\u00a0\u00bb o\u00f9 le H a pris la forme d&rsquo;une paire de fourches.<\/p>\n\t\t\t\t<img loading=\"lazy\" decoding=\"async\" src=\"https:\/\/www.hagaberg.com\/wp-content\/uploads\/2019\/08\/Hagaberg-Bla\u030a-300x64.png\" alt=\"Hagaberg Bla\u030a\" itemprop=\"image\" height=\"64\" width=\"300\" title=\"Hagaberg Bla\u030a\" onerror=\"this.style.display='none'\"  \/>\n\t<p>La marque Hagaberg est un engagement envers ses clients.<\/p>\n\t\t\t\t<img loading=\"lazy\" decoding=\"async\" src=\"https:\/\/www.hagaberg.com\/wp-content\/uploads\/2019\/11\/Payoff-1-rad-Bla\u030aram-NY-750px-300x66.png\" alt=\"Payoff-1-rad-Bla\u030a+ram-NY-750px\" itemprop=\"image\" height=\"66\" width=\"300\" title=\"Payoff-1-rad-Bla\u030a+ram-NY-750px\" onerror=\"this.style.display='none'\"  \/>\n\t<p>\u201cRELIABILITY + INNOVATION\u201d est au c\u0153ur de la marque Hagaberg. Hagaberg fabrique des produits fiables et est une entreprise innovante sur son march\u00e9.<\/p>\n<p>&nbsp;<\/p>\n\tHITTA R\u00c4TT<br \/>\n<strong>MASKIN<\/strong>\n\t\t\t\t<a href=\"https:\/\/www.hagaberg.com\/produkter\/\" target=\"_self\" itemprop=\"url\" rel=\"noopener noreferrer\">\n\t\t\t\t<img loading=\"lazy\" decoding=\"async\" src=\"https:\/\/www.hagaberg.com\/wp-content\/uploads\/2019\/05\/shutterstock_55429804-1024x680.jpg\" alt=\"shutterstock_55429804\" itemprop=\"image\" height=\"680\" width=\"1024\" title=\"shutterstock_55429804\" onerror=\"this.style.display='none'\"  \/>\n\t\t\t\t<\/a>\n<h3><a href=\"https:\/\/www.hagaberg.com\/produkter\/\" target=\"_self\" rel=\"noopener noreferrer\"><\/a><\/h3>\t\t\n\t\t\t<p>Spridaraggregat, gafflar, tillbeh\u00f6r, kameror, sensorer och systeml\u00f6sningar av h\u00f6gsta kvalitet, som \u00f6kar b\u00e5de effektiviteten och s\u00e4kerheten. I v\u00e5rt breda och djupa sortiment finns l\u00f6sningar p\u00e5 m\u00e5nga materialhanteringsbehov.<\/p>\n\tHITTA R\u00c4TT<br \/>\n<strong>BRANSCH<\/strong>\n\t\t\t\t<a href=\"https:\/\/www.hagaberg.com\/applikationer\/\" target=\"_self\" itemprop=\"url\" rel=\"noopener noreferrer\">\n\t\t\t\t<img loading=\"lazy\" decoding=\"async\" src=\"https:\/\/www.hagaberg.com\/wp-content\/uploads\/2019\/05\/shutterstock_726895093.jpg\" alt=\"shutterstock_726895093\" itemprop=\"image\" height=\"667\" width=\"1000\" title=\"shutterstock_726895093\" onerror=\"this.style.display='none'\"  \/>\n\t\t\t\t<\/a>\n<h3><a href=\"https:\/\/www.hagaberg.com\/applikationer\/\" target=\"_self\" rel=\"noopener noreferrer\"><\/a><\/h3>\t\t\n\t\t\t<p>Vi utvecklar fr\u00e5n grunden en m\u00e4ngd applikations-anpassade produkter samt branschspecifika l\u00f6sningar. Men hj\u00e4lp av v\u00e5ra egna konstrukt\u00f6rer tar vi \u00e4ven fram kundanpassade produkter och skr\u00e4ddarsydda l\u00f6sningar.<\/p>\n\t<p>HITTA R\u00c4TT <strong>MONTERING<\/strong><\/p>\n\t\t\t\t<a href=\"https:\/\/www.hagaberg.com\/?page_id=12\" target=\"_self\" itemprop=\"url\" rel=\"noopener noreferrer\">\n\t\t\t\t<img loading=\"lazy\" decoding=\"async\" src=\"https:\/\/www.hagaberg.com\/wp-content\/uploads\/2019\/05\/shutterstock_628615613.jpg\" alt=\"shutterstock_628615613\" itemprop=\"image\" height=\"656\" width=\"1000\" title=\"shutterstock_628615613\" onerror=\"this.style.display='none'\"  \/>\n\t\t\t\t<\/a>\n<h3><a href=\"https:\/\/www.hagaberg.com\/?page_id=12\" target=\"_self\" rel=\"noopener noreferrer\"><\/a><\/h3>\t\t\n\t\t\t<p>Hagabergs tj\u00e4nster hj\u00e4lper b\u00e5de OEM-kunder och slutanv\u00e4ndare att s\u00e4kra information om produkterna under hela livscykeln och samtidigt \u00f6ka produktiviteten.<\/p>\n\tVI HJ\u00c4LPER<br \/>\nDIG MED R\u00c4TT <strong>AGGREGAT<\/strong>\n\t\t\t<a href=\"https:\/\/www.hagaberg.com\/kontakt\/\" target=\"_self\" role=\"button\" rel=\"noopener noreferrer\">\n\t\t\t\t\t\t\tKONTAKTA OSS\n\t\t\t\t\t<\/a>\n\t\n<p><strong>NYHETER<\/strong><\/p>\n\t\t\t<a href=\"https:\/\/www.hagaberg.com\/nyheter\/\" target=\"_self\" role=\"button\" rel=\"noopener noreferrer\">\n\t\t\t\t\t\t\tL\u00c4S MER\n\t\t\t\t\t<\/a>\n\tVill du bli<br \/>\nen av oss?<br \/>\n<strong>LEDIGA JOBB<\/strong>\n\t\t\t<a href=\"https:\/\/www.hagaberg.com\/lediga-jobb\/\" target=\"_self\" role=\"button\" rel=\"noopener noreferrer\">\n\t\t\t\t\t\t\tL\u00c4S MER\n\t\t\t\t\t<\/a>\n","protected":false},"excerpt":{"rendered":"<p>A propos d&rsquo;Hagaberg Aujourd&rsquo;hui, Hagaberg compte plus de 30 employ\u00e9s et est l&rsquo;un des principaux fabricants de positionneurs de fourche hydrauliques dans la r\u00e9gion nordique, avec plus de 30 000 accessoires produits depuis la cr\u00e9ation de l&rsquo;entreprise. Histoire L&rsquo;industrie manufacturi\u00e8re su\u00e9doise a une longue histoire et Hagaberg en fait parti. Fond\u00e9e dans la ferme familiale [&hellip;]<\/p>\n","protected":false},"author":1,"featured_media":0,"parent":0,"menu_order":0,"comment_status":"closed","ping_status":"closed","template":"","meta":{"_genesis_hide_title":false,"_genesis_hide_breadcrumbs":false,"_genesis_hide_singular_image":false,"_genesis_hide_footer_widgets":false,"_genesis_custom_body_class":"","_genesis_custom_post_class":"","_genesis_layout":"","footnotes":""},"class_list":{"0":"post-5224","1":"page","2":"type-page","3":"status-publish","5":"entry"},"_links":{"self":[{"href":"https:\/\/www.hagaberg.com\/fr\/wp-json\/wp\/v2\/pages\/5224","targetHints":{"allow":["GET"]}}],"collection":[{"href":"https:\/\/www.hagaberg.com\/fr\/wp-json\/wp\/v2\/pages"}],"about":[{"href":"https:\/\/www.hagaberg.com\/fr\/wp-json\/wp\/v2\/types\/page"}],"author":[{"embeddable":true,"href":"https:\/\/www.hagaberg.com\/fr\/wp-json\/wp\/v2\/users\/1"}],"replies":[{"embeddable":true,"href":"https:\/\/www.hagaberg.com\/fr\/wp-json\/wp\/v2\/comments?post=5224"}],"version-history":[{"count":24,"href":"https:\/\/www.hagaberg.com\/fr\/wp-json\/wp\/v2\/pages\/5224\/revisions"}],"predecessor-version":[{"id":16946,"href":"https:\/\/www.hagaberg.com\/fr\/wp-json\/wp\/v2\/pages\/5224\/revisions\/16946"}],"wp:attachment":[{"href":"https:\/\/www.hagaberg.com\/fr\/wp-json\/wp\/v2\/media?parent=5224"}],"curies":[{"name":"wp","href":"https:\/\/api.w.org\/{rel}","templated":true}]}}