{"id":5215,"date":"2021-11-15T15:49:54","date_gmt":"2021-11-15T14:49:54","guid":{"rendered":"https:\/\/www.hagaberg.com\/applications\/"},"modified":"2022-06-14T15:45:12","modified_gmt":"2022-06-14T13:45:12","slug":"applications","status":"publish","type":"page","link":"https:\/\/www.hagaberg.com\/fr\/applications\/","title":{"rendered":"Applications"},"content":{"rendered":"\n<p><strong>APPLIKATIONER<\/strong><\/p>\n<p>Vi utvecklar fr\u00e5n grunden en m\u00e4ngd applikationsanpassade produkter samt branschspecifika l\u00f6sningar. Vi har dessutom n\u00e4rmast gr\u00e4nsl\u00f6sa resurser till skr\u00e4ddarsydda l\u00f6sningar.<\/p>\n<p>Hagaberg har egen konstruktionsavdelning och en egen produktionslina f\u00f6r specialtillverkning, som till exempel ombyggnader av master och hytter. Det ger flexibilitet genom hela produktionskedjan samt merv\u00e4rden som korta ledtider, full tillg\u00e5ng till reservdelar och r\u00e5dgivning f\u00f6re och efter tillverkning.<\/p>\n<h2>Livsmedel<br>Kundcase: Findus<\/h2>\n<p><strong>M\u00e5let var att fathanteringen g\u00e4llande ingredienser till tillverkning av pastas\u00e5s skulle effektiviseras.<\/strong><br><strong>Utmaningen satt b\u00e5de i funktionen f\u00f6r att lyfta faten samt start\/stopp funktion vid t\u00f6mning.<\/strong> <img loading=\"lazy\" decoding=\"async\" title=\"Findus\" src=\"https:\/\/www.hagaberg.com\/wp-content\/uploads\/2019\/09\/Findus.jpg\" alt=\"Findus\" width=\"850\" height=\"720\"> Findus Sverige \u00e4r marknadsledande inom frysta gr\u00f6nsaker, fisk, och lagade r\u00e4tter i Sverige.<br>Bolaget grundades 1941 och har en oms\u00e4ttning p\u00e5 2,6 mrd kronor och syssels\u00e4tter 220 medarbetare i Sverige.<br>Findus Sverige ing\u00e5r i Nomad Foods Europe (NFE), V\u00e4steuropas st\u00f6rsta livsmedelsbolag inom kategorin fryst mat. Bolaget har 4 300 medarbetare i 15 l\u00e4nder<br>samt 10 egna fabriker i Europa. Till ledstaplaren konstruerades och tillverkades ett helt skr\u00e4ddarsytt kl\u00e4maggregat av modellen &#8211; Dubbel C-profil. Ist\u00e4llet f\u00f6r gafflar utrustades aggregatet med armar av fyrkantsr\u00f6r, som i sin tur utrustades med en kl\u00e4mma, med fj\u00e4drande konkava plattor, f\u00f6r att greppa om faten.<br>Detta f\u00f6r att p\u00e5 ett mjukt och s\u00e4kert s\u00e4tt kunna lyfta faten.<br>Vidare s\u00e5 utvecklades en tippfunktion (rotation) s\u00e5 att n\u00e4r fatet lyftes och flyttades till r\u00e4tt process i tillverkningen, s\u00e5 kunde operat\u00f6ren enkelt t\u00f6mma fatet direkt via trucken.<br>I till\u00e4gg fick reglaget som styrde tippfunktionen en start\/stopp knapp s\u00e5 att operat\u00f6ren kunde anv\u00e4nda funktionen f\u00f6r att dosera. \u00c4ven h\u00e4r var det viktigt med b\u00e5de en mjuk rotation och start\/stopp.<\/p>\n<p>&nbsp;<\/p>\n<h2>Massa och papper<br>Kundcase: Daily Mirror<\/h2>\n<p><strong>Daily Mirror, som grundades 1903, \u00e4r utgiven av MGN Ltd, som \u00e4r en del av Reach PLC. Reach PLC \u00e4r Storbritaniens st\u00f6rsta dagstidning, magasin och digitala utgivare, som med sina tryckta och digitala publikationer n\u00e5r 38,6 miljoner l\u00e4sare varje m\u00e5nad.<\/strong><br><strong>Reach PLC\u2019s publikationer str\u00e4cker sig \u00f6ver England, Skottland och Wales, med \u00f6ver 150 dagstidningar och mer \u00e4n 80 websajter.<\/strong> M\u00e5let var ett aggregat som b\u00e5de smidigt och s\u00e4kert kunde hantera pappersrullar.<br>Specifika krav var att gafflarna skulle vara v\u00e4ldigt sl\u00e4ta f\u00f6r att minska risken f\u00f6r att f\u00e5 skador p\u00e5 pappersrullarna samt att det inte fick vara n\u00e5gon hydraulik. AGV trucken utrustades med ett skr\u00e4ddarsytt gaffelspridningsaggregat av Pin-type modell med tv\u00e5 axlar. F\u00f6r att uppn\u00e5 friktionskravet konstruerades vinklade gafflar med pl\u00e5tar av rostfritt st\u00e5l som blankpolerades.<br>Det fick inte vara n\u00e5gon styrning av aggregatet med hydraulik, d\u00e4rf\u00f6r konstruerades en l\u00f6sning med sn\u00e4ckv\u00e4xel och kulskruvar som styrdes via en elmotor.<\/p>\n<p>I till\u00e4gg under projektet fick vi \u00e4ven uppdraget att tillverka och montera chassit (enligt kundens ritning) p\u00e5 truckarna.<\/p>\n<p><img loading=\"lazy\" decoding=\"async\" title=\"Daily_Mirror\" src=\"https:\/\/www.hagaberg.com\/wp-content\/uploads\/2019\/09\/Daily_Mirror.jpg\" alt=\"Daily_Mirror\" width=\"522\" height=\"824\"><\/p>\n<h2>Mastombyggnad<\/h2>\n<p><strong>Vi konstruerar l\u00f6pande s.k. frisiktsstativ. De detaljerade \u00f6nskem\u00e5len fr\u00e5n kunderna har skiljt sig n\u00e5got \u00e5t, varf\u00f6r modellerna inte \u00e4r identiska. Grundf\u00f6r\u00e4ndringen \u00e4r dock densamma, att stativets mittcylinder \u00e4r utbytt mot tv\u00e5 stycken mindre cylindrar. I detta fall \u00e4r de placerade p\u00e5 stativets yttersida och p\u00e5 s\u00e5 s\u00e4tt \u00f6kar den fria sikten f\u00f6r f\u00f6raren.<\/strong><\/p>\n<p><img loading=\"lazy\" decoding=\"async\" title=\"Special-001\" src=\"https:\/\/www.hagaberg.com\/wp-content\/uploads\/2019\/09\/Special-001-1.jpg\" alt=\"Special-001\" width=\"566\" height=\"842\"><\/p>\n<h2>&nbsp;<\/h2>\n<p><strong>P\u00c5LITLIGHET OCH INNOVATION<\/strong><\/p>\n<p>Hagaberg \u00e4r en ledande leverant\u00f6r av hydrauliska integrerade gaffelspridarggregat och relaterade produkter. Den unika konstruktionen och funktionen med bland annat suver\u00e4n genomiskt f\u00f6r f\u00f6raren g\u00f6r v\u00e5ra aggregat till det perfekta valet af\u00f6r det flesta truckar och entreprenadmaskiner &#8211; oavsett fabrikat eller modell.<\/p>\n<p>HITTA R\u00c4TT<br><strong>MASKIN<\/strong> <a href=\"https:\/\/www.hagaberg.com\/fr\/produits\/\" target=\"_self\" rel=\"noopener noreferrer\"> <img loading=\"lazy\" decoding=\"async\" title=\"shutterstock_55429804\" src=\"https:\/\/www.hagaberg.com\/wp-content\/uploads\/2019\/05\/shutterstock_55429804-1024x680.jpg\" alt=\"shutterstock_55429804\" width=\"1024\" height=\"680\"> <\/a><\/p>\n<h3>&nbsp;<\/h3>\n<p>Spridaraggregat, gafflar, tillbeh\u00f6r, kameror, sensorer och systeml\u00f6sningar av h\u00f6gsta kvalitet, som \u00f6kar b\u00e5de effektiviteten och s\u00e4kerheten. I v\u00e5rt breda och djupa sortiment finns l\u00f6sningar p\u00e5 m\u00e5nga materialhanteringsbehov.<\/p>\n<p>HITTA R\u00c4TT<br><strong>BRANSCH<\/strong> <a href=\"https:\/\/www.hagaberg.com\/fr\/applications\/\" target=\"_self\" rel=\"noopener noreferrer\"> <img loading=\"lazy\" decoding=\"async\" title=\"shutterstock_726895093\" src=\"https:\/\/www.hagaberg.com\/wp-content\/uploads\/2019\/05\/shutterstock_726895093.jpg\" alt=\"shutterstock_726895093\" width=\"1000\" height=\"667\"> <\/a><\/p>\n<h3>&nbsp;<\/h3>\n<p>Vi utvecklar fr\u00e5n grunden en m\u00e4ngd applikations-anpassade produkter samt branschspecifika l\u00f6sningar. Men hj\u00e4lp av v\u00e5ra egna konstrukt\u00f6rer tar vi \u00e4ven fram kundanpassade produkter och skr\u00e4ddarsydda l\u00f6sningar.<\/p>\n<p>HITTA R\u00c4TT <strong>MONTERING<\/strong><\/p>\n<p><a href=\"https:\/\/www.hagaberg.com\/fr\/?page_id=5463\" target=\"_self\" rel=\"noopener noreferrer\"> <img loading=\"lazy\" decoding=\"async\" title=\"shutterstock_628615613\" src=\"https:\/\/www.hagaberg.com\/wp-content\/uploads\/2019\/05\/shutterstock_628615613.jpg\" alt=\"shutterstock_628615613\" width=\"1000\" height=\"656\"> <\/a><\/p>\n<h3>&nbsp;<\/h3>\n<p>Hagabergs tj\u00e4nster hj\u00e4lper b\u00e5de OEM-kunder och slutanv\u00e4ndare att s\u00e4kra information om produkterna under hela livscykeln och samtidigt \u00f6ka produktiviteten.<\/p>\n<p>VI HJ\u00c4LPER<br>DIG MED R\u00c4TT <strong>AGGREGAT<\/strong> <a role=\"button\" href=\"https:\/\/www.hagaberg.com\/fr\/contacts\/\" target=\"_self\" rel=\"noopener noreferrer\"> KONTAKTA OSS <\/a><\/p>\n<p><strong>NYHETER<\/strong><\/p>\n<p><a role=\"button\" href=\"https:\/\/www.hagaberg.com\/fr\/nouvelles\/\" target=\"_self\" rel=\"noopener noreferrer\"> L\u00c4S MER <\/a> Vill du bli<br>en av oss?<br><strong>LEDIGA JOBB<\/strong> <a role=\"button\" href=\"https:\/\/www.hagaberg.com\/fr\/carriere\/\" target=\"_self\" rel=\"noopener noreferrer\"> L\u00c4S MER <\/a><\/p>\n","protected":false},"excerpt":{"rendered":"<p>APPLIKATIONER Vi utvecklar fr\u00e5n grunden en m\u00e4ngd applikationsanpassade produkter samt branschspecifika l\u00f6sningar. Vi har dessutom n\u00e4rmast gr\u00e4nsl\u00f6sa resurser till skr\u00e4ddarsydda l\u00f6sningar. Hagaberg har egen konstruktionsavdelning och en egen produktionslina f\u00f6r specialtillverkning, som till exempel ombyggnader av master och hytter. Det ger flexibilitet genom hela produktionskedjan samt merv\u00e4rden som korta ledtider, full tillg\u00e5ng till reservdelar och [&hellip;]<\/p>\n","protected":false},"author":1,"featured_media":0,"parent":0,"menu_order":0,"comment_status":"closed","ping_status":"closed","template":"","meta":{"_genesis_hide_title":false,"_genesis_hide_breadcrumbs":false,"_genesis_hide_singular_image":false,"_genesis_hide_footer_widgets":false,"_genesis_custom_body_class":"","_genesis_custom_post_class":"","_genesis_layout":"","footnotes":""},"class_list":{"0":"post-5215","1":"page","2":"type-page","3":"status-publish","5":"entry"},"_links":{"self":[{"href":"https:\/\/www.hagaberg.com\/fr\/wp-json\/wp\/v2\/pages\/5215","targetHints":{"allow":["GET"]}}],"collection":[{"href":"https:\/\/www.hagaberg.com\/fr\/wp-json\/wp\/v2\/pages"}],"about":[{"href":"https:\/\/www.hagaberg.com\/fr\/wp-json\/wp\/v2\/types\/page"}],"author":[{"embeddable":true,"href":"https:\/\/www.hagaberg.com\/fr\/wp-json\/wp\/v2\/users\/1"}],"replies":[{"embeddable":true,"href":"https:\/\/www.hagaberg.com\/fr\/wp-json\/wp\/v2\/comments?post=5215"}],"version-history":[{"count":4,"href":"https:\/\/www.hagaberg.com\/fr\/wp-json\/wp\/v2\/pages\/5215\/revisions"}],"predecessor-version":[{"id":7664,"href":"https:\/\/www.hagaberg.com\/fr\/wp-json\/wp\/v2\/pages\/5215\/revisions\/7664"}],"wp:attachment":[{"href":"https:\/\/www.hagaberg.com\/fr\/wp-json\/wp\/v2\/media?parent=5215"}],"curies":[{"name":"wp","href":"https:\/\/api.w.org\/{rel}","templated":true}]}}