{"id":5172,"date":"2021-11-11T09:15:18","date_gmt":"2021-11-11T08:15:18","guid":{"rendered":"https:\/\/www.hagaberg.com\/produits\/fourches\/"},"modified":"2025-01-20T19:36:14","modified_gmt":"2025-01-20T18:36:14","slug":"fourches","status":"publish","type":"page","link":"https:\/\/www.hagaberg.com\/fr\/produits\/fourches\/","title":{"rendered":"Fourches"},"content":{"rendered":"<h1>\n\t\tFourches\n\t<\/h1>\n<h2>\n\t\tFourches\n\t<\/h2>\n\t<p><strong>A l\u2019origine les accessoires sont \u00e9quip\u00e9s de fourches standard de haute qualit\u00e9.<\/strong><\/p>\n<p>Notre vaste gamme d\u2019option de fourches offre des produits pour des levages sp\u00e9cifiques et avec des fonctions diverses. Pour les travaux variables avec diff\u00e9rentes dimensions de palettes et de cargaisons, ainsi que pour le stockage simple et double, nos fourches \u00e0 extension sont le choix id\u00e9al. Nous proposons \u00e9galement une gamme compl\u00e8te de fourches ISO et de fourches pour plaques porteuses, utilis\u00e9es avec une suspension dite Terminal West (TWS). En outre, nous proposons \u00e9galement des fourches sp\u00e9ciales avec d&rsquo;autres dimensions, formes, pointes, etc. Si vous \u00eates \u00e0 la recherche de la solution logistique la plus s\u00fbre et la plus efficace, veuillez consulter l&rsquo;onglet SmartFork\u00ae.\u00a0<\/p>\n<h2>\n\t\tFourches standards\n\t<\/h2>\n\t\t\t\t<a href=\"https:\/\/www.hagaberg.com\/fr\/produits\/fourches\/fourches-standards\/\" target=\"_self\" itemprop=\"url\" rel=\"noopener noreferrer\">\n\t\t\t\t<img loading=\"lazy\" decoding=\"async\" src=\"https:\/\/www.hagaberg.com\/wp-content\/uploads\/2022\/04\/f-e-c-gafflar-650x450.png\" alt=\"f-e-c-gafflar-650x450\" itemprop=\"image\" height=\"450\" width=\"650\" title=\"f-e-c-gafflar-650x450\" onerror=\"this.style.display='none'\"  \/>\n\t\t\t\t<\/a>\n\t<strong>Fourches originales en diff\u00e9rentes longueurs<br \/>\n<\/strong>Une adaptation peut consister \u00e0 choisir une longueur de fourche mieux adapt\u00e9e \u00e0 l&rsquo;application\n\t\t\t<a href=\"https:\/\/www.hagaberg.com\/fr\/produits\/fourches\/fourches-standards\/\" target=\"_self\" role=\"button\" rel=\"noopener noreferrer\">\n\t\t\t\t\t\t\tVers les fourches\n\t\t\t<\/a>\n<h2>\n\t\tFourches ISO\n\t<\/h2>\n\t\t\t\t<a href=\"https:\/\/www.hagaberg.com\/fr\/produits\/fourches\/fourches-iso\/\" target=\"_self\" itemprop=\"url\" rel=\"noopener noreferrer\">\n\t\t\t\t<img loading=\"lazy\" decoding=\"async\" src=\"https:\/\/www.hagaberg.com\/wp-content\/uploads\/2021\/12\/miniatyr-iso-forks.png\" alt=\"miniatyr-iso-forks\" itemprop=\"image\" height=\"450\" width=\"650\" title=\"miniatyr-iso-forks\" onerror=\"this.style.display='none'\"  \/>\n\t\t\t\t<\/a>\n\t<b>Fourches \u00e0 suspension standardis\u00e9e<br \/>\n<\/b>Ces fourches conviennent \u00e0 nos tabliers \u00e0 d\u00e9placement lat\u00e9ral et lorsque vous devez remplacer la fourche standard du chariot \u00e9l\u00e9vateur\n\t\t\t<a href=\"https:\/\/www.hagaberg.com\/fr\/produits\/fourches\/fourches-iso\/\" target=\"_self\" role=\"button\" rel=\"noopener noreferrer\">\n\t\t\t\t\t\t\tVers ISO\n\t\t\t<\/a>\n<h2>\n\t\tFourches levantes et descendantes\n\t<\/h2>\n\t\t\t\t<a href=\"https:\/\/www.hagaberg.com\/fr\/produits\/fourches\/fourche-levante-et-descendante\/\" target=\"_self\" itemprop=\"url\" rel=\"noopener noreferrer\">\n\t\t\t\t<img loading=\"lazy\" decoding=\"async\" src=\"https:\/\/www.hagaberg.com\/wp-content\/uploads\/2021\/12\/miniatyr-ld-1-forks-3.png\" alt=\"miniatyr-ld-1-forks\" itemprop=\"image\" height=\"450\" width=\"650\" title=\"miniatyr-ld-1-forks\" onerror=\"this.style.display='none'\"  \/>\n\t\t\t\t<\/a>\n\t<b>Fourche \u00e0 nivellement hydraulique<br \/>\n<\/b>Contr\u00f4le hydraulique du niveau pour compenser les terrains accident\u00e9s et les charges in\u00e9gales non plac\u00e9es horizontalement\n\n\t\t\t<a href=\"https:\/\/www.hagaberg.com\/fr\/produits\/fourches\/fourche-levante-et-descendante\/\" target=\"_self\" role=\"button\" rel=\"noopener noreferrer\">\n\t\t\t\t\t\t\tVers les fourches levantes et descendantes\n\t\t\t<\/a>\n<h2>\n\t\tManuTel\u00ae\n\t<\/h2>\n\t\t\t\t<a href=\"https:\/\/www.hagaberg.com\/fr\/produits\/fourches\/manutel\/\" target=\"_self\" itemprop=\"url\" rel=\"noopener noreferrer\">\n\t\t\t\t<img loading=\"lazy\" decoding=\"async\" src=\"https:\/\/www.hagaberg.com\/wp-content\/uploads\/2021\/12\/miniatyr-manutel.png\" alt=\"miniatyr-manutel\" itemprop=\"image\" height=\"450\" width=\"650\" title=\"miniatyr-manutel\" onerror=\"this.style.display='none'\"  \/>\n\t\t\t\t<\/a>\n\t<p><b>Fourches t\u00e9lescopiques manuelles <\/b>Rallonges \u00e0 port\u00e9e de main et pr\u00eates \u00e0 l\u2019emploi en un rien de temps<\/p>\n\t\t\t<a href=\"https:\/\/www.hagaberg.com\/fr\/produits\/fourches\/manutel\/\" target=\"_self\" role=\"button\" rel=\"noopener noreferrer\">\n\t\t\t\t\t\t\tVers les ManuTel\u00ae\n\t\t\t<\/a>\n<h2>\n\t\tBELUGA\n\t<\/h2>\n\t\t\t\t<a href=\"\/fr\/?page_id=6171\" target=\"_self\" itemprop=\"url\" rel=\"noopener noreferrer\">\n\t\t\t\t<img loading=\"lazy\" decoding=\"async\" src=\"https:\/\/www.hagaberg.com\/wp-content\/uploads\/2021\/12\/miniatyr-beluga.png\" alt=\"miniatyr-beluga\" itemprop=\"image\" height=\"450\" width=\"650\" title=\"miniatyr-beluga\" onerror=\"this.style.display='none'\"  \/>\n\t\t\t\t<\/a>\n\t<strong>S\u00e9curit\u00e9 au travail<br \/>\n<\/strong>Le bord arrondi de la pointe de la fourche r\u00e9duit le risque d&rsquo;endommager les marchandises. Egalement en zones Atex!\n\t\t\t<a href=\"\/fr\/?page_id=6171\" target=\"_self\" role=\"button\" rel=\"noopener noreferrer\">\n\t\t\t\t\t\t\tVers les BELUGA\n\t\t\t<\/a>\n<h2>\n\t\tProtect\n\t<\/h2>\n\t\t\t\t<a href=\"https:\/\/www.hagaberg.com\/fr\/produits\/fourches\/protect\/\" target=\"_self\" itemprop=\"url\" rel=\"noopener noreferrer\">\n\t\t\t\t<img loading=\"lazy\" decoding=\"async\" src=\"https:\/\/www.hagaberg.com\/wp-content\/uploads\/2021\/12\/miniatyr-protect.png\" alt=\"miniatyr-protect\" itemprop=\"image\" height=\"450\" width=\"650\" title=\"miniatyr-protect\" onerror=\"this.style.display='none'\"  \/>\n\t\t\t\t<\/a>\n\t<b>La meilleure protection lors du transport de marchandises<br \/>\n<\/b>PROTECT prot\u00e8ge les surfaces sensibles, r\u00e9duisent les vibrations et \u00e9vitent de mani\u00e8re significative les dommages aux marchandises.\n\n\t\t\t<a href=\"https:\/\/www.hagaberg.com\/fr\/produits\/fourches\/protect\/\" target=\"_self\" role=\"button\" rel=\"noopener noreferrer\">\n\t\t\t\t\t\t\tVers Protect\n\t\t\t<\/a>\n<h2>\n\t\tRev\u00eatements DuplEx\n\t<\/h2>\n\t\t\t\t<a href=\"https:\/\/www.hagaberg.com\/fr\/produits\/fourches\/duplex\/\" target=\"_self\" itemprop=\"url\" rel=\"noopener noreferrer\">\n\t\t\t\t<img loading=\"lazy\" decoding=\"async\" src=\"https:\/\/www.hagaberg.com\/wp-content\/uploads\/2021\/12\/miniatyr-duplex-1.png\" alt=\"miniatyr-duplex\" itemprop=\"image\" height=\"450\" width=\"650\" title=\"miniatyr-duplex\" onerror=\"this.style.display='none'\"  \/>\n\t\t\t\t<\/a>\n\t<b>Fourches antid\u00e9flagrantes avec un indicateur d\u2019usure<br \/>\n<\/b>En utilisant des mat\u00e9riaux de diff\u00e9rentes couleurs (laiton et acier inoxydable), l\u2019usure peut \u00eatre d\u00e9termin\u00e9e imm\u00e9diatement en un coup d&rsquo;\u0153il\n\n\t\t\t<a href=\"https:\/\/www.hagaberg.com\/fr\/produits\/fourches\/duplex\/\" target=\"_self\" role=\"button\" rel=\"noopener noreferrer\">\n\t\t\t\t\t\t\tVers Rev\u00eatements Duplex\n\t\t\t<\/a>\n<h2>\n\t\tRev\u00eatements en acier inoxydable PROTECT\n\t<\/h2>\n\t\t\t\t<a href=\"https:\/\/www.hagaberg.com\/fr\/produits\/fourches\/revetements-en-acier-inoxydable-protect\/\" target=\"_self\" itemprop=\"url\" rel=\"noopener noreferrer\">\n\t\t\t\t<img loading=\"lazy\" decoding=\"async\" src=\"https:\/\/www.hagaberg.com\/wp-content\/uploads\/2021\/12\/miniatyr-protect-rostfri.png\" alt=\"miniatyr-protect-rostfri\" itemprop=\"image\" height=\"450\" width=\"650\" title=\"miniatyr-protect-rostfri\" onerror=\"this.style.display='none'\"  \/>\n\t\t\t\t<\/a>\n\t<p><b>Transports s\u00fbrs dans les zones\u00a0hygi\u00e9niquement sensibles<\/b><\/p>\n<p>Les rev\u00eatements en acier inoxydable PROTECT offrent une surface facile \u00e0 nettoyer et r\u00e9sistante aux acides, ce qui permet de r\u00e9pondre aux exigences les plus \u00e9lev\u00e9es en mati\u00e8re d&rsquo;hygi\u00e8ne.<\/p>\n\t\t\t<a href=\"https:\/\/www.hagaberg.com\/fr\/produits\/fourches\/revetements-en-acier-inoxydable-protect\/\" target=\"_self\" role=\"button\" rel=\"noopener noreferrer\">\n\t\t\t\t\t\t\tVers Rev\u00eatements en acier inoxydable PROTECT\n\t\t\t<\/a>\n<h2>\n\t\tFourches en acier inoxydable \n\t<\/h2>\n\t\t\t\t<a href=\"https:\/\/www.hagaberg.com\/fr\/produits\/fourches\/fourches-en-acier-inoxydable\/\" target=\"_self\" itemprop=\"url\" rel=\"noopener noreferrer\">\n\t\t\t\t<img loading=\"lazy\" decoding=\"async\" src=\"https:\/\/www.hagaberg.com\/wp-content\/uploads\/2021\/12\/miniatyr-rostfria.png\" alt=\"miniatyr-rostfria\" itemprop=\"image\" height=\"450\" width=\"650\" title=\"miniatyr-rostfria\" onerror=\"this.style.display='none'\"  \/>\n\t\t\t\t<\/a>\n\t<b>Le plus haut niveau de s\u00e9curit\u00e9 dans les zones antid\u00e9flagrantes<br \/>\n<\/b>Acier inoxydable massif et classification ATEX. Cela signifie une augmentation significative de la s\u00e9curit\u00e9 du travail et un gain de temps.\n\t\t\t<a href=\"https:\/\/www.hagaberg.com\/fr\/produits\/fourches\/fourches-en-acier-inoxydable\/\" target=\"_self\" role=\"button\" rel=\"noopener noreferrer\">\n\t\t\t\t\t\t\tVers les fourches en acier inoxydable \n\t\t\t<\/a>\n<h2>\n\t\tFourches relevables\n\t<\/h2>\n\t\t\t\t<a href=\"https:\/\/www.hagaberg.com\/fr\/produits\/fourches\/fourches-relevables\/\" target=\"_self\" itemprop=\"url\" rel=\"noopener noreferrer\">\n\t\t\t\t<img loading=\"lazy\" decoding=\"async\" src=\"https:\/\/www.hagaberg.com\/wp-content\/uploads\/2021\/12\/miniatyr-vikbara.png\" alt=\"miniatyr-vikbara\" itemprop=\"image\" height=\"450\" width=\"650\" title=\"miniatyr-vikbara\" onerror=\"this.style.display='none'\"  \/>\n\t\t\t\t<\/a>\n\t<b>S\u00e9curit\u00e9 accrue lors des man\u0153uvres dans les espaces confin\u00e9s<br \/>\n<\/b>Les fourches relevables peuvent \u00e9viter les situations dangereuses.\u00a0Les applications typiques sont la circulation routi\u00e8re, l\u2019utilisation en ext\u00e9rieur et dans des espaces restreints.\u00a0\n\t\t\t<a href=\"https:\/\/www.hagaberg.com\/fr\/produits\/fourches\/fourches-relevables\/\" target=\"_self\" role=\"button\" rel=\"noopener noreferrer\">\n\t\t\t\t\t\t\tVers les fourches relevables\n\t\t\t<\/a>\n<h2>\n\t\tFourches \u00e0 col de cygne\n\t<\/h2>\n\t\t\t\t<a href=\"https:\/\/www.hagaberg.com\/fr\/produits\/fourches\/fourches-a-col-de-cygne\/\" target=\"_self\" itemprop=\"url\" rel=\"noopener noreferrer\">\n\t\t\t\t<img loading=\"lazy\" decoding=\"async\" src=\"https:\/\/www.hagaberg.com\/wp-content\/uploads\/2021\/12\/miniatyr-svanhals.png\" alt=\"miniatyr-svanhals\" itemprop=\"image\" height=\"450\" width=\"650\" title=\"miniatyr-svanhals\" onerror=\"this.style.display='none'\"  \/>\n\t\t\t\t<\/a>\n\t<b>Transport s\u00e9curis\u00e9 sans support de transport<br \/>\n<\/b>Le pli sur les fourches est d\u00e9cal\u00e9 vers l\u2019arri\u00e8re. Ainsi, la longueur nominale des fourches peut \u00eatre utilis\u00e9e enti\u00e8rement\u00a0\n\t\t\t<a href=\"https:\/\/www.hagaberg.com\/fr\/produits\/fourches\/fourches-a-col-de-cygne\/\" target=\"_self\" role=\"button\" rel=\"noopener noreferrer\">\n\t\t\t\t\t\t\tVers les fourches \u00e0 col de cygne\n\t\t\t<\/a>\n<h2>\n\t\tFourches invers\u00e9es\n\t<\/h2>\n\t\t\t\t<a href=\"https:\/\/www.hagaberg.com\/fr\/produits\/fourches\/fourches-inversees\/\" target=\"_self\" itemprop=\"url\" rel=\"noopener noreferrer\">\n\t\t\t\t<img loading=\"lazy\" decoding=\"async\" src=\"https:\/\/www.hagaberg.com\/wp-content\/uploads\/2021\/12\/miniatyr-upp-ned.png\" alt=\"miniatyr-upp-ned\" itemprop=\"image\" height=\"450\" width=\"650\" title=\"miniatyr-upp-ned\" onerror=\"this.style.display='none'\"  \/>\n\t\t\t\t<\/a>\n\t<strong>Fournit une hauteur de levage au-dessus du m\u00e2t<br \/>\n<\/strong>Les fourches invers\u00e9es sont utilis\u00e9es d\u00e8s qu\u2019une hauteur de levage suppl\u00e9mentaire est n\u00e9cessaire. Elles sont mont\u00e9es avec le plat en haut.\n<p>&nbsp;<\/p>\n\t\t\t<a href=\"https:\/\/www.hagaberg.com\/fr\/produits\/fourches\/fourches-inversees\/\" target=\"_self\" role=\"button\" rel=\"noopener noreferrer\">\n\t\t\t\t\t\t\tVers les fourches invers\u00e9es\n\t\t\t<\/a>\n<h2>\n\t\tFourches enti\u00e8rement effil\u00e9es\n\t<\/h2>\n\t\t\t\t<a href=\"https:\/\/www.hagaberg.com\/fr\/produits\/fourches\/fourches-entierement-effilees\/\" target=\"_self\" itemprop=\"url\" rel=\"noopener noreferrer\">\n\t\t\t\t<img loading=\"lazy\" decoding=\"async\" src=\"https:\/\/www.hagaberg.com\/wp-content\/uploads\/2021\/12\/miniatyr-avsmalnande-2.png\" alt=\"miniatyr-avsmalnande\" itemprop=\"image\" height=\"450\" width=\"650\" title=\"miniatyr-avsmalnande\" onerror=\"this.style.display='none'\"  \/>\n\t\t\t\t<\/a>\n\t<b>Utilis\u00e9es pour les applications avec des supports de transport \u00e0 faible hauteur d\u2019insertion ou lorsqu\u2019aucun support de transport n\u2019est utilis\u00e9<br \/>\n<\/b>Ces fourches ont un long c\u00f4ne, une lame de fourche tr\u00e8s fine et une pointe de fourche de quelques millim\u00e8tres d&rsquo;\u00e9paisseur seulement.\n\n\t\t\t<a href=\"https:\/\/www.hagaberg.com\/fr\/produits\/fourches\/fourches-entierement-effilees\/\" target=\"_self\" role=\"button\" rel=\"noopener noreferrer\">\n\t\t\t\t\t\t\tVers les fourches enti\u00e8rement effil\u00e9es\n\t\t\t<\/a>\n<h2>\n\t\tFourches d\u00e9sax\u00e9es\n\t<\/h2>\n\t\t\t\t<a href=\"https:\/\/www.hagaberg.com\/fr\/produits\/fourches\/fourches-desaxees\/\" target=\"_self\" itemprop=\"url\" rel=\"noopener noreferrer\">\n\t\t\t\t<img loading=\"lazy\" decoding=\"async\" src=\"https:\/\/www.hagaberg.com\/wp-content\/uploads\/2021\/12\/miniatyr-krokta.png\" alt=\"miniatyr-krokta\" itemprop=\"image\" height=\"450\" width=\"650\" title=\"miniatyr-krokta\" onerror=\"this.style.display='none'\"  \/>\n\t\t\t\t<\/a>\n\t<b>Visibilit\u00e9 amelior\u00e9e et prise de marchandise plus efficace<br \/>\n<\/b>Les fourches d\u00e9sax\u00e9es sont principalement utilis\u00e9es dans le domaine de la construction et de l\u2019industrie agricole dans le but d\u2019am\u00e9liorer la visibilit\u00e9.\n\t\t\t<a href=\"https:\/\/www.hagaberg.com\/fr\/produits\/fourches\/fourches-desaxees\/\" target=\"_self\" role=\"button\" rel=\"noopener noreferrer\">\n\t\t\t\t\t\t\tVers les fourches d\u00e9sax\u00e9es\n\t\t\t<\/a>\n<h2>\n\t\tFourches BIG\n\t<\/h2>\n\t\t\t\t<a href=\"\/fr\/?page_id=7668\" target=\"_self\" itemprop=\"url\" rel=\"noopener noreferrer\">\n\t\t\t\t<img loading=\"lazy\" decoding=\"async\" src=\"https:\/\/www.hagaberg.com\/wp-content\/uploads\/2021\/12\/miniatyr-big.png\" alt=\"miniatyr-big\" itemprop=\"image\" height=\"450\" width=\"650\" title=\"miniatyr-big\" onerror=\"this.style.display='none'\"  \/>\n\t\t\t\t<\/a>\n\t<b>La solution compl\u00e8te pour soulever les charges les plus lourdes\u00a0<\/b><br \/>\nLa solution compl\u00e8te pour soulever les charges les plus lourdes. Les fourches les plus larges soulevant jusqu&rsquo;\u00e0 120 tonnes et plus. Fabriqu\u00e9es dans la plus haute qualit\u00e9 et test\u00e9es avec un facteur de s\u00e9curit\u00e9 statique de 3.\n<p>.<b><\/b><\/p>\n\t\t\t<a href=\"\/fr\/?page_id=7668\" target=\"_self\" role=\"button\" rel=\"noopener noreferrer\">\n\t\t\t\t\t\t\tVers les fourches BIG\n\t\t\t<\/a>\n<h2>\n\t\tKOOI-Reachforks\u00ae\n\t<\/h2>\n\t\t\t\t<a href=\"https:\/\/www.hagaberg.com\/fr\/produits\/fourches\/kooi-reachforks-fourches-telescopiques\/\" target=\"_self\" itemprop=\"url\" rel=\"noopener noreferrer\">\n\t\t\t\t<img loading=\"lazy\" decoding=\"async\" src=\"https:\/\/www.hagaberg.com\/wp-content\/uploads\/2021\/12\/miniatyr-kooi.png\" alt=\"miniatyr-kooi\" itemprop=\"image\" height=\"450\" width=\"650\" title=\"miniatyr-kooi\" onerror=\"this.style.display='none'\"  \/>\n\t\t\t\t<\/a>\n\t<p><strong>Effektivaste l\u00f6sningen f\u00f6r enkel och dubbel r\u00e4ckvidd <\/strong>Hydrauliska f\u00f6rl\u00e4ngnings-gafflar som dramatiskt kan s\u00e4nka kostnaden f\u00f6r hantering av gods.<\/p>\n\t\t\t<a href=\"https:\/\/www.hagaberg.com\/fr\/produits\/fourches\/kooi-reachforks-fourches-telescopiques\/\" target=\"_self\" role=\"button\" rel=\"noopener noreferrer\">\n\t\t\t\t\t\t\tVers les fourches KOOI\n\t\t\t<\/a>\n<h2>\n\t\tFourches sp\u00e9ciales\n\t<\/h2>\n\t\t\t\t<a href=\"https:\/\/www.hagaberg.com\/?page_id=2192\" target=\"_self\" itemprop=\"url\" rel=\"noopener noreferrer\">\n\t\t\t\t<img loading=\"lazy\" decoding=\"async\" src=\"https:\/\/www.hagaberg.com\/wp-content\/uploads\/2021\/12\/miniatyr-special.png\" alt=\"miniatyr-special\" itemprop=\"image\" height=\"450\" width=\"650\" title=\"miniatyr-special\" onerror=\"this.style.display='none'\"  \/>\n\t\t\t\t<\/a>\n\t<b>Con\u00e7u enti\u00e8rement selon vos besoins<br \/>\n<\/b>Si vous avez besoin de faire d\u00e9velopper une fourche pour votre application ou de remplacer une fourche sp\u00e9ciale existante.<br \/>\n\n\n\t\t\t<a href=\"https:\/\/www.hagaberg.com\/?page_id=2192\" target=\"_self\" role=\"button\" rel=\"noopener noreferrer\">\n\t\t\t\t\t\t\tVers les fourches sp\u00e9ciales\n\t\t\t<\/a>\n<h2>\n\t\tFourches TWS\n\t<\/h2>\n\t\t\t\t<a href=\"https:\/\/www.hagaberg.com\/?page_id=2234\" target=\"_self\" itemprop=\"url\" rel=\"noopener noreferrer\">\n\t\t\t\t<img loading=\"lazy\" decoding=\"async\" src=\"https:\/\/www.hagaberg.com\/wp-content\/uploads\/2021\/12\/miniatyr-tws-forks.png\" alt=\"miniatyr-tws-forks\" itemprop=\"image\" height=\"450\" width=\"650\" title=\"miniatyr-tws-forks\" onerror=\"this.style.display='none'\"  \/>\n\t\t\t\t<\/a>\n\t<p>Mont\u00e9es \u00e0 l\u2019aide d&rsquo;un crochet sup\u00e9rieur et d&rsquo;un axe de verrouillage situ\u00e9 en bas du dos pour des chariots-\u00e9l\u00e9vateurs de grande capacit\u00e9 et pour la logistique portuaire.<\/p>\n\t\t\t<a href=\"https:\/\/www.hagaberg.com\/?page_id=2234\" target=\"_self\" role=\"button\" rel=\"noopener noreferrer\">\n\t\t\t\t\t\t\tVers les fourches TWS\n\t\t\t<\/a>\n","protected":false},"excerpt":{"rendered":"<p>Fourches Fourches A l\u2019origine les accessoires sont \u00e9quip\u00e9s de fourches standard de haute qualit\u00e9. Notre vaste gamme d\u2019option de fourches offre des produits pour des levages sp\u00e9cifiques et avec des fonctions diverses. Pour les travaux variables avec diff\u00e9rentes dimensions de palettes et de cargaisons, ainsi que pour le stockage simple et double, nos fourches \u00e0 [&hellip;]<\/p>\n","protected":false},"author":1,"featured_media":0,"parent":5125,"menu_order":0,"comment_status":"closed","ping_status":"closed","template":"","meta":{"_acf_changed":false,"_genesis_hide_title":false,"_genesis_hide_breadcrumbs":false,"_genesis_hide_singular_image":false,"_genesis_hide_footer_widgets":false,"_genesis_custom_body_class":"","_genesis_custom_post_class":"","_genesis_layout":"","footnotes":""},"class_list":{"0":"post-5172","1":"page","2":"type-page","3":"status-publish","5":"entry"},"acf":[],"_links":{"self":[{"href":"https:\/\/www.hagaberg.com\/fr\/wp-json\/wp\/v2\/pages\/5172","targetHints":{"allow":["GET"]}}],"collection":[{"href":"https:\/\/www.hagaberg.com\/fr\/wp-json\/wp\/v2\/pages"}],"about":[{"href":"https:\/\/www.hagaberg.com\/fr\/wp-json\/wp\/v2\/types\/page"}],"author":[{"embeddable":true,"href":"https:\/\/www.hagaberg.com\/fr\/wp-json\/wp\/v2\/users\/1"}],"replies":[{"embeddable":true,"href":"https:\/\/www.hagaberg.com\/fr\/wp-json\/wp\/v2\/comments?post=5172"}],"version-history":[{"count":20,"href":"https:\/\/www.hagaberg.com\/fr\/wp-json\/wp\/v2\/pages\/5172\/revisions"}],"predecessor-version":[{"id":11774,"href":"https:\/\/www.hagaberg.com\/fr\/wp-json\/wp\/v2\/pages\/5172\/revisions\/11774"}],"up":[{"embeddable":true,"href":"https:\/\/www.hagaberg.com\/fr\/wp-json\/wp\/v2\/pages\/5125"}],"wp:attachment":[{"href":"https:\/\/www.hagaberg.com\/fr\/wp-json\/wp\/v2\/media?parent=5172"}],"curies":[{"name":"wp","href":"https:\/\/api.w.org\/{rel}","templated":true}]}}