{"id":5125,"date":"2021-10-29T07:36:00","date_gmt":"2021-10-29T05:36:00","guid":{"rendered":"https:\/\/www.hagaberg.com\/produits\/"},"modified":"2024-10-24T16:51:17","modified_gmt":"2024-10-24T14:51:17","slug":"produits","status":"publish","type":"page","link":"https:\/\/www.hagaberg.com\/fr\/produits\/","title":{"rendered":"Produits"},"content":{"rendered":"<h1>\n\t\tProduits\n\t<\/h1>\n\t<p>Notre produit phare est le positionneur de fourche hydraulique complet \u00e0 d\u00e9placement lat\u00e9ral. Notre assortiment est vaste et s\u2019\u00e9tend des produits pour les chariots \u00e0 m\u00e2t r\u00e9tractable d&rsquo;une capacit\u00e9 de levage d&rsquo;environ une tonne aux grands positionneurs pour les chariots \u00e0 contrepoids jusqu&rsquo;\u00e0 25 tonnes. Nous fabriquons aussi bien des accessoires int\u00e9gr\u00e9s que des accessoires \u00e0 accrocher. La gamme comprend \u00e9galement des accessoires pour chargeurs avec des supports en option.<\/p>\n\t<p>Les accessoires sont livr\u00e9s en version standard, configur\u00e9s avec des fourches alternatives. Nous proposons des options telles que des cam\u00e9ras et des capteurs ainsi que des accessoires tels que des supports de charge, des fourches d&rsquo;extension, des dispositifs antid\u00e9rapants, etc. Notre large gamme offre des solutions \u00e0 de nombreux besoins de manutention, une gamme de produits que nous compl\u00e9tons par des solutions sur mesure pour les clients individuels.<\/p>\n\t<h3><a href=\"https:\/\/www.hagaberg.com\/fr\/produits\/positionneurs-de-fourches\/\"><strong>POSITIONNEURS DE FOURCHES<\/strong><\/a><\/h3>\n\t\t\t\t<a href=\"https:\/\/www.hagaberg.com\/fr\/produits\/positionneurs-de-fourches\/\" target=\"_self\" itemprop=\"url\" rel=\"noopener noreferrer\">\n\t\t\t\t<img loading=\"lazy\" decoding=\"async\" src=\"https:\/\/www.hagaberg.com\/wp-content\/uploads\/2022\/03\/C-01-huvudbild-light-1024x819-300x240.png\" alt=\"C-01-huvudbild-light-1024x819\" itemprop=\"image\" height=\"240\" width=\"300\" title=\"C-01-huvudbild-light-1024x819\" onerror=\"this.style.display='none'\"  \/>\n\t\t\t\t<\/a>\n\t<h3><a href=\"https:\/\/www.hagaberg.com\/fr\/produits\/fourches\/\"><strong>FOURCHES<\/strong><\/a><\/h3>\n\t\t\t\t<a href=\"https:\/\/www.hagaberg.com\/fr\/produits\/fourches\/\" target=\"_self\" itemprop=\"url\" rel=\"noopener noreferrer\">\n\t\t\t\t<img loading=\"lazy\" decoding=\"async\" src=\"https:\/\/www.hagaberg.com\/wp-content\/uploads\/2022\/04\/f-e-c-gafflar-650x450-300x208.png\" alt=\"f-e-c-gafflar-650x450\" itemprop=\"image\" height=\"208\" width=\"300\" title=\"f-e-c-gafflar-650x450\" onerror=\"this.style.display='none'\"  \/>\n\t\t\t\t<\/a>\n\t<h3><a href=\"https:\/\/www.hagaberg.com\/fr\/smartforks\/\"><strong>CAM\u00c9RAS ET CAPTEURS<\/strong><\/a><\/h3>\n<h3><\/h3>\n\t\t\t\t<a href=\"https:\/\/www.hagaberg.com\/fr\/smartforks\/\" target=\"_self\" itemprop=\"url\" rel=\"noopener noreferrer\">\n\t\t\t\t<img loading=\"lazy\" decoding=\"async\" src=\"https:\/\/www.hagaberg.com\/wp-content\/uploads\/2019\/09\/smartfork-300x200.jpg\" alt=\"smartfork-hagaberg\" itemprop=\"image\" height=\"200\" width=\"300\" title=\"smartfork-hagaberg\" onerror=\"this.style.display='none'\"  \/>\n\t\t\t\t<\/a>\n\t<h3><a href=\"https:\/\/www.hagaberg.com\/fr\/produits\/accessoires\/\"><strong>ACCESSOIRES<\/strong><\/a><\/h3>\n\t\t\t\t<a href=\"https:\/\/www.hagaberg.com\/fr\/produits\/accessoires\/\" target=\"_self\" itemprop=\"url\" rel=\"noopener noreferrer\">\n\t\t\t\t<img loading=\"lazy\" decoding=\"async\" src=\"https:\/\/www.hagaberg.com\/wp-content\/uploads\/2019\/09\/F4S-Hagabergs-Mekaniska-002-2-300x240.jpg\" alt=\"F4S-Hagabergs-Mekaniska-002-2\" itemprop=\"image\" height=\"240\" width=\"300\" title=\"F4S-Hagabergs-Mekaniska-002-2\" onerror=\"this.style.display='none'\"  \/>\n\t\t\t\t<\/a>\n\t<h3><a href=\"https:\/\/www.hagaberg.com\/fr\/produits\/oqt-2\/\"><strong>OQT<\/strong><\/a><\/h3>\n\t\t\t\t<a href=\"https:\/\/www.hagaberg.com\/fr\/produits\/oqt-2\/\" target=\"_self\" itemprop=\"url\" rel=\"noopener noreferrer\">\n\t\t\t\t<img loading=\"lazy\" decoding=\"async\" src=\"https:\/\/www.hagaberg.com\/wp-content\/uploads\/2024\/02\/oqt-lowres.jpg\" alt=\"oqt-lowres\" itemprop=\"image\" height=\"416\" width=\"650\" title=\"oqt-lowres\" onerror=\"this.style.display='none'\"  \/>\n\t\t\t\t<\/a>\n\t<h3><a href=\"https:\/\/www.hagaberg.com\/fr\/produits\/cebria\/\"><strong>CEBRI\u00c1<\/strong><\/a><\/h3>\n\t\t\t\t<a href=\"https:\/\/www.hagaberg.com\/fr\/produits\/cebria\/\" target=\"_self\" itemprop=\"url\" rel=\"noopener noreferrer\">\n\t\t\t\t<img loading=\"lazy\" decoding=\"async\" src=\"https:\/\/www.hagaberg.com\/wp-content\/uploads\/2022\/04\/Cebria\u0301-multiple-fork-positioner-double-1500x1040-300x208.png\" alt=\"Cebria\u0301-multiple-fork-positioner-double-1500x1040\" itemprop=\"image\" height=\"208\" width=\"300\" title=\"Cebria\u0301-multiple-fork-positioner-double-1500x1040\" onerror=\"this.style.display='none'\"  \/>\n\t\t\t\t<\/a>\n\t<h3><a href=\"https:\/\/www.hagaberg.com\/fr\/produits\/fourches\/\"><strong>TRANSFORMATIONS DES CHARIOTS \u00c9L\u00c9VATEURS<\/strong><\/a><\/h3>\n\t\t\t\t<a href=\"https:\/\/www.hagaberg.com\/fr\/produits\/modifications-de-chariots-elevateurs\/\" target=\"_self\" itemprop=\"url\" rel=\"noopener noreferrer\">\n\t\t\t\t<img loading=\"lazy\" decoding=\"async\" src=\"https:\/\/www.hagaberg.com\/wp-content\/uploads\/2019\/09\/Special-001-1.jpg\" alt=\"Special-001\" itemprop=\"image\" height=\"842\" width=\"566\" title=\"Special-001\" onerror=\"this.style.display='none'\"  \/>\n\t\t\t\t<\/a>\n\t<h3><a href=\"https:\/\/www.hagaberg.com\/fr\/produits\/fourches\/\"><strong>TRANSFORMATIONS DES CHARIOTS \u00c9L\u00c9VATEURS<\/strong><\/a><\/h3>\n\t\t\t\t<a href=\"https:\/\/www.hagaberg.com\/fr\/produits\/solutions-sur-mesure\/\" target=\"_self\" itemprop=\"url\" rel=\"noopener noreferrer\">\n\t\t\t\t<img loading=\"lazy\" decoding=\"async\" src=\"https:\/\/www.hagaberg.com\/wp-content\/uploads\/2019\/09\/Findus.jpg\" alt=\"Findus\" itemprop=\"image\" height=\"720\" width=\"850\" title=\"Findus\" onerror=\"this.style.display='none'\"  \/>\n\t\t\t\t<\/a>\n\tHITTA R\u00c4TT<br \/>\n<strong>MASKIN<\/strong>\n\t\t\t\t<a href=\"https:\/\/www.hagaberg.com\/produkter\/\" target=\"_self\" itemprop=\"url\" rel=\"noopener noreferrer\">\n\t\t\t\t<img loading=\"lazy\" decoding=\"async\" src=\"https:\/\/www.hagaberg.com\/wp-content\/uploads\/2019\/05\/shutterstock_55429804-1024x680.jpg\" alt=\"shutterstock_55429804\" itemprop=\"image\" height=\"680\" width=\"1024\" title=\"shutterstock_55429804\" onerror=\"this.style.display='none'\"  \/>\n\t\t\t\t<\/a>\n<h3><a href=\"https:\/\/www.hagaberg.com\/produkter\/\" target=\"_self\" rel=\"noopener noreferrer\"><\/a><\/h3>\t\t\n\t\t\t<p>Spridaraggregat, gafflar, tillbeh\u00f6r, kameror, sensorer och systeml\u00f6sningar av h\u00f6gsta kvalitet, som \u00f6kar b\u00e5de effektiviteten och s\u00e4kerheten. I v\u00e5rt breda och djupa sortiment finns l\u00f6sningar p\u00e5 m\u00e5nga materialhanteringsbehov.<\/p>\n\tHITTA R\u00c4TT<br \/>\n<strong>BRANSCH<\/strong>\n\t\t\t\t<a href=\"https:\/\/www.hagaberg.com\/applikationer\/\" target=\"_self\" itemprop=\"url\" rel=\"noopener noreferrer\">\n\t\t\t\t<img loading=\"lazy\" decoding=\"async\" src=\"https:\/\/www.hagaberg.com\/wp-content\/uploads\/2019\/05\/shutterstock_726895093.jpg\" alt=\"shutterstock_726895093\" itemprop=\"image\" height=\"667\" width=\"1000\" title=\"shutterstock_726895093\" onerror=\"this.style.display='none'\"  \/>\n\t\t\t\t<\/a>\n<h3><a href=\"https:\/\/www.hagaberg.com\/applikationer\/\" target=\"_self\" rel=\"noopener noreferrer\"><\/a><\/h3>\t\t\n\t\t\t<p>Vi utvecklar fr\u00e5n grunden en m\u00e4ngd applikations-anpassade produkter samt branschspecifika l\u00f6sningar. Men hj\u00e4lp av v\u00e5ra egna konstrukt\u00f6rer tar vi \u00e4ven fram kundanpassade produkter och skr\u00e4ddarsydda l\u00f6sningar.<\/p>\n\t<p>HITTA R\u00c4TT <strong>MONTERING<\/strong><\/p>\n\t\t\t\t<a href=\"https:\/\/www.hagaberg.com\/?page_id=12\" target=\"_self\" itemprop=\"url\" rel=\"noopener noreferrer\">\n\t\t\t\t<img loading=\"lazy\" decoding=\"async\" src=\"https:\/\/www.hagaberg.com\/wp-content\/uploads\/2019\/05\/shutterstock_628615613.jpg\" alt=\"shutterstock_628615613\" itemprop=\"image\" height=\"656\" width=\"1000\" title=\"shutterstock_628615613\" onerror=\"this.style.display='none'\"  \/>\n\t\t\t\t<\/a>\n<h3><a href=\"https:\/\/www.hagaberg.com\/?page_id=12\" target=\"_self\" rel=\"noopener noreferrer\"><\/a><\/h3>\t\t\n\t\t\t<p>Hagabergs tj\u00e4nster hj\u00e4lper b\u00e5de OEM-kunder och slutanv\u00e4ndare att s\u00e4kra information om produkterna under hela livscykeln och samtidigt \u00f6ka produktiviteten.<\/p>\n\tVI HJ\u00c4LPER<br \/>\nDIG MED R\u00c4TT <strong>AGGREGAT<\/strong>\n\t\t\t<a href=\"https:\/\/www.hagaberg.com\/kontakt\/\" target=\"_self\" role=\"button\" rel=\"noopener noreferrer\">\n\t\t\t\t\t\t\tKONTAKTA OSS\n\t\t\t\t\t<\/a>\n\t\n<p><strong>NYHETER<\/strong><\/p>\n\t\t\t<a href=\"https:\/\/www.hagaberg.com\/nyheter\/\" target=\"_self\" role=\"button\" rel=\"noopener noreferrer\">\n\t\t\t\t\t\t\tL\u00c4S MER\n\t\t\t\t\t<\/a>\n\tVill du bli<br \/>\nen av oss?<br \/>\n<strong>LEDIGA JOBB<\/strong>\n\t\t\t<a href=\"https:\/\/www.hagaberg.com\/lediga-jobb\/\" target=\"_self\" role=\"button\" rel=\"noopener noreferrer\">\n\t\t\t\t\t\t\tL\u00c4S MER\n\t\t\t\t\t<\/a>\n","protected":false},"excerpt":{"rendered":"<p>Produits Notre produit phare est le positionneur de fourche hydraulique complet \u00e0 d\u00e9placement lat\u00e9ral. Notre assortiment est vaste et s\u2019\u00e9tend des produits pour les chariots \u00e0 m\u00e2t r\u00e9tractable d&rsquo;une capacit\u00e9 de levage d&rsquo;environ une tonne aux grands positionneurs pour les chariots \u00e0 contrepoids jusqu&rsquo;\u00e0 25 tonnes. Nous fabriquons aussi bien des accessoires int\u00e9gr\u00e9s que des [&hellip;]<\/p>\n","protected":false},"author":1,"featured_media":0,"parent":0,"menu_order":0,"comment_status":"closed","ping_status":"closed","template":"","meta":{"_genesis_hide_title":false,"_genesis_hide_breadcrumbs":false,"_genesis_hide_singular_image":false,"_genesis_hide_footer_widgets":false,"_genesis_custom_body_class":"","_genesis_custom_post_class":"","_genesis_layout":"","footnotes":""},"class_list":{"0":"post-5125","1":"page","2":"type-page","3":"status-publish","5":"entry"},"_links":{"self":[{"href":"https:\/\/www.hagaberg.com\/fr\/wp-json\/wp\/v2\/pages\/5125","targetHints":{"allow":["GET"]}}],"collection":[{"href":"https:\/\/www.hagaberg.com\/fr\/wp-json\/wp\/v2\/pages"}],"about":[{"href":"https:\/\/www.hagaberg.com\/fr\/wp-json\/wp\/v2\/types\/page"}],"author":[{"embeddable":true,"href":"https:\/\/www.hagaberg.com\/fr\/wp-json\/wp\/v2\/users\/1"}],"replies":[{"embeddable":true,"href":"https:\/\/www.hagaberg.com\/fr\/wp-json\/wp\/v2\/comments?post=5125"}],"version-history":[{"count":19,"href":"https:\/\/www.hagaberg.com\/fr\/wp-json\/wp\/v2\/pages\/5125\/revisions"}],"predecessor-version":[{"id":12739,"href":"https:\/\/www.hagaberg.com\/fr\/wp-json\/wp\/v2\/pages\/5125\/revisions\/12739"}],"wp:attachment":[{"href":"https:\/\/www.hagaberg.com\/fr\/wp-json\/wp\/v2\/media?parent=5125"}],"curies":[{"name":"wp","href":"https:\/\/api.w.org\/{rel}","templated":true}]}}