{"id":8597,"date":"2023-01-24T11:42:04","date_gmt":"2023-01-24T10:42:04","guid":{"rendered":"https:\/\/www.hagaberg.com\/tuotteet\/cebria\/paperirullapuristimet\/"},"modified":"2023-01-24T11:43:24","modified_gmt":"2023-01-24T10:43:24","slug":"paperirullapuristimet","status":"publish","type":"page","link":"https:\/\/www.hagaberg.com\/fi\/tuotteet\/cebria\/paperirullapuristimet\/","title":{"rendered":"Paperirullapuristimet"},"content":{"rendered":"\n\t<h1>Paperirullapuristimet<\/h1>\n\t<p>Tehokkaat hydraulisylinterit ja kosketuspinta takaavat puristuksen kuormaa vahingoittamatta.<\/p>\n<p>N\u00e4m\u00e4 puristimet ovat markkinoiden laatujohtajia.<\/p>\n<p>N\u00e4iden laitteiden kest\u00e4vyys ja turvallisuus sek\u00e4 ominaisuudet tekev\u00e4t niist\u00e4 ihanteellisia yrityksille, joilla on korkeat vaatimukset ja suuria materiaalink\u00e4sittelym\u00e4\u00e4ri\u00e4.<\/p>\n<p>Puristimia voidaan k\u00e4ytt\u00e4\u00e4 my\u00f6s betoniputkien ja muun tyyppisten py\u00f6re\u00e4nmuotoisten kuormien nostamiseen.<\/p>\n\t\t\t\t<img loading=\"lazy\" decoding=\"async\" src=\"https:\/\/www.hagaberg.com\/wp-content\/uploads\/2022\/04\/Cebria\u0301-rotating-paper-roll-clamp-1500x1040-1024x710.png\" alt=\"Cebria\u0301-rotating-paper-roll-clamp-1500x1040\" itemprop=\"image\" height=\"710\" width=\"1024\" title=\"Cebria\u0301-rotating-paper-roll-clamp-1500x1040\" onerror=\"this.style.display='none'\"  \/>\n<h2>\n\t\tPy\u00f6riv\u00e4t paperirullapuristimet\n\t<\/h2>\n\t\t\t\t<img loading=\"lazy\" decoding=\"async\" src=\"https:\/\/www.hagaberg.com\/wp-content\/uploads\/2022\/04\/Cebria\u0301-rotating-paper-roll-clamp-1500x1040-1024x710.png\" alt=\"Cebria\u0301-rotating-paper-roll-clamp-1500x1040\" itemprop=\"image\" height=\"710\" width=\"1024\" title=\"Cebria\u0301-rotating-paper-roll-clamp-1500x1040\" onerror=\"this.style.display='none'\"  \/>\n\t<strong>360\u00ba k\u00e4\u00e4ntyv\u00e4 paperipuristin<\/strong>,<br \/>\njossa on pitk\u00e4 varsi ja kiinte\u00e4 tai liikkuva lyhyt varsi.\n\t\t\t\t<img loading=\"lazy\" decoding=\"async\" src=\"https:\/\/www.hagaberg.com\/wp-content\/uploads\/2022\/04\/Cebria\u0301-paperrollclamp-separate-long-arm-1500x1040-1024x710.png\" alt=\"Cebria\u0301-paperrollclamp-separate-long-arm-1500x1040\" itemprop=\"image\" height=\"710\" width=\"1024\" title=\"Cebria\u0301-paperrollclamp-separate-long-arm-1500x1040\" onerror=\"this.style.display='none'\"  \/>\n\t<strong>360\u00ba k\u00e4\u00e4ntyv\u00e4 paperipuristin<\/strong>,<br \/>\njossa on erillinen pitk\u00e4 varsi ja kiinte\u00e4 tai liikkuva lyhyt varsi.\n\t\t\t\t<img loading=\"lazy\" decoding=\"async\" src=\"https:\/\/www.hagaberg.com\/wp-content\/uploads\/2022\/04\/Cebria\u0301-tissue-paper-roll-clamp-1500x1040-1024x710.png\" alt=\"Cebria\u0301-tissue-paper-roll-clamp-1500x1040\" itemprop=\"image\" height=\"710\" width=\"1024\" title=\"Cebria\u0301-tissue-paper-roll-clamp-1500x1040\" onerror=\"this.style.display='none'\"  \/>\n\t<strong>360\u00ba py\u00f6riv\u00e4 paperipuristin<br \/>\n<\/strong>herk\u00e4lle ja ohuelle paperille.\n\t\t\t\t<img loading=\"lazy\" decoding=\"async\" src=\"https:\/\/www.hagaberg.com\/wp-content\/uploads\/2022\/04\/Cebria\u0301-narrow-paper-roll-clamp-1500x1040-1024x710.png\" alt=\"Cebria\u0301-narrow-paper-roll-clamp-1500x1040\" itemprop=\"image\" height=\"710\" width=\"1024\" title=\"Cebria\u0301-narrow-paper-roll-clamp-1500x1040\" onerror=\"this.style.display='none'\"  \/>\n\t<strong>Kapea 360\u00ba py\u00f6riv\u00e4 paperipuristin.<br \/>\n<\/strong>Tekee erityisen kapeiden rullien k\u00e4sittelyst\u00e4 tehokasta ja turvallista.\n\t\t\t\t<img loading=\"lazy\" decoding=\"async\" src=\"https:\/\/www.hagaberg.com\/wp-content\/uploads\/2022\/04\/Cebria\u0301-rotating-paper-roll-clamp-2-1500x1040-1024x710.png\" alt=\"Cebria\u0301-rotating-paper-roll-clamp-2-1500x1040\" itemprop=\"image\" height=\"710\" width=\"1024\" title=\"Cebria\u0301-rotating-paper-roll-clamp-2-1500x1040\" onerror=\"this.style.display='none'\"  \/>\n\t<strong>360\u00ba k\u00e4\u00e4ntyv\u00e4 paperipuristin,<br \/>\n<\/strong>jossa pitk\u00e4 varsi ja kiinte\u00e4 lyhyt varsi.\n","protected":false},"excerpt":{"rendered":"<p>Paperirullapuristimet Tehokkaat hydraulisylinterit ja kosketuspinta takaavat puristuksen kuormaa vahingoittamatta. N\u00e4m\u00e4 puristimet ovat markkinoiden laatujohtajia. N\u00e4iden laitteiden kest\u00e4vyys ja turvallisuus sek\u00e4 ominaisuudet tekev\u00e4t niist\u00e4 ihanteellisia yrityksille, joilla on korkeat vaatimukset ja suuria materiaalink\u00e4sittelym\u00e4\u00e4ri\u00e4. Puristimia voidaan k\u00e4ytt\u00e4\u00e4 my\u00f6s betoniputkien ja muun tyyppisten py\u00f6re\u00e4nmuotoisten kuormien nostamiseen. Py\u00f6riv\u00e4t paperirullapuristimet 360\u00ba k\u00e4\u00e4ntyv\u00e4 paperipuristin, jossa on pitk\u00e4 varsi ja kiinte\u00e4 tai [&hellip;]<\/p>\n","protected":false},"author":7,"featured_media":0,"parent":8583,"menu_order":0,"comment_status":"closed","ping_status":"closed","template":"","meta":{"_acf_changed":false,"_genesis_hide_title":false,"_genesis_hide_breadcrumbs":false,"_genesis_hide_singular_image":false,"_genesis_hide_footer_widgets":false,"_genesis_custom_body_class":"","_genesis_custom_post_class":"","_genesis_layout":"","footnotes":""},"class_list":{"0":"post-8597","1":"page","2":"type-page","3":"status-publish","5":"entry"},"acf":[],"_links":{"self":[{"href":"https:\/\/www.hagaberg.com\/fi\/wp-json\/wp\/v2\/pages\/8597","targetHints":{"allow":["GET"]}}],"collection":[{"href":"https:\/\/www.hagaberg.com\/fi\/wp-json\/wp\/v2\/pages"}],"about":[{"href":"https:\/\/www.hagaberg.com\/fi\/wp-json\/wp\/v2\/types\/page"}],"author":[{"embeddable":true,"href":"https:\/\/www.hagaberg.com\/fi\/wp-json\/wp\/v2\/users\/7"}],"replies":[{"embeddable":true,"href":"https:\/\/www.hagaberg.com\/fi\/wp-json\/wp\/v2\/comments?post=8597"}],"version-history":[{"count":1,"href":"https:\/\/www.hagaberg.com\/fi\/wp-json\/wp\/v2\/pages\/8597\/revisions"}],"predecessor-version":[{"id":8598,"href":"https:\/\/www.hagaberg.com\/fi\/wp-json\/wp\/v2\/pages\/8597\/revisions\/8598"}],"up":[{"embeddable":true,"href":"https:\/\/www.hagaberg.com\/fi\/wp-json\/wp\/v2\/pages\/8583"}],"wp:attachment":[{"href":"https:\/\/www.hagaberg.com\/fi\/wp-json\/wp\/v2\/media?parent=8597"}],"curies":[{"name":"wp","href":"https:\/\/api.w.org\/{rel}","templated":true}]}}