{"id":8590,"date":"2023-01-24T11:12:11","date_gmt":"2023-01-24T10:12:11","guid":{"rendered":"https:\/\/www.hagaberg.com\/?page_id=8590"},"modified":"2023-06-13T14:56:10","modified_gmt":"2023-06-13T12:56:10","slug":"puristimet","status":"publish","type":"page","link":"https:\/\/www.hagaberg.com\/fi\/tuotteet\/cebria\/puristimet\/","title":{"rendered":"Puristimet"},"content":{"rendered":"\n\t<h1>Puristimet<\/h1>\n\t<p>Tarjoamalla laajan valikoiman vakiopuristimia, ratkaisemme useimmat tarpeet ja ongelmat.<\/p>\n<p>Tuotevalikoimaan kuuluvat runkopuristimet, haarukkapuristimet, py\u00f6riv\u00e4t haarukkapuristimet, k\u00e4\u00e4ntyv\u00e4t haarukkapuristimet, k\u00e4\u00e4nt\u00f6haarukan pidikkeet kiertimell\u00e4, paalipuristimet, kiert\u00e4v\u00e4t paalipuristimet, pahvipuristimet, polyuretaanipuristimet, muovitynnyreiden puristimet.<\/p>\n<p>R\u00e4\u00e4t\u00e4l\u00f6idyt ratkaisut voidaan suunnitella optimoimaan asiakkaiden toimipaikkojen sovelluksiin.<\/p>\n\t\t\t\t<a href=\"https:\/\/www.hagaberg.com\/gafflar-ny\/gafflar-manutel\/\" target=\"_self\" itemprop=\"url\" rel=\"noopener noreferrer\">\n\t\t\t\t<img loading=\"lazy\" decoding=\"async\" src=\"https:\/\/www.hagaberg.com\/wp-content\/uploads\/2022\/04\/Cebria\u0301-fork-clamp-forks-1500x1040-1024x710.png\" alt=\"Cebria\u0301-fork-clamp-forks-1500x1040\" itemprop=\"image\" height=\"710\" width=\"1024\" title=\"Cebria\u0301-fork-clamp-forks-1500x1040\" onerror=\"this.style.display='none'\"  \/>\n\t\t\t\t<\/a>\n<h3>\n\t\tRunkopuristimet\n\t<\/h3>\n\t\t\t\t<img loading=\"lazy\" decoding=\"async\" src=\"https:\/\/www.hagaberg.com\/wp-content\/uploads\/2022\/04\/Cebria\u0301-fork-clamp-1500x1040-1-1024x710.png\" alt=\"Cebria\u0301-fork-clamp-1500x1040\" itemprop=\"image\" height=\"710\" width=\"1024\" title=\"Cebria\u0301-fork-clamp-1500x1040\" onerror=\"this.style.display='none'\"  \/>\n<h3>\n\t\tHaarukkapuristimet\n\t<\/h3>\n\t\t\t\t<img loading=\"lazy\" decoding=\"async\" src=\"https:\/\/www.hagaberg.com\/wp-content\/uploads\/2022\/04\/Cebria\u0301-fork-clamp-forks-1500x1040-1024x710.png\" alt=\"Cebria\u0301-fork-clamp-forks-1500x1040\" itemprop=\"image\" height=\"710\" width=\"1024\" title=\"Cebria\u0301-fork-clamp-forks-1500x1040\" onerror=\"this.style.display='none'\"  \/>\n<h3>\n\t\tPy\u00f6riv\u00e4t haarukkapuristimet\n\t<\/h3>\n\t\t\t\t<img loading=\"lazy\" decoding=\"async\" src=\"https:\/\/www.hagaberg.com\/wp-content\/uploads\/2022\/04\/Cebria\u0301-rotating-fork-clamp-forks-1500x1040-1024x710.png\" alt=\"Cebria\u0301-rotating-fork-clamp-forks-1500x1040\" itemprop=\"image\" height=\"710\" width=\"1024\" title=\"Cebria\u0301-rotating-fork-clamp-forks-1500x1040\" onerror=\"this.style.display='none'\"  \/>\n<h3>\n\t\tHaarukkapuristimet k\u00e4\u00e4ntyvill\u00e4 haarukoilla\n\t<\/h3>\n\t\t\t\t<img loading=\"lazy\" decoding=\"async\" src=\"https:\/\/www.hagaberg.com\/wp-content\/uploads\/2022\/04\/Cebria\u0301-fork-clamp-pivoting-forks-1500x1040-1024x710.png\" alt=\"Cebria\u0301-fork-clamp-pivoting-forks-1500x1040\" itemprop=\"image\" height=\"710\" width=\"1024\" title=\"Cebria\u0301-fork-clamp-pivoting-forks-1500x1040\" onerror=\"this.style.display='none'\"  \/>\n<h3>\n\t\tKiertyv\u00e4t puristimet k\u00e4\u00e4ntyvill\u00e4 haarukoilla\n\t<\/h3>\n\t\t\t\t<img loading=\"lazy\" decoding=\"async\" src=\"https:\/\/www.hagaberg.com\/wp-content\/uploads\/2022\/04\/Cebria\u0301-rotating-clamp-pivoting-forks-1500x1040-1024x710.png\" alt=\"Cebria\u0301-rotating-clamp-pivoting-forks-1500x1040\" itemprop=\"image\" height=\"710\" width=\"1024\" title=\"Cebria\u0301-rotating-clamp-pivoting-forks-1500x1040\" onerror=\"this.style.display='none'\"  \/>\n<h3>\n\t\tPaalipuristimet\n\t<\/h3>\n\t\t\t\t<img loading=\"lazy\" decoding=\"async\" src=\"https:\/\/www.hagaberg.com\/wp-content\/uploads\/2022\/04\/Cebria\u0301-bale-clamp-1500x1040-1024x710.png\" alt=\"Cebria\u0301-bale-clamp-1500x1040\" itemprop=\"image\" height=\"710\" width=\"1024\" title=\"Cebria\u0301-bale-clamp-1500x1040\" onerror=\"this.style.display='none'\"  \/>\n<h3>\n\t\tK\u00e4\u00e4ntyv\u00e4t paalipuristimet\n\t<\/h3>\n\t\t\t\t<img loading=\"lazy\" decoding=\"async\" src=\"https:\/\/www.hagaberg.com\/wp-content\/uploads\/2022\/04\/Cebria\u0301-rotating-bale-clamp-1500x1040-1024x710.png\" alt=\"Cebria\u0301-rotating-bale-clamp-1500x1040\" itemprop=\"image\" height=\"710\" width=\"1024\" title=\"Cebria\u0301-rotating-bale-clamp-1500x1040\" onerror=\"this.style.display='none'\"  \/>\n<h3>\n\t\tPahvipuristimet\n\t<\/h3>\n\t\t\t\t<img loading=\"lazy\" decoding=\"async\" src=\"https:\/\/www.hagaberg.com\/wp-content\/uploads\/2022\/04\/Cebria\u0301-carton-clamp-1500x1040-1024x710.png\" alt=\"Cebria\u0301-carton-clamp-1500x1040\" itemprop=\"image\" height=\"710\" width=\"1024\" title=\"Cebria\u0301-carton-clamp-1500x1040\" onerror=\"this.style.display='none'\"  \/>\n<h3>\n\t\tPolyuretaanipuristimet\n\t<\/h3>\n\t\t\t\t<img loading=\"lazy\" decoding=\"async\" src=\"https:\/\/www.hagaberg.com\/wp-content\/uploads\/2022\/04\/Cebria\u0301-foam-rubber-clamp-1500x1040-1024x710.png\" alt=\"Cebria\u0301-foam-rubber-clamp-1500x1040\" itemprop=\"image\" height=\"710\" width=\"1024\" title=\"Cebria\u0301-foam-rubber-clamp-1500x1040\" onerror=\"this.style.display='none'\"  \/>\n<h3>\n\t\tPuristimet muovitynnyreille\n\t<\/h3>\n\t\t\t\t<img loading=\"lazy\" decoding=\"async\" src=\"https:\/\/www.hagaberg.com\/wp-content\/uploads\/2022\/04\/Cebria\u0301-clamp-plastic-drums-1500x1040-1024x710.png\" alt=\"Cebria\u0301-clamp-plastic-drums-1500x1040\" itemprop=\"image\" height=\"710\" width=\"1024\" title=\"Cebria\u0301-clamp-plastic-drums-1500x1040\" onerror=\"this.style.display='none'\"  \/>\n<h3>\n\t\tKodinkoneille\n\t<\/h3>\n\t\t\t\t<img loading=\"lazy\" decoding=\"async\" src=\"https:\/\/www.hagaberg.com\/wp-content\/uploads\/2022\/04\/Cebria\u0301-electric-handling-2-1500x1040-1024x710.png\" alt=\"Cebria\u0301-electric-handling-2-1500x1040\" itemprop=\"image\" height=\"710\" width=\"1024\" title=\"Cebria\u0301-electric-handling-2-1500x1040\" onerror=\"this.style.display='none'\"  \/>\n","protected":false},"excerpt":{"rendered":"<p>Puristimet Tarjoamalla laajan valikoiman vakiopuristimia, ratkaisemme useimmat tarpeet ja ongelmat. Tuotevalikoimaan kuuluvat runkopuristimet, haarukkapuristimet, py\u00f6riv\u00e4t haarukkapuristimet, k\u00e4\u00e4ntyv\u00e4t haarukkapuristimet, k\u00e4\u00e4nt\u00f6haarukan pidikkeet kiertimell\u00e4, paalipuristimet, kiert\u00e4v\u00e4t paalipuristimet, pahvipuristimet, polyuretaanipuristimet, muovitynnyreiden puristimet. R\u00e4\u00e4t\u00e4l\u00f6idyt ratkaisut voidaan suunnitella optimoimaan asiakkaiden toimipaikkojen sovelluksiin. Runkopuristimet Haarukkapuristimet Py\u00f6riv\u00e4t haarukkapuristimet Haarukkapuristimet k\u00e4\u00e4ntyvill\u00e4 haarukoilla Kiertyv\u00e4t puristimet k\u00e4\u00e4ntyvill\u00e4 haarukoilla Paalipuristimet K\u00e4\u00e4ntyv\u00e4t paalipuristimet Pahvipuristimet Polyuretaanipuristimet Puristimet muovitynnyreille Kodinkoneille<\/p>\n","protected":false},"author":7,"featured_media":0,"parent":8583,"menu_order":0,"comment_status":"closed","ping_status":"closed","template":"","meta":{"_acf_changed":false,"_genesis_hide_title":false,"_genesis_hide_breadcrumbs":false,"_genesis_hide_singular_image":false,"_genesis_hide_footer_widgets":false,"_genesis_custom_body_class":"","_genesis_custom_post_class":"","_genesis_layout":"","footnotes":""},"class_list":{"0":"post-8590","1":"page","2":"type-page","3":"status-publish","5":"entry"},"acf":[],"_links":{"self":[{"href":"https:\/\/www.hagaberg.com\/fi\/wp-json\/wp\/v2\/pages\/8590","targetHints":{"allow":["GET"]}}],"collection":[{"href":"https:\/\/www.hagaberg.com\/fi\/wp-json\/wp\/v2\/pages"}],"about":[{"href":"https:\/\/www.hagaberg.com\/fi\/wp-json\/wp\/v2\/types\/page"}],"author":[{"embeddable":true,"href":"https:\/\/www.hagaberg.com\/fi\/wp-json\/wp\/v2\/users\/7"}],"replies":[{"embeddable":true,"href":"https:\/\/www.hagaberg.com\/fi\/wp-json\/wp\/v2\/comments?post=8590"}],"version-history":[{"count":3,"href":"https:\/\/www.hagaberg.com\/fi\/wp-json\/wp\/v2\/pages\/8590\/revisions"}],"predecessor-version":[{"id":8596,"href":"https:\/\/www.hagaberg.com\/fi\/wp-json\/wp\/v2\/pages\/8590\/revisions\/8596"}],"up":[{"embeddable":true,"href":"https:\/\/www.hagaberg.com\/fi\/wp-json\/wp\/v2\/pages\/8583"}],"wp:attachment":[{"href":"https:\/\/www.hagaberg.com\/fi\/wp-json\/wp\/v2\/media?parent=8590"}],"curies":[{"name":"wp","href":"https:\/\/api.w.org\/{rel}","templated":true}]}}