{"id":8588,"date":"2023-01-24T11:03:18","date_gmt":"2023-01-24T10:03:18","guid":{"rendered":"https:\/\/www.hagaberg.com\/tuotteet\/cebria\/multi-haarukan-levitin\/"},"modified":"2023-01-24T11:35:46","modified_gmt":"2023-01-24T10:35:46","slug":"multi-haarukan-levitin","status":"publish","type":"page","link":"https:\/\/www.hagaberg.com\/fi\/tuotteet\/cebria\/multi-haarukan-levitin\/","title":{"rendered":"Multi-haarukan levitin"},"content":{"rendered":"\n\t<h1>Multi-haarukan levitin<\/h1>\n\t<p>Kaksois- ja kolmoishaarukkalaitteet ulkoisella sivuttaissiirrolla mahdollistavat isojen kuormien sek\u00e4 kahden tai kolmen lavan k\u00e4sittelyn samanaikaisesti.<\/p>\n<p>Ylim\u00e4\u00e4r\u00e4isell\u00e4 hydraulisylinterill\u00e4 varustettuna se mahdollistaa kuorman sivuttaissiirron vaikka haarukoiden levitys on k\u00e4yt\u00f6ss\u00e4.<\/p>\n<p>Laitteisiin voidaan lis\u00e4t\u00e4 useita vaihtoehtoja, jotta ne voidaan optimoida tiettyihin toimintoihin.<\/p>\n<h2>\n\t\tDouble\n\t<\/h2>\n\t\t\t\t<img loading=\"lazy\" decoding=\"async\" src=\"https:\/\/www.hagaberg.com\/wp-content\/uploads\/2022\/04\/Cebria\u0301-multiple-fork-positioner-double-1500x1040-1024x710.png\" alt=\"Cebria\u0301-multiple-fork-positioner-double-1500x1040\" itemprop=\"image\" height=\"710\" width=\"1024\" title=\"Cebria\u0301-multiple-fork-positioner-double-1500x1040\" onerror=\"this.style.display='none'\"  \/>\n<h2>\n\t\tTripple\n\t<\/h2>\n\t\t\t\t<img loading=\"lazy\" decoding=\"async\" src=\"https:\/\/www.hagaberg.com\/wp-content\/uploads\/2022\/04\/Cebria\u0301-multiple-fork-positioner-tripple-1500x1040-1024x710.png\" alt=\"Cebria\u0301-multiple-fork-positioner-tripple-1500x1040\" itemprop=\"image\" height=\"710\" width=\"1024\" title=\"Cebria\u0301-multiple-fork-positioner-tripple-1500x1040\" onerror=\"this.style.display='none'\"  \/>\n<h2>\n\t<\/h2>\n\t\t\t\t<img decoding=\"async\" src=\"https:\/\/www.hagaberg.com\/wp-content\/plugins\/bb-plugin\/img\/pixel.png\" alt=\"\" itemprop=\"image\" onerror=\"this.style.display='none'\"  \/>\n","protected":false},"excerpt":{"rendered":"<p>Multi-haarukan levitin Kaksois- ja kolmoishaarukkalaitteet ulkoisella sivuttaissiirrolla mahdollistavat isojen kuormien sek\u00e4 kahden tai kolmen lavan k\u00e4sittelyn samanaikaisesti. Ylim\u00e4\u00e4r\u00e4isell\u00e4 hydraulisylinterill\u00e4 varustettuna se mahdollistaa kuorman sivuttaissiirron vaikka haarukoiden levitys on k\u00e4yt\u00f6ss\u00e4. Laitteisiin voidaan lis\u00e4t\u00e4 useita vaihtoehtoja, jotta ne voidaan optimoida tiettyihin toimintoihin. Double Tripple<\/p>\n","protected":false},"author":7,"featured_media":0,"parent":8583,"menu_order":0,"comment_status":"closed","ping_status":"closed","template":"","meta":{"_genesis_hide_title":false,"_genesis_hide_breadcrumbs":false,"_genesis_hide_singular_image":false,"_genesis_hide_footer_widgets":false,"_genesis_custom_body_class":"","_genesis_custom_post_class":"","_genesis_layout":"","footnotes":""},"class_list":{"0":"post-8588","1":"page","2":"type-page","3":"status-publish","5":"entry"},"_links":{"self":[{"href":"https:\/\/www.hagaberg.com\/fi\/wp-json\/wp\/v2\/pages\/8588","targetHints":{"allow":["GET"]}}],"collection":[{"href":"https:\/\/www.hagaberg.com\/fi\/wp-json\/wp\/v2\/pages"}],"about":[{"href":"https:\/\/www.hagaberg.com\/fi\/wp-json\/wp\/v2\/types\/page"}],"author":[{"embeddable":true,"href":"https:\/\/www.hagaberg.com\/fi\/wp-json\/wp\/v2\/users\/7"}],"replies":[{"embeddable":true,"href":"https:\/\/www.hagaberg.com\/fi\/wp-json\/wp\/v2\/comments?post=8588"}],"version-history":[{"count":1,"href":"https:\/\/www.hagaberg.com\/fi\/wp-json\/wp\/v2\/pages\/8588\/revisions"}],"predecessor-version":[{"id":8589,"href":"https:\/\/www.hagaberg.com\/fi\/wp-json\/wp\/v2\/pages\/8588\/revisions\/8589"}],"up":[{"embeddable":true,"href":"https:\/\/www.hagaberg.com\/fi\/wp-json\/wp\/v2\/pages\/8583"}],"wp:attachment":[{"href":"https:\/\/www.hagaberg.com\/fi\/wp-json\/wp\/v2\/media?parent=8588"}],"curies":[{"name":"wp","href":"https:\/\/api.w.org\/{rel}","templated":true}]}}