{"id":8583,"date":"2023-01-24T10:25:44","date_gmt":"2023-01-24T09:25:44","guid":{"rendered":"https:\/\/www.hagaberg.com\/?page_id=8583"},"modified":"2024-10-07T09:44:16","modified_gmt":"2024-10-07T07:44:16","slug":"cebria","status":"publish","type":"page","link":"https:\/\/www.hagaberg.com\/fi\/tuotteet\/cebria\/","title":{"rendered":"Cebri\u00e1"},"content":{"rendered":"\n\t<h1>Cebri\u00e1<\/h1>\n\t<p><strong>Hagaberg on Cebri\u00e1n lis\u00e4laitteiden yksinmyyj\u00e4 Pohjoismaiden ja Baltian alueella. Cebrian tuotteiden my\u00f6t\u00e4 Hagaberg on t\u00e4yden palvelun lis\u00e4laitetoimittaja teollisuustrukkeihin ja py\u00f6r\u00e4kuormaajiin paperi- ja selluteollisuudelle, laitevarastoihin, kierr\u00e4tysasemille, panimoille, valimoille ja muihin kohteisiin. <\/strong><\/p>\n\t\t\t\t<img loading=\"lazy\" decoding=\"async\" src=\"https:\/\/www.hagaberg.com\/wp-content\/uploads\/2023\/01\/nordic_baltic_region-150x150.png\" alt=\"nordic_baltic_region\" itemprop=\"image\" height=\"150\" width=\"150\" title=\"nordic_baltic_region\" onerror=\"this.style.display='none'\"  \/>\n\t<p>Tuoteluettelomme tarjoaa t\u00e4ydellisen valikoiman puristinlaitteita paperirullille, sellupaaleille, kodinkoneille, laatikoille sek\u00e4 rotaattoreille, monilavakurottimille, teleskooppihaarukkalevittimille ja muille.<\/p>\n\t<p>Cebri\u00e1 on espanjalainen vuonna 1973 perustettu perheyritys, joka on haarukkatrukkien lis\u00e4varusteiden markkinajohtaja. Yritys tarjoaa laajan standardivalikoiman sek\u00e4 r\u00e4\u00e4t\u00e4l\u00f6ityjen ratkaisujen suunnittelun ja rakentamisen.<\/p>\n\t<p>Hagabergilla ja Cebrialla on monia yhteisi\u00e4 nimitt\u00e4ji\u00e4 yrityksin\u00e4. Molemmat yritykset panostavat erityisesti tuotteiden korkeaan laatuun ja siihen, ett\u00e4 pystyv\u00e4t tarjoamaan laitteita, jotka lis\u00e4\u00e4v\u00e4t k\u00e4ytt\u00e4jien ja heid\u00e4n toimintaymp\u00e4rist\u00f6ns\u00e4 turvallisuutta.<\/p>\n\t\t\t\t<img loading=\"lazy\" decoding=\"async\" src=\"https:\/\/www.hagaberg.com\/wp-content\/uploads\/2024\/05\/VariacionMarca_CEBRIA_900px-1024x142.png\" alt=\"VariacionMarca_CEBRIA_900px\" itemprop=\"image\" height=\"142\" width=\"1024\" title=\"VariacionMarca_CEBRIA_900px\" onerror=\"this.style.display='none'\"  \/>\n\t\t\t\t<img loading=\"lazy\" decoding=\"async\" src=\"https:\/\/www.hagaberg.com\/wp-content\/uploads\/2019\/08\/Hagaberg-Bla-300x64.png\" alt=\"Hagaberg-Bla\" itemprop=\"image\" height=\"64\" width=\"300\" title=\"Hagaberg-Bla\" onerror=\"this.style.display='none'\"  \/>\n<h3>\n\t\tTELESKOOPPIHAARUKAN LEVITIN\n\t<\/h3>\n\t\t\t\t<a href=\"https:\/\/www.hagaberg.com\/fi\/tuotteet\/cebria\/teleskooppihaarukan-levitin\/\" target=\"_self\" itemprop=\"url\" rel=\"noopener noreferrer\">\n\t\t\t\t<img loading=\"lazy\" decoding=\"async\" src=\"https:\/\/www.hagaberg.com\/wp-content\/uploads\/2022\/04\/Cebria\u0301-telescopic-1500x1040-1024x710.png\" alt=\"Cebria\u0301-telescopic-1500x1040\" itemprop=\"image\" height=\"710\" width=\"1024\" title=\"Cebria\u0301-telescopic-1500x1040\" onerror=\"this.style.display='none'\"  \/>\n\t\t\t\t<\/a>\n\t\t\t<a href=\"https:\/\/www.hagaberg.com\/fi\/tuotteet\/cebria\/teleskooppihaarukan-levitin\/\" target=\"_self\" role=\"button\" rel=\"noopener noreferrer\">\n\t\t\t\t\t\t\tTeleskooppilevittimiin\n\t\t\t<\/a>\n<h3>\n\t\tMULTI-HAARUKAN LEVITIN Double &#038; Tripple\n\t<\/h3>\n\t\t\t\t<a href=\"https:\/\/www.hagaberg.com\/fi\/tuotteet\/cebria\/multi-haarukan-levitin\/\" target=\"_self\" itemprop=\"url\" rel=\"noopener noreferrer\">\n\t\t\t\t<img loading=\"lazy\" decoding=\"async\" src=\"https:\/\/www.hagaberg.com\/wp-content\/uploads\/2022\/04\/Cebria\u0301-multiple-fork-positioner-double-1500x1040-1024x710.png\" alt=\"Cebria\u0301-multiple-fork-positioner-double-1500x1040\" itemprop=\"image\" height=\"710\" width=\"1024\" title=\"Cebria\u0301-multiple-fork-positioner-double-1500x1040\" onerror=\"this.style.display='none'\"  \/>\n\t\t\t\t<\/a>\n\t\t\t<a href=\"https:\/\/www.hagaberg.com\/fi\/tuotteet\/cebria\/multi-haarukan-levitin\/\" target=\"_self\" role=\"button\" rel=\"noopener noreferrer\">\n\t\t\t\t\t\t\t Multi-levittimiin\n\t\t\t<\/a>\n<h3>\n\t\tPURISTIMET\n\t<\/h3>\n\t\t\t\t<a href=\"https:\/\/www.hagaberg.com\/fi\/tuotteet\/cebria\/puristimet\/\" target=\"_self\" itemprop=\"url\" rel=\"noopener noreferrer\">\n\t\t\t\t<img loading=\"lazy\" decoding=\"async\" src=\"https:\/\/www.hagaberg.com\/wp-content\/uploads\/2022\/04\/Cebria\u0301-fork-clamp-forks-1500x1040-1024x710.png\" alt=\"Cebria\u0301-fork-clamp-forks-1500x1040\" itemprop=\"image\" height=\"710\" width=\"1024\" title=\"Cebria\u0301-fork-clamp-forks-1500x1040\" onerror=\"this.style.display='none'\"  \/>\n\t\t\t\t<\/a>\n\t\t\t<a href=\"https:\/\/www.hagaberg.com\/fi\/tuotteet\/cebria\/puristimet\/\" target=\"_self\" role=\"button\" rel=\"noopener noreferrer\">\n\t\t\t\t\t\t\tPuristimiin\n\t\t\t<\/a>\n<h3>\n\t\tPAPERIRULLAPURISTIMET\n\t<\/h3>\n\t\t\t\t<a href=\"https:\/\/www.hagaberg.com\/fi\/tuotteet\/cebria\/paperirullapuristimet\/\" target=\"_self\" itemprop=\"url\" rel=\"noopener noreferrer\">\n\t\t\t\t<img loading=\"lazy\" decoding=\"async\" src=\"https:\/\/www.hagaberg.com\/wp-content\/uploads\/2022\/04\/Cebria\u0301-rotating-paper-roll-clamp-1500x1040-1024x710.png\" alt=\"Cebria\u0301-rotating-paper-roll-clamp-1500x1040\" itemprop=\"image\" height=\"710\" width=\"1024\" title=\"Cebria\u0301-rotating-paper-roll-clamp-1500x1040\" onerror=\"this.style.display='none'\"  \/>\n\t\t\t\t<\/a>\n\t\t\t<a href=\"https:\/\/www.hagaberg.com\/fi\/tuotteet\/cebria\/paperirullapuristimet\/\" target=\"_self\" role=\"button\" rel=\"noopener noreferrer\">\n\t\t\t\t\t\t\tPaperirullapuristimiin\n\t\t\t<\/a>\n<h3>\n\t\tROTAATTORIT\n\t<\/h3>\n\t\t\t\t<a href=\"https:\/\/www.hagaberg.com\/fi\/tuotteet\/cebria\/rotaattorit\/\" target=\"_self\" itemprop=\"url\" rel=\"noopener noreferrer\">\n\t\t\t\t<img loading=\"lazy\" decoding=\"async\" src=\"https:\/\/www.hagaberg.com\/wp-content\/uploads\/2022\/04\/Cebria\u0301-360-load-dumper-2-1500x1040-1024x710.png\" alt=\"Cebria\u0301-360-load-dumper-2-1500x1040\" itemprop=\"image\" height=\"710\" width=\"1024\" title=\"Cebria\u0301-360-load-dumper-2-1500x1040\" onerror=\"this.style.display='none'\"  \/>\n\t\t\t\t<\/a>\n\t\t\t<a href=\"https:\/\/www.hagaberg.com\/fi\/tuotteet\/cebria\/rotaattorit\/\" target=\"_self\" role=\"button\" rel=\"noopener noreferrer\">\n\t\t\t\t\t\t\tRotaattoreihin\n\t\t\t<\/a>\n<h3>\n\t\tTY\u00d6NN\u00c4-\/VED\u00c4-LAITE\n\t<\/h3>\n\t\t\t\t<a href=\"https:\/\/www.hagaberg.com\/fi\/tuotteet\/cebria\/tyonna-veda-laite\/\" target=\"_self\" itemprop=\"url\" rel=\"noopener noreferrer\">\n\t\t\t\t<img loading=\"lazy\" decoding=\"async\" src=\"https:\/\/www.hagaberg.com\/wp-content\/uploads\/2022\/04\/Cebria\u0301-push-pull-1500x1040-1024x710.png\" alt=\"Cebria\u0301-push-pull-1500x1040\" itemprop=\"image\" height=\"710\" width=\"1024\" title=\"Cebria\u0301-push-pull-1500x1040\" onerror=\"this.style.display='none'\"  \/>\n\t\t\t\t<\/a>\n\t\t\t<a href=\"https:\/\/www.hagaberg.com\/fi\/tuotteet\/cebria\/tyonna-veda-laite\/\" target=\"_self\" role=\"button\" rel=\"noopener noreferrer\">\n\t\t\t\t\t\t\tTy\u00f6nn\u00e4-\/Ved\u00e4-laitteisiin\n\t\t\t<\/a>\n\t<h2>Mallit<\/h2>\n\t\t\t\t<img decoding=\"async\" src=\"https:\/\/www.hagaberg.com\/wp-content\/uploads\/2020\/04\/Skjutstativstruck-300x160.png\" alt=\"\" itemprop=\"image\" onerror=\"this.style.display='none'\"  \/>\n\t<h2>K\u00e4ytt\u00f6kohteet<\/h2>\n\t<h2>Lataukset<\/h2>\n<p><a href=\"https:\/\/www.hagaberg.com\/wp-content\/uploads\/2024\/09\/Hagaberg-Cebria\u0301-PP01-EN.pdf\">Cebri\u00e1 Tuotelehti<\/a><\/p>\n","protected":false},"excerpt":{"rendered":"<p>Cebri\u00e1 Hagaberg on Cebri\u00e1n lis\u00e4laitteiden yksinmyyj\u00e4 Pohjoismaiden ja Baltian alueella. Cebrian tuotteiden my\u00f6t\u00e4 Hagaberg on t\u00e4yden palvelun lis\u00e4laitetoimittaja teollisuustrukkeihin ja py\u00f6r\u00e4kuormaajiin paperi- ja selluteollisuudelle, laitevarastoihin, kierr\u00e4tysasemille, panimoille, valimoille ja muihin kohteisiin. Tuoteluettelomme tarjoaa t\u00e4ydellisen valikoiman puristinlaitteita paperirullille, sellupaaleille, kodinkoneille, laatikoille sek\u00e4 rotaattoreille, monilavakurottimille, teleskooppihaarukkalevittimille ja muille. Cebri\u00e1 on espanjalainen vuonna 1973 perustettu perheyritys, joka on [&hellip;]<\/p>\n","protected":false},"author":7,"featured_media":0,"parent":3330,"menu_order":0,"comment_status":"closed","ping_status":"closed","template":"","meta":{"_genesis_hide_title":false,"_genesis_hide_breadcrumbs":false,"_genesis_hide_singular_image":false,"_genesis_hide_footer_widgets":false,"_genesis_custom_body_class":"","_genesis_custom_post_class":"","_genesis_layout":"","footnotes":""},"class_list":{"0":"post-8583","1":"page","2":"type-page","3":"status-publish","5":"entry"},"_links":{"self":[{"href":"https:\/\/www.hagaberg.com\/fi\/wp-json\/wp\/v2\/pages\/8583","targetHints":{"allow":["GET"]}}],"collection":[{"href":"https:\/\/www.hagaberg.com\/fi\/wp-json\/wp\/v2\/pages"}],"about":[{"href":"https:\/\/www.hagaberg.com\/fi\/wp-json\/wp\/v2\/types\/page"}],"author":[{"embeddable":true,"href":"https:\/\/www.hagaberg.com\/fi\/wp-json\/wp\/v2\/users\/7"}],"replies":[{"embeddable":true,"href":"https:\/\/www.hagaberg.com\/fi\/wp-json\/wp\/v2\/comments?post=8583"}],"version-history":[{"count":11,"href":"https:\/\/www.hagaberg.com\/fi\/wp-json\/wp\/v2\/pages\/8583\/revisions"}],"predecessor-version":[{"id":12675,"href":"https:\/\/www.hagaberg.com\/fi\/wp-json\/wp\/v2\/pages\/8583\/revisions\/12675"}],"up":[{"embeddable":true,"href":"https:\/\/www.hagaberg.com\/fi\/wp-json\/wp\/v2\/pages\/3330"}],"wp:attachment":[{"href":"https:\/\/www.hagaberg.com\/fi\/wp-json\/wp\/v2\/media?parent=8583"}],"curies":[{"name":"wp","href":"https:\/\/api.w.org\/{rel}","templated":true}]}}