{"id":4412,"date":"2021-03-19T16:30:31","date_gmt":"2021-03-19T15:30:31","guid":{"rendered":"https:\/\/www.hagaberg.com\/c-serien-en-ny-generation-gaffelspridningsaggregat\/"},"modified":"2023-12-11T09:56:21","modified_gmt":"2023-12-11T08:56:21","slug":"c-sarja-uuden-sukupolven-haarukanlevitinyksikko","status":"publish","type":"page","link":"https:\/\/www.hagaberg.com\/fi\/c-sarja-uuden-sukupolven-haarukanlevitinyksikko\/","title":{"rendered":"C-Sarja &#8211; Uuden sukupolven haarukanlevitinyksikk\u00f6"},"content":{"rendered":"\n              <h1>C-Sarja<\/h1>\n              <p>Uuden sukupolven haarukanlevitinyksikk\u00f6<\/p>\n            <h2>C-Sarjan etuja ovat:<\/h2>            \n      <p>Eritt\u00e4in suorituskykyiset tuotteet, jotka lis\u00e4\u00e4v\u00e4t ty\u00f6paikan turvallisuutta, sujuvoittavat materiaalink\u00e4sittely\u00e4 ja vaativat v\u00e4hemm\u00e4n huoltoa.<\/p>\n      <p>Koko mallivalikoima on 1\u201310 tonnia ja 500, 600, 900 ja 1100 mm:n kuorman keskitys.<\/p>\n      <p>Kest\u00e4v\u00e4 monipuolinen laite, joka selvi\u00e4\u00e4 kevyest\u00e4 puristustoiminnosta.<\/p>          \n            <h2>Pienempi huoltotarve<\/h2>            <p>Itsevoitelevat muoviholkit &#8211; poistaa voitelutarpeen.<\/p>          \n            <h2>Nopea huolto<\/h2>            <p>Katkaisukytkimet ja mahdollisuus vaihtaa tukirullat ilman haarukkalaitteen purkamista &#8211; yksinkertaistaa ja v\u00e4hent\u00e4\u00e4 huoltoseisokkeja.<\/p>            \n              <h2>Lujempi ja kest\u00e4v\u00e4mpi<\/h2>              <p>Korvakkeet v\u00e4litt\u00e4v\u00e4t haarukoiden sivuttaisliikkeen &#8211; tekee lujemman laitteen.<\/p>            \n              <h2>Lis\u00e4\u00e4ntynyt n\u00e4kyvyys<\/h2>              <p>Uusi sy\u00f6tt\u00f6laitteen sijoittelu ja vaakatasossa olevat kytkenn\u00e4t \u2013 turvallisempi tuotteiden k\u00e4sittely ja paremmat mahdollisuudet havaita vaarat.<\/p>            \n              <h2>Korkeampi suorituskyky<\/h2>              <p>Ylim\u00e4\u00e4r\u00e4iset tukipy\u00f6r\u00e4t haarukoiden takaosassa \u2013 parantaa raskaiden kuormien sivuttaissiirtoa.<\/p>            \n              <h2>Korkea j\u00e4\u00e4nn\u00f6skapasiteetti<\/h2>              <p>Merkitt\u00e4v\u00e4sti kevyempi kuin vastaava laite &#8211; lis\u00e4\u00e4 suorituskyky\u00e4 ja on ymp\u00e4rist\u00f6yst\u00e4v\u00e4llisempi.<\/p>            \n              <h1>C-Sarja<\/h1>\n              <p>Uuden sukupolven haarukanlevitinyksikk\u00f6<\/p>\n            <h2>Seuraava askel:<\/h2>            \n      <p><a href=\"https:\/\/www.hagaberg.com\/fi\/tuotteet\/haarukan-levitin\/c-sarja\/\">Tuotesivulle &raquo;<\/a><\/p>\n      <p><a href=\"https:\/\/www.hagaberg.com\/wp-content\/uploads\/2022\/09\/Hagaberg-C-sarja-tuote-esittely-A4-FI.pdf\" target=\"_blank\" rel=\"noopener noreferrer\">Lataa tuotesivu &raquo;<\/a><\/p>\n      <p><a href=\"https:\/\/www.hagaberg.com\/fi\/ota-yhteytta\/\">Ota meihin yhteytt\u00e4 &raquo;<\/a><\/p>          \n","protected":false},"excerpt":{"rendered":"<p>C-Sarja Uuden sukupolven haarukanlevitinyksikk\u00f6 C-Sarjan etuja ovat: Eritt\u00e4in suorituskykyiset tuotteet, jotka lis\u00e4\u00e4v\u00e4t ty\u00f6paikan turvallisuutta, sujuvoittavat materiaalink\u00e4sittely\u00e4 ja vaativat v\u00e4hemm\u00e4n huoltoa. Koko mallivalikoima on 1\u201310 tonnia ja 500, 600, 900 ja 1100 mm:n kuorman keskitys. Kest\u00e4v\u00e4 monipuolinen laite, joka selvi\u00e4\u00e4 kevyest\u00e4 puristustoiminnosta. Pienempi huoltotarve Itsevoitelevat muoviholkit &#8211; poistaa voitelutarpeen. Nopea huolto Katkaisukytkimet ja mahdollisuus vaihtaa tukirullat [&hellip;]<\/p>\n","protected":false},"author":1,"featured_media":0,"parent":0,"menu_order":0,"comment_status":"closed","ping_status":"closed","template":"","meta":{"_genesis_hide_title":false,"_genesis_hide_breadcrumbs":false,"_genesis_hide_singular_image":false,"_genesis_hide_footer_widgets":false,"_genesis_custom_body_class":"","_genesis_custom_post_class":"","_genesis_layout":"","footnotes":""},"class_list":{"0":"post-4412","1":"page","2":"type-page","3":"status-publish","5":"entry"},"_links":{"self":[{"href":"https:\/\/www.hagaberg.com\/fi\/wp-json\/wp\/v2\/pages\/4412","targetHints":{"allow":["GET"]}}],"collection":[{"href":"https:\/\/www.hagaberg.com\/fi\/wp-json\/wp\/v2\/pages"}],"about":[{"href":"https:\/\/www.hagaberg.com\/fi\/wp-json\/wp\/v2\/types\/page"}],"author":[{"embeddable":true,"href":"https:\/\/www.hagaberg.com\/fi\/wp-json\/wp\/v2\/users\/1"}],"replies":[{"embeddable":true,"href":"https:\/\/www.hagaberg.com\/fi\/wp-json\/wp\/v2\/comments?post=4412"}],"version-history":[{"count":2,"href":"https:\/\/www.hagaberg.com\/fi\/wp-json\/wp\/v2\/pages\/4412\/revisions"}],"predecessor-version":[{"id":11212,"href":"https:\/\/www.hagaberg.com\/fi\/wp-json\/wp\/v2\/pages\/4412\/revisions\/11212"}],"wp:attachment":[{"href":"https:\/\/www.hagaberg.com\/fi\/wp-json\/wp\/v2\/media?parent=4412"}],"curies":[{"name":"wp","href":"https:\/\/api.w.org\/{rel}","templated":true}]}}