{"id":4151,"date":"2021-03-22T15:29:32","date_gmt":"2021-03-22T14:29:32","guid":{"rendered":"https:\/\/www.hagaberg.com\/?page_id=4151"},"modified":"2025-12-11T09:12:16","modified_gmt":"2025-12-11T08:12:16","slug":"c-sarja","status":"publish","type":"page","link":"https:\/\/www.hagaberg.com\/fi\/tuotteet\/haarukan-levitin\/c-sarja\/","title":{"rendered":"C-sarja"},"content":{"rendered":"\n\t<h1>C-sarja<\/h1>\n<h3>Korkea suorituskyky ja puristustoiminto<\/h3>\n\t<h3>Ominaisuudet<\/h3>\n<ul>\n<li>Kest\u00e4v\u00e4 monipuolinen laite<\/li>\n<li>Kevyt puristustoiminto<\/li>\n<li>Korkea j\u00e4\u00e4nn\u00f6skapasiteetti<\/li>\n<li>Pieni huoltotarve<\/li>\n<li>Kuljettajalla eritt\u00e4in hyv\u00e4 n\u00e4kyvyys<\/li>\n<li>C- sarja on yksi \u00e4lykk\u00e4immist\u00e4 trukkihaarukkalaitteistamme.<\/li>\n<\/ul>\n<p>C- sarja on yksi \u00e4lykk\u00e4immist\u00e4 trukkihaarukkalaitteistamme. C-putkirakenne antaa kuljettajalle erinomaisen n\u00e4kyvyyden ja my\u00f6t\u00e4vaikuttaa tavaroiden turvallisempaan k\u00e4sittelyyn. Laite selviytyy lis\u00e4ksi kevyest\u00e4 puristustoiminnosta, ja on painoltaan vastaavia rakenteita kevyempi.<\/p>\n<p>Laite on suunniteltu vaativiin kohteisiin, joissa haarukoiden takaosassa oleva ylim\u00e4\u00e4r\u00e4inen tukipy\u00f6r\u00e4 antaa sile\u00e4n ja pehme\u00e4n sivuttaisohjauksen my\u00f6s t\u00e4ydell\u00e4 kuormalla. Itsevoitelevat holkit v\u00e4hent\u00e4v\u00e4t huoltotarvetta \u00c4lykk\u00e4iden tukiasemien kuluvat osat on helppo ja nopea vaihtaa.<\/p>\n<a href=\"https:\/\/www.hagaberg.com\/fi\/c-sarja-uuden-sukupolven-haarukanlevitinyksikko\/\">Lue lis\u00e4\u00e4 uudesta C-sarjasta <\/a><a href=\"https:\/\/www.hagaberg.com\/fi\/c-sarja-uuden-sukupolven-haarukanlevitinyksikko\/\">\u00bb<\/a>\n\t<p><a href=\"#downloads\">Lataukset \u2193<\/a><\/p>\n\t<p><strong>Tuoteperheess\u00e4 on useita sarjoja:<\/strong><\/p>\n\t<h3>C-sarja<\/h3>\n<p>C-sarja, jossa on integroitu haarukan levitin sivuttaisohjauksella, on suunnattu vastapainotrukkeille ja kurottajille, kapasiteetti 1600 &#8211; 8000 kg.<\/p>\n\t<h3>CR-sarja<\/h3>\n<p>CR-sarja on kehitetty erityisesti ty\u00f6nt\u00f6mastotrukkeille, joiden kantavuus on 1200 &#8211; 3000 kg ja LC 600 mm. CR-sarja on saatavana my\u00f6s kallistussylinterill\u00e4.<\/p>\n\t<h2>Lis\u00e4varusteet<\/h2>\nLaite voidaan varustaa paineenrajoitusventtiilill\u00e4, kuormatuella ja kuormasuojauksella joko lis\u00e4varusteena tai j\u00e4lkiasennettuna.<br \/>\nVoit valita haarukoiden mitat tarpeesi mukaan tai muita ominaisuuksia kuten materiaalit, pinnoitteet, mutta my\u00f6s hydrauliset toiminnot kuten kallistushaarukat tai teleskooppihaarukat. Valinnaisina ovat my\u00f6s kamera ja anturit (laser, punnituskennot, IR jne.) ja QC6 \u2013 pikaliit\u00e4nt\u00e4j\u00e4rjestelm\u00e4.\nHaarukoiden vaihtoehtona laite on mahdollista valita haarukankannattimet (kantolevyt). Voimme my\u00f6s korvata integroinnin mastoon Hook-on ISO-kiinnityksell\u00e4, pikakiinnityksell\u00e4 tai muulla kiinnikkeell\u00e4.<br \/>\nR\u00e4\u00e4t\u00e4l\u00f6idyt yksik\u00f6t valmistetaan tilauksesta.\n\t<h2>Tekniset tiedot<\/h2>\n<ul>\n<li>Nostokyky: 1600 &#8211; 8000 kg<\/li>\n<li>Kuorman keskitys: 500mm \/ 600mm \/ 900mm \/ 1100mm<\/li>\n<li>Leveys: 950 &#8211; 2500<\/li>\n<\/ul>\n<a href=\"https:\/\/www.hagaberg.com\/wp-content\/uploads\/2022\/09\/Hagaberg-C-sarja-tuote-esittely-A4-FI.pdf\" target=\"_blank\" rel=\"noopener noreferrer\">C-sarja tuote-esittely &gt;<\/a><br \/>\n<a href=\"https:\/\/www.hagaberg.com\/wp-content\/uploads\/2023\/08\/Hagaberg-C-PS02-FI.pdf\" target=\"_blank\" rel=\"noopener noreferrer\">C-sarja Tuotelehti &gt;<\/a><br \/>\n<a href=\"https:\/\/www.hagaberg.com\/wp-content\/uploads\/2023\/05\/Hagaberg-CR-PS01-FI.pdf\" target=\"_blank\" rel=\"noopener noreferrer\">CR-sarja Tuotelehti &gt;<\/a>\n\t<h2>Mallit<\/h2>\n\t\t\t\t<img loading=\"lazy\" decoding=\"async\" src=\"https:\/\/www.hagaberg.com\/wp-content\/uploads\/2023\/09\/Motviktstruck-no-text-300x91.png\" alt=\"Motviktstruck - no text\" itemprop=\"image\" height=\"91\" width=\"300\" title=\"Motviktstruck - no text\" onerror=\"this.style.display='none'\"  \/>\n\t<p>Vastapainotrukki<\/p>\n\t\t\t\t<img loading=\"lazy\" decoding=\"async\" src=\"https:\/\/www.hagaberg.com\/wp-content\/uploads\/2023\/09\/Teleskoplastare-no-text-300x92.png\" alt=\"Teleskoplastare - no text\" itemprop=\"image\" height=\"92\" width=\"300\" title=\"Teleskoplastare - no text\" onerror=\"this.style.display='none'\"  \/>\n\t<p>Kurottajat<\/p>\n\t<h2>K\u00e4ytt\u00f6kohteet<\/h2>\n\t\t\t\t<img loading=\"lazy\" decoding=\"async\" src=\"https:\/\/www.hagaberg.com\/wp-content\/uploads\/2023\/09\/Klamhantering-no-text-300x91.png\" alt=\"Klamhantering - no text\" itemprop=\"image\" height=\"91\" width=\"300\" title=\"Klamhantering - no text\" onerror=\"this.style.display='none'\"  \/>\n\t<p>Puristustoiminto<\/p>\n","protected":false},"excerpt":{"rendered":"<p>C-sarja Korkea suorituskyky ja puristustoiminto Ominaisuudet Kest\u00e4v\u00e4 monipuolinen laite Kevyt puristustoiminto Korkea j\u00e4\u00e4nn\u00f6skapasiteetti Pieni huoltotarve Kuljettajalla eritt\u00e4in hyv\u00e4 n\u00e4kyvyys C- sarja on yksi \u00e4lykk\u00e4immist\u00e4 trukkihaarukkalaitteistamme. C- sarja on yksi \u00e4lykk\u00e4immist\u00e4 trukkihaarukkalaitteistamme. C-putkirakenne antaa kuljettajalle erinomaisen n\u00e4kyvyyden ja my\u00f6t\u00e4vaikuttaa tavaroiden turvallisempaan k\u00e4sittelyyn. Laite selviytyy lis\u00e4ksi kevyest\u00e4 puristustoiminnosta, ja on painoltaan vastaavia rakenteita kevyempi. Laite on suunniteltu [&hellip;]<\/p>\n","protected":false},"author":1,"featured_media":0,"parent":3349,"menu_order":0,"comment_status":"closed","ping_status":"closed","template":"","meta":{"_genesis_hide_title":false,"_genesis_hide_breadcrumbs":false,"_genesis_hide_singular_image":false,"_genesis_hide_footer_widgets":false,"_genesis_custom_body_class":"","_genesis_custom_post_class":"","_genesis_layout":"","footnotes":""},"class_list":{"0":"post-4151","1":"page","2":"type-page","3":"status-publish","5":"entry"},"_links":{"self":[{"href":"https:\/\/www.hagaberg.com\/fi\/wp-json\/wp\/v2\/pages\/4151","targetHints":{"allow":["GET"]}}],"collection":[{"href":"https:\/\/www.hagaberg.com\/fi\/wp-json\/wp\/v2\/pages"}],"about":[{"href":"https:\/\/www.hagaberg.com\/fi\/wp-json\/wp\/v2\/types\/page"}],"author":[{"embeddable":true,"href":"https:\/\/www.hagaberg.com\/fi\/wp-json\/wp\/v2\/users\/1"}],"replies":[{"embeddable":true,"href":"https:\/\/www.hagaberg.com\/fi\/wp-json\/wp\/v2\/comments?post=4151"}],"version-history":[{"count":48,"href":"https:\/\/www.hagaberg.com\/fi\/wp-json\/wp\/v2\/pages\/4151\/revisions"}],"predecessor-version":[{"id":15471,"href":"https:\/\/www.hagaberg.com\/fi\/wp-json\/wp\/v2\/pages\/4151\/revisions\/15471"}],"up":[{"embeddable":true,"href":"https:\/\/www.hagaberg.com\/fi\/wp-json\/wp\/v2\/pages\/3349"}],"wp:attachment":[{"href":"https:\/\/www.hagaberg.com\/fi\/wp-json\/wp\/v2\/media?parent=4151"}],"curies":[{"name":"wp","href":"https:\/\/api.w.org\/{rel}","templated":true}]}}