{"id":3698,"date":"2020-11-24T15:44:47","date_gmt":"2020-11-24T14:44:47","guid":{"rendered":"https:\/\/www.hagaberg.com\/?page_id=3698"},"modified":"2026-03-23T14:00:33","modified_gmt":"2026-03-23T13:00:33","slug":"startsida","status":"publish","type":"page","link":"https:\/\/www.hagaberg.com\/fi\/","title":{"rendered":"Startsida"},"content":{"rendered":"\n\n\t<h1>OPTIMOITU!<\/h1>\nHagaberg on erikoistunut tehokkaisiin ja<br \/>\nmukautettuihin trukkihaarukkalaitteisiin.\n\t<h3><strong>C-SARJA<\/strong><\/h3>\n\t\t\t\t<a href=\"https:\/\/www.hagaberg.com\/fi\/tuotteet\/haarukan-levitin\/c-sarja\/\"  target=\"_self\" itemprop=\"url\">\n\t\t\t\t<img loading=\"lazy\" decoding=\"async\" src=\"https:\/\/www.hagaberg.com\/wp-content\/uploads\/2026\/03\/Hagaberg_startsida_C-serien.jpg\" alt=\"Hagaberg_startsida_C-serien\" itemprop=\"image\" height=\"667\" width=\"1000\" title=\"Hagaberg_startsida_C-serien\" onerror=\"this.style.display='none'\"  \/>\n\t\t\t\t<\/a>\n\t<p>Hagabergin \u00e4lyk\u00e4s C-Sarjan asetinlaite tarjoaa korkean suorituskyvyn jokaisessa k\u00e4ytt\u00f6kohteessa. Rungon C-profiili rakenne tarjoaa erinomaisen n\u00e4kyvyyden ja lis\u00e4\u00e4 sen ansiosta materiaalink\u00e4sittelyn turvallisuutta.<\/p>\n<p>&nbsp;<\/p>\n\t\t\t<a href=\"https:\/\/www.hagaberg.com\/fi\/tuotteet\/haarukan-levitin\/c-sarja\/\" target=\"_self\">\n\t\t\t\t\t\t\tT\u00c4ST\u00c4 C-SARJAAN\n\t\t\t\t\t<\/a>\n\t<h3><strong>SmartFork\u00ae<\/strong><\/h3>\n\t\t\t\t<a href=\"https:\/\/www.hagaberg.com\/fi\/smartforks\/\"  target=\"_self\" itemprop=\"url\">\n\t\t\t\t<img loading=\"lazy\" decoding=\"async\" src=\"https:\/\/www.hagaberg.com\/wp-content\/uploads\/2026\/03\/Hagaberg_startsida_SmartFork.jpg\" alt=\"Hagaberg_startsida_SmartFork\" itemprop=\"image\" height=\"667\" width=\"1000\" title=\"Hagaberg_startsida_SmartFork\" onerror=\"this.style.display='none'\"  \/>\n\t\t\t\t<\/a>\n\t<p>\u00c4lykk\u00e4\u00e4t asetinlaitteet ja haarukat. SmartFork\u00ae on avustava j\u00e4rjestelm\u00e4, joka tarjoaa useita eri vaihtoehtoja kameroiden ja sensorien pohjalta, parantaen n\u00e4kyvyytt\u00e4, huolellisuutta ja tarkkuutta.<\/p>\n<p>&nbsp;<\/p>\n\t\t\t<a href=\"https:\/\/www.hagaberg.com\/fi\/smartforks\/\" target=\"_self\">\n\t\t\t\t\t\t\tK\u00c4YTT\u00d6KOHTEISIIN\n\t\t\t\t\t<\/a>\n\t<h3><strong>KOOI\u00ae ReachForks<\/strong><\/h3>\n\t\t\t\t<a href=\"https:\/\/www.hagaberg.com\/fi\/tuotteet\/haarukat\/kooi-reachforks\/\"  target=\"_self\" itemprop=\"url\">\n\t\t\t\t<img loading=\"lazy\" decoding=\"async\" src=\"https:\/\/www.hagaberg.com\/wp-content\/uploads\/2026\/03\/Hagaberg_startsida_kooi_reachforks.jpg\" alt=\"Hagaberg_startsida_kooi_reachforks\" itemprop=\"image\" height=\"667\" width=\"1000\" title=\"Hagaberg_startsida_kooi_reachforks\" onerror=\"this.style.display='none'\"  \/>\n\t\t\t\t<\/a>\n\t<p>Hagaberg on toimittanut KOOI\u00ae ReachForks haarukoita jo 25 vuoden ajan. Haarukoiden hydraulinen pituuss\u00e4\u00e4t\u00f6 tekee niist\u00e4 ihanteellisen ratkaisun kuormaukseen ja purkamiseen, erikokoisten kuormalavojen tai kahden vakiolavan samanaikaiseen k\u00e4sittelyyn.<\/p>\n\t\t\t<a href=\"https:\/\/www.hagaberg.com\/fi\/tuotteet\/haarukat\/kooi-reachforks\/\" target=\"_self\">\n\t\t\t\t\t\t\tLIS\u00c4\u00c4 KOOI\u00ae HAARUKOISTA\n\t\t\t\t\t<\/a>\n<h1>\n\t\tLogiMAT 2026\n\t<\/h1>\n\t<p>Osallistumme kolmatta vuotta per\u00e4kk\u00e4in LogiMAT messuille &#8211; Euroopan suurimpaan sis\u00e4logistiikan ja materiaalink\u00e4sittelyn tapahtumaan.<\/p>\n&#8211; 25. Maaliskuuta<br \/>\nStuttgart, Saksa<br \/>\nHalli 10 | osasto 10A57\n<p><strong>Jos olet kiinnostunut p\u00e4\u00e4sylipuista tai tapaamisesta osastollamme, otathan meihin yhteytt\u00e4!<\/strong><\/p>\n\t\t\t\t<img loading=\"lazy\" decoding=\"async\" src=\"https:\/\/www.hagaberg.com\/wp-content\/uploads\/2026\/02\/Hagaberg_logimat_details_2026-1024x1024.jpg\" alt=\"Hagaberg_logimat_details_2026\" itemprop=\"image\" height=\"1024\" width=\"1024\" title=\"Hagaberg_logimat_details_2026\" onerror=\"this.style.display='none'\"  \/>\n\t<h2>Autamme sinua l\u00f6yt\u00e4m\u00e4\u00e4n oikean tuotteen<\/h2>\n\t\t\t<a href=\"https:\/\/www.hagaberg.com\/fi\/ota-yhteytta\/\" target=\"_self\">\n\t\t\t\t\t\t\tOTA YHTEYTT\u00c4\n\t\t\t\t\t<\/a>\n<h2>\n\t\t<a href=\"https:\/\/www.hagaberg.com\/fi\/uutisia\/\" title=\"Uutisia\"  target=\"_self\">\n\t\tUutisia\n\t\t<\/a>\n\t<\/h2>\n<h3>\n\t\t<a href=\"https:\/\/www.hagaberg.com\/fi\/uutisia\/\" title=\"UUTISARKISTO\"  target=\"_self\">\n\t\tUUTISARKISTO\n\t\t<\/a>\n\t<\/h3>\n\t\t\t<a href=\"https:\/\/www.hagaberg.com\/fi\/uutisia\/\" target=\"_self\">\n\t\t\t\t\t\t\tUutisarkistoon &raquo;\n\t\t\t\t\t<\/a>\n\t<h2>Haluatko olla yksi meist\u00e4?<\/h2>\n\t\t\t<a href=\"https:\/\/www.hagaberg.com\/fi\/avoimet-tyopaikat\/\" target=\"_self\">\n\t\t\t\t\t\t\tAvoimet ty\u00f6paikkamme\n\t\t\t\t\t<\/a>\n<h2>\n\t\t<a href=\"https:\/\/www.hagaberg.com\/fi\/?page_id=3629#saker-arbetsmiljo\" title=\"TURVALLISUUS TY\u00d6PAIKALLA\"  target=\"_self\">\n\t\tTURVALLISUUS TY\u00d6PAIKALLA\n\t\t<\/a>\n\t<\/h2>\n\t<p>Yksi t\u00e4rkeimmist\u00e4 teht\u00e4vist\u00e4mme on edist\u00e4\u00e4 turvallisempaa ty\u00f6ymp\u00e4rist\u00f6\u00e4. Hagaberg toimii katalysaattorina turvallisemmassa ty\u00f6ymp\u00e4rist\u00f6ss\u00e4 ja materiaalink\u00e4sittelyss\u00e4. Omat suunnittelijamme ty\u00f6skentelev\u00e4t yhdess\u00e4 trukkivalmistajien ja loppuk\u00e4ytt\u00e4jien kanssa optimaalisen n\u00e4kyvyyden ja \u00e4lykk\u00e4iden lis\u00e4varusteiden tarjoamiseksi, mill\u00e4 p\u00e4\u00e4st\u00e4\u00e4n turvallisempiin ratkaisuihin eri materiaalink\u00e4sittelyvaiheissa.<\/p>\n<p><a href=\"https:\/\/www.hagaberg.com\/fi\/tietoa-hagabergista\/#ty\u00f6tapamme\">Lue lis\u00e4\u00e4 \u00bb<\/a><\/p>\n\n","protected":false},"excerpt":{"rendered":"<p>OPTIMOITU! Hagaberg on erikoistunut tehokkaisiin ja mukautettuihin trukkihaarukkalaitteisiin. C-SARJA Hagabergin \u00e4lyk\u00e4s C-Sarjan asetinlaite tarjoaa korkean suorituskyvyn jokaisessa k\u00e4ytt\u00f6kohteessa. Rungon C-profiili rakenne tarjoaa erinomaisen n\u00e4kyvyyden ja lis\u00e4\u00e4 sen ansiosta materiaalink\u00e4sittelyn turvallisuutta. &nbsp; T\u00c4ST\u00c4 C-SARJAAN SmartFork\u00ae \u00c4lykk\u00e4\u00e4t asetinlaitteet ja haarukat. SmartFork\u00ae on avustava j\u00e4rjestelm\u00e4, joka tarjoaa useita eri vaihtoehtoja kameroiden ja sensorien pohjalta, parantaen n\u00e4kyvyytt\u00e4, huolellisuutta ja [&hellip;]<\/p>\n","protected":false},"author":1,"featured_media":0,"parent":0,"menu_order":0,"comment_status":"closed","ping_status":"closed","template":"","meta":{"_genesis_hide_title":false,"_genesis_hide_breadcrumbs":false,"_genesis_hide_singular_image":false,"_genesis_hide_footer_widgets":false,"_genesis_custom_body_class":"","_genesis_custom_post_class":"","_genesis_layout":"","footnotes":""},"class_list":{"0":"post-3698","1":"page","2":"type-page","3":"status-publish","5":"entry"},"_links":{"self":[{"href":"https:\/\/www.hagaberg.com\/fi\/wp-json\/wp\/v2\/pages\/3698","targetHints":{"allow":["GET"]}}],"collection":[{"href":"https:\/\/www.hagaberg.com\/fi\/wp-json\/wp\/v2\/pages"}],"about":[{"href":"https:\/\/www.hagaberg.com\/fi\/wp-json\/wp\/v2\/types\/page"}],"author":[{"embeddable":true,"href":"https:\/\/www.hagaberg.com\/fi\/wp-json\/wp\/v2\/users\/1"}],"replies":[{"embeddable":true,"href":"https:\/\/www.hagaberg.com\/fi\/wp-json\/wp\/v2\/comments?post=3698"}],"version-history":[{"count":63,"href":"https:\/\/www.hagaberg.com\/fi\/wp-json\/wp\/v2\/pages\/3698\/revisions"}],"predecessor-version":[{"id":17359,"href":"https:\/\/www.hagaberg.com\/fi\/wp-json\/wp\/v2\/pages\/3698\/revisions\/17359"}],"wp:attachment":[{"href":"https:\/\/www.hagaberg.com\/fi\/wp-json\/wp\/v2\/media?parent=3698"}],"curies":[{"name":"wp","href":"https:\/\/api.w.org\/{rel}","templated":true}]}}