{"id":3546,"date":"2020-11-10T11:59:29","date_gmt":"2020-11-10T10:59:29","guid":{"rendered":"https:\/\/www.hagaberg.com\/smartforks\/"},"modified":"2026-03-23T13:32:06","modified_gmt":"2026-03-23T12:32:06","slug":"smartforks","status":"publish","type":"page","link":"https:\/\/www.hagaberg.com\/fi\/smartforks\/","title":{"rendered":"SmartFork\u00ae"},"content":{"rendered":"\n\n\t<h1>Smartfork<sup>\u00ae<\/sup><\/h1>\n\t<strong>Haarukanlevitinlaite ja haarukat sis\u00e4\u00e4nrakennetulla \u00e4lykkyydell\u00e4, joka takaa ty\u00f6n tarkkuuden.<\/strong><br \/>\nKun tavarat peitt\u00e4v\u00e4t n\u00e4kym\u00e4n, vain arvailu on j\u00e4ljell\u00e4. SmartFork \u00ae on tuotevalikoima, jossa on useita erityyppisi\u00e4 anturitekniikoita n\u00e4kyvyyden, huomion, sijainnin, painon jne. suhteen.\n<p>K\u00e4ytt\u00e4ess\u00e4si SmartFork\u00ae-Logistics 4.0-j\u00e4rjestelm\u00e4\u00e4 voit siirty\u00e4 arvailusta turvallisuuteen ja aivan uudelle tehokkuustasolle.<\/p>\n\t<p>Hagaberg tarjoaa parhaan SmartFork\u00ae ratkaisun itse valmistamiimme korkealaatuisiin haarukkalaitteisiimme.<\/p>\n<p>SmartForkin\u00ae on kehitt\u00e4nyt kumppanimme Vetter Industrie Saksassa. He ty\u00f6skentelev\u00e4t samojen tavoitteiden kanssa kuin me, kehitt\u00e4en jatkuvasti parempia ratkaisuja tehokkuuden, tarkkuuden ja turvallisuuden parantamiseksi. Ratkaisut t\u00e4ytt\u00e4v\u00e4t korkeimmat laatu-, luotettavuus- ja k\u00e4ytt\u00f6ik\u00e4standardit.<\/p>\n\t<meta itemprop=\"url\" content=\"https:\/\/www.hagaberg.com\/wp-content\/uploads\/2025\/06\/SmartFork\u00ae_range_animation_1_1_1_2_1_1.mp4\" \/><div style=\"width: 640px;\" class=\"wp-video\"><!--[if lt IE 9]><script>document.createElement('video');<\/script><![endif]-->\n<video class=\"wp-video-shortcode\" id=\"video-3546-1\" width=\"640\" height=\"360\" poster=\"https:\/\/www.hagaberg.com\/wp-content\/uploads\/2025\/06\/smartfork-hagaberg-1348x768-1.png\" preload=\"none\" controls=\"controls\"><source type=\"video\/mp4\" src=\"https:\/\/www.hagaberg.com\/wp-content\/uploads\/2025\/06\/SmartFork\u00ae_range_animation_1_1_1_2_1_1.mp4?_=1\" \/><source type=\"video\/mp4\" src=\"https:\/\/www.hagaberg.com\/wp-content\/uploads\/2025\/06\/SmartFork\u00ae_range_animation_1_1_1_2_1_1.mp4?_=1\" \/><a href=\"https:\/\/www.hagaberg.com\/wp-content\/uploads\/2025\/06\/SmartFork\u00ae_range_animation_1_1_1_2_1_1.mp4\">https:\/\/www.hagaberg.com\/wp-content\/uploads\/2025\/06\/SmartFork\u00ae_range_animation_1_1_1_2_1_1.mp4<\/a><\/video><\/div>\n<h2>\n\t\t7 etua k\u00e4ytt\u00e4ess\u00e4si SmartFork\u00ae-Logistics 4.0-j\u00e4rjestelm\u00e4\u00e4\n\t<\/h2>\n\t<p><b>Parempi n\u00e4kyvyys<\/b><strong>: <\/strong>My\u00f6s lastatusta trukista<\/p>\n<p><strong>Korkeampi turvallisuustaso: <\/strong>Henkil\u00f6ille ja tavaroille<\/p>\n<p><strong>V\u00e4hemm\u00e4n vahinkoja: <\/strong>Parannetun n\u00e4kyvyyden ja \u00e4lykk\u00e4\u00e4n anturitekniikan avulla<\/p>\n<p><strong>Pienemm\u00e4t kustannukset: <\/strong>V\u00e4hentyneet tavaroiden ja pakkausten vahingot<\/p>\n\t<p><strong>Parempi ergonomia: <\/strong>T\u00e4ydellinen n\u00e4kyvyys ilman kuljettajan tarvetta k\u00e4\u00e4nt\u00e4\u00e4 p\u00e4\u00e4t\u00e4 ja vartaloa<\/p>\n<p><strong>Ajans\u00e4\u00e4st\u00f6: <\/strong>Tavaroiden turvallisen k\u00e4sittelyn kautta sujuvampi ty\u00f6skentely<\/p>\n<p><strong>Helppo k\u00e4sitell\u00e4:\u00a0<\/strong>Haarukoihin\u00a0integroidut \u00e4lykk\u00e4\u00e4t anturit\u00a0helpottavat ty\u00f6t\u00e4<\/p>\n<h2>\n\t\tMiksi sijoittaa anturihaarukoihin?\n\t<\/h2>\n\t<p><strong>20% kaikista konetapaturmista aiheutuu trukista. <\/strong>Suurimmassa osassa sairauslomaan johtaneista ty\u00f6tapaturmista haarukkatrukki on osallisena. T\u00e4m\u00e4 on 20% kaikista koneonnettomuuksista. Vuosina 2008-2012 Ruotsissa ilmoitettiin 87 konety\u00f6h\u00f6n liittyv\u00e4\u00e4 kuolemaan johtanutta onnettomuutta. T\u00e4m\u00e4 on kolmasosa kaikista kuolemaan johtaneista ty\u00f6tapaturmista. T\u00e4m\u00e4 m\u00e4\u00e4r\u00e4 konet\u00f6ihin liittyvist\u00e4 onnettomuuksista ilmoitettiin Ruotsin ty\u00f6ymp\u00e4rist\u00f6virastolle. T\u00e4m\u00e4 sis\u00e4lt\u00e4\u00e4 sek\u00e4 siirrett\u00e4v\u00e4t, kiinte\u00e4t ett\u00e4 kannettavat koneet. Vuosina 2008-2012 ilmoitettiin yhteens\u00e4 noin 30 000 tapaturmaa, jotka johtivat sairauslomaan v\u00e4hint\u00e4\u00e4n yhden p\u00e4iv\u00e4n ajan, noin 6000 tapaturmaa vuodessa. Lamavuonna 2009 tapauksia oli v\u00e4hemm\u00e4n. Koneonnettomuuksien osuus on siis noin 20 prosenttia raporttien kokonaism\u00e4\u00e4r\u00e4st\u00e4.<\/p>\n<h2>\n\t\tSmartFork\u00ae k\u00e4ytt\u00f6kohteet\n\t<\/h2>\n\t<p>Jokainen sovellus on \u00e4lyk\u00e4s, mutta ennen kaikkea ne tarjoavat \u00e4lykk\u00e4\u00e4n kokonaisratkaisun, joka takaa turvallisuuden ja tehokkuuden. \u00c4lykk\u00e4\u00e4n apuj\u00e4rjestelm\u00e4n avulla tavarat voidaan kuljettaa turvallisesti paikasta A paikkaan B. SmartFork voidaan integroida kaikkiin Hagaberg-haarukkalaitteisiin. Saatavana my\u00f6s et\u00e4ohjattuna.<\/p>\n<h2>\n\t\tSmartFork\u00ae FrontCam\n\t<\/h2>\n\t\t\t\t<img loading=\"lazy\" decoding=\"async\" src=\"https:\/\/www.hagaberg.com\/wp-content\/uploads\/2020\/03\/smartfork-camera-hagaberg-300x212.jpg\" alt=\"smartfork-camera-hagaberg\" itemprop=\"image\" height=\"212\" width=\"300\" title=\"smartfork-camera-hagaberg\" onerror=\"this.style.display='none'\"  \/>\n\t<p><strong>Esteet\u00f6n n\u00e4kyvyys etualalle<\/strong><\/p>\n\t\t\t<a href=\"https:\/\/www.hagaberg.com\/fi\/smartforks\/smartfork-frontcam\/\" target=\"_self\">\n\t\t\t\t\t\t\tFrontCam\n\t\t\t<\/a>\n<h2>\n\t\tSmartFork\u00ae SideCam\n\t<\/h2>\n\t\t\t\t<img loading=\"lazy\" decoding=\"async\" src=\"https:\/\/www.hagaberg.com\/wp-content\/uploads\/2020\/03\/smartfork-sidecam-hagaberg-300x211.jpg\" alt=\"smartfork-sidecam-hagaberg\" itemprop=\"image\" height=\"211\" width=\"300\" title=\"smartfork-sidecam-hagaberg\" onerror=\"this.style.display='none'\"  \/>\n\t<p><strong>Molemmat haarukat n\u00e4k\u00f6kent\u00e4ss\u00e4<\/strong><\/p>\n\t\t\t<a href=\"https:\/\/www.hagaberg.com\/fi\/smartforks\/smartfork-sidecam\/\" target=\"_self\">\n\t\t\t\t\t\t\tSideCam\n\t\t\t<\/a>\n<h2>\n\t\tSmartFork\u00ae PremiumCam\n\t<\/h2>\n\t\t\t\t<img loading=\"lazy\" decoding=\"async\" src=\"https:\/\/www.hagaberg.com\/wp-content\/uploads\/2020\/03\/smartfork-sidecam-monitor-hagaberg.jpg\" alt=\"SideCam\" itemprop=\"image\" height=\"2255\" width=\"1920\" title=\"smartfork-sidecam-monitor-hagaberg\" onerror=\"this.style.display='none'\"  \/>\n\t<p><strong>Kuvakulmien yhdistelm\u00e4<\/strong><\/p>\n\t\t\t<a href=\"https:\/\/www.hagaberg.com\/fi\/smartforks\/smartfork-premiumcam\/\" target=\"_self\">\n\t\t\t\t\t\t\tPremiumCam\n\t\t\t<\/a>\n<h2>\n\t\tSmartFork\u00ae EasySecure\n\t<\/h2>\n\t\t\t\t<img loading=\"lazy\" decoding=\"async\" src=\"https:\/\/www.hagaberg.com\/wp-content\/uploads\/2020\/03\/smartfork_easysecure-hagaberg.jpg\" alt=\"smartfork_easysecure-hagaberg\" itemprop=\"image\" height=\"2715\" width=\"1920\" title=\"smartfork_easysecure-hagaberg\" onerror=\"this.style.display='none'\"  \/>\n\t<p><strong>Vaihtelevan kuorman pituuden hallinta<\/strong><\/p>\n\t\t\t<a href=\"https:\/\/www.hagaberg.com\/fi\/smartforks\/smartfork-easysecure\/\" target=\"_self\">\n\t\t\t\t\t\t\tEasySecure\n\t\t\t<\/a>\n<h2>\n\t\tSmartFork\u00ae Laser\n\t<\/h2>\n\t\t\t\t<img loading=\"lazy\" decoding=\"async\" src=\"https:\/\/www.hagaberg.com\/wp-content\/uploads\/2020\/03\/smartfork-laser-hagaberg.jpg\" alt=\"smartfork-laser-hagaberg\" itemprop=\"image\" height=\"2715\" width=\"1920\" title=\"smartfork-laser-hagaberg\" onerror=\"this.style.display='none'\"  \/>\n\t<p><strong>Haarukan tasom\u00e4\u00e4ritys<\/strong><\/p>\n\t\t\t<a href=\"https:\/\/www.hagaberg.com\/fi\/smartforks\/smartfork-laser\/\" target=\"_self\">\n\t\t\t\t\t\t\tLaser\n\t\t\t<\/a>\n<h2>\n\t\tSmartFork\u00ae Flash\n\t<\/h2>\n\t\t\t\t<img loading=\"lazy\" decoding=\"async\" src=\"https:\/\/www.hagaberg.com\/wp-content\/uploads\/2025\/06\/hagaberg_smartfork_flash_623x437.png\" alt=\"hagaberg_smartfork_flash_623x437\" itemprop=\"image\" height=\"437\" width=\"623\" title=\"hagaberg_smartfork_flash_623x437\" onerror=\"this.style.display='none'\"  \/>\n\t<p><strong>N\u00e4e ja n\u00e4y!<\/strong><\/p>\n\t\t\t<a href=\"https:\/\/www.hagaberg.com\/fi\/smartforks\/smartfork-flash\/\" target=\"_self\">\n\t\t\t\t\t\t\tFlash\n\t\t\t<\/a>\n<h2>\n\t\tSmartFork\u00ae AGVready\n\t<\/h2>\n\t\t\t\t<img loading=\"lazy\" decoding=\"async\" src=\"https:\/\/www.hagaberg.com\/wp-content\/uploads\/2025\/06\/Hagaberg_agvready_885x620.png\" alt=\"Hagaberg_agvready_885x620\" itemprop=\"image\" height=\"620\" width=\"885\" title=\"Hagaberg_agvready_885x620\" onerror=\"this.style.display='none'\"  \/>\n\t<p><strong>Sensorihaarukat AGV-trukkeihin<\/strong><\/p>\n\t\t\t<a href=\"https:\/\/www.hagaberg.com\/fi\/smartforks\/smartfork-agvready\/\" target=\"_self\">\n\t\t\t\t\t\t\tAGVready\n\t\t\t<\/a>\n\n","protected":false},"excerpt":{"rendered":"<p>Smartfork\u00ae Haarukanlevitinlaite ja haarukat sis\u00e4\u00e4nrakennetulla \u00e4lykkyydell\u00e4, joka takaa ty\u00f6n tarkkuuden. Kun tavarat peitt\u00e4v\u00e4t n\u00e4kym\u00e4n, vain arvailu on j\u00e4ljell\u00e4. SmartFork \u00ae on tuotevalikoima, jossa on useita erityyppisi\u00e4 anturitekniikoita n\u00e4kyvyyden, huomion, sijainnin, painon jne. suhteen. K\u00e4ytt\u00e4ess\u00e4si SmartFork\u00ae-Logistics 4.0-j\u00e4rjestelm\u00e4\u00e4 voit siirty\u00e4 arvailusta turvallisuuteen ja aivan uudelle tehokkuustasolle. Hagaberg tarjoaa parhaan SmartFork\u00ae ratkaisun itse valmistamiimme korkealaatuisiin haarukkalaitteisiimme. SmartForkin\u00ae on [&hellip;]<\/p>\n","protected":false},"author":1,"featured_media":0,"parent":0,"menu_order":0,"comment_status":"closed","ping_status":"closed","template":"","meta":{"_genesis_hide_title":false,"_genesis_hide_breadcrumbs":false,"_genesis_hide_singular_image":false,"_genesis_hide_footer_widgets":false,"_genesis_custom_body_class":"","_genesis_custom_post_class":"","_genesis_layout":"","footnotes":""},"class_list":{"0":"post-3546","1":"page","2":"type-page","3":"status-publish","5":"entry"},"_links":{"self":[{"href":"https:\/\/www.hagaberg.com\/fi\/wp-json\/wp\/v2\/pages\/3546","targetHints":{"allow":["GET"]}}],"collection":[{"href":"https:\/\/www.hagaberg.com\/fi\/wp-json\/wp\/v2\/pages"}],"about":[{"href":"https:\/\/www.hagaberg.com\/fi\/wp-json\/wp\/v2\/types\/page"}],"author":[{"embeddable":true,"href":"https:\/\/www.hagaberg.com\/fi\/wp-json\/wp\/v2\/users\/1"}],"replies":[{"embeddable":true,"href":"https:\/\/www.hagaberg.com\/fi\/wp-json\/wp\/v2\/comments?post=3546"}],"version-history":[{"count":12,"href":"https:\/\/www.hagaberg.com\/fi\/wp-json\/wp\/v2\/pages\/3546\/revisions"}],"predecessor-version":[{"id":17356,"href":"https:\/\/www.hagaberg.com\/fi\/wp-json\/wp\/v2\/pages\/3546\/revisions\/17356"}],"wp:attachment":[{"href":"https:\/\/www.hagaberg.com\/fi\/wp-json\/wp\/v2\/media?parent=3546"}],"curies":[{"name":"wp","href":"https:\/\/api.w.org\/{rel}","templated":true}]}}