{"id":3530,"date":"2020-11-10T11:21:34","date_gmt":"2020-11-10T10:21:34","guid":{"rendered":"https:\/\/www.hagaberg.com\/ratkaisut-kayttokohteet\/"},"modified":"2023-03-16T11:52:17","modified_gmt":"2023-03-16T10:52:17","slug":"ratkaisut-kayttokohteet","status":"publish","type":"page","link":"https:\/\/www.hagaberg.com\/fi\/ratkaisut-kayttokohteet\/","title":{"rendered":"RATKAISUT &#8211; K\u00c4YTT\u00d6KOHTEET"},"content":{"rendered":"\n\t<p>RATKAISUT<\/p>\n\t<p>Omat suunnittelijamme kehitt\u00e4v\u00e4t my\u00f6s r\u00e4\u00e4t\u00e4l\u00f6ityj\u00e4 tuotteita ja ratkaisuja asiakkaiden tarpeisiin. Hagabergilla on oma suunnitteluosasto ja oma tuotantolinja erikoistuotantoa varten, kuten mastojen ja ohjaamojen muuntamiseksi. Tarjoamme joustavuutta sek\u00e4 lis\u00e4arvoa koko tuotantoketjussa, kuten lyhyet l\u00e4pimenoajat, t\u00e4yden varaosahuollon ja neuvonnan ennen sek\u00e4 j\u00e4lkeen toimitusta.<\/p>\n\t<h2>Elintarvikkeet <br \/>\nAsiakas: Findus<\/h2>\n\t<p><strong>Tavoitteena oli tehostaa pastakastikkeen valmistuksen ainesosien tynnyrik\u00e4sittely\u00e4. Haasteena oli sek\u00e4 tynnyrien nostaminen ett\u00e4 k\u00e4ynnistys \/ pys\u00e4ytys-toiminto tyhjent\u00e4misen yhteydess\u00e4.<\/strong><\/p>\n\t\t\t\t<img loading=\"lazy\" decoding=\"async\" src=\"https:\/\/www.hagaberg.com\/wp-content\/uploads\/2019\/09\/Findus.jpg\" alt=\"Findus\" itemprop=\"image\" height=\"720\" width=\"850\" title=\"Findus\" onerror=\"this.style.display='none'\"  \/>\n\t<p>Findus Sweden on pakastettujen vihannesten, kalan ja valmisruokien markkinajohtaja Ruotsissa. Yritys on perustettu vuonna 1941 ja sen liikevaihto on 2,6 miljardia Ruotsin kruunua, ja se ty\u00f6llist\u00e4\u00e4 220 henkil\u00f6\u00e4 Ruotsissa. Findus Sweden on osa Nomad Foods Europea (NFE), joka on L\u00e4nsi-Euroopan suurin pakastetuotteiden elintarvikeyhti\u00f6. Yhti\u00f6ll\u00e4 on 4300 ty\u00f6ntekij\u00e4\u00e4 15 maassa<br \/>ja 10 omaa tehdasta Euroopassa. Pinoamistrukille suunniteltiin ja valmistettiin t\u00e4ysin r\u00e4\u00e4t\u00e4l\u00f6ity puristusyksikk\u00f6 &#8211; Kaksois C-profiili.\u00a0Haarukoiden sijasta laite varustettiin nelikulmaisista putkista valmistettuihin varsiin, joihin asennettiin joustavat koverat levyt tynnyreihin tarttumiseksi. T\u00e4m\u00e4 on tarkoitus nostaa tynnyrit pehme\u00e4ll\u00e4 ja turvallisella tavalla. Edelleen kehitettiin kaatamistoiminto (kierto) niin, ett\u00e4 kun tynnyri nostettiin ja siirrettiin oikeaan valmistusprosessiin, k\u00e4ytt\u00e4j\u00e4 voisi helposti tyhjent\u00e4\u00e4 tynnyrin suoraan trukilla. Kaatamistoimintoa ohjaavalle s\u00e4\u00e4timelle lis\u00e4ttiin aloitus- \/ lopetuspainike, jotta k\u00e4ytt\u00e4j\u00e4 voi k\u00e4ytt\u00e4\u00e4 toimintoa annosteluun. T\u00e4ss\u00e4kin oli t\u00e4rke\u00e4\u00e4 saada sulavaliikkeinen kierto ja k\u00e4ynnistys \/ pys\u00e4ytys.<\/p>\n\t<h2><\/h2>\n<h2>Sellu ja paperi<br \/>\nAsiakas: Daily Mirror<\/h2>\n<p>Daily Mirrorin, joka perustettiin vuonna 1903, julkaisee MGN Ltd, joka on osa Reach PLC: t\u00e4.\u00a0Reach PLC on Ison-Britannian suurin p\u00e4iv\u00e4lehti, aikakauslehti ja digitaalinen kustantaja, jonka painetut ja digitaaliset julkaisut tavoittavat 38,6 miljoonaa lukijaa kuukaudessa. Reach PLC: n julkaisut kattavat Englannin, Skotlannin ja Walesin, ja niiss\u00e4 on yli 150 p\u00e4iv\u00e4lehte\u00e4 ja yli 80 verkkosivustoa. Tavoitteena oli laite, joka pystyi k\u00e4sittelem\u00e4\u00e4n paperirullia sek\u00e4 sujuvasti ett\u00e4 turvallisesti. Erityisi\u00e4 vaatimuksia olivat, ett\u00e4 haarukoiden on oltava eritt\u00e4in sileit\u00e4 paperirullien vaurioitumisriskin v\u00e4hent\u00e4miseksi eik\u00e4 saisi olla hydrauliikkaa. AGV-trukki oli varustettu r\u00e4\u00e4t\u00e4l\u00f6idyll\u00e4 Pin-tyyppisell\u00e4 haarukkalevitysyksik\u00f6ll\u00e4, jossa oli kaksi akselia. Riitt\u00e4v\u00e4n kitkan saavuttamiseksi rakennettiin kulmikkaat haarukat kiillotetusta ruostumattomasta ter\u00e4slevyst\u00e4. Laitteessa ei saanut olla hydrauliikkaohjausta. Asia ratkaistiin k\u00e4ytt\u00e4m\u00e4ll\u00e4 kierukkavaihdetta ja palloruuvia, jota ohjataan s\u00e4hk\u00f6moottorilla.\u00a0Lis\u00e4ksi projektin aikana meit\u00e4 pyydettiin my\u00f6s valmistamaan ja asentamaan trukkeihin alusta (asiakkaan piirustuksen mukaan).<\/p>\n<p>&nbsp;<\/p>\n\t\t\t\t<img loading=\"lazy\" decoding=\"async\" src=\"https:\/\/www.hagaberg.com\/wp-content\/uploads\/2019\/09\/Daily_Mirror.jpg\" alt=\"Daily_Mirror\" itemprop=\"image\" height=\"824\" width=\"522\" title=\"Daily_Mirror\" onerror=\"this.style.display='none'\"  \/>\n\t<h2>Maston muunnos<\/h2>\n<p>Olemme suunnitelleet niin kutsuttuja selke\u00e4n n\u00e4kym\u00e4n mastoja useille asiakkaille. Asiakkaiden vaatimukset poikkeavat yleens\u00e4 jonkin verran toisistaan, mink\u00e4 vuoksi ratkaisut eiv\u00e4t ole identtisi\u00e4. Perusajatus on kuitenkin sama, eli maston keskisylinteri korvataan kahdella pienemm\u00e4ll\u00e4 sylinterill\u00e4, jotka sijoitetaan maston rungon ulkopuolelle \u2013 parantaen n\u00e4kyvyytt\u00e4.<\/p>\n\t\t\t\t<img loading=\"lazy\" decoding=\"async\" src=\"https:\/\/www.hagaberg.com\/wp-content\/uploads\/2019\/09\/Special-001-1.jpg\" alt=\"Special-001\" itemprop=\"image\" height=\"842\" width=\"566\" title=\"Special-001\" onerror=\"this.style.display='none'\"  \/>\n\t<p>TIETOA HAGABERGISTA<br \/>Hagaberg valmistaa haarukkalaitteita ja niihin liittyvi\u00e4 j\u00e4rjestelm\u00e4ratkaisuja.\u00a0Tuotteillamme on ainutlaatuinen muotoilu ja toiminta, muun muassa optimaalinen n\u00e4kyvyys kuljettajalle, mik\u00e4 lis\u00e4\u00e4 turvallisuutta ty\u00f6paikalla.<\/p>\n\tHITTA R\u00c4TT<br \/>\n<strong>MASKIN<\/strong>\n\t\t\t\t<a href=\"https:\/\/www.hagaberg.com\/produkter\/\" target=\"_self\" itemprop=\"url\" rel=\"noopener noreferrer\">\n\t\t\t\t<img loading=\"lazy\" decoding=\"async\" src=\"https:\/\/www.hagaberg.com\/wp-content\/uploads\/2019\/05\/shutterstock_55429804-1024x680.jpg\" alt=\"shutterstock_55429804\" itemprop=\"image\" height=\"680\" width=\"1024\" title=\"shutterstock_55429804\" onerror=\"this.style.display='none'\"  \/>\n\t\t\t\t<\/a>\n<h3><a href=\"https:\/\/www.hagaberg.com\/produkter\/\" target=\"_self\" rel=\"noopener noreferrer\"><\/a><\/h3>\t\t\n\t\t\t<p>Spridaraggregat, gafflar, tillbeh\u00f6r, kameror, sensorer och systeml\u00f6sningar av h\u00f6gsta kvalitet, som \u00f6kar b\u00e5de effektiviteten och s\u00e4kerheten. I v\u00e5rt breda och djupa sortiment finns l\u00f6sningar p\u00e5 m\u00e5nga materialhanteringsbehov.<\/p>\n\tHITTA R\u00c4TT<br \/>\n<strong>BRANSCH<\/strong>\n\t\t\t\t<a href=\"https:\/\/www.hagaberg.com\/applikationer\/\" target=\"_self\" itemprop=\"url\" rel=\"noopener noreferrer\">\n\t\t\t\t<img loading=\"lazy\" decoding=\"async\" src=\"https:\/\/www.hagaberg.com\/wp-content\/uploads\/2019\/05\/shutterstock_726895093.jpg\" alt=\"shutterstock_726895093\" itemprop=\"image\" height=\"667\" width=\"1000\" title=\"shutterstock_726895093\" onerror=\"this.style.display='none'\"  \/>\n\t\t\t\t<\/a>\n<h3><a href=\"https:\/\/www.hagaberg.com\/applikationer\/\" target=\"_self\" rel=\"noopener noreferrer\"><\/a><\/h3>\t\t\n\t\t\t<p>Vi utvecklar fr\u00e5n grunden en m\u00e4ngd applikations-anpassade produkter samt branschspecifika l\u00f6sningar. Men hj\u00e4lp av v\u00e5ra egna konstrukt\u00f6rer tar vi \u00e4ven fram kundanpassade produkter och skr\u00e4ddarsydda l\u00f6sningar.<\/p>\n\t<p>HITTA R\u00c4TT <strong>MONTERING<\/strong><\/p>\n\t\t\t\t<a href=\"https:\/\/www.hagaberg.com\/?page_id=12\" target=\"_self\" itemprop=\"url\" rel=\"noopener noreferrer\">\n\t\t\t\t<img loading=\"lazy\" decoding=\"async\" src=\"https:\/\/www.hagaberg.com\/wp-content\/uploads\/2019\/05\/shutterstock_628615613.jpg\" alt=\"shutterstock_628615613\" itemprop=\"image\" height=\"656\" width=\"1000\" title=\"shutterstock_628615613\" onerror=\"this.style.display='none'\"  \/>\n\t\t\t\t<\/a>\n<h3><a href=\"https:\/\/www.hagaberg.com\/?page_id=12\" target=\"_self\" rel=\"noopener noreferrer\"><\/a><\/h3>\t\t\n\t\t\t<p>Hagabergs tj\u00e4nster hj\u00e4lper b\u00e5de OEM-kunder och slutanv\u00e4ndare att s\u00e4kra information om produkterna under hela livscykeln och samtidigt \u00f6ka produktiviteten.<\/p>\n\tVI HJ\u00c4LPER<br \/>\nDIG MED R\u00c4TT <strong>AGGREGAT<\/strong>\n\t\t\t<a href=\"https:\/\/www.hagaberg.com\/kontakt\/\" target=\"_self\" role=\"button\" rel=\"noopener noreferrer\">\n\t\t\t\t\t\t\tKONTAKTA OSS\n\t\t\t\t\t<\/a>\n\t\n<p><strong>NYHETER<\/strong><\/p>\n\t\t\t<a href=\"https:\/\/www.hagaberg.com\/nyheter\/\" target=\"_self\" role=\"button\" rel=\"noopener noreferrer\">\n\t\t\t\t\t\t\tL\u00c4S MER\n\t\t\t\t\t<\/a>\n\tVill du bli<br \/>\nen av oss?<br \/>\n<strong>LEDIGA JOBB<\/strong>\n\t\t\t<a href=\"https:\/\/www.hagaberg.com\/lediga-jobb\/\" target=\"_self\" role=\"button\" rel=\"noopener noreferrer\">\n\t\t\t\t\t\t\tL\u00c4S MER\n\t\t\t\t\t<\/a>\n","protected":false},"excerpt":{"rendered":"<p>RATKAISUT Omat suunnittelijamme kehitt\u00e4v\u00e4t my\u00f6s r\u00e4\u00e4t\u00e4l\u00f6ityj\u00e4 tuotteita ja ratkaisuja asiakkaiden tarpeisiin. Hagabergilla on oma suunnitteluosasto ja oma tuotantolinja erikoistuotantoa varten, kuten mastojen ja ohjaamojen muuntamiseksi. Tarjoamme joustavuutta sek\u00e4 lis\u00e4arvoa koko tuotantoketjussa, kuten lyhyet l\u00e4pimenoajat, t\u00e4yden varaosahuollon ja neuvonnan ennen sek\u00e4 j\u00e4lkeen toimitusta. Elintarvikkeet Asiakas: Findus Tavoitteena oli tehostaa pastakastikkeen valmistuksen ainesosien tynnyrik\u00e4sittely\u00e4. Haasteena oli sek\u00e4 [&hellip;]<\/p>\n","protected":false},"author":1,"featured_media":0,"parent":0,"menu_order":0,"comment_status":"closed","ping_status":"closed","template":"","meta":{"_genesis_hide_title":false,"_genesis_hide_breadcrumbs":false,"_genesis_hide_singular_image":false,"_genesis_hide_footer_widgets":false,"_genesis_custom_body_class":"","_genesis_custom_post_class":"","_genesis_layout":"","footnotes":""},"class_list":{"0":"post-3530","1":"page","2":"type-page","3":"status-publish","5":"entry"},"_links":{"self":[{"href":"https:\/\/www.hagaberg.com\/fi\/wp-json\/wp\/v2\/pages\/3530","targetHints":{"allow":["GET"]}}],"collection":[{"href":"https:\/\/www.hagaberg.com\/fi\/wp-json\/wp\/v2\/pages"}],"about":[{"href":"https:\/\/www.hagaberg.com\/fi\/wp-json\/wp\/v2\/types\/page"}],"author":[{"embeddable":true,"href":"https:\/\/www.hagaberg.com\/fi\/wp-json\/wp\/v2\/users\/1"}],"replies":[{"embeddable":true,"href":"https:\/\/www.hagaberg.com\/fi\/wp-json\/wp\/v2\/comments?post=3530"}],"version-history":[{"count":3,"href":"https:\/\/www.hagaberg.com\/fi\/wp-json\/wp\/v2\/pages\/3530\/revisions"}],"predecessor-version":[{"id":9141,"href":"https:\/\/www.hagaberg.com\/fi\/wp-json\/wp\/v2\/pages\/3530\/revisions\/9141"}],"wp:attachment":[{"href":"https:\/\/www.hagaberg.com\/fi\/wp-json\/wp\/v2\/media?parent=3530"}],"curies":[{"name":"wp","href":"https:\/\/api.w.org\/{rel}","templated":true}]}}