{"id":3435,"date":"2020-11-10T10:52:25","date_gmt":"2020-11-10T09:52:25","guid":{"rendered":"https:\/\/www.hagaberg.com\/ota-yhteytta\/"},"modified":"2026-01-08T14:31:45","modified_gmt":"2026-01-08T13:31:45","slug":"ota-yhteytta","status":"publish","type":"page","link":"https:\/\/www.hagaberg.com\/fi\/ota-yhteytta\/","title":{"rendered":"Ota Yhteytt\u00e4"},"content":{"rendered":"\n<h1>\n\t\tOta Yhteytt\u00e4\n\t<\/h1>\n\t<h2>Miten voimme auttaa?<\/h2>\n<p>Tavoitat meid\u00e4t helposti l\u00e4hett\u00e4m\u00e4ll\u00e4 kysymyksesi seuraaville asiantuntijoillemme k\u00e4ytt\u00e4m\u00e4ll\u00e4 omaa s\u00e4hk\u00f6postiasi tai alla olevaa lomaketta. Voit my\u00f6s soittaa meille asiakaspalvelumme kautta tai ottaa yhteytt\u00e4 tiettyyn ty\u00f6ntekij\u00e4\u00e4n.<\/p>\n\t<b>Asiakaspalvelu<\/b><br \/>\n<em>Kysely, tilaus, palvelu ja tuki<\/em><br \/>\nPuhelin: +46 583 57 44 40<br \/>\nS\u00e4hk\u00f6posti: <a href=\"mailto:info@hagaberg.com\">info@hagaberg.com<\/a>\n<b>Tiedustelu \/ varaosat<\/b><br \/>\nPuhelin: +46 583 57 44 41<br \/>\nS\u00e4hk\u00f6posti: <a href=\"mailto:Spareparts@hagaberg.com\">spareparts@hagaberg.com<\/a><br \/>\n(Liit\u00e4 sarjanumero)\n<strong>Avoinna arkisin<br \/>\n<\/strong> Maanantai &#8211; Torstai: 08:00 &#8211; 16:00<br \/>\nPerjantai: 08:00 &#8211; 13:00\n<strong>Hagaberg Industrier AB<br \/>\n<\/strong>\u00c5kerv\u00e4gen 19<br \/>\n696 32 Askersund<br \/>\nSweden\n<strong>K\u00e4ynti- ja toimitusosoite:<br \/>\n<\/strong>\u00c5kerv\u00e4gen 19<br \/>\n696 32 Askersund<br \/>\nSweden\n\t<h2>Alueen Myyntip\u00e4\u00e4llik\u00f6t<\/h2>\n\t\t\t\t<img loading=\"lazy\" decoding=\"async\" src=\"https:\/\/www.hagaberg.com\/wp-content\/uploads\/2024\/08\/SamiMa\u0308kela\u0308700x900.png\" alt=\"SamiMa\u0308kela\u0308700x900\" itemprop=\"image\" height=\"900\" width=\"699\" title=\"SamiMa\u0308kela\u0308700x900\" onerror=\"this.style.display='none'\"  \/>\n\t<h3>Sami M\u00e4kel\u00e4<\/h3>\n<strong><\/strong><strong>Aluemyyntip\u00e4\u00e4llikk\u00f6<br \/>\nSuomi \/ Baltian maat<\/strong><br \/>\n<a href=\"mailto:sami@hagaberggroup.com\">sami@hagaberggroup.com<\/a><br \/>\n+358 50 5571119\n\t\t\t\t<img loading=\"lazy\" decoding=\"async\" src=\"https:\/\/www.hagaberg.com\/wp-content\/uploads\/2025\/05\/ClausLindgaard700x900-1.png\" alt=\"ClausLindgaard700x900\" itemprop=\"image\" height=\"900\" width=\"700\" title=\"ClausLindgaard700x900\" onerror=\"this.style.display='none'\"  \/>\n\t<h3>Claus Lindgaard<\/h3>\n<strong><\/strong><strong>Aluemyyntip\u00e4\u00e4llikk\u00f6<br \/>\nTanska \/ Islanti \/ Norja<\/strong><br \/>\n<a href=\"mailto:claus@hagaberggroup.com\">claus@hagaberggroup.com<\/a><br \/>\n+45 6078 7000\n\t\t\t\t<img loading=\"lazy\" decoding=\"async\" src=\"https:\/\/www.hagaberg.com\/wp-content\/uploads\/2024\/08\/OscarCarlssonSchaden700x900.png\" alt=\"OscarCarlssonSchaden700x900\" itemprop=\"image\" height=\"900\" width=\"699\" title=\"OscarCarlssonSchaden700x900\" onerror=\"this.style.display='none'\"  \/>\n\t<h3>Oscar Carlsson Schaden<\/h3>\n<strong><\/strong><strong>Aluemyyntip\u00e4\u00e4llikk\u00f6<br \/>\nRuotsi<\/strong><br \/>\n<a href=\"mailto:oscar@hagaberggroup.com\">oscar@hagaberggroup.com<\/a><br \/>\n+46 583-57 44 50\n\t\t\t\t<img loading=\"lazy\" decoding=\"async\" src=\"https:\/\/www.hagaberg.com\/wp-content\/uploads\/2024\/08\/TadeuszMajchrzak700x900_2-1.png\" alt=\"TadeuszMajchrzak700x900_2\" itemprop=\"image\" height=\"900\" width=\"699\" title=\"TadeuszMajchrzak700x900_2\" onerror=\"this.style.display='none'\"  \/>\n\t<h3>Tadeusz Majchrzak<\/h3>\n<strong><\/strong><strong>Aluemyyntip\u00e4\u00e4llikk\u00f6<br \/>\nPuola<\/strong><br \/>\n<a href=\"mailto:tadeusz@hagaberggroup.com\">tadeusz@hagaberggroup.com<\/a><br \/>\n+48 601 888 059\n\t<h2>Kansainv\u00e4linen kauppa<\/h2>\n\t\t\t\t<img loading=\"lazy\" decoding=\"async\" src=\"https:\/\/www.hagaberg.com\/wp-content\/uploads\/2024\/08\/StefanCarlssonPautt700x900.png\" alt=\"StefanCarlssonPautt700x900\" itemprop=\"image\" height=\"900\" width=\"699\" title=\"StefanCarlssonPautt700x900\" onerror=\"this.style.display='none'\"  \/>\n\t<h3>Stefan Carlsson Pautt<\/h3>\n<strong><\/strong><strong>Liiketoiminnan kehitysp\u00e4\u00e4llikk\u00f6<\/strong><br \/>\n<a href=\"mailto:stefan@hagaberggroup.com\">stefan@hagaberggroup.com<\/a><br \/>\n+46 583-57 44 02\n\t<h2>Asiakaspalvelu<\/h2>\n\t\t\t\t<img loading=\"lazy\" decoding=\"async\" src=\"https:\/\/www.hagaberg.com\/wp-content\/uploads\/2024\/08\/MathildaAndersson700x900.png\" alt=\"MathildaAndersson700x900\" itemprop=\"image\" height=\"900\" width=\"699\" title=\"MathildaAndersson700x900\" onerror=\"this.style.display='none'\"  \/>\n\t<h3>Mathilda Andersson<\/h3>\n<strong><\/strong><strong>Tilaukset ja asiakaspalvelu<\/strong><br \/>\n<a href=\"mailto:mathilda@hagaberggroup.com\">mathilda@hagaber<\/a><a href=\"mailto:mathilda@hagaberggroup.com\">ggroup.com<\/a><br \/>\n+46 583-57 44 43\u00a0\n\t\t\t\t<img loading=\"lazy\" decoding=\"async\" src=\"https:\/\/www.hagaberg.com\/wp-content\/uploads\/2024\/08\/TheresiaJohansson700x900-1.png\" alt=\"TheresiaJohansson700x900\" itemprop=\"image\" height=\"900\" width=\"699\" title=\"TheresiaJohansson700x900\" onerror=\"this.style.display='none'\"  \/>\n\t<h3>Theresia Johansson<\/h3>\n<strong><\/strong><strong>Ostot ja asiakaspalvelu<br \/>\n<\/strong><a href=\"mailto:theresia@hagaberggroup.com\">theresia@hagaberggroup.com<\/a><br \/>\n+46 583-57 50 12\n\t\t\t\t<img loading=\"lazy\" decoding=\"async\" src=\"https:\/\/www.hagaberg.com\/wp-content\/uploads\/2024\/11\/Lotta-Sko\u0308nvall700x900-1.png\" alt=\"Lotta Sko\u0308nvall700x900\" itemprop=\"image\" height=\"900\" width=\"699\" title=\"Lotta Sko\u0308nvall700x900\" onerror=\"this.style.display='none'\"  \/>\n\t<h3>Lotta Sk\u00f6nvall<\/h3>\n<strong><\/strong><strong>Varaosat ja asiakaspalvelu<\/strong><br \/>\n<a href=\"mailto:lotta@hagaberggroup.com\">lotta@hagaberggroup.com<\/a><br \/>\n+46 583-57 44 44\u00a0\n\t<h2>Suunnittelu ja<br \/>\nTekninen tuki<\/h2>\n\t\t\t\t<img loading=\"lazy\" decoding=\"async\" src=\"https:\/\/www.hagaberg.com\/wp-content\/uploads\/2024\/08\/JohanGrankvist700x900.png\" alt=\"JohanGrankvist700x900\" itemprop=\"image\" height=\"900\" width=\"699\" title=\"JohanGrankvist700x900\" onerror=\"this.style.display='none'\"  \/>\n\t<h3>Johan Grankvist<\/h3>\n<strong><\/strong><strong>Tekninen johtaja<\/strong><br \/>\n<a href=\"mailto:johan@hagaberggroup.com\">johan@hagaberggroup.com<\/a><br \/>\n+46 583-57 44 04\n\t\t\t\t<img loading=\"lazy\" decoding=\"async\" src=\"https:\/\/www.hagaberg.com\/wp-content\/uploads\/2024\/08\/KenLennartsson700x900.png\" alt=\"KenLennartsson700x900\" itemprop=\"image\" height=\"900\" width=\"699\" title=\"KenLennartsson700x900\" onerror=\"this.style.display='none'\"  \/>\n\t<h3>Ken Lennartsson<\/h3>\n<strong><\/strong><strong>Suunnitteluinsin\u00f6\u00f6ri<\/strong><br \/>\n<a href=\"mailto:ken@hagaberggroup.com\">ken@hagaberggroup.com<\/a><br \/>\n+46 583-57 44 31\n\t\t\t\t<img loading=\"lazy\" decoding=\"async\" src=\"https:\/\/www.hagaberg.com\/wp-content\/uploads\/2024\/10\/RoyO\u0308hlin700x900-1.png\" alt=\"RoyO\u0308hlin700x900\" itemprop=\"image\" height=\"900\" width=\"700\" title=\"RoyO\u0308hlin700x900\" onerror=\"this.style.display='none'\"  \/>\n\t<h3>Roy \u00d6hlin<\/h3>\n<strong><\/strong><strong>Suunnitteluinsin\u00f6\u00f6ri<\/strong><br \/>\n<a href=\"mailto:roy@hagaberggroup.com\">roy@hagaberggroup.com<\/a><br \/>\n+46 583-57 44 05\n\t\t\t\t<img decoding=\"async\" src=\"https:\/\/www.hagaberg.com\/wp-content\/plugins\/bb-plugin\/img\/pixel.png\" alt=\"\" itemprop=\"image\" onerror=\"this.style.display='none'\"  \/>\n\t<h2>Johto ja<br \/>\nHallinto<\/h2>\n\t\t\t\t<img loading=\"lazy\" decoding=\"async\" src=\"https:\/\/www.hagaberg.com\/wp-content\/uploads\/2024\/08\/MagnusLarsson700x900.png\" alt=\"MagnusLarsson700x900\" itemprop=\"image\" height=\"900\" width=\"699\" title=\"MagnusLarsson700x900\" onerror=\"this.style.display='none'\"  \/>\n\t<h3>Magnus Larsson<\/h3>\n<strong><\/strong><strong>TJ<br \/>\n<\/strong><a href=\"mailto:magnus@hagaberggroup.com\">magnus@hagaberggroup.com<\/a><br \/>\n+46 583-57 44 01\n\t\t\t\t<img loading=\"lazy\" decoding=\"async\" src=\"https:\/\/www.hagaberg.com\/wp-content\/uploads\/2024\/08\/StefanCarlssonPautt700x900.png\" alt=\"StefanCarlssonPautt700x900\" itemprop=\"image\" height=\"900\" width=\"699\" title=\"StefanCarlssonPautt700x900\" onerror=\"this.style.display='none'\"  \/>\n\t<h3>Stefan Carlsson Pautt<\/h3>\n<strong><\/strong><strong>Liiketoiminnan kehitysp\u00e4\u00e4llikk\u00f6<\/strong><br \/>\n<a href=\"mailto:stefan@hagaberggroup.com\">stefan@hagaberggroup.com<\/a><br \/>\n+46 583-57 44 02\n\t\t\t\t<img loading=\"lazy\" decoding=\"async\" src=\"https:\/\/www.hagaberg.com\/wp-content\/uploads\/2024\/08\/MartinFransson700x900.png\" alt=\"MartinFransson700x900\" itemprop=\"image\" height=\"900\" width=\"699\" title=\"MartinFransson700x900\" onerror=\"this.style.display='none'\"  \/>\n\t<h3>Martin Fransson<\/h3>\n<strong><\/strong><strong>Tuotantop\u00e4\u00e4llikk\u00f6<\/strong><br \/>\n<a href=\"mailto:martin@hagaberggroup.com\">martin@hagaberggroup.com<\/a><br \/>\n+46 583-57 44 03\n\t\t\t\t<img loading=\"lazy\" decoding=\"async\" src=\"https:\/\/www.hagaberg.com\/wp-content\/uploads\/2024\/08\/JohanGrankvist700x900.png\" alt=\"JohanGrankvist700x900\" itemprop=\"image\" height=\"900\" width=\"699\" title=\"JohanGrankvist700x900\" onerror=\"this.style.display='none'\"  \/>\n\t<h3>Johan Grankvist<\/h3>\n<strong><\/strong><strong>Tekninen johtaja<\/strong><br \/>\n<a href=\"mailto:johan@hagaberggroup.com\">johan@hagaberggroup.com<\/a><br \/>\n+46 583-57 44 04\n\t\t\t\t<img loading=\"lazy\" decoding=\"async\" src=\"https:\/\/www.hagaberg.com\/wp-content\/uploads\/2024\/08\/TobiasWidlund700x900.png\" alt=\"TobiasWidlund700x900\" itemprop=\"image\" height=\"900\" width=\"699\" title=\"TobiasWidlund700x900\" onerror=\"this.style.display='none'\"  \/>\n\t<h3>Tobias Widlund<\/h3>\n<strong><\/strong><strong>Talousjohtaja<\/strong><br \/>\n<a href=\"mailto:tobias@hagaberggroup.com\">tobias@hagaberggroup.com<\/a><br \/>\n+46 583-57 44 38\n\t\t\t\t<img loading=\"lazy\" decoding=\"async\" src=\"https:\/\/www.hagaberg.com\/wp-content\/uploads\/2024\/08\/MonaJansson700x900-1.png\" alt=\"MonaJansson700x900\" itemprop=\"image\" height=\"900\" width=\"699\" title=\"MonaJansson700x900\" onerror=\"this.style.display='none'\"  \/>\n\t<h3>Mona Jansson<\/h3>\n<strong><\/strong><strong>Taloushallinto<\/strong><br \/>\n<a href=\"mailto:mona@hagaberggroup.com\">mona@hagaberggroup.com<\/a><br \/>\n+46 583-57 44 15\n\t\t\t\t<img loading=\"lazy\" decoding=\"async\" src=\"https:\/\/www.hagaberg.com\/wp-content\/uploads\/2024\/08\/SaraMartinsson700x900.png\" alt=\"SaraMartinsson700x900\" itemprop=\"image\" height=\"900\" width=\"699\" title=\"SaraMartinsson700x900\" onerror=\"this.style.display='none'\"  \/>\n\t<h3>Sara Martinsson<\/h3>\n<strong><\/strong><strong>Markkinointi ja mediatuotanto<\/strong><br \/>\n<a href=\"mailto:sara@hagaberggroup.com\">sara@hagaberggroup.com<\/a><br \/>\n+46 583-57 43 42\n\t\n<div class=\"wpcf7 no-js\" id=\"wpcf7-f1387-o1\" lang=\"sv-SE\" dir=\"ltr\" data-wpcf7-id=\"1387\">\n<div class=\"screen-reader-response\"><p role=\"status\" aria-live=\"polite\" aria-atomic=\"true\"><\/p> <ul><\/ul><\/div>\n<form action=\"\/fi\/wp-json\/wp\/v2\/pages\/3435#wpcf7-f1387-o1\" method=\"post\" class=\"wpcf7-form init\" aria-label=\"Kontaktformul\u00e4r\" novalidate=\"novalidate\" data-status=\"init\">\n<div style=\"display: none;\">\n<input type=\"hidden\" name=\"_wpcf7\" value=\"1387\" \/>\n<input type=\"hidden\" name=\"_wpcf7_version\" value=\"6.0.3\" \/>\n<input type=\"hidden\" name=\"_wpcf7_locale\" value=\"sv_SE\" \/>\n<input type=\"hidden\" name=\"_wpcf7_unit_tag\" value=\"wpcf7-f1387-o1\" \/>\n<input type=\"hidden\" name=\"_wpcf7_container_post\" value=\"0\" \/>\n<input type=\"hidden\" name=\"_wpcf7_posted_data_hash\" value=\"\" \/>\n<\/div>\n<p><label> Name<br \/>\n<span class=\"wpcf7-form-control-wrap\" data-name=\"your-name\"><input size=\"40\" maxlength=\"400\" class=\"wpcf7-form-control wpcf7-text wpcf7-validates-as-required\" aria-required=\"true\" aria-invalid=\"false\" value=\"\" type=\"text\" name=\"your-name\" \/><\/span> <\/label>\n<\/p>\n<p><label> E-mail<br \/>\n<span class=\"wpcf7-form-control-wrap\" data-name=\"your-email\"><input size=\"40\" maxlength=\"400\" class=\"wpcf7-form-control wpcf7-email wpcf7-validates-as-required wpcf7-text wpcf7-validates-as-email\" aria-required=\"true\" aria-invalid=\"false\" value=\"\" type=\"email\" name=\"your-email\" \/><\/span> <\/label>\n<\/p>\n<p><label> Phone<br \/>\n<span class=\"wpcf7-form-control-wrap\" data-name=\"your-phone\"><input size=\"40\" maxlength=\"400\" class=\"wpcf7-form-control wpcf7-tel wpcf7-text wpcf7-validates-as-tel\" aria-invalid=\"false\" value=\"\" type=\"tel\" name=\"your-phone\" \/><\/span> <\/label>\n<\/p>\n<p><label> Company<br \/>\n<span class=\"wpcf7-form-control-wrap\" data-name=\"your-company\"><input size=\"40\" maxlength=\"400\" class=\"wpcf7-form-control wpcf7-text\" aria-invalid=\"false\" value=\"\" type=\"text\" name=\"your-company\" \/><\/span> <\/label>\n<\/p>\n<p><label> Job title<br \/>\n<span class=\"wpcf7-form-control-wrap\" data-name=\"your-title\"><input size=\"40\" maxlength=\"400\" class=\"wpcf7-form-control wpcf7-text\" aria-invalid=\"false\" value=\"\" type=\"text\" name=\"your-title\" \/><\/span> <\/label>\n<\/p>\n<p><label> Serial number<br \/>\n<span class=\"wpcf7-form-control-wrap\" data-name=\"your-serial\"><input size=\"40\" maxlength=\"400\" class=\"wpcf7-form-control wpcf7-text\" aria-invalid=\"false\" value=\"\" type=\"text\" name=\"your-serial\" \/><\/span> <\/label><br \/>\n<span class=\"wpcf7-form-control-wrap\" data-name=\"your-errand\"><span class=\"wpcf7-form-control wpcf7-checkbox\"><span class=\"wpcf7-list-item first\"><input type=\"checkbox\" name=\"your-errand[]\" value=\"Customer service\" \/><span class=\"wpcf7-list-item-label\">Customer service<\/span><\/span><span class=\"wpcf7-list-item\"><input type=\"checkbox\" name=\"your-errand[]\" value=\"Spare parts\" \/><span class=\"wpcf7-list-item-label\">Spare parts<\/span><\/span><span class=\"wpcf7-list-item\"><input type=\"checkbox\" name=\"your-errand[]\" value=\"Career\" \/><span class=\"wpcf7-list-item-label\">Career<\/span><\/span><span class=\"wpcf7-list-item last\"><input type=\"checkbox\" name=\"your-errand[]\" value=\"Other\" \/><span class=\"wpcf7-list-item-label\">Other<\/span><\/span><\/span><\/span>\n<\/p>\n<p><label> Message<br \/>\n<span class=\"wpcf7-form-control-wrap\" data-name=\"your-message\"><textarea cols=\"40\" rows=\"10\" maxlength=\"2000\" class=\"wpcf7-form-control wpcf7-textarea\" aria-invalid=\"false\" name=\"your-message\"><\/textarea><\/span> <\/label>\n<\/p>\n<p><label><br \/>\n<span class=\"wpcf7-form-control-wrap\" data-name=\"quiz-446\"><label><span class=\"wpcf7-quiz-label\">Capital of Sweden?<\/span> <input size=\"40\" class=\"wpcf7-form-control wpcf7-quiz\" autocomplete=\"off\" aria-required=\"true\" aria-invalid=\"false\" type=\"text\" name=\"quiz-446\" \/><\/label><input type=\"hidden\" name=\"_wpcf7_quiz_answer_quiz-446\" value=\"3b5c1339d795ad20d9775d5ec1bdfcd9\" \/><\/span> <\/label>\n<\/p>\n<p><input class=\"wpcf7-form-control wpcf7-submit has-spinner\" type=\"submit\" value=\"Send\" \/>\n<\/p><div class=\"wpcf7-response-output\" aria-hidden=\"true\"><\/div>\n<\/form>\n<\/div>\n\n\t<iframe src=\"https:\/\/www.google.com\/maps\/embed\/v1\/place?q=Hagaberg+Industrier+AB&#038;key=AIzaSyD09zQ9PNDNNy9TadMuzRV_UsPUoWKntt8\" aria-hidden=\"true\"><\/iframe>\n\n","protected":false},"excerpt":{"rendered":"<p>Ota Yhteytt\u00e4 Miten voimme auttaa? Tavoitat meid\u00e4t helposti l\u00e4hett\u00e4m\u00e4ll\u00e4 kysymyksesi seuraaville asiantuntijoillemme k\u00e4ytt\u00e4m\u00e4ll\u00e4 omaa s\u00e4hk\u00f6postiasi tai alla olevaa lomaketta. Voit my\u00f6s soittaa meille asiakaspalvelumme kautta tai ottaa yhteytt\u00e4 tiettyyn ty\u00f6ntekij\u00e4\u00e4n. Asiakaspalvelu Kysely, tilaus, palvelu ja tuki Puhelin: +46 583 57 44 40 S\u00e4hk\u00f6posti: info@hagaberg.com Tiedustelu \/ varaosat Puhelin: +46 583 57 44 41 S\u00e4hk\u00f6posti: spareparts@hagaberg.com [&hellip;]<\/p>\n","protected":false},"author":1,"featured_media":0,"parent":0,"menu_order":0,"comment_status":"closed","ping_status":"closed","template":"","meta":{"_genesis_hide_title":false,"_genesis_hide_breadcrumbs":false,"_genesis_hide_singular_image":false,"_genesis_hide_footer_widgets":false,"_genesis_custom_body_class":"","_genesis_custom_post_class":"","_genesis_layout":"","footnotes":""},"class_list":{"0":"post-3435","1":"page","2":"type-page","3":"status-publish","5":"entry"},"_links":{"self":[{"href":"https:\/\/www.hagaberg.com\/fi\/wp-json\/wp\/v2\/pages\/3435","targetHints":{"allow":["GET"]}}],"collection":[{"href":"https:\/\/www.hagaberg.com\/fi\/wp-json\/wp\/v2\/pages"}],"about":[{"href":"https:\/\/www.hagaberg.com\/fi\/wp-json\/wp\/v2\/types\/page"}],"author":[{"embeddable":true,"href":"https:\/\/www.hagaberg.com\/fi\/wp-json\/wp\/v2\/users\/1"}],"replies":[{"embeddable":true,"href":"https:\/\/www.hagaberg.com\/fi\/wp-json\/wp\/v2\/comments?post=3435"}],"version-history":[{"count":37,"href":"https:\/\/www.hagaberg.com\/fi\/wp-json\/wp\/v2\/pages\/3435\/revisions"}],"predecessor-version":[{"id":16951,"href":"https:\/\/www.hagaberg.com\/fi\/wp-json\/wp\/v2\/pages\/3435\/revisions\/16951"}],"wp:attachment":[{"href":"https:\/\/www.hagaberg.com\/fi\/wp-json\/wp\/v2\/media?parent=3435"}],"curies":[{"name":"wp","href":"https:\/\/api.w.org\/{rel}","templated":true}]}}