{"id":3369,"date":"2020-11-03T13:49:01","date_gmt":"2020-11-03T12:49:01","guid":{"rendered":"https:\/\/www.hagaberg.com\/tuotteet\/smartforks\/"},"modified":"2021-05-31T12:00:33","modified_gmt":"2021-05-31T10:00:33","slug":"smartforks","status":"publish","type":"page","link":"https:\/\/www.hagaberg.com\/fi\/tuotteet\/smartforks\/","title":{"rendered":"Smartforks"},"content":{"rendered":"<h1>Smartfork<sup>\u00ae<\/sup><\/h1>\r\n<h2>Smartfork<sup>\u00ae<\/sup><\/h2>\r\n<p>Haarukanlevitinlaite ja haarukat sis\u00e4\u00e4nrakennetulla \u00e4lykkyydell\u00e4, joka takaa ty\u00f6n tarkkuuden. <br \/>Kun tavarat peitt\u00e4v\u00e4t n\u00e4kym\u00e4n, vain arvailu on j\u00e4ljell\u00e4. SmartFork \u00ae on tuotevalikoima, jossa on useita erityyppisi\u00e4 anturitekniikoita n\u00e4kyvyyden, huomion, sijainnin, painon jne. suhteen.\u00a0<\/p>\r\n<p><a href=\"https:\/\/www.hagaberg.com\/fi\/ota-yhteytta\/\">Ota yhteytt\u00e4 saadaksesi lis\u00e4tietoja<\/a><\/p>","protected":false},"excerpt":{"rendered":"<p>Smartfork\u00ae Smartfork\u00ae Haarukanlevitinlaite ja haarukat sis\u00e4\u00e4nrakennetulla \u00e4lykkyydell\u00e4, joka takaa ty\u00f6n tarkkuuden. Kun tavarat peitt\u00e4v\u00e4t n\u00e4kym\u00e4n, vain arvailu on j\u00e4ljell\u00e4. SmartFork \u00ae on tuotevalikoima, jossa on useita erityyppisi\u00e4 anturitekniikoita n\u00e4kyvyyden, huomion, sijainnin, painon jne. suhteen.\u00a0 Ota yhteytt\u00e4 saadaksesi lis\u00e4tietoja<\/p>\n","protected":false},"author":1,"featured_media":0,"parent":3330,"menu_order":0,"comment_status":"closed","ping_status":"closed","template":"","meta":{"_genesis_hide_title":false,"_genesis_hide_breadcrumbs":false,"_genesis_hide_singular_image":false,"_genesis_hide_footer_widgets":false,"_genesis_custom_body_class":"","_genesis_custom_post_class":"","_genesis_layout":"","footnotes":""},"class_list":{"0":"post-3369","1":"page","2":"type-page","3":"status-publish","5":"entry"},"_links":{"self":[{"href":"https:\/\/www.hagaberg.com\/fi\/wp-json\/wp\/v2\/pages\/3369","targetHints":{"allow":["GET"]}}],"collection":[{"href":"https:\/\/www.hagaberg.com\/fi\/wp-json\/wp\/v2\/pages"}],"about":[{"href":"https:\/\/www.hagaberg.com\/fi\/wp-json\/wp\/v2\/types\/page"}],"author":[{"embeddable":true,"href":"https:\/\/www.hagaberg.com\/fi\/wp-json\/wp\/v2\/users\/1"}],"replies":[{"embeddable":true,"href":"https:\/\/www.hagaberg.com\/fi\/wp-json\/wp\/v2\/comments?post=3369"}],"version-history":[{"count":3,"href":"https:\/\/www.hagaberg.com\/fi\/wp-json\/wp\/v2\/pages\/3369\/revisions"}],"predecessor-version":[{"id":4484,"href":"https:\/\/www.hagaberg.com\/fi\/wp-json\/wp\/v2\/pages\/3369\/revisions\/4484"}],"up":[{"embeddable":true,"href":"https:\/\/www.hagaberg.com\/fi\/wp-json\/wp\/v2\/pages\/3330"}],"wp:attachment":[{"href":"https:\/\/www.hagaberg.com\/fi\/wp-json\/wp\/v2\/media?parent=3369"}],"curies":[{"name":"wp","href":"https:\/\/api.w.org\/{rel}","templated":true}]}}