{"id":3349,"date":"2020-11-03T13:06:12","date_gmt":"2020-11-03T12:06:12","guid":{"rendered":"https:\/\/www.hagaberg.com\/tuotteet\/haarukan-levitin\/"},"modified":"2025-08-11T11:47:21","modified_gmt":"2025-08-11T09:47:21","slug":"haarukan-levitin","status":"publish","type":"page","link":"https:\/\/www.hagaberg.com\/fi\/tuotteet\/haarukan-levitin\/","title":{"rendered":"HAARUKAN LEVITIN"},"content":{"rendered":"\n\t<h1>HAARUKAN LEVITIN<\/h1>\n\t<p><b>Hydraulinen asetinlaite paikoituksella. Valitse malli tarpeittesi mukaan esim. trukin tyyppi, nostokyky, leveys, k\u00e4ytt\u00f6ymp\u00e4rist\u00f6 jne. Toimitetaan vakiohaarukoilla tai ns. haarukkaripustimilla, joissa on tilaa ISO-j\u00e4rjestelm\u00e4n mukaisille haarukoille.<\/b> Kaikki laitteemme tunnetaan kest\u00e4vyydest\u00e4\u00e4n, tehokkuudestaan, pitk\u00e4ik\u00e4isyydest\u00e4\u00e4n ja k\u00e4ytt\u00f6varmuudestaan. Lis\u00e4ksi tuotteet on suunniteltu siten, ett\u00e4 kuljettajalla on mahdollisimman hyv\u00e4 n\u00e4kyvyys, mik\u00e4 lis\u00e4\u00e4 turvallisuutta ty\u00f6paikalla ja v\u00e4hent\u00e4\u00e4 tavaroiden vahingoittumisen riski\u00e4 k\u00e4sittelyn aikana. Hydrauliputket\/-letkut on suojattu mahdollisimman hyvin vaurioitumiselta.<\/p>\n\t<p>Hagaberg tarjoaa laitteita, jotka voidaan asentaa kaiken tyyppisiin trukkeihin, rakennuskoneisiin ja traktoreihin, sek\u00e4 uusiin ett\u00e4 k\u00e4ytettyihin.\u00a0Asennus voidaan tehd\u00e4 integroituna, HOOK-ON-kiinnityksen\u00e4, konekiinnityksen\u00e4 tai pikakiinnitysten avulla.<\/p>\n\t<meta itemprop=\"url\" content=\"https:\/\/www.hagaberg.com\/wp-content\/uploads\/2024\/09\/Truckanimation-Hagaberg-23.mp4\" \/><meta itemprop=\"thumbnail\" content=\"https:\/\/www.hagaberg.com\/wp-content\/uploads\/2024\/09\/Hagaberg_truckanimation_thumbnail.png\" \/><div style=\"width: 100px;\" class=\"wp-video\"><!--[if lt IE 9]><script>document.createElement('video');<\/script><![endif]-->\n<video class=\"wp-video-shortcode\" id=\"video-3349-1\" width=\"100\" height=\"100\" poster=\"https:\/\/www.hagaberg.com\/wp-content\/uploads\/2024\/09\/Hagaberg_truckanimation_thumbnail.png\" preload=\"none\" controls=\"controls\"><source type=\"video\/mp4\" src=\"https:\/\/www.hagaberg.com\/wp-content\/uploads\/2024\/09\/Truckanimation-Hagaberg-23.mp4?_=1\" \/><source type=\"video\/mp4\" src=\"https:\/\/www.hagaberg.com\/wp-content\/uploads\/2024\/09\/Truckanimation-Hagaberg-23.mp4?_=1\" \/><a href=\"https:\/\/www.hagaberg.com\/wp-content\/uploads\/2024\/09\/Truckanimation-Hagaberg-23.mp4\">https:\/\/www.hagaberg.com\/wp-content\/uploads\/2024\/09\/Truckanimation-Hagaberg-23.mp4<\/a><\/video><\/div>\n<h2>\n\t\tC-sarja\n\t<\/h2>\n\t\t\t\t<a href=\"https:\/\/www.hagaberg.com\/fi\/tuotteet\/haarukan-levitin\/c-sarja\/\" target=\"_self\" itemprop=\"url\" rel=\"noopener noreferrer\">\n\t\t\t\t<img loading=\"lazy\" decoding=\"async\" src=\"https:\/\/www.hagaberg.com\/wp-content\/uploads\/2022\/03\/C-01-huvudbild-light-1024x819-1024x819.png\" alt=\"C-01-huvudbild-light-1024x819\" itemprop=\"image\" height=\"819\" width=\"1024\" title=\"C-01-huvudbild-light-1024x819\" onerror=\"this.style.display='none'\"  \/>\n\t\t\t\t<\/a>\n\t<p><strong>Korkea suorituskyky ja puristustoiminto<\/strong><\/p>\nMalli: C-profiililaite<br \/>\nNostokyky: 1 600 &#8211; 8 000 kg\n\t\t\t<a href=\"https:\/\/www.hagaberg.com\/fi\/tuotteet\/haarukan-levitin\/c-sarja\/\" target=\"_self\" role=\"button\" rel=\"noopener noreferrer\">\n\t\t\t\t\t\t\tC-sarjaan\n\t\t\t<\/a>\n<h2>\n\t\tCOC-sarja\n\t<\/h2>\n\t\t\t\t<a href=\"https:\/\/www.hagaberg.com\/fi\/tuotteet\/haarukan-levitin\/coc-sarja\/\" target=\"_self\" itemprop=\"url\" rel=\"noopener noreferrer\">\n\t\t\t\t<img loading=\"lazy\" decoding=\"async\" src=\"https:\/\/www.hagaberg.com\/wp-content\/uploads\/2022\/03\/C-01-huvudbild-light-reverse-1024x819-1024x819.png\" alt=\"C-01-huvudbild-light-reverse-1024x819\" itemprop=\"image\" height=\"819\" width=\"1024\" title=\"C-01-huvudbild-light-reverse-1024x819\" onerror=\"this.style.display='none'\"  \/>\n\t\t\t\t<\/a>\n\t<p><strong>Soveltuu varasto- ja terminaality\u00f6h\u00f6n\u00a0<\/strong><\/p>\nMalli: C-profiililaite<br \/>\nNostokyky: 1 600 &#8211; 2 500 kg\n\t\t\t<a href=\"https:\/\/www.hagaberg.com\/fi\/tuotteet\/haarukan-levitin\/coc-sarja\/\" target=\"_self\" role=\"button\" rel=\"noopener noreferrer\">\n\t\t\t\t\t\t\tCOC-sarjaan\n\t\t\t<\/a>\n<h2>\n\t\tE-sarja\n\t<\/h2>\n\t\t\t\t<a href=\"https:\/\/www.hagaberg.com\/fi\/tuotteet\/haarukan-levitin\/e-sarja\/\" target=\"_self\" itemprop=\"url\" rel=\"noopener noreferrer\">\n\t\t\t\t<img loading=\"lazy\" decoding=\"async\" src=\"https:\/\/www.hagaberg.com\/wp-content\/uploads\/2019\/09\/E2-20-1050-BILD-02-1024x717.jpg\" alt=\"E2-20-1050-BILD-02\" itemprop=\"image\" height=\"717\" width=\"1024\" title=\"E2-20-1050-BILD-02\" onerror=\"this.style.display='none'\"  \/>\n\t\t\t\t<\/a>\n\t<p><strong>Erinomainen likaisessa ymp\u00e4rist\u00f6ss\u00e4<\/strong><\/p>\nMalli: Py\u00f6re\u00e4tankolaite<br \/>\nNostokyky: 1 600 &#8211; 8 000 kg\n\t\t\t<a href=\"https:\/\/www.hagaberg.com\/fi\/tuotteet\/haarukan-levitin\/e-sarja\/\" target=\"_self\" role=\"button\" rel=\"noopener noreferrer\">\n\t\t\t\t\t\t\tE-sarjaan\n\t\t\t<\/a>\n<h2>\n\t\tF-sarja\n\t<\/h2>\n\t\t\t\t<a href=\"https:\/\/www.hagaberg.com\/fi\/tuotteet\/haarukan-levitin\/f-sarja\/\" target=\"_self\" itemprop=\"url\" rel=\"noopener noreferrer\">\n\t\t\t\t<img loading=\"lazy\" decoding=\"async\" src=\"https:\/\/www.hagaberg.com\/wp-content\/uploads\/2019\/09\/F4-81-2100-BILD-02-1024x717.jpg\" alt=\"F4-81-2100-BILD-02\" itemprop=\"image\" height=\"717\" width=\"1024\" title=\"F4-81-2100-BILD-02\" onerror=\"this.style.display='none'\"  \/>\n\t\t\t\t<\/a>\n\t<p><strong>Raskaat kuormat ja eritt\u00e4in hyv\u00e4 l\u00e4pin\u00e4kyvyys <\/strong><\/p>\nMalli: Rullaripustettu laite<br \/>\nNostokyky: 6 000 &#8211; 8 000 kg\n\t\t\t<a href=\"https:\/\/www.hagaberg.com\/fi\/tuotteet\/haarukan-levitin\/f-sarja\/\" target=\"_self\" role=\"button\" rel=\"noopener noreferrer\">\n\t\t\t\t\t\t\tF-sarjaan\n\t\t\t<\/a>\n<h2>\n\t\tF4S-sarja\n\t<\/h2>\n\t\t\t\t<a href=\"https:\/\/www.hagaberg.com\/fi\/tuotteet\/haarukan-levitin\/f4s-sarja\/\" target=\"_self\" itemprop=\"url\" rel=\"noopener noreferrer\">\n\t\t\t\t<img loading=\"lazy\" decoding=\"async\" src=\"https:\/\/www.hagaberg.com\/wp-content\/uploads\/2019\/09\/F4S-Hagabergs-Mekaniska-002-2.jpg\" alt=\"F4S-Hagabergs-Mekaniska-002-2\" itemprop=\"image\" height=\"1536\" width=\"1920\" title=\"F4S-Hagabergs-Mekaniska-002-2\" onerror=\"this.style.display='none'\"  \/>\n\t\t\t\t<\/a>\n\t<p><strong>Kest\u00e4v\u00e4, hydraulinen tasaustoiminto <\/strong><\/p>\nMalli: Rullaripustettu laite<br \/>\nNostokyky: 8000 kg\n\t\t\t<a href=\"https:\/\/www.hagaberg.com\/fi\/tuotteet\/haarukan-levitin\/f4s-sarja\/\" target=\"_self\" role=\"button\" rel=\"noopener noreferrer\">\n\t\t\t\t\t\t\tF4S-sarjaan\n\t\t\t<\/a>\n<h2>\n\t\tRHD-sarja\n\t<\/h2>\n\t\t\t\t<a href=\"https:\/\/www.hagaberg.com\/fi\/tuotteet\/haarukan-levitin\/rhd-sarja\/\" target=\"_self\" itemprop=\"url\" rel=\"noopener noreferrer\">\n\t\t\t\t<img loading=\"lazy\" decoding=\"async\" src=\"https:\/\/www.hagaberg.com\/wp-content\/uploads\/2023\/06\/Hagaberg-RHD-product-category.png\" alt=\"Hagaberg RHD product category\" itemprop=\"image\" height=\"818\" width=\"1024\" title=\"Hagaberg RHD product category\" onerror=\"this.style.display='none'\"  \/>\n\t\t\t\t<\/a>\n\t<p><strong>Raskaat kuormat ja eritt\u00e4in hyv\u00e4 l\u00e4pin\u00e4kyvyys <\/strong><\/p>\nMalli: Rullaripustettu laite<br \/>\nNostokyky: 10 000 &#8211; 18 000 kg\n\t\t\t<a href=\"https:\/\/www.hagaberg.com\/fi\/tuotteet\/haarukan-levitin\/rhd-sarja\/\" target=\"_self\" role=\"button\" rel=\"noopener noreferrer\">\n\t\t\t\t\t\t\tRHD-sarjaan\n\t\t\t<\/a>\n<h2>\n\t\tHEC\/HEF-sarja\n\t<\/h2>\n\t\t\t\t<a href=\"https:\/\/www.hagaberg.com\/fi\/tuotteet\/haarukan-levitin\/hec-hef-sarja\/\" target=\"_self\" itemprop=\"url\" rel=\"noopener noreferrer\">\n\t\t\t\t<img decoding=\"async\" src=\"https:\/\/www.hagaberg.com\/wp-content\/uploads\/2023\/10\/HEF-01-huvudbild-logo-e1697632387701-300x245.png\" alt=\"\" itemprop=\"image\" onerror=\"this.style.display='none'\"  \/>\n\t\t\t\t<\/a>\n\t<p><strong>Haarukan levitin varastossa<\/strong><\/p>\nMalli: Py\u00f6re\u00e4tankolaite<br \/>\nNostokyky: 2 000 &#8211; 5 000 kg\n\t\t\t<a href=\"https:\/\/www.hagaberg.com\/fi\/tuotteet\/haarukan-levitin\/hec-hef-sarja\/\" target=\"_self\" role=\"button\" rel=\"noopener noreferrer\">\n\t\t\t\t\t\t\tHEC\/HEF-sarjaan\n\t\t\t<\/a>\n","protected":false},"excerpt":{"rendered":"<p>HAARUKAN LEVITIN Hydraulinen asetinlaite paikoituksella. Valitse malli tarpeittesi mukaan esim. trukin tyyppi, nostokyky, leveys, k\u00e4ytt\u00f6ymp\u00e4rist\u00f6 jne. Toimitetaan vakiohaarukoilla tai ns. haarukkaripustimilla, joissa on tilaa ISO-j\u00e4rjestelm\u00e4n mukaisille haarukoille. Kaikki laitteemme tunnetaan kest\u00e4vyydest\u00e4\u00e4n, tehokkuudestaan, pitk\u00e4ik\u00e4isyydest\u00e4\u00e4n ja k\u00e4ytt\u00f6varmuudestaan. Lis\u00e4ksi tuotteet on suunniteltu siten, ett\u00e4 kuljettajalla on mahdollisimman hyv\u00e4 n\u00e4kyvyys, mik\u00e4 lis\u00e4\u00e4 turvallisuutta ty\u00f6paikalla ja v\u00e4hent\u00e4\u00e4 tavaroiden vahingoittumisen riski\u00e4 [&hellip;]<\/p>\n","protected":false},"author":1,"featured_media":0,"parent":3330,"menu_order":0,"comment_status":"closed","ping_status":"closed","template":"","meta":{"_genesis_hide_title":false,"_genesis_hide_breadcrumbs":false,"_genesis_hide_singular_image":false,"_genesis_hide_footer_widgets":false,"_genesis_custom_body_class":"","_genesis_custom_post_class":"","_genesis_layout":"","footnotes":""},"class_list":{"0":"post-3349","1":"page","2":"type-page","3":"status-publish","5":"entry"},"_links":{"self":[{"href":"https:\/\/www.hagaberg.com\/fi\/wp-json\/wp\/v2\/pages\/3349","targetHints":{"allow":["GET"]}}],"collection":[{"href":"https:\/\/www.hagaberg.com\/fi\/wp-json\/wp\/v2\/pages"}],"about":[{"href":"https:\/\/www.hagaberg.com\/fi\/wp-json\/wp\/v2\/types\/page"}],"author":[{"embeddable":true,"href":"https:\/\/www.hagaberg.com\/fi\/wp-json\/wp\/v2\/users\/1"}],"replies":[{"embeddable":true,"href":"https:\/\/www.hagaberg.com\/fi\/wp-json\/wp\/v2\/comments?post=3349"}],"version-history":[{"count":26,"href":"https:\/\/www.hagaberg.com\/fi\/wp-json\/wp\/v2\/pages\/3349\/revisions"}],"predecessor-version":[{"id":16673,"href":"https:\/\/www.hagaberg.com\/fi\/wp-json\/wp\/v2\/pages\/3349\/revisions\/16673"}],"up":[{"embeddable":true,"href":"https:\/\/www.hagaberg.com\/fi\/wp-json\/wp\/v2\/pages\/3330"}],"wp:attachment":[{"href":"https:\/\/www.hagaberg.com\/fi\/wp-json\/wp\/v2\/media?parent=3349"}],"curies":[{"name":"wp","href":"https:\/\/api.w.org\/{rel}","templated":true}]}}