{"id":3330,"date":"2020-11-02T17:51:37","date_gmt":"2020-11-02T16:51:37","guid":{"rendered":"https:\/\/www.hagaberg.com\/tuotteet\/"},"modified":"2024-10-24T16:45:08","modified_gmt":"2024-10-24T14:45:08","slug":"tuotteet","status":"publish","type":"page","link":"https:\/\/www.hagaberg.com\/fi\/tuotteet\/","title":{"rendered":"TUOTTEET"},"content":{"rendered":"<h1>\n\t\tTUOTTEET\n\t<\/h1>\n\t<p>Ydintuotteemme on t\u00e4ydellinen hydraulinen haarukoiden asetinlaite, paikoituksella. Tuotevalikoima alkaa noin yhden tonnin nostokapasiteetin trukkien tuotteista jopa 25 tonnin vastapainotrukkeihin. Valmistamme sek\u00e4 integroituja, ett\u00e4 ripustettavia lis\u00e4laitteita. Valikoimaamme kuuluvat my\u00f6s py\u00f6r\u00e4kuormaajien ja kurottajien asetinlaitteet, eri pikakiinnitys vaihtoehdoilla.<\/p>\n\t<p>Laitteet toimitetaan vakiomallina, r\u00e4\u00e4t\u00e4l\u00f6ityn\u00e4 vaihtoehtoisilla haarukoilla ja lis\u00e4varusteilla, kuten kameroilla ja antureilla, kuormatuella, jatkohaarukoilla, liukuesteill\u00e4 jne. Laajassa ja monipuolisessa valikoimassamme on ratkaisuja moniin materiaalink\u00e4sittelytarpeisiin. Valmistamme ratkaisuja asiakkaiden yksil\u00f6lliset tarpeet huomioiden.<\/p>\n\t<h3><a href=\"https:\/\/www.hagaberg.com\/fi\/tuotteet\/haarukan-levitin\/\"><strong>HAARUKOIDEN ASETINLAITE &amp; PAIKOITUS<\/strong><\/a><\/h3>\n<h3><\/h3>\n\t\t\t\t<a href=\"https:\/\/www.hagaberg.com\/fi\/tuotteet\/haarukan-levitin\/\" target=\"_self\" itemprop=\"url\" rel=\"noopener noreferrer\">\n\t\t\t\t<img loading=\"lazy\" decoding=\"async\" src=\"https:\/\/www.hagaberg.com\/wp-content\/uploads\/2022\/03\/C-01-huvudbild-light-1024x819-300x240.png\" alt=\"C-01-huvudbild-light-1024x819\" itemprop=\"image\" height=\"240\" width=\"300\" title=\"C-01-huvudbild-light-1024x819\" onerror=\"this.style.display='none'\"  \/>\n\t\t\t\t<\/a>\n\t<h3><a href=\"https:\/\/www.hagaberg.com\/fi\/tuotteet\/cebria\/\"><strong>CEBRI\u00c1<\/strong><\/a><\/h3>\n\t\t\t\t<a href=\"https:\/\/www.hagaberg.com\/fi\/tuotteet\/cebria\/\" target=\"_self\" itemprop=\"url\" rel=\"noopener noreferrer\">\n\t\t\t\t<img loading=\"lazy\" decoding=\"async\" src=\"https:\/\/www.hagaberg.com\/wp-content\/uploads\/2022\/04\/Cebria\u0301-multiple-fork-positioner-double-1500x1040-1024x710.png\" alt=\"Cebria\u0301-multiple-fork-positioner-double-1500x1040\" itemprop=\"image\" height=\"710\" width=\"1024\" title=\"Cebria\u0301-multiple-fork-positioner-double-1500x1040\" onerror=\"this.style.display='none'\"  \/>\n\t\t\t\t<\/a>\n\t<h3><a href=\"https:\/\/www.hagaberg.com\/fi\/tuotteet\/haarukat\/\"><strong>HAARUKAT<\/strong><\/a><\/h3>\n\t\t\t\t<a href=\"https:\/\/www.hagaberg.com\/fi\/tuotteet\/haarukat\/\" target=\"_self\" itemprop=\"url\" rel=\"noopener noreferrer\">\n\t\t\t\t<img loading=\"lazy\" decoding=\"async\" src=\"https:\/\/www.hagaberg.com\/wp-content\/uploads\/2022\/04\/f-e-c-gafflar-650x450.png\" alt=\"f-e-c-gafflar-650x450\" itemprop=\"image\" height=\"450\" width=\"650\" title=\"f-e-c-gafflar-650x450\" onerror=\"this.style.display='none'\"  \/>\n\t\t\t\t<\/a>\n\t<h3><a href=\"https:\/\/www.hagaberg.com\/fi\/smartforks\/\"><strong>KAMERAT &amp; ANTURIT<\/strong><\/a><\/h3>\n\t\t\t\t<a href=\"https:\/\/www.hagaberg.com\/fi\/smartforks\/\" target=\"_self\" itemprop=\"url\" rel=\"noopener noreferrer\">\n\t\t\t\t<img loading=\"lazy\" decoding=\"async\" src=\"https:\/\/www.hagaberg.com\/wp-content\/uploads\/2019\/09\/smartfork-300x200.jpg\" alt=\"smartfork\" itemprop=\"image\" height=\"200\" width=\"300\" title=\"smartfork\" onerror=\"this.style.display='none'\"  \/>\n\t\t\t\t<\/a>\n\t<h3><a href=\"https:\/\/www.hagaberg.com\/fi\/tuotteet\/lisavarusteet\/\"><strong>LISAVARUSTEET<\/strong><\/a><\/h3>\n\t\t\t\t<a href=\"https:\/\/www.hagaberg.com\/fi\/tuotteet\/lisavarusteet\/\" target=\"_self\" itemprop=\"url\" rel=\"noopener noreferrer\">\n\t\t\t\t<img loading=\"lazy\" decoding=\"async\" src=\"https:\/\/www.hagaberg.com\/wp-content\/uploads\/2019\/09\/F4S-Hagabergs-Mekaniska-002-2-300x240.jpg\" alt=\"F4S-Hagabergs-Mekaniska-002-2\" itemprop=\"image\" height=\"240\" width=\"300\" title=\"F4S-Hagabergs-Mekaniska-002-2\" onerror=\"this.style.display='none'\"  \/>\n\t\t\t\t<\/a>\n\t<h3><a href=\"https:\/\/www.hagaberg.com\/fi\/tuotteet\/trukkien-muutokset\/\"><strong>TRUKKIEN MUUTOKSET<\/strong><\/a><\/h3>\n\t\t\t\t<a href=\"https:\/\/www.hagaberg.com\/fi\/tuotteet\/trukkien-muutokset\/\" target=\"_self\" itemprop=\"url\" rel=\"noopener noreferrer\">\n\t\t\t\t<img loading=\"lazy\" decoding=\"async\" src=\"https:\/\/www.hagaberg.com\/wp-content\/uploads\/2019\/09\/Special-001-1.jpg\" alt=\"Special-001\" itemprop=\"image\" height=\"842\" width=\"566\" title=\"Special-001\" onerror=\"this.style.display='none'\"  \/>\n\t\t\t\t<\/a>\n\t<h3><a href=\"https:\/\/www.hagaberg.com\/fi\/tuotteet\/raataloidyt-ratkaisut\/\"><strong>RAATALOIDYT RATKAISUT<\/strong><\/a><\/h3>\n\t\t\t\t<a href=\"https:\/\/www.hagaberg.com\/fi\/tuotteet\/raataloidyt-ratkaisut\/\" target=\"_self\" itemprop=\"url\" rel=\"noopener noreferrer\">\n\t\t\t\t<img loading=\"lazy\" decoding=\"async\" src=\"https:\/\/www.hagaberg.com\/wp-content\/uploads\/2019\/09\/Findus.jpg\" alt=\"Findus\" itemprop=\"image\" height=\"720\" width=\"850\" title=\"Findus\" onerror=\"this.style.display='none'\"  \/>\n\t\t\t\t<\/a>\n\tHITTA R\u00c4TT<br \/>\n<strong>MASKIN<\/strong>\n\t\t\t\t<a href=\"https:\/\/www.hagaberg.com\/produkter\/\" target=\"_self\" itemprop=\"url\" rel=\"noopener noreferrer\">\n\t\t\t\t<img loading=\"lazy\" decoding=\"async\" src=\"https:\/\/www.hagaberg.com\/wp-content\/uploads\/2019\/05\/shutterstock_55429804-1024x680.jpg\" alt=\"shutterstock_55429804\" itemprop=\"image\" height=\"680\" width=\"1024\" title=\"shutterstock_55429804\" onerror=\"this.style.display='none'\"  \/>\n\t\t\t\t<\/a>\n<h3><a href=\"https:\/\/www.hagaberg.com\/produkter\/\" target=\"_self\" rel=\"noopener noreferrer\"><\/a><\/h3>\t\t\n\t\t\t<p>Spridaraggregat, gafflar, tillbeh\u00f6r, kameror, sensorer och systeml\u00f6sningar av h\u00f6gsta kvalitet, som \u00f6kar b\u00e5de effektiviteten och s\u00e4kerheten. I v\u00e5rt breda och djupa sortiment finns l\u00f6sningar p\u00e5 m\u00e5nga materialhanteringsbehov.<\/p>\n\tHITTA R\u00c4TT<br \/>\n<strong>BRANSCH<\/strong>\n\t\t\t\t<a href=\"https:\/\/www.hagaberg.com\/applikationer\/\" target=\"_self\" itemprop=\"url\" rel=\"noopener noreferrer\">\n\t\t\t\t<img loading=\"lazy\" decoding=\"async\" src=\"https:\/\/www.hagaberg.com\/wp-content\/uploads\/2019\/05\/shutterstock_726895093.jpg\" alt=\"shutterstock_726895093\" itemprop=\"image\" height=\"667\" width=\"1000\" title=\"shutterstock_726895093\" onerror=\"this.style.display='none'\"  \/>\n\t\t\t\t<\/a>\n<h3><a href=\"https:\/\/www.hagaberg.com\/applikationer\/\" target=\"_self\" rel=\"noopener noreferrer\"><\/a><\/h3>\t\t\n\t\t\t<p>Vi utvecklar fr\u00e5n grunden en m\u00e4ngd applikations-anpassade produkter samt branschspecifika l\u00f6sningar. Men hj\u00e4lp av v\u00e5ra egna konstrukt\u00f6rer tar vi \u00e4ven fram kundanpassade produkter och skr\u00e4ddarsydda l\u00f6sningar.<\/p>\n\t<p>HITTA R\u00c4TT <strong>MONTERING<\/strong><\/p>\n\t\t\t\t<a href=\"https:\/\/www.hagaberg.com\/?page_id=12\" target=\"_self\" itemprop=\"url\" rel=\"noopener noreferrer\">\n\t\t\t\t<img loading=\"lazy\" decoding=\"async\" src=\"https:\/\/www.hagaberg.com\/wp-content\/uploads\/2019\/05\/shutterstock_628615613.jpg\" alt=\"shutterstock_628615613\" itemprop=\"image\" height=\"656\" width=\"1000\" title=\"shutterstock_628615613\" onerror=\"this.style.display='none'\"  \/>\n\t\t\t\t<\/a>\n<h3><a href=\"https:\/\/www.hagaberg.com\/?page_id=12\" target=\"_self\" rel=\"noopener noreferrer\"><\/a><\/h3>\t\t\n\t\t\t<p>Hagabergs tj\u00e4nster hj\u00e4lper b\u00e5de OEM-kunder och slutanv\u00e4ndare att s\u00e4kra information om produkterna under hela livscykeln och samtidigt \u00f6ka produktiviteten.<\/p>\n\tVI HJ\u00c4LPER<br \/>\nDIG MED R\u00c4TT <strong>AGGREGAT<\/strong>\n\t\t\t<a href=\"https:\/\/www.hagaberg.com\/kontakt\/\" target=\"_self\" role=\"button\" rel=\"noopener noreferrer\">\n\t\t\t\t\t\t\tKONTAKTA OSS\n\t\t\t\t\t<\/a>\n\t\n<p><strong>NYHETER<\/strong><\/p>\n\t\t\t<a href=\"https:\/\/www.hagaberg.com\/nyheter\/\" target=\"_self\" role=\"button\" rel=\"noopener noreferrer\">\n\t\t\t\t\t\t\tL\u00c4S MER\n\t\t\t\t\t<\/a>\n\tVill du bli<br \/>\nen av oss?<br \/>\n<strong>LEDIGA JOBB<\/strong>\n\t\t\t<a href=\"https:\/\/www.hagaberg.com\/lediga-jobb\/\" target=\"_self\" role=\"button\" rel=\"noopener noreferrer\">\n\t\t\t\t\t\t\tL\u00c4S MER\n\t\t\t\t\t<\/a>\n","protected":false},"excerpt":{"rendered":"<p>TUOTTEET Ydintuotteemme on t\u00e4ydellinen hydraulinen haarukoiden asetinlaite, paikoituksella. Tuotevalikoima alkaa noin yhden tonnin nostokapasiteetin trukkien tuotteista jopa 25 tonnin vastapainotrukkeihin. Valmistamme sek\u00e4 integroituja, ett\u00e4 ripustettavia lis\u00e4laitteita. Valikoimaamme kuuluvat my\u00f6s py\u00f6r\u00e4kuormaajien ja kurottajien asetinlaitteet, eri pikakiinnitys vaihtoehdoilla. Laitteet toimitetaan vakiomallina, r\u00e4\u00e4t\u00e4l\u00f6ityn\u00e4 vaihtoehtoisilla haarukoilla ja lis\u00e4varusteilla, kuten kameroilla ja antureilla, kuormatuella, jatkohaarukoilla, liukuesteill\u00e4 jne. Laajassa ja monipuolisessa [&hellip;]<\/p>\n","protected":false},"author":1,"featured_media":0,"parent":0,"menu_order":0,"comment_status":"closed","ping_status":"closed","template":"","meta":{"_genesis_hide_title":false,"_genesis_hide_breadcrumbs":false,"_genesis_hide_singular_image":false,"_genesis_hide_footer_widgets":false,"_genesis_custom_body_class":"","_genesis_custom_post_class":"","_genesis_layout":"","footnotes":""},"class_list":{"0":"post-3330","1":"page","2":"type-page","3":"status-publish","5":"entry"},"_links":{"self":[{"href":"https:\/\/www.hagaberg.com\/fi\/wp-json\/wp\/v2\/pages\/3330","targetHints":{"allow":["GET"]}}],"collection":[{"href":"https:\/\/www.hagaberg.com\/fi\/wp-json\/wp\/v2\/pages"}],"about":[{"href":"https:\/\/www.hagaberg.com\/fi\/wp-json\/wp\/v2\/types\/page"}],"author":[{"embeddable":true,"href":"https:\/\/www.hagaberg.com\/fi\/wp-json\/wp\/v2\/users\/1"}],"replies":[{"embeddable":true,"href":"https:\/\/www.hagaberg.com\/fi\/wp-json\/wp\/v2\/comments?post=3330"}],"version-history":[{"count":17,"href":"https:\/\/www.hagaberg.com\/fi\/wp-json\/wp\/v2\/pages\/3330\/revisions"}],"predecessor-version":[{"id":12738,"href":"https:\/\/www.hagaberg.com\/fi\/wp-json\/wp\/v2\/pages\/3330\/revisions\/12738"}],"wp:attachment":[{"href":"https:\/\/www.hagaberg.com\/fi\/wp-json\/wp\/v2\/media?parent=3330"}],"curies":[{"name":"wp","href":"https:\/\/api.w.org\/{rel}","templated":true}]}}