{"id":11640,"date":"2024-03-13T13:31:22","date_gmt":"2024-03-13T12:31:22","guid":{"rendered":"https:\/\/www.hagaberg.com\/tuotteet\/oqt\/"},"modified":"2025-12-11T09:15:17","modified_gmt":"2025-12-11T08:15:17","slug":"oqt","status":"publish","type":"page","link":"https:\/\/www.hagaberg.com\/fi\/tuotteet\/oqt\/","title":{"rendered":"OQT"},"content":{"rendered":"\n\t<h1>OQT<\/h1>\n<p>Automaattinen pikaliitinj\u00e4rjestelm\u00e4 trukkeihin<\/p>\n\t<h2>Vaihda ty\u00f6v\u00e4lineest\u00e4 toiseen suoraan trukin ohjaamosta<\/h2>\n\t<strong>OilQuick on edistyksellinen ja monipuolinen pikaliitinj\u00e4rjestelm\u00e4 1 \u2013 9 tonnin trukkeihin.<br \/>\n<\/strong>Kuljettaja voi vaihtaa muutamassa sekunnissa erilaisten ty\u00f6v\u00e4lineiden v\u00e4lill\u00e4, esimerkkin\u00e4 trukkihaarukat, paalipihti, py\u00f6ritt\u00e4j\u00e4 jne. Sinulla on ty\u00f6teht\u00e4v\u00e4\u00e4si aina oikea ty\u00f6v\u00e4line ja vaihtotapahtuma on turvallinen, ilman henkil\u00f6kohtaista loukkaantumisriski\u00e4.\n\t<p>OilQuick-j\u00e4rjestelm\u00e4 tehostaa trukkisi lis\u00e4ksi my\u00f6s liiketoimintaasi joustavammaksi, kilpailukykyisemm\u00e4ksi ja kustannustehokkaammaksi.<\/p>\n<p>Me autamme sinua rakentamaan t\u00e4ydellisen j\u00e4rjestelm\u00e4n, jonka ty\u00f6v\u00e4lineet ovat t\u00e4ydellisen yhteensopivia pikaliittimen kanssa!<\/p>\n\t<meta itemprop=\"url\" content=\"https:\/\/www.hagaberg.com\/wp-content\/uploads\/2024\/02\/OQT-truck-princip.mp4\" \/><meta itemprop=\"thumbnail\" content=\"\" \/><div style=\"width: 100px;\" class=\"wp-video\"><!--[if lt IE 9]><script>document.createElement('video');<\/script><![endif]-->\n<video muted class=\"wp-video-shortcode\" id=\"video-11640-1\" width=\"100\" height=\"100\" loop=\"1\" autoplay=\"1\" preload=\"none\" controls=\"controls\"><source type=\"video\/mp4\" src=\"https:\/\/www.hagaberg.com\/wp-content\/uploads\/2024\/02\/OQT-truck-princip.mp4?_=1\" \/><a href=\"https:\/\/www.hagaberg.com\/wp-content\/uploads\/2024\/02\/OQT-truck-princip.mp4\">https:\/\/www.hagaberg.com\/wp-content\/uploads\/2024\/02\/OQT-truck-princip.mp4<\/a><\/video><\/div>\n\t<h3>NOPEA JA TEHOKAS<\/h3>\n<p>OQT-pikaliitinj\u00e4rjestelm\u00e4n ansiosta kuljettaja voi vaihtaa nopeasti eri ty\u00f6v\u00e4lineest\u00e4 toiseen suoraan ohjaamosta. Siksi h\u00e4nell\u00e4 on joka tilanteessa oikea ty\u00f6v\u00e4line ja ty\u00f6skentely on sek\u00e4 nopeampaa, ett\u00e4 tehokkaampaa.<\/p>\n<h3><\/h3>\n\t<h3><strong>KUSTANNUSTEHOKKAAMPI <\/strong><\/h3>\n<p>Nopea ty\u00f6v\u00e4lineen vaihto ja trukin korkeampi k\u00e4ytt\u00f6aste lis\u00e4\u00e4v\u00e4t tuottavuutta. Kokemus on osoittanut, ett\u00e4 investointi OilQuick-pikaliittimeen kannattaa, kun ty\u00f6v\u00e4lineit\u00e4 on vaihdettava edes kerran tai kaksi ty\u00f6p\u00e4iv\u00e4n aikana. OQT v\u00e4hent\u00e4\u00e4 ty\u00f6ss\u00e4 tarvittavien trukkien m\u00e4\u00e4r\u00e4\u00e4, mik\u00e4 alentaa kustannuksia huomattavasti. <\/p>\n\t<h3><strong>TURVALLINEN PIKALIITINJ\u00c4RJESTELM\u00c4 <\/strong><\/h3>\n<p>OilQuick-pikaliitinj\u00e4rjestelm\u00e4t ovat turvallisia ja toimintavarmoja. Turvallisuusominaisuuksiin kuuluvat letkurikkoventtiili, j\u00e4rjestelm\u00e4, jolla lukitusm\u00e4nt\u00e4\u00e4 s\u00e4\u00e4det\u00e4\u00e4n jatkuvasti hydraulisesti, kaksitoiminen lukituskytkin, varoitusvalo ja h\u00e4lytys.<\/p>\n\t<h3><strong>PAREMMAT TY\u00d6OLOSUHTEET<\/strong><\/h3>\n<p>Koska ty\u00f6v\u00e4lineet vaihdetaan ja liitet\u00e4\u00e4n automaattisesti, kuljettajan ei tarvitse nousta ohjaamosta. Ei en\u00e4\u00e4 tarvetta k\u00e4sitell\u00e4 \u00f6ljyisi\u00e4 hydrauliikkaliittimi\u00e4 tai poistua ohjaamosta tarpeettomasti altistuen riskeille.<\/p>\n\t<h3>OQT 300i<\/h3>\n\t\t\t\t<img loading=\"lazy\" decoding=\"async\" src=\"https:\/\/www.hagaberg.com\/wp-content\/uploads\/2024\/03\/oqt300-webb.png\" alt=\"oqt300-webb\" itemprop=\"image\" height=\"1180\" width=\"1899\" title=\"oqt300-webb\" onerror=\"this.style.display='none'\"  \/>\n\t<h3>OQT 850i-55 \/ -90<\/h3>\n\t\t\t\t<img loading=\"lazy\" decoding=\"async\" src=\"https:\/\/www.hagaberg.com\/wp-content\/uploads\/2024\/10\/OQT-850_shadow-1024x745.png\" alt=\"OQT-850_shadow\" itemprop=\"image\" height=\"745\" width=\"1024\" title=\"OQT-850_shadow\" onerror=\"this.style.display='none'\"  \/>\n<h2>\n\t\tTy\u00f6laitteet\n\t<\/h2>\n\t<h3>Asetinlaitteet ja muut ty\u00f6laitteet<\/h3>\n<p>Kaikki Hagabergin ja Cebri\u00e1n tuotteet voidaan toimittaa OQT integroituina. Toimitamme my\u00f6s integrointisarjoja muille valmistajille.<\/p>\n\t\t\t\t<img loading=\"lazy\" decoding=\"async\" src=\"https:\/\/www.hagaberg.com\/wp-content\/uploads\/2022\/03\/C-01-huvudbild-light-1024x819-1024x819.png\" alt=\"C-01-huvudbild-light-1024x819\" itemprop=\"image\" height=\"819\" width=\"1024\" title=\"C-01-huvudbild-light-1024x819\" onerror=\"this.style.display='none'\"  \/>\n\t<h3>Ty\u00f6v\u00e4linesovitin<\/h3>\n<p>Standardihaarukoille, ty\u00f6v\u00e4lineille ja muille ISO-kiinnityksell\u00e4 oleville laitteille.<\/p>\n<p>&nbsp;<\/p>\n\t\t\t\t<img loading=\"lazy\" decoding=\"async\" src=\"https:\/\/www.hagaberg.com\/wp-content\/uploads\/2024\/03\/grind-ny850-e1709828925636.png\" alt=\"grind-ny850\" itemprop=\"image\" height=\"768\" width=\"1024\" title=\"grind-ny850\" onerror=\"this.style.display='none'\"  \/>\n\t<p>&nbsp;<\/p>\n\t<h2>Lis\u00e4varusteet<\/h2>\n<p>&nbsp;<\/p>\n\t<h2>Tekniset tiedot<\/h2>\n<ul>\n<li>Malli:\u00a0OQT 300i\u00a0 \u00a0\/\u00a0 \u00a0OQT 850-55\u00a0 \u00a0\/\u00a0 \u00a0OQT 850i-90<\/li>\n<li>Nostokyky: \u00a01 &#8211; 3 tonnia \u00a0 \/\u00a0 \u00a03 &#8211; 5,5 tonnia \u00a0 \u00a0\/\u00a0 \u00a05,5 &#8211; 9 tonnia<\/li>\n<li>Paino: 100-110 kg\u00a0 \u00a0\/\u00a0 \u00a0110-130 kg\u00a0 \u00a0\/\u00a0 \u00a0130-150 kg<\/li>\n<li>Kiinnitysluokka: ISO 2A-3A\u00a0 \u00a0\/\u00a0 \u00a03A-4A\u00a0 \u00a0 \/\u00a0 \u00a03A-4A<\/li>\n<li>Pikaliittimien enimm\u00e4ism\u00e4\u00e4r\u00e4: 6\u00a0 \u00a0\/\u00a0 \u00a06\u00a0 \u00a0\/\u00a0 \u00a06<\/li>\n<li>1\/2&#8243; (70 l\/min): 6\u00a0 \u00a0\/\u00a0 \u00a06\u00a0 \u00a0\/\u00a0 \u00a06<\/li>\n<li>S\u00e4hk\u00f6liit\u00e4nt\u00e4 (lis\u00e4varuste): Kyll\u00e4 \/ Kyll\u00e4 \/ Kyll\u00e4<\/li>\n<\/ul>\n\t<h2>Mallit<\/h2>\n\t\t\t\t<img loading=\"lazy\" decoding=\"async\" src=\"https:\/\/www.hagaberg.com\/wp-content\/uploads\/2023\/09\/Motviktstruck-no-text-300x91.png\" alt=\"Motviktstruck - no text\" itemprop=\"image\" height=\"91\" width=\"300\" title=\"Motviktstruck - no text\" onerror=\"this.style.display='none'\"  \/>\n\t<p>Vastapainotrukki<\/p>\n\t\t\t\t<img loading=\"lazy\" decoding=\"async\" src=\"https:\/\/www.hagaberg.com\/wp-content\/uploads\/2023\/09\/Skjutstativtruck-no-text-300x92.png\" alt=\"Skjutstativtruck - no text\" itemprop=\"image\" height=\"92\" width=\"300\" title=\"Skjutstativtruck - no text\" onerror=\"this.style.display='none'\"  \/>\n\t<p>Ty\u00f6nt\u00f6masto-trukki<\/p>\n\t\t\t\t<img loading=\"lazy\" decoding=\"async\" src=\"https:\/\/www.hagaberg.com\/wp-content\/uploads\/2023\/09\/Teleskoplastare-no-text-300x92.png\" alt=\"Teleskoplastare - no text\" itemprop=\"image\" height=\"92\" width=\"300\" title=\"Teleskoplastare - no text\" onerror=\"this.style.display='none'\"  \/>\n\t<p>Kurottajat<\/p>\n\t<h2><\/h2>\n\t<h2>Lataukset<\/h2>\n<p><a href=\"https:\/\/www.hagaberg.com\/wp-content\/uploads\/2024\/03\/Hagaberg-OQT-PP01-EN.pdf\">OQT Tuotelehti<\/a><\/p>\n","protected":false},"excerpt":{"rendered":"<p>OQT Automaattinen pikaliitinj\u00e4rjestelm\u00e4 trukkeihin Vaihda ty\u00f6v\u00e4lineest\u00e4 toiseen suoraan trukin ohjaamosta OilQuick on edistyksellinen ja monipuolinen pikaliitinj\u00e4rjestelm\u00e4 1 \u2013 9 tonnin trukkeihin. Kuljettaja voi vaihtaa muutamassa sekunnissa erilaisten ty\u00f6v\u00e4lineiden v\u00e4lill\u00e4, esimerkkin\u00e4 trukkihaarukat, paalipihti, py\u00f6ritt\u00e4j\u00e4 jne. Sinulla on ty\u00f6teht\u00e4v\u00e4\u00e4si aina oikea ty\u00f6v\u00e4line ja vaihtotapahtuma on turvallinen, ilman henkil\u00f6kohtaista loukkaantumisriski\u00e4. OilQuick-j\u00e4rjestelm\u00e4 tehostaa trukkisi lis\u00e4ksi my\u00f6s liiketoimintaasi joustavammaksi, kilpailukykyisemm\u00e4ksi [&hellip;]<\/p>\n","protected":false},"author":7,"featured_media":11549,"parent":3330,"menu_order":0,"comment_status":"closed","ping_status":"closed","template":"","meta":{"_genesis_hide_title":false,"_genesis_hide_breadcrumbs":false,"_genesis_hide_singular_image":false,"_genesis_hide_footer_widgets":false,"_genesis_custom_body_class":"","_genesis_custom_post_class":"","_genesis_layout":"","footnotes":""},"class_list":{"0":"post-11640","1":"page","2":"type-page","3":"status-publish","4":"has-post-thumbnail","6":"entry"},"_links":{"self":[{"href":"https:\/\/www.hagaberg.com\/fi\/wp-json\/wp\/v2\/pages\/11640","targetHints":{"allow":["GET"]}}],"collection":[{"href":"https:\/\/www.hagaberg.com\/fi\/wp-json\/wp\/v2\/pages"}],"about":[{"href":"https:\/\/www.hagaberg.com\/fi\/wp-json\/wp\/v2\/types\/page"}],"author":[{"embeddable":true,"href":"https:\/\/www.hagaberg.com\/fi\/wp-json\/wp\/v2\/users\/7"}],"replies":[{"embeddable":true,"href":"https:\/\/www.hagaberg.com\/fi\/wp-json\/wp\/v2\/comments?post=11640"}],"version-history":[{"count":6,"href":"https:\/\/www.hagaberg.com\/fi\/wp-json\/wp\/v2\/pages\/11640\/revisions"}],"predecessor-version":[{"id":16907,"href":"https:\/\/www.hagaberg.com\/fi\/wp-json\/wp\/v2\/pages\/11640\/revisions\/16907"}],"up":[{"embeddable":true,"href":"https:\/\/www.hagaberg.com\/fi\/wp-json\/wp\/v2\/pages\/3330"}],"wp:featuredmedia":[{"embeddable":true,"href":"https:\/\/www.hagaberg.com\/fi\/wp-json\/wp\/v2\/media\/11549"}],"wp:attachment":[{"href":"https:\/\/www.hagaberg.com\/fi\/wp-json\/wp\/v2\/media?parent=11640"}],"curies":[{"name":"wp","href":"https:\/\/api.w.org\/{rel}","templated":true}]}}