{"id":7519,"date":"2022-05-05T09:57:10","date_gmt":"2022-05-05T07:57:10","guid":{"rendered":"https:\/\/www.hagaberg.com\/products\/multiple-fork-positioner\/"},"modified":"2023-01-24T12:55:19","modified_gmt":"2023-01-24T11:55:19","slug":"multiple-fork-positioner","status":"publish","type":"page","link":"https:\/\/www.hagaberg.com\/en\/products\/cebria\/multiple-fork-positioner\/","title":{"rendered":"Multiple fork positioner"},"content":{"rendered":"\n\t<h1>Multi-Gaffelspridare<\/h1>\n\t<p>De dubbla och trippla gaffelspridarna med separat sidof\u00f6ring m\u00f6jligg\u00f6r hantering av skrymmande gods, s\u00e5 s\u00e5v\u00e4l som tv\u00e5 till tre pallar p\u00e5 bredden.<\/p>\n<p>Utrustad med en extra hydraulcylinder, m\u00f6jligg\u00f6r den sidof\u00f6ring av lasten samtidigt som gaffelspridningen \u00e4r aktiv.<\/p>\n<p>Det finns en rad optioner som kan adderas f\u00f6r att optimera aggregaten f\u00f6r specifika applikationer.\u00a0<\/p>\n<h2>\n\t\tDubbel\n\t<\/h2>\n\t\t\t\t<img loading=\"lazy\" decoding=\"async\" src=\"https:\/\/www.hagaberg.com\/wp-content\/uploads\/2022\/04\/Cebria\u0301-multiple-fork-positioner-double-1500x1040-1024x710.png\" alt=\"Cebria\u0301-multiple-fork-positioner-double-1500x1040\" itemprop=\"image\" height=\"710\" width=\"1024\" title=\"Cebria\u0301-multiple-fork-positioner-double-1500x1040\" onerror=\"this.style.display='none'\"  \/>\n<h2>\n\t\tTrippel\n\t<\/h2>\n\t\t\t\t<img loading=\"lazy\" decoding=\"async\" src=\"https:\/\/www.hagaberg.com\/wp-content\/uploads\/2022\/04\/Cebria\u0301-multiple-fork-positioner-tripple-1500x1040-1024x710.png\" alt=\"Cebria\u0301-multiple-fork-positioner-tripple-1500x1040\" itemprop=\"image\" height=\"710\" width=\"1024\" title=\"Cebria\u0301-multiple-fork-positioner-tripple-1500x1040\" onerror=\"this.style.display='none'\"  \/>\n<h2>\n\t<\/h2>\n\t\t\t\t<img decoding=\"async\" src=\"https:\/\/www.hagaberg.com\/wp-content\/plugins\/bb-plugin\/img\/pixel.png\" alt=\"\" itemprop=\"image\" onerror=\"this.style.display='none'\"  \/>\n","protected":false},"excerpt":{"rendered":"<p>Multi-Gaffelspridare De dubbla och trippla gaffelspridarna med separat sidof\u00f6ring m\u00f6jligg\u00f6r hantering av skrymmande gods, s\u00e5 s\u00e5v\u00e4l som tv\u00e5 till tre pallar p\u00e5 bredden. Utrustad med en extra hydraulcylinder, m\u00f6jligg\u00f6r den sidof\u00f6ring av lasten samtidigt som gaffelspridningen \u00e4r aktiv. Det finns en rad optioner som kan adderas f\u00f6r att optimera aggregaten f\u00f6r specifika applikationer.\u00a0 Dubbel Trippel<\/p>\n","protected":false},"author":7,"featured_media":0,"parent":8523,"menu_order":0,"comment_status":"closed","ping_status":"closed","template":"","meta":{"_genesis_hide_title":false,"_genesis_hide_breadcrumbs":false,"_genesis_hide_singular_image":false,"_genesis_hide_footer_widgets":false,"_genesis_custom_body_class":"","_genesis_custom_post_class":"","_genesis_layout":"","footnotes":""},"class_list":{"0":"post-7519","1":"page","2":"type-page","3":"status-publish","5":"entry"},"_links":{"self":[{"href":"https:\/\/www.hagaberg.com\/en\/wp-json\/wp\/v2\/pages\/7519","targetHints":{"allow":["GET"]}}],"collection":[{"href":"https:\/\/www.hagaberg.com\/en\/wp-json\/wp\/v2\/pages"}],"about":[{"href":"https:\/\/www.hagaberg.com\/en\/wp-json\/wp\/v2\/types\/page"}],"author":[{"embeddable":true,"href":"https:\/\/www.hagaberg.com\/en\/wp-json\/wp\/v2\/users\/7"}],"replies":[{"embeddable":true,"href":"https:\/\/www.hagaberg.com\/en\/wp-json\/wp\/v2\/comments?post=7519"}],"version-history":[{"count":4,"href":"https:\/\/www.hagaberg.com\/en\/wp-json\/wp\/v2\/pages\/7519\/revisions"}],"predecessor-version":[{"id":8607,"href":"https:\/\/www.hagaberg.com\/en\/wp-json\/wp\/v2\/pages\/7519\/revisions\/8607"}],"up":[{"embeddable":true,"href":"https:\/\/www.hagaberg.com\/en\/wp-json\/wp\/v2\/pages\/8523"}],"wp:attachment":[{"href":"https:\/\/www.hagaberg.com\/en\/wp-json\/wp\/v2\/media?parent=7519"}],"curies":[{"name":"wp","href":"https:\/\/api.w.org\/{rel}","templated":true}]}}