{"id":2883,"date":"2020-07-08T10:48:10","date_gmt":"2020-07-08T08:48:10","guid":{"rendered":"https:\/\/www.hagaberg.com\/products\/smartforks\/"},"modified":"2021-05-31T12:03:06","modified_gmt":"2021-05-31T10:03:06","slug":"smartforks","status":"publish","type":"page","link":"https:\/\/www.hagaberg.com\/en\/products\/smartforks\/","title":{"rendered":"Smartforks"},"content":{"rendered":"\n\t<h1>Smartfork<sup>\u00ae<\/sup><\/h1>\n\t<h2>Smartfork<sup>\u00ae<\/sup><\/h2>\nGaffelarmar med inbyggd intelligens d\u00e4r intution m\u00f6ter precision.<br \/>\nN\u00e4r bl.a. sikten \u00e4r skymd av godset \u00e5terst\u00e5r bara magsk\u00e4nslan.<br \/>\nSmartFork<sup>\u00ae<\/sup> \u00e4r ett produktprogram med olika typer av kameror och sensorer f\u00f6r sikt, uppm\u00e4rksamhet, position och vikt.\n<p><a href=\"https:\/\/www.hagaberg.com\/kontakt\/\">Kontakta oss f\u00f6r mer information<\/a><\/p>\n","protected":false},"excerpt":{"rendered":"<p>Smartfork\u00ae Smartfork\u00ae Gaffelarmar med inbyggd intelligens d\u00e4r intution m\u00f6ter precision. N\u00e4r bl.a. sikten \u00e4r skymd av godset \u00e5terst\u00e5r bara magsk\u00e4nslan. SmartFork\u00ae \u00e4r ett produktprogram med olika typer av kameror och sensorer f\u00f6r sikt, uppm\u00e4rksamhet, position och vikt. Kontakta oss f\u00f6r mer information<\/p>\n","protected":false},"author":1,"featured_media":0,"parent":2687,"menu_order":0,"comment_status":"closed","ping_status":"closed","template":"","meta":{"_genesis_hide_title":false,"_genesis_hide_breadcrumbs":false,"_genesis_hide_singular_image":false,"_genesis_hide_footer_widgets":false,"_genesis_custom_body_class":"","_genesis_custom_post_class":"","_genesis_layout":"","footnotes":""},"class_list":{"0":"post-2883","1":"page","2":"type-page","3":"status-publish","5":"entry"},"_links":{"self":[{"href":"https:\/\/www.hagaberg.com\/en\/wp-json\/wp\/v2\/pages\/2883","targetHints":{"allow":["GET"]}}],"collection":[{"href":"https:\/\/www.hagaberg.com\/en\/wp-json\/wp\/v2\/pages"}],"about":[{"href":"https:\/\/www.hagaberg.com\/en\/wp-json\/wp\/v2\/types\/page"}],"author":[{"embeddable":true,"href":"https:\/\/www.hagaberg.com\/en\/wp-json\/wp\/v2\/users\/1"}],"replies":[{"embeddable":true,"href":"https:\/\/www.hagaberg.com\/en\/wp-json\/wp\/v2\/comments?post=2883"}],"version-history":[{"count":1,"href":"https:\/\/www.hagaberg.com\/en\/wp-json\/wp\/v2\/pages\/2883\/revisions"}],"predecessor-version":[{"id":3227,"href":"https:\/\/www.hagaberg.com\/en\/wp-json\/wp\/v2\/pages\/2883\/revisions\/3227"}],"up":[{"embeddable":true,"href":"https:\/\/www.hagaberg.com\/en\/wp-json\/wp\/v2\/pages\/2687"}],"wp:attachment":[{"href":"https:\/\/www.hagaberg.com\/en\/wp-json\/wp\/v2\/media?parent=2883"}],"curies":[{"name":"wp","href":"https:\/\/api.w.org\/{rel}","templated":true}]}}