{"id":2751,"date":"2020-06-10T14:24:08","date_gmt":"2020-06-10T12:24:08","guid":{"rendered":"https:\/\/www.hagaberg.com\/products\/fork-positioners\/e-series\/"},"modified":"2025-02-04T09:15:03","modified_gmt":"2025-02-04T08:15:03","slug":"e-series","status":"publish","type":"page","link":"https:\/\/www.hagaberg.com\/en\/products\/fork-positioners\/e-series\/","title":{"rendered":"E-series"},"content":{"rendered":"\n\t<h1>E-serien<\/h1>\n<h3>Utm\u00e4rkt i smutsiga milj\u00f6er<\/h3>\n\t<h3>F\u00f6rdelar<\/h3>\n<ul>\n<li>L\u00e4mplig i smutsiga milj\u00f6er<\/li>\n<li>Exakt positionering av gafflarna<\/li>\n<li>Tyst drift<\/li>\n<li>Bra genomsikt<\/li>\n<\/ul>\n<p>Med E-serien f\u00e5r du ett aggregat med rundst\u00e5ng (s.k. Pin-type). Det inneb\u00e4r att gafflarna h\u00e4nger p\u00e5 en axel i aggregatet. Med inkapslade, h\u00f6gkvalitativa lager \u00e4r det speciellt l\u00e4mpligt i smutsiga milj\u00f6er och medger sidof\u00f6ring med full last. Konstruktionen erbjuder dessutom h\u00f6g prestanda vad g\u00e4ller exakta f\u00f6rflyttningar och tyst drift.<\/p>\n\t<p><strong>I produktfamiljen finns flera serier:\u00a0<\/strong><\/p>\n\t<h3>E-serien<\/h3>\nE-serien \u00e4r en integrerad l\u00f6sning f\u00f6r motviktstruckar och teleskoplastare. Kapaciteten str\u00e4cker sig mellan<br \/>\n1 600 &#8211; 8 000 kg.\n<p>&nbsp;<\/p>\n\t<h3>E-serien Marine<\/h3>\n<p>E-serien Marine \u00e4r f\u00f6rst\u00e4rkt med modifieringar f\u00f6r att motst\u00e5 saltvattens korrosiva effekter. Samtliga k\u00e4nsliga delar \u00e4r uppgraderade f\u00f6r att klara av l\u00e5ngvarig exponering f\u00f6r saltvatten.<\/p>\n<p>&nbsp;<\/p>\n\t<h2>Anpassningar<\/h2>\n<p>Anpassa aggregatet med gafflar i \u00f6nskad l\u00e4ngd eller med hydraulfunktioner s\u00e5 som utskjutsgafflar eller skevningsgaffel. Addera kameror och sensorer f\u00f6r \u00f6kad funktion, s\u00e4kerhet och effektivitet. Med CarrierPlates och CarryAll \u00f6kar flexibiliteten i anv\u00e4ndningen av aggregatet. Lastst\u00f6d och lastskydd kan l\u00e4ggas till som tillval eller eftermonteras.<\/p>\n<p>&nbsp;<\/p>\n\t<h2>Tekniska data<\/h2>\n<ul>\n<li>Lyftkapacitet: 1600 &#8211; 8000 kg<\/li>\n<li>Lastcentrum: 500mm \/ 600mm \/ 900mm<\/li>\n<li>Standardbredd: 750 &#8211; 2200 mm<\/li>\n<\/ul>\n<a href=\"https:\/\/www.hagaberg.com\/wp-content\/uploads\/2023\/08\/Hagaberg-E-PS01-SV.pdf\">E-Serien <\/a><a href=\"https:\/\/www.hagaberg.com\/wp-content\/uploads\/2023\/08\/Hagaberg-E-PS01-SV.pdf\">Produktblad &gt;<\/a><br \/>\n<a href=\"https:\/\/www.hagaberg.com\/wp-content\/uploads\/2023\/10\/Hagaberg-E-Marine-PS01-SV.pdf\">E-Serien Marine<\/a><a href=\"https:\/\/www.hagaberg.com\/wp-content\/uploads\/2023\/10\/Hagaberg-E-Marine-PS01-SV.pdf\"> Produktblad &gt;<\/a>\n<p>&nbsp;<\/p>\n\t<h2>Maskiner<\/h2>\n\t\t\t\t<img loading=\"lazy\" decoding=\"async\" src=\"https:\/\/www.hagaberg.com\/wp-content\/uploads\/2023\/09\/Motviktstruck-no-text-300x91.png\" alt=\"Motviktstruck - no text\" itemprop=\"image\" height=\"91\" width=\"300\" title=\"Motviktstruck - no text\" onerror=\"this.style.display='none'\"  \/>\n\t<p>Motviktstruck<\/p>\n\t\t\t\t<img loading=\"lazy\" decoding=\"async\" src=\"https:\/\/www.hagaberg.com\/wp-content\/uploads\/2023\/09\/Skjutstativtruck-no-text-300x92.png\" alt=\"Skjutstativtruck - no text\" itemprop=\"image\" height=\"92\" width=\"300\" title=\"Skjutstativtruck - no text\" onerror=\"this.style.display='none'\"  \/>\n\t<p>Skjutstativtruck<\/p>\n\t\t\t\t<img loading=\"lazy\" decoding=\"async\" src=\"https:\/\/www.hagaberg.com\/wp-content\/uploads\/2023\/09\/Teleskoplastare-no-text-300x92.png\" alt=\"Teleskoplastare - no text\" itemprop=\"image\" height=\"92\" width=\"300\" title=\"Teleskoplastare - no text\" onerror=\"this.style.display='none'\"  \/>\n\t<p>Teleskoplastare<\/p>\n\t<h2>Applikationer<\/h2>\n\t\t\t\t<img loading=\"lazy\" decoding=\"async\" src=\"https:\/\/www.hagaberg.com\/wp-content\/uploads\/2023\/09\/Smutsiga-miljoer-no-text-300x91.png\" alt=\"Smutsiga miljoer - no text\" itemprop=\"image\" height=\"91\" width=\"300\" title=\"Smutsiga miljoer - no text\" onerror=\"this.style.display='none'\"  \/>\n\t<p>Smutsiga milj\u00f6er<\/p>\n","protected":false},"excerpt":{"rendered":"<p>E-serien Utm\u00e4rkt i smutsiga milj\u00f6er F\u00f6rdelar L\u00e4mplig i smutsiga milj\u00f6er Exakt positionering av gafflarna Tyst drift Bra genomsikt Med E-serien f\u00e5r du ett aggregat med rundst\u00e5ng (s.k. Pin-type). Det inneb\u00e4r att gafflarna h\u00e4nger p\u00e5 en axel i aggregatet. Med inkapslade, h\u00f6gkvalitativa lager \u00e4r det speciellt l\u00e4mpligt i smutsiga milj\u00f6er och medger sidof\u00f6ring med full last. [&hellip;]<\/p>\n","protected":false},"author":6,"featured_media":0,"parent":2694,"menu_order":0,"comment_status":"closed","ping_status":"closed","template":"","meta":{"_genesis_hide_title":false,"_genesis_hide_breadcrumbs":false,"_genesis_hide_singular_image":false,"_genesis_hide_footer_widgets":false,"_genesis_custom_body_class":"","_genesis_custom_post_class":"","_genesis_layout":"","footnotes":""},"class_list":{"0":"post-2751","1":"page","2":"type-page","3":"status-publish","5":"entry"},"_links":{"self":[{"href":"https:\/\/www.hagaberg.com\/en\/wp-json\/wp\/v2\/pages\/2751","targetHints":{"allow":["GET"]}}],"collection":[{"href":"https:\/\/www.hagaberg.com\/en\/wp-json\/wp\/v2\/pages"}],"about":[{"href":"https:\/\/www.hagaberg.com\/en\/wp-json\/wp\/v2\/types\/page"}],"author":[{"embeddable":true,"href":"https:\/\/www.hagaberg.com\/en\/wp-json\/wp\/v2\/users\/6"}],"replies":[{"embeddable":true,"href":"https:\/\/www.hagaberg.com\/en\/wp-json\/wp\/v2\/comments?post=2751"}],"version-history":[{"count":28,"href":"https:\/\/www.hagaberg.com\/en\/wp-json\/wp\/v2\/pages\/2751\/revisions"}],"predecessor-version":[{"id":15584,"href":"https:\/\/www.hagaberg.com\/en\/wp-json\/wp\/v2\/pages\/2751\/revisions\/15584"}],"up":[{"embeddable":true,"href":"https:\/\/www.hagaberg.com\/en\/wp-json\/wp\/v2\/pages\/2694"}],"wp:attachment":[{"href":"https:\/\/www.hagaberg.com\/en\/wp-json\/wp\/v2\/media?parent=2751"}],"curies":[{"name":"wp","href":"https:\/\/api.w.org\/{rel}","templated":true}]}}