{"id":16697,"date":"2025-08-13T16:10:44","date_gmt":"2025-08-13T14:10:44","guid":{"rendered":"https:\/\/www.hagaberg.com\/products\/cameras-sensors\/smartfork\/smartfork-agvready\/"},"modified":"2025-08-14T16:09:03","modified_gmt":"2025-08-14T14:09:03","slug":"smartfork-agvready","status":"publish","type":"page","link":"https:\/\/www.hagaberg.com\/en\/products\/cameras-sensors\/smartfork\/smartfork-agvready\/","title":{"rendered":"SmartFork\u00ae AGVready"},"content":{"rendered":"\n\n\t<h1>SmartFork\u00ae AGVready<\/h1>\n\t<h2>SmartFork\u00ae f\u00f6r automatiskt styrda fordon<\/h2>\n<h3>F\u00f6rdelar<\/h3>\n<ul>\n<li>Definierad lastdetektering<\/li>\n<li>S\u00e4ker lastupptagning<\/li>\n<li>Standardiserade kommunikationsgr\u00e4nssnitt som I\/O-Link, CANopen m.fl.<\/li>\n<li>Anpassningsbar f\u00f6r m\u00e5nga olika behov<\/li>\n<\/ul>\nHagaberg erbjuder SmartFork\u00ae <strong>AGVready<\/strong> &#8211; integrerad sensorteknik direkt i gafflarna, speciellt framtagen f\u00f6r den automatiskt styrda lagerassistenten. Tillsammans med v\u00e5ra gaffelspridare levererar vi en komplett, installationsklar l\u00f6sning f\u00f6r automatiserade trucksystem.\nSmartFork\u00ae <strong>AGVready<\/strong> m\u00f6jligg\u00f6r exakt lastuppt\u00e4ckning och s\u00e4ker plockning. Gafflarna \u00e4r mekaniskt bearbetade f\u00f6r optimal integrering av sensortekniken. Robusta och uth\u00e5lliga f\u00f6r en l\u00e5ng lvsl\u00e4ngd av de mest kr\u00e4vande anv\u00e4ndnings-omr\u00e5dena.\nTillverkade enligt ISO 2330: h\u00e5llfasthetsverifiering f\u00f6r statisk och dynamisk belastning.\n\t\t\t\t<img loading=\"lazy\" decoding=\"async\" src=\"https:\/\/www.hagaberg.com\/wp-content\/uploads\/2025\/07\/VETTER_SmartFork_AGV_forks-1024x731.png\" alt=\"VETTER_SmartFork_AGV_forks\" itemprop=\"image\" height=\"731\" width=\"1024\" title=\"VETTER_SmartFork_AGV_forks\" onerror=\"this.style.display='none'\"  \/>\n\t\t\t\t<img loading=\"lazy\" decoding=\"async\" src=\"https:\/\/www.hagaberg.com\/wp-content\/uploads\/2025\/07\/smartfork_agv_sensor.jpg\" alt=\"smartfork_agv_sensor\" itemprop=\"image\" height=\"472\" width=\"555\" title=\"smartfork_agv_sensor\" onerror=\"this.style.display='none'\"  \/>\n\t<p><strong>Sensor<\/strong> &#8211; S\u00e4ker godsplock med avst\u00e5ndssensorer i gaffelspetsen.<\/p>\n\t\t\t\t<img loading=\"lazy\" decoding=\"async\" src=\"https:\/\/www.hagaberg.com\/wp-content\/uploads\/2025\/07\/smartfork_agv_coating.jpg\" alt=\"smartfork_agv_coating\" itemprop=\"image\" height=\"472\" width=\"555\" title=\"smartfork_agv_coating\" onerror=\"this.style.display='none'\"  \/>\n\t<p><strong>Coating<\/strong> &#8211; Hinderdetektering i gaffelspetsen och anti-glidbel\u00e4ggning.<\/p>\n\t\t\t\t<img loading=\"lazy\" decoding=\"async\" src=\"https:\/\/www.hagaberg.com\/wp-content\/uploads\/2025\/07\/smartfork_agv_cable.jpg\" alt=\"smartfork_agv_cable\" itemprop=\"image\" height=\"472\" width=\"555\" title=\"smartfork_agv_cable\" onerror=\"this.style.display='none'\"  \/>\n\t<p><strong>Cable\u00a0<\/strong>&#8211; Integrerad kabeldragning f\u00f6r str\u00f6mf\u00f6rs\u00f6rjning och data\u00f6verf\u00f6ring i gaffeln.<\/p>\n\t<h2>Teknisk data<\/h2>\n<ul>\n<li><strong>Sensorteknologin integrerad i gafflarna<\/strong><\/li>\n<li>&#8211;<\/li>\n<li><strong>1. Hinder uppt\u00e4cks<\/strong> Tidig uppt\u00e4ckt av last och st\u00f6rande kanter genom ultraljud.<\/li>\n<li><strong>2. Tiltsensor<\/strong> Uppt\u00e4ckt av gaffelspetsnedb\u00f6jning med last p\u00e5.<\/li>\n<li><strong>3. Lastkontroll<\/strong> Positionskontroll av lasten.<\/li>\n<li><strong>4. Induktiv laststoppsensor<\/strong> Exakt styrning av lasten p\u00e5 gaffelryggen.<\/li>\n<li><strong>5. Bel\u00e4ggningssensor med ing\u00e5ngsdjupsm\u00e5tt<\/strong> F\u00f6rebygger att gaffelspetsen f\u00f6rst\u00f6r lasten bakom.<\/li>\n<li><strong>6. LED-Element<\/strong> Oumb\u00e4rlig n\u00e4r m\u00e4nniska och maskin arbetar tillsammans.<\/li>\n<li><strong>7. Distanssensor<\/strong> Tidig uppt\u00e4ckt av last och st\u00f6rande kanter genom optiska distanssensorer.<\/li>\n<li><strong>8. Pallbrottssensor<\/strong> Uppt\u00e4ckt av f\u00f6rem\u00e5l i pallfickorna (t.ex. trasiga br\u00e4dor, h\u00e4ngande last).<\/li>\n<li><strong>9. Din individuella sensor<\/strong><\/li>\n<\/ul>\n\t<p>Monteringsmaterial och verktyg ing\u00e5r inte i leveransomfattningen.<\/p>\n<p>&nbsp;<\/p>\nIntresserad av att veta mer ?\u00a0 <a href=\"https:\/\/www.hagaberg.com\/kontakt\/\">Skicka in en<br \/>\nf\u00f6rfr\u00e5gan till oss h\u00e4r \u00bb<\/a>\n\t\t\t\t<img loading=\"lazy\" decoding=\"async\" src=\"https:\/\/www.hagaberg.com\/wp-content\/uploads\/2025\/07\/SmartFork_AGVready_product_information.png\" alt=\"SmartFork_AGVready_product_information\" itemprop=\"image\" height=\"1397\" width=\"1463\" title=\"SmartFork_AGVready_product_information\" onerror=\"this.style.display='none'\"  \/>\n\n","protected":false},"excerpt":{"rendered":"<p>SmartFork\u00ae AGVready SmartFork\u00ae f\u00f6r automatiskt styrda fordon F\u00f6rdelar Definierad lastdetektering S\u00e4ker lastupptagning Standardiserade kommunikationsgr\u00e4nssnitt som I\/O-Link, CANopen m.fl. Anpassningsbar f\u00f6r m\u00e5nga olika behov Hagaberg erbjuder SmartFork\u00ae AGVready &#8211; integrerad sensorteknik direkt i gafflarna, speciellt framtagen f\u00f6r den automatiskt styrda lagerassistenten. Tillsammans med v\u00e5ra gaffelspridare levererar vi en komplett, installationsklar l\u00f6sning f\u00f6r automatiserade trucksystem. SmartFork\u00ae AGVready [&hellip;]<\/p>\n","protected":false},"author":7,"featured_media":0,"parent":1809,"menu_order":0,"comment_status":"closed","ping_status":"closed","template":"","meta":{"_genesis_hide_title":false,"_genesis_hide_breadcrumbs":false,"_genesis_hide_singular_image":false,"_genesis_hide_footer_widgets":false,"_genesis_custom_body_class":"","_genesis_custom_post_class":"","_genesis_layout":"","footnotes":""},"class_list":{"0":"post-16697","1":"page","2":"type-page","3":"status-publish","5":"entry"},"_links":{"self":[{"href":"https:\/\/www.hagaberg.com\/en\/wp-json\/wp\/v2\/pages\/16697","targetHints":{"allow":["GET"]}}],"collection":[{"href":"https:\/\/www.hagaberg.com\/en\/wp-json\/wp\/v2\/pages"}],"about":[{"href":"https:\/\/www.hagaberg.com\/en\/wp-json\/wp\/v2\/types\/page"}],"author":[{"embeddable":true,"href":"https:\/\/www.hagaberg.com\/en\/wp-json\/wp\/v2\/users\/7"}],"replies":[{"embeddable":true,"href":"https:\/\/www.hagaberg.com\/en\/wp-json\/wp\/v2\/comments?post=16697"}],"version-history":[{"count":1,"href":"https:\/\/www.hagaberg.com\/en\/wp-json\/wp\/v2\/pages\/16697\/revisions"}],"predecessor-version":[{"id":16698,"href":"https:\/\/www.hagaberg.com\/en\/wp-json\/wp\/v2\/pages\/16697\/revisions\/16698"}],"up":[{"embeddable":true,"href":"https:\/\/www.hagaberg.com\/en\/wp-json\/wp\/v2\/pages\/1809"}],"wp:attachment":[{"href":"https:\/\/www.hagaberg.com\/en\/wp-json\/wp\/v2\/media?parent=16697"}],"curies":[{"name":"wp","href":"https:\/\/api.w.org\/{rel}","templated":true}]}}