{"id":17339,"date":"2026-03-09T10:51:54","date_gmt":"2026-03-09T09:51:54","guid":{"rendered":"https:\/\/www.hagaberg.com\/smartfork\/"},"modified":"2026-03-09T11:01:02","modified_gmt":"2026-03-09T10:01:02","slug":"smartfork","status":"publish","type":"page","link":"https:\/\/www.hagaberg.com\/de\/smartfork\/","title":{"rendered":"SmartFork\u00ae"},"content":{"rendered":"\n\n\t<h1>Smartfork<sup>\u00ae<\/sup><\/h1>\n\t<strong>Intelligente Gabelzinken und Zinkenverstellger\u00e4te &#8211; wenn Intuition auf Pr\u00e4zision trifft.<br \/>\n<\/strong>Wenn die Last die Sicht verdeckt, m\u00fcssen sich Staplerfahrer oft auf ihr Gef\u00fchl verlassen. SmartFork\u00ae ist eine Produktfamilie mit integrierten Assistenzsystemen und Sensortechnologien f\u00fcr bessere Sicht, erh\u00f6hte Aufmerksamkeit, pr\u00e4zise Positionierung, Gewichtserfassung und vieles mehr.\n<p>Mit SmartFork\u00ae setzen Sie auf moderne Intralogistikl\u00f6sungen f\u00fcr\u00a0<a href=\"#7-Smartfork-4.0\">Logistik 4.0<\/a> und ersetzen Bauchgef\u00fchl durch Sicherheit, Effizienz und eine kontrollierte Lastaufnahme.<\/p>\n\tSmartFork\u00ae wird von unserem Partner VETTER Industrie GmbH entwickelt. Uns verbindet das gemeinsame Ziel, innovative L\u00f6sungen zu schaffen, die Effizienz, Pr\u00e4zision und Sicherheit in der Intralogistik nachhaltig verbessern &#8211; bei h\u00f6chsten Anforderungen an Qualit\u00e4t, Zuverl\u00e4ssigkeit und Lebensdauer.\n<p>Bei Hagaberg integrieren wir SmartFork\u00ae optimal in unsere eigenen, hochwertigen Zinkenverstellger\u00e4te aus eigener Fertigung. Das System ist mit allen Serien kompatibel.<\/p>\n\t<meta itemprop=\"url\" content=\"https:\/\/www.hagaberg.com\/wp-content\/uploads\/2025\/06\/SmartFork\u00ae_range_animation_1_1_1_2_1_1.mp4\" \/><div style=\"width: 640px;\" class=\"wp-video\"><!--[if lt IE 9]><script>document.createElement('video');<\/script><![endif]-->\n<video class=\"wp-video-shortcode\" id=\"video-17339-1\" width=\"640\" height=\"360\" poster=\"https:\/\/www.hagaberg.com\/wp-content\/uploads\/2025\/06\/smartfork-hagaberg-1348x768-1.png\" preload=\"none\" controls=\"controls\"><source type=\"video\/mp4\" src=\"https:\/\/www.hagaberg.com\/wp-content\/uploads\/2025\/06\/SmartFork\u00ae_range_animation_1_1_1_2_1_1.mp4?_=1\" \/><source type=\"video\/mp4\" src=\"https:\/\/www.hagaberg.com\/wp-content\/uploads\/2025\/06\/SmartFork\u00ae_range_animation_1_1_1_2_1_1.mp4?_=1\" \/><a href=\"https:\/\/www.hagaberg.com\/wp-content\/uploads\/2025\/06\/SmartFork\u00ae_range_animation_1_1_1_2_1_1.mp4\">https:\/\/www.hagaberg.com\/wp-content\/uploads\/2025\/06\/SmartFork\u00ae_range_animation_1_1_1_2_1_1.mp4<\/a><\/video><\/div>\n<h2>\n\t\t7 Vorteile von SmartFork\u00ae in der Logistik 4.0\n\t<\/h2>\n\t<p><strong>Verbesserte Sicht: <\/strong>Auch bei aufgenommener Last<\/p>\n<p><strong>H\u00f6here Sicherheit: <\/strong>F\u00fcr Mitarbeiter, Fahrzeuge und Waren<\/p>\n<p><strong>Weniger Transportsch\u00e4den: <\/strong>Dank verbesserter Sicht und intelligenter Sensortechnologie<\/p>\n<p><strong>Reduzierte Kosten:<\/strong> Durch geringere Sch\u00e4den an Transportg\u00fctern und Verpackungen<\/p>\n\t<p><strong>Bessere Ergonomie: <\/strong>Volle Sicht ohne Drehung von Kopf und Oberk\u00f6rper<\/p>\n<p><strong>Zeitersparnis: <\/strong>Durch sichere Lastaufnahme und schnellere Arbeitsabl\u00e4ufe<\/p>\n<p><strong>Einfache Bedienung:<\/strong>Intelligente Sensorik direkt in den Gabelzinken integriert<\/p>\n<h2>\n\t\tWarum in Sensorgabeln investieren?\n\t<\/h2>\n\t<strong>Etwa 20 % aller Maschinenunf\u00e4lle am Arbeitsplatz betreffen einen Gabelstapler.<\/strong>\nEin gro\u00dfer Teil der gemeldeten Arbeitsunf\u00e4lle mit krankheitsbedingter Abwesenheit steht im Zusammenhang mit Staplerarbeiten. Zwischen 2008 und 2012 wurden in Schweden 87 t\u00f6dliche Arbeitsunf\u00e4lle im Zusammenhang mit Maschinen gemeldet &#8211; etwa ein Drittel aller t\u00f6dlichen Arbeitsunf\u00e4lle. Diese Zahlen wurden der schwedischen Arbeitsschutzbeh\u00f6rde gemeldet und umfassen mobile, station\u00e4re sowie handgef\u00fchrte Maschinen.\nIm gleichen Zeitraum wurden insgesamt rund 30 000 Arbeitsunf\u00e4lle mit mindestens einem Krankheitstag registriert &#8211; durchschnittlich etwa 6 000 pro Jahr. Der Anteil der Maschinenunf\u00e4lle liegt damit bei etwa 20 % aller gemeldeten Arbeitsunf\u00e4lle.\n<em data-start=\"2876\" data-end=\"2899\">Quelle: AV \/ ISA 2014<\/em>\n<h2>\n\t\tSmartFork\u00ae Anwendungen\n\t<\/h2>\n\tJede einzelne Anwendung ist bereits eine intelligente L\u00f6sung &#8211; in Kombination entsteht jedoch ein umfassendes Assistenzsystem f\u00fcr maximale Sicherheit und Effizienz im Materialfluss. Mit <strong>SmartFork\u00ae<\/strong> k\u00f6nnen Transportg\u00fcter sicher, pr\u00e4zise und effizient von A nach B transportiert werden. SmartFork\u00ae kann in alle Hagaberg Zinkenverstellger\u00e4te integriert werden und ist auch mit kabelloser Daten\u00fcbertragung erh\u00e4ltlich.\n<h2>\n\t\tSmartFork\u00ae FrontCam\n\t<\/h2>\n\t\t\t\t<img loading=\"lazy\" decoding=\"async\" src=\"https:\/\/www.hagaberg.com\/wp-content\/uploads\/2020\/03\/smartfork-camera-hagaberg-300x212.jpg\" alt=\"smartfork-camera-hagaberg\" itemprop=\"image\" height=\"212\" width=\"300\" title=\"smartfork-camera-hagaberg\" onerror=\"this.style.display='none'\"  \/>\n\t<strong>Klare Sicht nach vorne<br \/>\n<\/strong>\n\t\t\t<a href=\"https:\/\/www.hagaberg.com\/en\/products\/cameras-sensors\/smartfork\/frontcam\/\" target=\"_self\">\n\t\t\t\t\t\t\tZu FrontCam\n\t\t\t<\/a>\n<h2>\n\t\tSmartFork\u00ae SideCam\n\t<\/h2>\n\t\t\t\t<img loading=\"lazy\" decoding=\"async\" src=\"https:\/\/www.hagaberg.com\/wp-content\/uploads\/2020\/03\/smartfork-sidecam-hagaberg-300x211.jpg\" alt=\"smartfork-sidecam-hagaberg\" itemprop=\"image\" height=\"211\" width=\"300\" title=\"smartfork-sidecam-hagaberg\" onerror=\"this.style.display='none'\"  \/>\n\t<p><strong>Sicht auf beide Gabelzinken<\/strong><\/p>\n\t\t\t<a href=\"https:\/\/www.hagaberg.com\/en\/products\/cameras-sensors\/smartfork\/sidecam\/\" target=\"_self\">\n\t\t\t\t\t\t\tZu SideCam\n\t\t\t<\/a>\n<h2>\n\t\tSmartFork\u00ae PremiumCam\n\t<\/h2>\n\t\t\t\t<img loading=\"lazy\" decoding=\"async\" src=\"https:\/\/www.hagaberg.com\/wp-content\/uploads\/2020\/03\/smartfork-sidecam-monitor-hagaberg.jpg\" alt=\"SideCam\" itemprop=\"image\" height=\"2255\" width=\"1920\" title=\"smartfork-sidecam-monitor-hagaberg\" onerror=\"this.style.display='none'\"  \/>\n\t<p><strong>Kombinierte Blickwinkel<\/strong><\/p>\n\t\t\t<a href=\"https:\/\/www.hagaberg.com\/en\/products\/cameras-sensors\/smartfork\/smartfork-premiumcam\/\" target=\"_self\">\n\t\t\t\t\t\t\tZu PremiumCam\n\t\t\t<\/a>\n<h2>\n\t\tSmartFork\u00ae EasySecure\n\t<\/h2>\n\t\t\t\t<img loading=\"lazy\" decoding=\"async\" src=\"https:\/\/www.hagaberg.com\/wp-content\/uploads\/2020\/03\/smartfork_easysecure-hagaberg.jpg\" alt=\"smartfork_easysecure-hagaberg\" itemprop=\"image\" height=\"2715\" width=\"1920\" title=\"smartfork_easysecure-hagaberg\" onerror=\"this.style.display='none'\"  \/>\n\t<p><strong>Integrierte Sensoren<\/strong><\/p>\n\t\t\t<a href=\"https:\/\/www.hagaberg.com\/en\/products\/cameras-sensors\/smartfork\/easysecure\/\" target=\"_self\">\n\t\t\t\t\t\t\tZu EasySecure\n\t\t\t<\/a>\n<h2>\n\t\tSmartFork\u00ae Laser\n\t<\/h2>\n\t\t\t\t<img loading=\"lazy\" decoding=\"async\" src=\"https:\/\/www.hagaberg.com\/wp-content\/uploads\/2020\/03\/smartfork-laser-hagaberg.jpg\" alt=\"smartfork-laser-hagaberg\" itemprop=\"image\" height=\"2715\" width=\"1920\" title=\"smartfork-laser-hagaberg\" onerror=\"this.style.display='none'\"  \/>\n\t<p><strong>Erkennung der Gabelh\u00f6he<\/strong><\/p>\n\t\t\t<a href=\"https:\/\/www.hagaberg.com\/en\/products\/cameras-sensors\/smartfork\/smartfork-laser\/\" target=\"_self\">\n\t\t\t\t\t\t\tZu Laser\n\t\t\t<\/a>\n<h2>\n\t\tSmartFork\u00ae Flash\n\t<\/h2>\n\t\t\t\t<img loading=\"lazy\" decoding=\"async\" src=\"https:\/\/www.hagaberg.com\/wp-content\/uploads\/2025\/06\/hagaberg_smartfork_flash_623x437.png\" alt=\"hagaberg_smartfork_flash_623x437\" itemprop=\"image\" height=\"437\" width=\"623\" title=\"hagaberg_smartfork_flash_623x437\" onerror=\"this.style.display='none'\"  \/>\n\t<p><strong>Warnsignal f\u00fcr die Umgebung<\/strong><\/p>\n\t\t\t<a href=\"https:\/\/www.hagaberg.com\/en\/products\/cameras-sensors\/smartfork\/smartfork-flash\/\" target=\"_self\">\n\t\t\t\t\t\t\tZu Flash\n\t\t\t<\/a>\n<h2>\n\t\tSmartFork\u00ae AGVready\n\t<\/h2>\n\t\t\t\t<img loading=\"lazy\" decoding=\"async\" src=\"https:\/\/www.hagaberg.com\/wp-content\/uploads\/2025\/06\/Hagaberg_agvready_885x620.png\" alt=\"Hagaberg_agvready_885x620\" itemprop=\"image\" height=\"620\" width=\"885\" title=\"Hagaberg_agvready_885x620\" onerror=\"this.style.display='none'\"  \/>\n\t<p><strong>Sensorgabeln f\u00fcr AGV<\/strong><\/p>\n\t\t\t<a href=\"https:\/\/www.hagaberg.com\/en\/products\/cameras-sensors\/smartfork\/smartfork-agvready\/\" target=\"_self\">\n\t\t\t\t\t\t\tZu AGVready\n\t\t\t<\/a>\n\n","protected":false},"excerpt":{"rendered":"<p>Smartfork\u00ae Intelligente Gabelzinken und Zinkenverstellger\u00e4te &#8211; wenn Intuition auf Pr\u00e4zision trifft. Wenn die Last die Sicht verdeckt, m\u00fcssen sich Staplerfahrer oft auf ihr Gef\u00fchl verlassen. SmartFork\u00ae ist eine Produktfamilie mit integrierten Assistenzsystemen und Sensortechnologien f\u00fcr bessere Sicht, erh\u00f6hte Aufmerksamkeit, pr\u00e4zise Positionierung, Gewichtserfassung und vieles mehr. Mit SmartFork\u00ae setzen Sie auf moderne Intralogistikl\u00f6sungen f\u00fcr\u00a0Logistik 4.0 und [&hellip;]<\/p>\n","protected":false},"author":1,"featured_media":0,"parent":0,"menu_order":0,"comment_status":"closed","ping_status":"closed","template":"","meta":{"_genesis_hide_title":false,"_genesis_hide_breadcrumbs":false,"_genesis_hide_singular_image":false,"_genesis_hide_footer_widgets":false,"_genesis_custom_body_class":"","_genesis_custom_post_class":"","_genesis_layout":"","footnotes":""},"class_list":{"0":"post-17339","1":"page","2":"type-page","3":"status-publish","5":"entry"},"_links":{"self":[{"href":"https:\/\/www.hagaberg.com\/de\/wp-json\/wp\/v2\/pages\/17339","targetHints":{"allow":["GET"]}}],"collection":[{"href":"https:\/\/www.hagaberg.com\/de\/wp-json\/wp\/v2\/pages"}],"about":[{"href":"https:\/\/www.hagaberg.com\/de\/wp-json\/wp\/v2\/types\/page"}],"author":[{"embeddable":true,"href":"https:\/\/www.hagaberg.com\/de\/wp-json\/wp\/v2\/users\/1"}],"replies":[{"embeddable":true,"href":"https:\/\/www.hagaberg.com\/de\/wp-json\/wp\/v2\/comments?post=17339"}],"version-history":[{"count":1,"href":"https:\/\/www.hagaberg.com\/de\/wp-json\/wp\/v2\/pages\/17339\/revisions"}],"predecessor-version":[{"id":17341,"href":"https:\/\/www.hagaberg.com\/de\/wp-json\/wp\/v2\/pages\/17339\/revisions\/17341"}],"wp:attachment":[{"href":"https:\/\/www.hagaberg.com\/de\/wp-json\/wp\/v2\/media?parent=17339"}],"curies":[{"name":"wp","href":"https:\/\/api.w.org\/{rel}","templated":true}]}}