{"id":15659,"date":"2025-03-06T10:13:12","date_gmt":"2025-03-06T09:13:12","guid":{"rendered":"https:\/\/www.hagaberg.com\/zinkenverstellgeraete\/"},"modified":"2025-08-11T11:50:29","modified_gmt":"2025-08-11T09:50:29","slug":"zinkenverstellgeraete","status":"publish","type":"page","link":"https:\/\/www.hagaberg.com\/de\/produkte\/zinkenverstellgeraete\/","title":{"rendered":"Zinkenverstellger\u00e4te"},"content":{"rendered":"\n\n\t<h1>Zinkenverstellger\u00e4te<\/h1>\n\t<strong>Hydraulische Zinkenverstellger\u00e4te mit integrierter Seitenschubfunktion. <\/strong><br \/>\n<strong>W\u00e4hlen Sie ein Modell basierend auf Ihrem Bedarf, z. B. Maschinentyp, Hubkapazit\u00e4t, Breite, Arbeitsumgebung, usw.<\/strong><br \/>\n<strong>Geliefert mit Carrier-Platten f\u00fcr ISO-Gabeln.<\/strong>\nDie Zinkenverstellger\u00e4te zeichnen sich durch robuste Konstruktionen mit hoher Leistung, langer Lebensdauer und hervorragender Betriebssicherheit aus.<br \/>\nDesweiteren sind die Produkte so konstruiert, dass sie eine maximale Durchsicht f\u00fcr den Fahrer bieten, was die Sicherheit am Arbeitsplatz erh\u00f6ht und das Risiko f\u00fcr besch\u00e4digte Waren verringert.<br \/>\nDie Hydraulik ist mit Rohren\/Schl\u00e4uchen verlegt und so positioniert, dass sie bestm\u00f6glich vor m\u00f6glichen Sch\u00e4den gesch\u00fctzt ist.\n\tHagaberg bietet Zinkenverstellger\u00e4te an, die an alle Arten von Gabelstaplern, Baumaschinen und Traktoren montiert werden k\u00f6nnen, sowohl f\u00fcr neue als auch gebrauchte Ger\u00e4te.<br \/>\nDie Montage erfolgt haupts\u00e4chlich durch Integration, aber wir bieten auch HOOK-ON, Maschinenaufnahmen und eine Reihe von Schnellwechselvorrichtungen an.\nIn der Grundausf\u00fchrung werden unsere Zinkenverstellger\u00e4te mit Standardgabeln oder sogenannten Carrier-Platten f\u00fcr ISO-Gabeln geliefert.<br \/>\nWir haben eine gro\u00dfe Auswahl an Gabeln und Optionen, um das Zinkenverstellger\u00e4t an Ihre spezifische Anwendung anzupassen.\n\t<meta itemprop=\"url\" content=\"https:\/\/www.hagaberg.com\/wp-content\/uploads\/2024\/09\/Truckanimation-Hagaberg-23.mp4\" \/><div style=\"width: 640px;\" class=\"wp-video\"><!--[if lt IE 9]><script>document.createElement('video');<\/script><![endif]-->\n<video class=\"wp-video-shortcode\" id=\"video-15659-1\" width=\"640\" height=\"360\" poster=\"https:\/\/www.hagaberg.com\/wp-content\/uploads\/2024\/09\/Hagaberg_truckanimation_thumbnail.png\" preload=\"none\" controls=\"controls\"><source type=\"video\/mp4\" src=\"https:\/\/www.hagaberg.com\/wp-content\/uploads\/2024\/09\/Truckanimation-Hagaberg-23.mp4?_=1\" \/><source type=\"video\/mp4\" src=\"https:\/\/www.hagaberg.com\/wp-content\/uploads\/2024\/09\/Truckanimation-Hagaberg-23.mp4?_=1\" \/><source type=\"video\/mp4\" src=\"https:\/\/www.hagaberg.com\/wp-content\/uploads\/2024\/09\/Truckanimation-Hagaberg-23.mp4?_=1\" \/><a href=\"https:\/\/www.hagaberg.com\/wp-content\/uploads\/2024\/09\/Truckanimation-Hagaberg-23.mp4\">https:\/\/www.hagaberg.com\/wp-content\/uploads\/2024\/09\/Truckanimation-Hagaberg-23.mp4<\/a><\/video><\/div>\n<h2>\n\t\tC-Serie\n\t<\/h2>\n\t\t\t\t<a href=\"https:\/\/www.hagaberg.com\/de\/produkte\/zinkenverstellgeraete\/c-serie\/\"  target=\"_self\" itemprop=\"url\">\n\t\t\t\t<img loading=\"lazy\" decoding=\"async\" src=\"https:\/\/www.hagaberg.com\/wp-content\/uploads\/2022\/03\/C-01-huvudbild-light-1024x819-1024x819.png\" alt=\"C-01-huvudbild-light-1024x819\" itemprop=\"image\" height=\"819\" width=\"1024\" title=\"C-01-huvudbild-light-1024x819\" onerror=\"this.style.display='none'\"  \/>\n\t\t\t\t<\/a>\n\t<p><strong>Hohe Leistung und Klammerhandhabung<\/strong><\/p>\nModell: Positionierer mit C-Rohr<br \/>\nHubkapazit\u00e4t: 1 600 &#8211; 8 000 kg\n\t\t\t<a href=\"https:\/\/www.hagaberg.com\/de\/produkte\/zinkenverstellgeraete\/c-serie\/\" target=\"_self\">\n\t\t\t\t\t\t\tZur C-Serie\n\t\t\t<\/a>\n<h2>\n\t\tCOC-serie\n\t<\/h2>\n\t\t\t\t<a href=\"https:\/\/www.hagaberg.com\/de\/produkte\/zinkenverstellgeraete\/coc-serie\/\"  target=\"_self\" itemprop=\"url\">\n\t\t\t\t<img loading=\"lazy\" decoding=\"async\" src=\"https:\/\/www.hagaberg.com\/wp-content\/uploads\/2022\/03\/C-01-huvudbild-light-reverse-1024x819-1024x819.png\" alt=\"C-01-huvudbild-light-reverse-1024x819\" itemprop=\"image\" height=\"819\" width=\"1024\" title=\"C-01-huvudbild-light-reverse-1024x819\" onerror=\"this.style.display='none'\"  \/>\n\t\t\t\t<\/a>\n\t<p><strong>Geeignet f\u00fcr Lager und Terminals<\/strong><\/p>\nModell: Positionierer mit C-Rohr<br \/>\nHubkapazit\u00e4t: 1 600 &#8211; 2 500 kg\n\t\t\t<a href=\"https:\/\/www.hagaberg.com\/de\/produkte\/zinkenverstellgeraete\/coc-serie\/\" target=\"_self\">\n\t\t\t\t\t\t\tZur COC-Serie\n\t\t\t<\/a>\n<h2>\n\t\tE-Serie\n\t<\/h2>\n\t\t\t\t<a href=\"https:\/\/www.hagaberg.com\/de\/produkte\/zinkenverstellgeraete\/e-serie\/\"  target=\"_self\" itemprop=\"url\">\n\t\t\t\t<img loading=\"lazy\" decoding=\"async\" src=\"https:\/\/www.hagaberg.com\/wp-content\/uploads\/2019\/09\/E2-20-1050-BILD-02-1024x717.jpg\" alt=\"E2-20-1050-BILD-02\" itemprop=\"image\" height=\"717\" width=\"1024\" title=\"E2-20-1050-BILD-02\" onerror=\"this.style.display='none'\"  \/>\n\t\t\t\t<\/a>\n\t<p><strong>Hervorragend f\u00fcr schmutzige Arbeitsumgebungen<\/strong><\/p>\nModell: Positionierer mit Wellenaufnahme<br \/>\nHubkapazit\u00e4t: 1600 &#8211; 8000 kg\n\t\t\t<a href=\"https:\/\/www.hagaberg.com\/de\/produkte\/zinkenverstellgeraete\/e-serie\/\" target=\"_self\">\n\t\t\t\t\t\t\tZur E-Serie\n\t\t\t<\/a>\n<h2>\n\t\tF-Serie\n\t<\/h2>\n\t\t\t\t<a href=\"https:\/\/www.hagaberg.com\/de\/produkte\/zinkenverstellgeraete\/f-serie\/\"  target=\"_self\" itemprop=\"url\">\n\t\t\t\t<img loading=\"lazy\" decoding=\"async\" src=\"https:\/\/www.hagaberg.com\/wp-content\/uploads\/2019\/09\/F4-81-2100-BILD-02-1024x717.jpg\" alt=\"F4-81-2100-BILD-02\" itemprop=\"image\" height=\"717\" width=\"1024\" title=\"F4-81-2100-BILD-02\" onerror=\"this.style.display='none'\"  \/>\n\t\t\t\t<\/a>\n\t<p><strong>Besonders betriebsstabil sowie maximale Durchsicht<\/strong><\/p>\nModell: Positionierer mit Rollenaufh\u00e4nger<br \/>\nHubkapazit\u00e4t: 6000 &#8211; 8000 kg\n\t\t\t<a href=\"https:\/\/www.hagaberg.com\/de\/produkte\/zinkenverstellgeraete\/f-serie\/\" target=\"_self\">\n\t\t\t\t\t\t\tTill F-serie\n\t\t\t<\/a>\n<h2>\n\t\tF4S-Serie\n\t<\/h2>\n\t\t\t\t<a href=\"https:\/\/www.hagaberg.com\/de\/produkte\/zinkenverstellgeraete\/f4s-serie\/\"  target=\"_self\" itemprop=\"url\">\n\t\t\t\t<img loading=\"lazy\" decoding=\"async\" src=\"https:\/\/www.hagaberg.com\/wp-content\/uploads\/2019\/09\/F4S-Hagabergs-Mekaniska-002-2.jpg\" alt=\"F4S-Hagabergs-Mekaniska-002-2\" itemprop=\"image\" height=\"1536\" width=\"1920\" title=\"F4S-Hagabergs-Mekaniska-002-2\" onerror=\"this.style.display='none'\"  \/>\n\t\t\t\t<\/a>\n\t<p><strong>Robust mit hydraulischen Schwenkzinken<\/strong><\/p>\nModell: Positionierer mit Rollaufh\u00e4ngung<br \/>\nHubkapazit\u00e4t: 8000 kg\n\t\t\t<a href=\"https:\/\/www.hagaberg.com\/de\/produkte\/zinkenverstellgeraete\/f4s-serie\/\" target=\"_self\">\n\t\t\t\t\t\t\tZur F4S-Serie\n\t\t\t<\/a>\n<h2>\n\t\tRHD-Serie\n\t<\/h2>\n\t\t\t\t<a href=\"https:\/\/www.hagaberg.com\/de\/produkte\/zinkenverstellgeraete\/rhd-serie\/\"  target=\"_self\" itemprop=\"url\">\n\t\t\t\t<img loading=\"lazy\" decoding=\"async\" src=\"https:\/\/www.hagaberg.com\/wp-content\/uploads\/2023\/06\/Hagaberg-RHD-product-category.png\" alt=\"Hagaberg RHD product category\" itemprop=\"image\" height=\"818\" width=\"1024\" title=\"Hagaberg RHD product category\" onerror=\"this.style.display='none'\"  \/>\n\t\t\t\t<\/a>\n\t<p><strong>F\u00fcr schwere Lasten und maximale Durchsicht<\/strong><\/p>\nModell: Positionierer mit Rollaufh\u00e4ngung<br \/>\nHubkapazit\u00e4t: 10 000 &#8211; 18 000 kg\n\t\t\t<a href=\"https:\/\/www.hagaberg.com\/de\/produkte\/zinkenverstellgeraete\/rhd-serie\/\" target=\"_self\">\n\t\t\t\t\t\t\tZur RHD-Serie\n\t\t\t<\/a>\n<h2>\n\t\tHEC\/HEF-Serie\n\t<\/h2>\n\t\t\t\t<a href=\"https:\/\/www.hagaberg.com\/de\/produkte\/zinkenverstellgeraete\/hec-hef-series\/\"  target=\"_self\" itemprop=\"url\">\n\t\t\t\t<img decoding=\"async\" src=\"https:\/\/www.hagaberg.com\/wp-content\/uploads\/2023\/10\/HEF-01-huvudbild-logo-e1697632387701-300x245.png\" alt=\"\" itemprop=\"image\" onerror=\"this.style.display='none'\"  \/>\n\t\t\t\t<\/a>\n\t<p><strong>Anbauger\u00e4te auf Lager<\/strong><\/p>\nModell: Positionierer mit Wellenaufnahme<br \/>\nHubkapazit\u00e4t: 2000 &#8211; 5000 kg\n\t\t\t<a href=\"https:\/\/www.hagaberg.com\/de\/produkte\/zinkenverstellgeraete\/hec-hef-series\/\" target=\"_self\">\n\t\t\t\t\t\t\tZur HEC\/HEF-Serie\n\t\t\t<\/a>\n\n","protected":false},"excerpt":{"rendered":"<p>Zinkenverstellger\u00e4te Hydraulische Zinkenverstellger\u00e4te mit integrierter Seitenschubfunktion. W\u00e4hlen Sie ein Modell basierend auf Ihrem Bedarf, z. B. Maschinentyp, Hubkapazit\u00e4t, Breite, Arbeitsumgebung, usw. Geliefert mit Carrier-Platten f\u00fcr ISO-Gabeln. Die Zinkenverstellger\u00e4te zeichnen sich durch robuste Konstruktionen mit hoher Leistung, langer Lebensdauer und hervorragender Betriebssicherheit aus. Desweiteren sind die Produkte so konstruiert, dass sie eine maximale Durchsicht f\u00fcr den [&hellip;]<\/p>\n","protected":false},"author":1,"featured_media":0,"parent":15660,"menu_order":0,"comment_status":"closed","ping_status":"closed","template":"","meta":{"_genesis_hide_title":false,"_genesis_hide_breadcrumbs":false,"_genesis_hide_singular_image":false,"_genesis_hide_footer_widgets":false,"_genesis_custom_body_class":"","_genesis_custom_post_class":"","_genesis_layout":"","footnotes":""},"class_list":{"0":"post-15659","1":"page","2":"type-page","3":"status-publish","5":"entry"},"_links":{"self":[{"href":"https:\/\/www.hagaberg.com\/de\/wp-json\/wp\/v2\/pages\/15659","targetHints":{"allow":["GET"]}}],"collection":[{"href":"https:\/\/www.hagaberg.com\/de\/wp-json\/wp\/v2\/pages"}],"about":[{"href":"https:\/\/www.hagaberg.com\/de\/wp-json\/wp\/v2\/types\/page"}],"author":[{"embeddable":true,"href":"https:\/\/www.hagaberg.com\/de\/wp-json\/wp\/v2\/users\/1"}],"replies":[{"embeddable":true,"href":"https:\/\/www.hagaberg.com\/de\/wp-json\/wp\/v2\/comments?post=15659"}],"version-history":[{"count":3,"href":"https:\/\/www.hagaberg.com\/de\/wp-json\/wp\/v2\/pages\/15659\/revisions"}],"predecessor-version":[{"id":16675,"href":"https:\/\/www.hagaberg.com\/de\/wp-json\/wp\/v2\/pages\/15659\/revisions\/16675"}],"up":[{"embeddable":true,"href":"https:\/\/www.hagaberg.com\/de\/wp-json\/wp\/v2\/pages\/15660"}],"wp:attachment":[{"href":"https:\/\/www.hagaberg.com\/de\/wp-json\/wp\/v2\/media?parent=15659"}],"curies":[{"name":"wp","href":"https:\/\/api.w.org\/{rel}","templated":true}]}}