{"id":15233,"date":"2024-12-17T14:44:22","date_gmt":"2024-12-17T13:44:22","guid":{"rendered":"https:\/\/www.hagaberg.com\/?page_id=15233"},"modified":"2026-03-09T11:28:15","modified_gmt":"2026-03-09T10:28:15","slug":"homepage","status":"publish","type":"page","link":"https:\/\/www.hagaberg.com\/de\/","title":{"rendered":"Homepage"},"content":{"rendered":"\n\n\t<h1>OPTIMIERT!<\/h1>\nHagaberg ist Experte f\u00fcr effektive und<br \/>\nangepasste Positionierer f\u00fcr Gabelstapler.\n\t<h3><strong>C-SERIE<\/strong><\/h3>\n\t\t\t\t<a href=\"https:\/\/www.hagaberg.com\/de\/produkte\/zinkenverstellgeraete\/c-serie\/\"  target=\"_self\" itemprop=\"url\">\n\t\t\t\t<img loading=\"lazy\" decoding=\"async\" src=\"https:\/\/www.hagaberg.com\/wp-content\/uploads\/2026\/03\/Hagaberg_startsida_C-serien.jpg\" alt=\"Hagaberg_startsida_C-serien\" itemprop=\"image\" height=\"667\" width=\"1000\" title=\"Hagaberg_startsida_C-serien\" onerror=\"this.style.display='none'\"  \/>\n\t\t\t\t<\/a>\n\tDie C-Serie von Hagaberg ist ein intelligentes Allround-Zinkenverstellger\u00e4t mit hoher Leistungsf\u00e4higkeit. Die C-Rohrkonstruktion sorgt f\u00fcr eine sehr gute Durchsicht f\u00fcr den Staplerfahrer und tr\u00e4gt so zu einer sicheren Handhabung der Ladung sowie zu mehr Sicherheit am Arbeitsplatz bei.\n\t\t\t<a href=\"https:\/\/www.hagaberg.com\/de\/produkte\/zinkenverstellgeraete\/c-serie\/\" target=\"_self\">\n\t\t\t\t\t\t\tZUR C-SERIE\n\t\t\t\t\t<\/a>\n\t<h3><strong>SmartFork\u00ae<\/strong><\/h3>\n\t\t\t\t<a href=\"https:\/\/www.hagaberg.com\/de\/smartfork\/\"  target=\"_self\" itemprop=\"url\">\n\t\t\t\t<img loading=\"lazy\" decoding=\"async\" src=\"https:\/\/www.hagaberg.com\/wp-content\/uploads\/2026\/03\/Hagaberg_startsida_SmartFork.jpg\" alt=\"Hagaberg_startsida_SmartFork\" itemprop=\"image\" height=\"667\" width=\"1000\" title=\"Hagaberg_startsida_SmartFork\" onerror=\"this.style.display='none'\"  \/>\n\t\t\t\t<\/a>\n\t<p>Zinkenverstellger\u00e4te und Gabeln mit integrierter Intelligenz. SmartFork\u00ae ist ein Assistenzsystem in verschiedenen Varianten und Kombinationen, das Kamera- und Sensortechnologie f\u00fcr bessere Sicht, Aufmerksamkeit und pr\u00e4zise Positionierung kombiniert.<\/p>\n\t\t\t<a href=\"https:\/\/www.hagaberg.com\/de\/smartfork\/\" target=\"_self\">\n\t\t\t\t\t\t\tSmartFork\u00ae\n\t\t\t\t\t<\/a>\n\t<h3><strong>KOOI\u00ae ReachForks<\/strong><\/h3>\n\t\t\t\t<a href=\"https:\/\/www.hagaberg.com\/de\/kooi-reachforks\/\"  target=\"_self\" itemprop=\"url\">\n\t\t\t\t<img loading=\"lazy\" decoding=\"async\" src=\"https:\/\/www.hagaberg.com\/wp-content\/uploads\/2026\/03\/Hagaberg_startsida_kooi_reachforks.jpg\" alt=\"Hagaberg_startsida_kooi_reachforks\" itemprop=\"image\" height=\"667\" width=\"1000\" title=\"Hagaberg_startsida_kooi_reachforks\" onerror=\"this.style.display='none'\"  \/>\n\t\t\t\t<\/a>\n\t<p>Seit 25 Jahren bietet Hagaberg Zinkenverstellger\u00e4te mit KOOI\u00ae ReachForks an. Diese vielseitigen hydraulischen Teleskopgabeln sind die ideale L\u00f6sung f\u00fcr das Be- und Entladen, f\u00fcr unterschiedliche Palettengr\u00f6\u00dfen sowie f\u00fcr die Handhabung von Doppellasten.<\/p>\n\t\t\t<a href=\"https:\/\/www.hagaberg.com\/de\/kooi-reachforks\/\" target=\"_self\">\n\t\t\t\t\t\t\tKOOI\u00ae ReachForks\n\t\t\t\t\t<\/a>\n\t<h2>Wir helfen Ihnen mit dem richtigen Produkt<\/h2>\n\t\t\t<a href=\"https:\/\/www.hagaberg.com\/en\/contact\/\" target=\"_self\">\n\t\t\t\t\t\t\tKontakt\n\t\t\t\t\t<\/a>\n<h2>\n\t\t<a href=\"https:\/\/www.hagaberg.com\/nyheter\/\" title=\"Neuigkeiten\"  target=\"_self\">\n\t\tNeuigkeiten\n\t\t<\/a>\n\t<\/h2>\n<h3>\n\t\t<a href=\"https:\/\/www.hagaberg.com\/de\/neuigkeiten\/\" title=\"Neuigkeiten-Archiv\"  target=\"_self\">\n\t\tNeuigkeiten-Archiv\n\t\t<\/a>\n\t<\/h3>\n\t\t\t<a href=\"https:\/\/www.hagaberg.com\/nyheter\/\" target=\"_self\">\n\t\t\t\t\t\t\tTill Nyhetsarkivet &raquo;\n\t\t\t\t\t<\/a>\n\t<h2>Wollen Sie ein Teil von uns werden?<\/h2>\n\t\t\t<a href=\"https:\/\/www.hagaberg.com\/en\/career\/\" target=\"_self\">\n\t\t\t\t\t\t\tUnsere offenen Stellen\n\t\t\t\t\t<\/a>\n<h2>\n\t\t<a href=\"https:\/\/www.hagaberg.com\/palitliga#saker-arbetsmiljo\" title=\"SICHERGEIT AM ARBEITSPLATZ\"  target=\"_self\">\n\t\tSICHERGEIT AM ARBEITSPLATZ\n\t\t<\/a>\n\t<\/h2>\n\tWir sehen es als eine unserer wichtigsten Aufgaben, zu einer sicheren Arbeitsumgebung beizutragen.<br \/>\nHagaberg agiert als Katalysator, wenn es um ein sicheres Arbeitsmilieu und den Umgang mit Materialien geht.\n<p>Wir haben eigene Konstrukteure und arbeiten mit Gabelstapler-Herstellern und Endnutzern zusammen, um dem Fahrer maximale Durchsicht und intelligente Zusatzfunktionen zu gew\u00e4hrleisten, um sicherere L\u00f6sungen f\u00fcr jeden einzelnen Schritt des Materialtransports zu garantieren.<\/p>\n<p><a href=\"https:\/\/www.hagaberg.com\/de\/ueber-hagaberg\/\">Lies mehr \u00bb<\/a><\/p>\n\n","protected":false},"excerpt":{"rendered":"<p>OPTIMIERT! Hagaberg ist Experte f\u00fcr effektive und angepasste Positionierer f\u00fcr Gabelstapler. C-SERIE Die C-Serie von Hagaberg ist ein intelligentes Allround-Zinkenverstellger\u00e4t mit hoher Leistungsf\u00e4higkeit. Die C-Rohrkonstruktion sorgt f\u00fcr eine sehr gute Durchsicht f\u00fcr den Staplerfahrer und tr\u00e4gt so zu einer sicheren Handhabung der Ladung sowie zu mehr Sicherheit am Arbeitsplatz bei. ZUR C-SERIE SmartFork\u00ae Zinkenverstellger\u00e4te und [&hellip;]<\/p>\n","protected":false},"author":7,"featured_media":0,"parent":0,"menu_order":0,"comment_status":"closed","ping_status":"closed","template":"","meta":{"_acf_changed":false,"_genesis_hide_title":false,"_genesis_hide_breadcrumbs":false,"_genesis_hide_singular_image":false,"_genesis_hide_footer_widgets":false,"_genesis_custom_body_class":"","_genesis_custom_post_class":"","_genesis_layout":"","footnotes":""},"class_list":{"0":"post-15233","1":"page","2":"type-page","3":"status-publish","5":"entry"},"acf":[],"_links":{"self":[{"href":"https:\/\/www.hagaberg.com\/de\/wp-json\/wp\/v2\/pages\/15233","targetHints":{"allow":["GET"]}}],"collection":[{"href":"https:\/\/www.hagaberg.com\/de\/wp-json\/wp\/v2\/pages"}],"about":[{"href":"https:\/\/www.hagaberg.com\/de\/wp-json\/wp\/v2\/types\/page"}],"author":[{"embeddable":true,"href":"https:\/\/www.hagaberg.com\/de\/wp-json\/wp\/v2\/users\/7"}],"replies":[{"embeddable":true,"href":"https:\/\/www.hagaberg.com\/de\/wp-json\/wp\/v2\/comments?post=15233"}],"version-history":[{"count":19,"href":"https:\/\/www.hagaberg.com\/de\/wp-json\/wp\/v2\/pages\/15233\/revisions"}],"predecessor-version":[{"id":17343,"href":"https:\/\/www.hagaberg.com\/de\/wp-json\/wp\/v2\/pages\/15233\/revisions\/17343"}],"wp:attachment":[{"href":"https:\/\/www.hagaberg.com\/de\/wp-json\/wp\/v2\/media?parent=15233"}],"curies":[{"name":"wp","href":"https:\/\/api.w.org\/{rel}","templated":true}]}}